{"id":559,"date":"2026-04-23T11:53:31","date_gmt":"2026-04-23T11:53:31","guid":{"rendered":"https:\/\/armureriebrute.fr\/?post_type=product&#038;p=559"},"modified":"2026-04-23T11:54:31","modified_gmt":"2026-04-23T11:54:31","slug":"plombs-pointus-intruder-4-5mm-umarex","status":"publish","type":"product","link":"https:\/\/armureriebrute.fr\/en\/product\/plombs-pointus-intruder-4-5mm-umarex\/","title":{"rendered":"Plombs pointus Intruder 4.5mm Umarex"},"content":{"rendered":"<div class=\"block md-bottom product-points-forts\">\n<div id=\"point_forts\" class=\"title-block\">Points forts<\/div>\n<div class=\"block-content box-bg\">\n<ul>\n<li>Rapport qualit\u00e9 \/ prix<\/li>\n<li>Pr\u00e9cision<\/li>\n<\/ul>\n<\/div>\n<\/div>\n<div class=\"block md-bottom product-features-block \">\n<div id=\"caracteristiques\" class=\"title-block\">Fiche technique<\/div>\n<div class=\"block-content box-bg\">\n<div id=\"product-details\" class=\"product-details\" data-product=\"{&quot;id_shop_default&quot;:&quot;1&quot;,&quot;id_manufacturer&quot;:&quot;82&quot;,&quot;id_supplier&quot;:&quot;0&quot;,&quot;reference&quot;:&quot;AR20000007&quot;,&quot;is_virtual&quot;:&quot;0&quot;,&quot;delivery_in_stock&quot;:&quot;&quot;,&quot;delivery_out_stock&quot;:&quot;&quot;,&quot;id_category_default&quot;:&quot;32&quot;,&quot;on_sale&quot;:&quot;0&quot;,&quot;online_only&quot;:&quot;0&quot;,&quot;ecotax&quot;:0,&quot;minimal_quantity&quot;:&quot;1&quot;,&quot;low_stock_threshold&quot;:&quot;0&quot;,&quot;low_stock_alert&quot;:&quot;0&quot;,&quot;price&quot;:&quot;7,90\\u00a0\\u20ac&quot;,&quot;unity&quot;:&quot;&quot;,&quot;unit_price&quot;:&quot;&quot;,&quot;unit_price_ratio&quot;:0,&quot;additional_shipping_cost&quot;:&quot;0.000000&quot;,&quot;customizable&quot;:&quot;0&quot;,&quot;text_fields&quot;:&quot;0&quot;,&quot;uploadable_files&quot;:&quot;0&quot;,&quot;active&quot;:&quot;1&quot;,&quot;redirect_type&quot;:&quot;301-category&quot;,&quot;id_type_redirected&quot;:&quot;0&quot;,&quot;available_for_order&quot;:&quot;1&quot;,&quot;available_date&quot;:&quot;0001-01-01&quot;,&quot;show_condition&quot;:&quot;0&quot;,&quot;condition&quot;:&quot;new&quot;,&quot;show_price&quot;:&quot;1&quot;,&quot;indexed&quot;:&quot;1&quot;,&quot;visibility&quot;:&quot;both&quot;,&quot;cache_default_attribute&quot;:&quot;0&quot;,&quot;advanced_stock_management&quot;:&quot;0&quot;,&quot;date_add&quot;:&quot;2022-09-30 10:31:01&quot;,&quot;date_upd&quot;:&quot;2025-07-03 10:17:57&quot;,&quot;pack_stock_type&quot;:&quot;0&quot;,&quot;meta_description&quot;:&quot;UMAREX propose une bo\\u00eete de 500 plombs pointus Intruder en calibre 4.5mm \\\/ .177 pesant 0.53g (8.20 grains). B\\u00e9n\\u00e9ficiant d'un tr\\u00e8s bon rapport qualit\\u00e9 \\\/ prix, ils sont id\\u00e9aux pour alimenter votre carabine \\\/ pistolet \\u00e0 plomb lors de vos s\\u00e9ances de tirs.&quot;,&quot;meta_keywords&quot;:&quot;&quot;,&quot;meta_title&quot;:&quot;Plombs pointus Intruder 4.5mm Umarex&quot;,&quot;link_rewrite&quot;:&quot;plombs-pointus-intruder-45mm-umarex&quot;,&quot;name&quot;:&quot;Plombs pointus Intruder 4.5mm Umarex&quot;,&quot;description&quot;:&quot;&quot;,&quot;description_short&quot;:&quot;&lt;p style=\\&quot;text-align: justify;\\&quot;&gt;&lt;strong&gt;UMAREX&lt;\\\/strong&gt; propose une bo\\u00eete de &lt;strong&gt;500 plombs pointus Intruder&lt;\\\/strong&gt;\\u00a0en calibre&lt;strong&gt; 4.5mm&lt;\\\/strong&gt; \\\/ &lt;strong&gt;.177&lt;\\\/strong&gt; pesant &lt;strong&gt;0.53g&lt;\\\/strong&gt; (&lt;strong&gt;8.20 grains&lt;\\\/strong&gt;). B\\u00e9n\\u00e9ficiant d'un tr\\u00e8s bon &lt;strong&gt;rapport qualit\\u00e9 \\\/ prix&lt;\\\/strong&gt;, ils sont id\\u00e9aux pour alimenter votre &lt;strong&gt;carabine&lt;\\\/strong&gt; \\\/ &lt;strong&gt;pistolet&lt;\\\/strong&gt; \\u00e0 plomb lors de vos s\\u00e9ances de tirs.&lt;\\\/p&gt;&quot;,&quot;available_now&quot;:&quot;&quot;,&quot;available_later&quot;:&quot;&quot;,&quot;id&quot;:15479,&quot;id_product&quot;:15479,&quot;out_of_stock&quot;:2,&quot;new&quot;:0,&quot;id_product_attribute&quot;:&quot;0&quot;,&quot;quantity_wanted&quot;:1,&quot;extraContent&quot;:[],&quot;allow_oosp&quot;:0,&quot;category&quot;:&quot;plombs&quot;,&quot;category_name&quot;:&quot;Plombs&quot;,&quot;link&quot;:&quot;https:\\\/\\\/tom-airgun.fr\\\/plombs-pointus-intruder-45mm-umarex-15479.html&quot;,&quot;manufacturer_name&quot;:&quot;Umarex&quot;,&quot;attribute_price&quot;:0,&quot;price_tax_exc&quot;:6.58,&quot;price_without_reduction&quot;:7.896,&quot;reduction&quot;:0,&quot;specific_prices&quot;:[],&quot;quantity&quot;:8,&quot;quantity_all_versions&quot;:8,&quot;id_image&quot;:&quot;fr-default&quot;,&quot;features&quot;:[{&quot;name&quot;:&quot;Mod\\u00e8le&quot;,&quot;value&quot;:&quot;Plombs pointus Intruder 4.5mm Umarex&quot;,&quot;id_feature&quot;:&quot;17&quot;,&quot;position&quot;:&quot;0&quot;,&quot;id_feature_value&quot;:&quot;137363&quot;},{&quot;name&quot;:&quot;Calibre&quot;,&quot;value&quot;:&quot;4.5 mm (.177)&quot;,&quot;id_feature&quot;:&quot;9&quot;,&quot;position&quot;:&quot;6&quot;,&quot;id_feature_value&quot;:&quot;19&quot;},{&quot;name&quot;:&quot;Poids (en grammes)&quot;,&quot;value&quot;:&quot;0.46g&quot;,&quot;id_feature&quot;:&quot;8&quot;,&quot;position&quot;:&quot;14&quot;,&quot;id_feature_value&quot;:&quot;137362&quot;},{&quot;name&quot;:&quot;Type de plomb&quot;,&quot;value&quot;:&quot;T\\u00eate pointue&quot;,&quot;id_feature&quot;:&quot;19&quot;,&quot;position&quot;:&quot;60&quot;,&quot;id_feature_value&quot;:&quot;47&quot;},{&quot;name&quot;:&quot;Poids (en grains)&quot;,&quot;value&quot;:&quot;8.2&quot;,&quot;id_feature&quot;:&quot;78&quot;,&quot;position&quot;:&quot;73&quot;,&quot;id_feature_value&quot;:&quot;137364&quot;},{&quot;name&quot;:&quot;Nombre de plombs&quot;,&quot;value&quot;:&quot;500&quot;,&quot;id_feature&quot;:&quot;79&quot;,&quot;position&quot;:&quot;74&quot;,&quot;id_feature_value&quot;:&quot;516&quot;},{&quot;name&quot;:&quot;Garantie&quot;,&quot;value&quot;:&quot;12 mois&quot;,&quot;id_feature&quot;:&quot;47&quot;,&quot;position&quot;:&quot;121&quot;,&quot;id_feature_value&quot;:&quot;1661&quot;}],&quot;attachments&quot;:[],&quot;virtual&quot;:0,&quot;pack&quot;:0,&quot;packItems&quot;:[],&quot;nopackprice&quot;:0,&quot;customization_required&quot;:false,&quot;rate&quot;:20,&quot;tax_name&quot;:&quot;TVA FR 20%&quot;,&quot;ecotax_rate&quot;:0,&quot;customizations&quot;:{&quot;fields&quot;:[]},&quot;id_customization&quot;:0,&quot;is_customizable&quot;:false,&quot;show_quantities&quot;:false,&quot;quantity_label&quot;:&quot;Produits&quot;,&quot;quantity_discounts&quot;:[],&quot;customer_group_discount&quot;:0,&quot;images&quot;:[{&quot;cover&quot;:&quot;1&quot;,&quot;id_image&quot;:&quot;674&quot;,&quot;legend&quot;:&quot;Plombs pointus Intruder 4.5mm Umarex&quot;,&quot;position&quot;:&quot;1&quot;,&quot;bySize&quot;:{&quot;cart_default&quot;:{&quot;url&quot;:&quot;https:\\\/\\\/tom-airgun.fr\\\/674-cart_default\\\/plombs-pointus-intruder-45mm-umarex.jpg&quot;,&quot;width&quot;:90,&quot;height&quot;:90,&quot;sources&quot;:{&quot;jpg&quot;:&quot;https:\\\/\\\/tom-airgun.fr\\\/674-cart_default\\\/plombs-pointus-intruder-45mm-umarex.jpg&quot;}},&quot;small_default&quot;:{&quot;url&quot;:&quot;https:\\\/\\\/tom-airgun.fr\\\/674-small_default\\\/plombs-pointus-intruder-45mm-umarex.jpg&quot;,&quot;width&quot;:90,&quot;height&quot;:90,&quot;sources&quot;:{&quot;jpg&quot;:&quot;https:\\\/\\\/tom-airgun.fr\\\/674-small_default\\\/plombs-pointus-intruder-45mm-umarex.jpg&quot;}},&quot;home_default&quot;:{&quot;url&quot;:&quot;https:\\\/\\\/tom-airgun.fr\\\/674-home_default\\\/plombs-pointus-intruder-45mm-umarex.jpg&quot;,&quot;width&quot;:278,&quot;height&quot;:278,&quot;sources&quot;:{&quot;jpg&quot;:&quot;https:\\\/\\\/tom-airgun.fr\\\/674-home_default\\\/plombs-pointus-intruder-45mm-umarex.jpg&quot;}},&quot;medium_default&quot;:{&quot;url&quot;:&quot;https:\\\/\\\/tom-airgun.fr\\\/674-medium_default\\\/plombs-pointus-intruder-45mm-umarex.jpg&quot;,&quot;width&quot;:455,&quot;height&quot;:455,&quot;sources&quot;:{&quot;jpg&quot;:&quot;https:\\\/\\\/tom-airgun.fr\\\/674-medium_default\\\/plombs-pointus-intruder-45mm-umarex.jpg&quot;}},&quot;large_default&quot;:{&quot;url&quot;:&quot;https:\\\/\\\/tom-airgun.fr\\\/674-large_default\\\/plombs-pointus-intruder-45mm-umarex.jpg&quot;,&quot;width&quot;:800,&quot;height&quot;:800,&quot;sources&quot;:{&quot;jpg&quot;:&quot;https:\\\/\\\/tom-airgun.fr\\\/674-large_default\\\/plombs-pointus-intruder-45mm-umarex.jpg&quot;}}},&quot;small&quot;:{&quot;url&quot;:&quot;https:\\\/\\\/tom-airgun.fr\\\/674-cart_default\\\/plombs-pointus-intruder-45mm-umarex.jpg&quot;,&quot;width&quot;:90,&quot;height&quot;:90,&quot;sources&quot;:{&quot;jpg&quot;:&quot;https:\\\/\\\/tom-airgun.fr\\\/674-cart_default\\\/plombs-pointus-intruder-45mm-umarex.jpg&quot;}},&quot;medium&quot;:{&quot;url&quot;:&quot;https:\\\/\\\/tom-airgun.fr\\\/674-home_default\\\/plombs-pointus-intruder-45mm-umarex.jpg&quot;,&quot;width&quot;:278,&quot;height&quot;:278,&quot;sources&quot;:{&quot;jpg&quot;:&quot;https:\\\/\\\/tom-airgun.fr\\\/674-home_default\\\/plombs-pointus-intruder-45mm-umarex.jpg&quot;}},&quot;large&quot;:{&quot;url&quot;:&quot;https:\\\/\\\/tom-airgun.fr\\\/674-large_default\\\/plombs-pointus-intruder-45mm-umarex.jpg&quot;,&quot;width&quot;:800,&quot;height&quot;:800,&quot;sources&quot;:{&quot;jpg&quot;:&quot;https:\\\/\\\/tom-airgun.fr\\\/674-large_default\\\/plombs-pointus-intruder-45mm-umarex.jpg&quot;}},&quot;associatedVariants&quot;:[]}],&quot;cover&quot;:{&quot;cover&quot;:&quot;1&quot;,&quot;id_image&quot;:&quot;674&quot;,&quot;legend&quot;:&quot;Plombs pointus Intruder 4.5mm Umarex&quot;,&quot;position&quot;:&quot;1&quot;,&quot;bySize&quot;:{&quot;cart_default&quot;:{&quot;url&quot;:&quot;https:\\\/\\\/tom-airgun.fr\\\/674-cart_default\\\/plombs-pointus-intruder-45mm-umarex.jpg&quot;,&quot;width&quot;:90,&quot;height&quot;:90,&quot;sources&quot;:{&quot;jpg&quot;:&quot;https:\\\/\\\/tom-airgun.fr\\\/674-cart_default\\\/plombs-pointus-intruder-45mm-umarex.jpg&quot;}},&quot;small_default&quot;:{&quot;url&quot;:&quot;https:\\\/\\\/tom-airgun.fr\\\/674-small_default\\\/plombs-pointus-intruder-45mm-umarex.jpg&quot;,&quot;width&quot;:90,&quot;height&quot;:90,&quot;sources&quot;:{&quot;jpg&quot;:&quot;https:\\\/\\\/tom-airgun.fr\\\/674-small_default\\\/plombs-pointus-intruder-45mm-umarex.jpg&quot;}},&quot;home_default&quot;:{&quot;url&quot;:&quot;https:\\\/\\\/tom-airgun.fr\\\/674-home_default\\\/plombs-pointus-intruder-45mm-umarex.jpg&quot;,&quot;width&quot;:278,&quot;height&quot;:278,&quot;sources&quot;:{&quot;jpg&quot;:&quot;https:\\\/\\\/tom-airgun.fr\\\/674-home_default\\\/plombs-pointus-intruder-45mm-umarex.jpg&quot;}},&quot;medium_default&quot;:{&quot;url&quot;:&quot;https:\\\/\\\/tom-airgun.fr\\\/674-medium_default\\\/plombs-pointus-intruder-45mm-umarex.jpg&quot;,&quot;width&quot;:455,&quot;height&quot;:455,&quot;sources&quot;:{&quot;jpg&quot;:&quot;https:\\\/\\\/tom-airgun.fr\\\/674-medium_default\\\/plombs-pointus-intruder-45mm-umarex.jpg&quot;}},&quot;large_default&quot;:{&quot;url&quot;:&quot;https:\\\/\\\/tom-airgun.fr\\\/674-large_default\\\/plombs-pointus-intruder-45mm-umarex.jpg&quot;,&quot;width&quot;:800,&quot;height&quot;:800,&quot;sources&quot;:{&quot;jpg&quot;:&quot;https:\\\/\\\/tom-airgun.fr\\\/674-large_default\\\/plombs-pointus-intruder-45mm-umarex.jpg&quot;}}},&quot;small&quot;:{&quot;url&quot;:&quot;https:\\\/\\\/tom-airgun.fr\\\/674-cart_default\\\/plombs-pointus-intruder-45mm-umarex.jpg&quot;,&quot;width&quot;:90,&quot;height&quot;:90,&quot;sources&quot;:{&quot;jpg&quot;:&quot;https:\\\/\\\/tom-airgun.fr\\\/674-cart_default\\\/plombs-pointus-intruder-45mm-umarex.jpg&quot;}},&quot;medium&quot;:{&quot;url&quot;:&quot;https:\\\/\\\/tom-airgun.fr\\\/674-home_default\\\/plombs-pointus-intruder-45mm-umarex.jpg&quot;,&quot;width&quot;:278,&quot;height&quot;:278,&quot;sources&quot;:{&quot;jpg&quot;:&quot;https:\\\/\\\/tom-airgun.fr\\\/674-home_default\\\/plombs-pointus-intruder-45mm-umarex.jpg&quot;}},&quot;large&quot;:{&quot;url&quot;:&quot;https:\\\/\\\/tom-airgun.fr\\\/674-large_default\\\/plombs-pointus-intruder-45mm-umarex.jpg&quot;,&quot;width&quot;:800,&quot;height&quot;:800,&quot;sources&quot;:{&quot;jpg&quot;:&quot;https:\\\/\\\/tom-airgun.fr\\\/674-large_default\\\/plombs-pointus-intruder-45mm-umarex.jpg&quot;}},&quot;associatedVariants&quot;:[]},&quot;has_discount&quot;:false,&quot;discount_type&quot;:null,&quot;discount_percentage&quot;:null,&quot;discount_percentage_absolute&quot;:null,&quot;discount_amount&quot;:null,&quot;discount_amount_to_display&quot;:null,&quot;price_amount&quot;:7.9,&quot;unit_price_full&quot;:&quot;&quot;,&quot;show_availability&quot;:true,&quot;availability_message&quot;:&quot;En stock&quot;,&quot;availability_date&quot;:null,&quot;availability&quot;:&quot;available&quot;}\">\n<section class=\"product-features\">\n<dl class=\"data-sheet\">\n<dt class=\"name\">Mod\u00e8le<\/dt>\n<dd class=\"value\">Plombs pointus Intruder 4.5mm Umarex<\/dd>\n<dt class=\"name\">Calibre<\/dt>\n<dd class=\"value\">4.5 mm (.177)<\/dd>\n<dt class=\"name\">Poids (en grammes)<\/dt>\n<dd class=\"value\">0.46g<\/dd>\n<dt class=\"name\">Type de plomb<\/dt>\n<dd class=\"value\">T\u00eate pointue<\/dd>\n<dt class=\"name\">Poids (en grains)<\/dt>\n<dd class=\"value\">8.2<\/dd>\n<dt class=\"name\">Nombre de plombs<\/dt>\n<dd class=\"value\">500<\/dd>\n<dt class=\"name\">Garantie<\/dt>\n<dd class=\"value\">12 mois<\/dd>\n<\/dl>\n<\/section>\n<\/div>\n<\/div>\n<\/div>\n<div class=\"block md-bottom product-content-block\">\n<div id=\"contenu_produit\" class=\"title-block\">Contenu du produit<\/div>\n<div class=\"block-content box-bg\">\n<p>1 x Bo\u00eete de 500 plombs pointus Cobra en 4.5mm 0.53g UMAREX<\/p>\n<\/div>\n<\/div>\n","protected":false},"excerpt":{"rendered":"<div id=\"product-description-short-15479\" class=\"product-description-short typo sm-bottom\">\n<p><strong>UMAREX<\/strong>\u00a0propose une bo\u00eete de\u00a0<strong>500 plombs pointus Intruder<\/strong>\u00a0en calibre<strong>\u00a04.5mm<\/strong>\u00a0\/\u00a0<strong>.177<\/strong>\u00a0pesant\u00a0<strong>0.53g<\/strong>\u00a0(<strong>8.20 grains<\/strong>). B\u00e9n\u00e9ficiant d&rsquo;un tr\u00e8s bon\u00a0<strong>rapport qualit\u00e9 \/ prix<\/strong>, ils sont id\u00e9aux pour alimenter votre\u00a0<strong>carabine<\/strong>\u00a0\/\u00a0<strong>pistolet<\/strong>\u00a0\u00e0 plomb lors de vos s\u00e9ances de tirs.<\/p>\n<\/div>\n<div class=\"product-attributes mb-2 js-product-attributes-destination\">\n<div class=\"attribute-item product-manufacturer\"><label>Marque<\/label>\u00a0Umarex<\/div>\n<div class=\"attribute-item product-reference\"><label>R\u00e9f\u00e9rence<\/label>\u00a0AR20000007<\/div>\n<div class=\"attribute-item product-specific-references EAN-13\"><label>EAN-13<\/label>\u00a04000844462732<\/div>\n<\/div>","protected":false},"featured_media":560,"comment_status":"open","ping_status":"closed","template":"","meta":[],"product_brand":[],"product_cat":[71],"product_tag":[],"class_list":{"0":"post-559","1":"product","2":"type-product","3":"status-publish","4":"has-post-thumbnail","6":"product_cat-plombs","8":"first","9":"instock","10":"shipping-taxable","11":"purchasable","12":"product-type-simple"},"yoast_head":"<!-- This site is optimized with the Yoast SEO plugin v27.4 - https:\/\/yoast.com\/product\/yoast-seo-wordpress\/ -->\n<title>Plombs pointus Intruder 4.5mm Umarex - Armurerie Brute<\/title>\n<meta name=\"robots\" content=\"index, follow, max-snippet:-1, max-image-preview:large, max-video-preview:-1\" \/>\n<link rel=\"canonical\" href=\"https:\/\/armureriebrute.fr\/en\/product\/plombs-pointus-intruder-4-5mm-umarex\/\" \/>\n<meta property=\"og:locale\" content=\"en_GB\" \/>\n<meta property=\"og:type\" content=\"article\" \/>\n<meta property=\"og:title\" content=\"Plombs pointus Intruder 4.5mm Umarex - Armurerie Brute\" \/>\n<meta property=\"og:description\" content=\"UMAREX\u00a0propose une bo\u00eete de\u00a0500 plombs pointus Intruder\u00a0en calibre\u00a04.5mm\u00a0\/\u00a0.177\u00a0pesant\u00a00.53g\u00a0(8.20 grains). B\u00e9n\u00e9ficiant d&#039;un tr\u00e8s bon\u00a0rapport qualit\u00e9 \/ prix, ils sont id\u00e9aux pour alimenter votre\u00a0carabine\u00a0\/\u00a0pistolet\u00a0\u00e0 plomb lors de vos s\u00e9ances de tirs.    Marque\u00a0Umarex R\u00e9f\u00e9rence\u00a0AR20000007 EAN-13\u00a04000844462732\" \/>\n<meta property=\"og:url\" content=\"https:\/\/armureriebrute.fr\/en\/product\/plombs-pointus-intruder-4-5mm-umarex\/\" \/>\n<meta property=\"og:site_name\" content=\"Armurerie Brute\" \/>\n<meta property=\"article:modified_time\" content=\"2026-04-23T11:54:31+00:00\" \/>\n<meta property=\"og:image\" content=\"http:\/\/armureriebrute.fr\/wp-content\/uploads\/2026\/04\/plombs-pointus-intruder-45mm-umarex.png\" \/>\n\t<meta property=\"og:image:width\" content=\"455\" \/>\n\t<meta property=\"og:image:height\" content=\"455\" \/>\n\t<meta property=\"og:image:type\" content=\"image\/png\" \/>\n<meta name=\"twitter:card\" content=\"summary_large_image\" \/>\n<meta name=\"twitter:label1\" content=\"Estimated reading time\" \/>\n\t<meta name=\"twitter:data1\" content=\"1 minute\" \/>\n<script type=\"application\/ld+json\" class=\"yoast-schema-graph\">{\"@context\":\"https:\\\/\\\/schema.org\",\"@graph\":[{\"@type\":\"WebPage\",\"@id\":\"https:\\\/\\\/armureriebrute.fr\\\/product\\\/plombs-pointus-intruder-4-5mm-umarex\\\/\",\"url\":\"https:\\\/\\\/armureriebrute.fr\\\/product\\\/plombs-pointus-intruder-4-5mm-umarex\\\/\",\"name\":\"Plombs pointus Intruder 4.5mm Umarex - Armurerie Brute\",\"isPartOf\":{\"@id\":\"https:\\\/\\\/armureriebrute.fr\\\/#website\"},\"primaryImageOfPage\":{\"@id\":\"https:\\\/\\\/armureriebrute.fr\\\/product\\\/plombs-pointus-intruder-4-5mm-umarex\\\/#primaryimage\"},\"image\":{\"@id\":\"https:\\\/\\\/armureriebrute.fr\\\/product\\\/plombs-pointus-intruder-4-5mm-umarex\\\/#primaryimage\"},\"thumbnailUrl\":\"https:\\\/\\\/armureriebrute.fr\\\/wp-content\\\/uploads\\\/2026\\\/04\\\/plombs-pointus-intruder-45mm-umarex.png\",\"datePublished\":\"2026-04-23T11:53:31+00:00\",\"dateModified\":\"2026-04-23T11:54:31+00:00\",\"breadcrumb\":{\"@id\":\"https:\\\/\\\/armureriebrute.fr\\\/product\\\/plombs-pointus-intruder-4-5mm-umarex\\\/#breadcrumb\"},\"inLanguage\":\"en-GB\",\"potentialAction\":[{\"@type\":\"ReadAction\",\"target\":[\"https:\\\/\\\/armureriebrute.fr\\\/product\\\/plombs-pointus-intruder-4-5mm-umarex\\\/\"]}]},{\"@type\":\"ImageObject\",\"inLanguage\":\"en-GB\",\"@id\":\"https:\\\/\\\/armureriebrute.fr\\\/product\\\/plombs-pointus-intruder-4-5mm-umarex\\\/#primaryimage\",\"url\":\"https:\\\/\\\/armureriebrute.fr\\\/wp-content\\\/uploads\\\/2026\\\/04\\\/plombs-pointus-intruder-45mm-umarex.png\",\"contentUrl\":\"https:\\\/\\\/armureriebrute.fr\\\/wp-content\\\/uploads\\\/2026\\\/04\\\/plombs-pointus-intruder-45mm-umarex.png\",\"width\":455,\"height\":455},{\"@type\":\"BreadcrumbList\",\"@id\":\"https:\\\/\\\/armureriebrute.fr\\\/product\\\/plombs-pointus-intruder-4-5mm-umarex\\\/#breadcrumb\",\"itemListElement\":[{\"@type\":\"ListItem\",\"position\":1,\"name\":\"Home\",\"item\":\"https:\\\/\\\/armureriebrute.fr\\\/\"},{\"@type\":\"ListItem\",\"position\":2,\"name\":\"Shop\",\"item\":\"https:\\\/\\\/armureriebrute.fr\\\/shop\\\/\"},{\"@type\":\"ListItem\",\"position\":3,\"name\":\"Plombs pointus Intruder 4.5mm Umarex\"}]},{\"@type\":\"WebSite\",\"@id\":\"https:\\\/\\\/armureriebrute.fr\\\/#website\",\"url\":\"https:\\\/\\\/armureriebrute.fr\\\/\",\"name\":\"Armurerie Brute\",\"description\":\"Armurerie Brute\",\"publisher\":{\"@id\":\"https:\\\/\\\/armureriebrute.fr\\\/#organization\"},\"potentialAction\":[{\"@type\":\"SearchAction\",\"target\":{\"@type\":\"EntryPoint\",\"urlTemplate\":\"https:\\\/\\\/armureriebrute.fr\\\/?s={search_term_string}\"},\"query-input\":{\"@type\":\"PropertyValueSpecification\",\"valueRequired\":true,\"valueName\":\"search_term_string\"}}],\"inLanguage\":\"en-GB\"},{\"@type\":\"Organization\",\"@id\":\"https:\\\/\\\/armureriebrute.fr\\\/#organization\",\"name\":\"Armurerie Brute\",\"url\":\"https:\\\/\\\/armureriebrute.fr\\\/\",\"logo\":{\"@type\":\"ImageObject\",\"inLanguage\":\"en-GB\",\"@id\":\"https:\\\/\\\/armureriebrute.fr\\\/#\\\/schema\\\/logo\\\/image\\\/\",\"url\":\"http:\\\/\\\/armureriebrute.fr\\\/wp-content\\\/uploads\\\/2026\\\/04\\\/image_6409bec1-1.png\",\"contentUrl\":\"http:\\\/\\\/armureriebrute.fr\\\/wp-content\\\/uploads\\\/2026\\\/04\\\/image_6409bec1-1.png\",\"width\":1408,\"height\":768,\"caption\":\"Armurerie Brute\"},\"image\":{\"@id\":\"https:\\\/\\\/armureriebrute.fr\\\/#\\\/schema\\\/logo\\\/image\\\/\"}}]}<\/script>\n<!-- \/ Yoast SEO plugin. -->","yoast_head_json":{"title":"Plombs pointus Intruder 4.5mm Umarex - Armurerie Brute","robots":{"index":"index","follow":"follow","max-snippet":"max-snippet:-1","max-image-preview":"max-image-preview:large","max-video-preview":"max-video-preview:-1"},"canonical":"https:\/\/armureriebrute.fr\/en\/product\/plombs-pointus-intruder-4-5mm-umarex\/","og_locale":"en_GB","og_type":"article","og_title":"Plombs pointus Intruder 4.5mm Umarex - Armurerie Brute","og_description":"UMAREX\u00a0propose une bo\u00eete de\u00a0500 plombs pointus Intruder\u00a0en calibre\u00a04.5mm\u00a0\/\u00a0.177\u00a0pesant\u00a00.53g\u00a0(8.20 grains). B\u00e9n\u00e9ficiant d'un tr\u00e8s bon\u00a0rapport qualit\u00e9 \/ prix, ils sont id\u00e9aux pour alimenter votre\u00a0carabine\u00a0\/\u00a0pistolet\u00a0\u00e0 plomb lors de vos s\u00e9ances de tirs.    Marque\u00a0Umarex R\u00e9f\u00e9rence\u00a0AR20000007 EAN-13\u00a04000844462732","og_url":"https:\/\/armureriebrute.fr\/en\/product\/plombs-pointus-intruder-4-5mm-umarex\/","og_site_name":"Armurerie Brute","article_modified_time":"2026-04-23T11:54:31+00:00","og_image":[{"width":455,"height":455,"url":"http:\/\/armureriebrute.fr\/wp-content\/uploads\/2026\/04\/plombs-pointus-intruder-45mm-umarex.png","type":"image\/png"}],"twitter_card":"summary_large_image","twitter_misc":{"Estimated reading time":"1 minute"},"schema":{"@context":"https:\/\/schema.org","@graph":[{"@type":"WebPage","@id":"https:\/\/armureriebrute.fr\/product\/plombs-pointus-intruder-4-5mm-umarex\/","url":"https:\/\/armureriebrute.fr\/product\/plombs-pointus-intruder-4-5mm-umarex\/","name":"Plombs pointus Intruder 4.5mm Umarex - Armurerie Brute","isPartOf":{"@id":"https:\/\/armureriebrute.fr\/#website"},"primaryImageOfPage":{"@id":"https:\/\/armureriebrute.fr\/product\/plombs-pointus-intruder-4-5mm-umarex\/#primaryimage"},"image":{"@id":"https:\/\/armureriebrute.fr\/product\/plombs-pointus-intruder-4-5mm-umarex\/#primaryimage"},"thumbnailUrl":"https:\/\/armureriebrute.fr\/wp-content\/uploads\/2026\/04\/plombs-pointus-intruder-45mm-umarex.png","datePublished":"2026-04-23T11:53:31+00:00","dateModified":"2026-04-23T11:54:31+00:00","breadcrumb":{"@id":"https:\/\/armureriebrute.fr\/product\/plombs-pointus-intruder-4-5mm-umarex\/#breadcrumb"},"inLanguage":"en-GB","potentialAction":[{"@type":"ReadAction","target":["https:\/\/armureriebrute.fr\/product\/plombs-pointus-intruder-4-5mm-umarex\/"]}]},{"@type":"ImageObject","inLanguage":"en-GB","@id":"https:\/\/armureriebrute.fr\/product\/plombs-pointus-intruder-4-5mm-umarex\/#primaryimage","url":"https:\/\/armureriebrute.fr\/wp-content\/uploads\/2026\/04\/plombs-pointus-intruder-45mm-umarex.png","contentUrl":"https:\/\/armureriebrute.fr\/wp-content\/uploads\/2026\/04\/plombs-pointus-intruder-45mm-umarex.png","width":455,"height":455},{"@type":"BreadcrumbList","@id":"https:\/\/armureriebrute.fr\/product\/plombs-pointus-intruder-4-5mm-umarex\/#breadcrumb","itemListElement":[{"@type":"ListItem","position":1,"name":"Home","item":"https:\/\/armureriebrute.fr\/"},{"@type":"ListItem","position":2,"name":"Shop","item":"https:\/\/armureriebrute.fr\/shop\/"},{"@type":"ListItem","position":3,"name":"Plombs pointus Intruder 4.5mm Umarex"}]},{"@type":"WebSite","@id":"https:\/\/armureriebrute.fr\/#website","url":"https:\/\/armureriebrute.fr\/","name":"Brute Armoury","description":"Brute Armoury","publisher":{"@id":"https:\/\/armureriebrute.fr\/#organization"},"potentialAction":[{"@type":"SearchAction","target":{"@type":"EntryPoint","urlTemplate":"https:\/\/armureriebrute.fr\/?s={search_term_string}"},"query-input":{"@type":"PropertyValueSpecification","valueRequired":true,"valueName":"search_term_string"}}],"inLanguage":"en-GB"},{"@type":"Organization","@id":"https:\/\/armureriebrute.fr\/#organization","name":"Brute Armoury","url":"https:\/\/armureriebrute.fr\/","logo":{"@type":"ImageObject","inLanguage":"en-GB","@id":"https:\/\/armureriebrute.fr\/#\/schema\/logo\/image\/","url":"http:\/\/armureriebrute.fr\/wp-content\/uploads\/2026\/04\/image_6409bec1-1.png","contentUrl":"http:\/\/armureriebrute.fr\/wp-content\/uploads\/2026\/04\/image_6409bec1-1.png","width":1408,"height":768,"caption":"Armurerie Brute"},"image":{"@id":"https:\/\/armureriebrute.fr\/#\/schema\/logo\/image\/"}}]}},"_links":{"self":[{"href":"https:\/\/armureriebrute.fr\/en\/wp-json\/wp\/v2\/product\/559","targetHints":{"allow":["GET"]}}],"collection":[{"href":"https:\/\/armureriebrute.fr\/en\/wp-json\/wp\/v2\/product"}],"about":[{"href":"https:\/\/armureriebrute.fr\/en\/wp-json\/wp\/v2\/types\/product"}],"replies":[{"embeddable":true,"href":"https:\/\/armureriebrute.fr\/en\/wp-json\/wp\/v2\/comments?post=559"}],"wp:featuredmedia":[{"embeddable":true,"href":"https:\/\/armureriebrute.fr\/en\/wp-json\/wp\/v2\/media\/560"}],"wp:attachment":[{"href":"https:\/\/armureriebrute.fr\/en\/wp-json\/wp\/v2\/media?parent=559"}],"wp:term":[{"taxonomy":"product_brand","embeddable":true,"href":"https:\/\/armureriebrute.fr\/en\/wp-json\/wp\/v2\/product_brand?post=559"},{"taxonomy":"product_cat","embeddable":true,"href":"https:\/\/armureriebrute.fr\/en\/wp-json\/wp\/v2\/product_cat?post=559"},{"taxonomy":"product_tag","embeddable":true,"href":"https:\/\/armureriebrute.fr\/en\/wp-json\/wp\/v2\/product_tag?post=559"}],"curies":[{"name":"wp","href":"https:\/\/api.w.org\/{rel}","templated":true}]}}