{"id":582,"date":"2026-04-23T12:06:58","date_gmt":"2026-04-23T12:06:58","guid":{"rendered":"https:\/\/armureriebrute.fr\/?post_type=product&#038;p=582"},"modified":"2026-04-23T12:07:50","modified_gmt":"2026-04-23T12:07:50","slug":"plombs-lethal-master-4-5-mm-gamo","status":"publish","type":"product","link":"https:\/\/armureriebrute.fr\/en\/product\/plombs-lethal-master-4-5-mm-gamo\/","title":{"rendered":"Plombs Lethal Master 4.5 mm Gamo"},"content":{"rendered":"<div class=\"block md-bottom product-points-forts\">\n<div id=\"point_forts\" class=\"title-block\">Points forts<\/div>\n<div class=\"block-content box-bg\">\n<ul>\n<li>Munitions sans plomb<\/li>\n<li>38% + rapide et + pr\u00e9cis<\/li>\n<li>4.5mm<\/li>\n<\/ul>\n<\/div>\n<\/div>\n<div class=\"block md-bottom product-features-block \">\n<div id=\"caracteristiques\" class=\"title-block\">Fiche technique<\/div>\n<div class=\"block-content box-bg\">\n<div id=\"product-details\" class=\"product-details\" data-product=\"{&quot;id_shop_default&quot;:&quot;1&quot;,&quot;id_manufacturer&quot;:&quot;116&quot;,&quot;id_supplier&quot;:&quot;0&quot;,&quot;reference&quot;:&quot;AR20000112&quot;,&quot;is_virtual&quot;:&quot;0&quot;,&quot;delivery_in_stock&quot;:&quot;&quot;,&quot;delivery_out_stock&quot;:&quot;&quot;,&quot;id_category_default&quot;:&quot;32&quot;,&quot;on_sale&quot;:&quot;0&quot;,&quot;online_only&quot;:&quot;0&quot;,&quot;ecotax&quot;:0,&quot;minimal_quantity&quot;:&quot;1&quot;,&quot;low_stock_threshold&quot;:&quot;0&quot;,&quot;low_stock_alert&quot;:&quot;0&quot;,&quot;price&quot;:&quot;11,90\\u00a0\\u20ac&quot;,&quot;unity&quot;:&quot;&quot;,&quot;unit_price&quot;:&quot;&quot;,&quot;unit_price_ratio&quot;:0,&quot;additional_shipping_cost&quot;:&quot;0.000000&quot;,&quot;customizable&quot;:&quot;0&quot;,&quot;text_fields&quot;:&quot;0&quot;,&quot;uploadable_files&quot;:&quot;0&quot;,&quot;active&quot;:&quot;1&quot;,&quot;redirect_type&quot;:&quot;301-category&quot;,&quot;id_type_redirected&quot;:&quot;0&quot;,&quot;available_for_order&quot;:&quot;1&quot;,&quot;available_date&quot;:&quot;0001-01-01&quot;,&quot;show_condition&quot;:&quot;0&quot;,&quot;condition&quot;:&quot;new&quot;,&quot;show_price&quot;:&quot;1&quot;,&quot;indexed&quot;:&quot;1&quot;,&quot;visibility&quot;:&quot;both&quot;,&quot;cache_default_attribute&quot;:&quot;0&quot;,&quot;advanced_stock_management&quot;:&quot;0&quot;,&quot;date_add&quot;:&quot;2023-03-04 05:01:34&quot;,&quot;date_upd&quot;:&quot;2026-01-14 18:00:34&quot;,&quot;pack_stock_type&quot;:&quot;0&quot;,&quot;meta_description&quot;:&quot;Gamo propose une large de gamme de plombs pour diff\\u00e9rents usages et calibres. Les munitions sans plombs Lethal de chez Gamo sont propos\\u00e9es ici en 4.5mm, elles sont compos\\u00e9es d'une chemise en alliage biod\\u00e9gradable et d'une pointe bomb\\u00e9e en \\u00e9tain. Leur l\\u00e9g\\u00e8ret\\u00e9 permet d'avoir une vitesse et une pr\\u00e9cision 38% plus rapide que des plombs classiques. Ils sont propos\\u00e9s par bo\\u00eete de 100 unit\\u00e9s.&quot;,&quot;meta_keywords&quot;:&quot;&quot;,&quot;meta_title&quot;:&quot;Plombs Lethal Master 4.5 mm Gamo&quot;,&quot;link_rewrite&quot;:&quot;plombs-lethal-master-45-mm-gamo&quot;,&quot;name&quot;:&quot;Plombs Lethal Master 4.5 mm Gamo&quot;,&quot;description&quot;:&quot;&quot;,&quot;description_short&quot;:&quot;&lt;p style=\\&quot;text-align: justify;\\&quot;&gt;&lt;strong&gt;Gamo&lt;\\\/strong&gt; propose une large de gamme de plombs pour &lt;strong&gt;diff\\u00e9rents usages&lt;\\\/strong&gt; et &lt;strong&gt;calibres&lt;\\\/strong&gt;. Les munitions&lt;strong&gt; sans plombs&lt;\\\/strong&gt; &lt;strong&gt;Lethal&lt;\\\/strong&gt; de chez &lt;strong&gt;Gamo&lt;\\\/strong&gt; sont propos\\u00e9es ici en &lt;strong&gt;4.5mm&lt;\\\/strong&gt;, elles sont compos\\u00e9es d'une chemise en &lt;strong&gt;alliage biod\\u00e9gradable&lt;\\\/strong&gt; et d'une pointe bomb\\u00e9e en&lt;strong&gt; \\u00e9tain&lt;\\\/strong&gt;. Leur &lt;strong&gt;l\\u00e9g\\u00e8ret\\u00e9&lt;\\\/strong&gt; permet d'avoir une &lt;strong&gt;vitesse&lt;\\\/strong&gt; et une&lt;strong&gt; pr\\u00e9cision 38% plus rapide&lt;\\\/strong&gt; que des plombs classiques. Ils sont propos\\u00e9s par bo\\u00eete de &lt;strong&gt;100 unit\\u00e9s&lt;\\\/strong&gt;.&lt;\\\/p&gt;&quot;,&quot;available_now&quot;:&quot;&quot;,&quot;available_later&quot;:&quot;&quot;,&quot;id&quot;:15434,&quot;id_product&quot;:15434,&quot;out_of_stock&quot;:2,&quot;new&quot;:0,&quot;id_product_attribute&quot;:&quot;0&quot;,&quot;quantity_wanted&quot;:1,&quot;extraContent&quot;:[],&quot;allow_oosp&quot;:0,&quot;category&quot;:&quot;plombs&quot;,&quot;category_name&quot;:&quot;Plombs&quot;,&quot;link&quot;:&quot;https:\\\/\\\/tom-airgun.fr\\\/plombs-lethal-master-45-mm-gamo-15434.html&quot;,&quot;manufacturer_name&quot;:&quot;GAMO&quot;,&quot;attribute_price&quot;:0,&quot;price_tax_exc&quot;:9.92,&quot;price_without_reduction&quot;:11.904,&quot;reduction&quot;:0,&quot;specific_prices&quot;:false,&quot;quantity&quot;:45,&quot;quantity_all_versions&quot;:45,&quot;id_image&quot;:&quot;fr-default&quot;,&quot;features&quot;:[{&quot;name&quot;:&quot;Mod\\u00e8le&quot;,&quot;value&quot;:&quot;Plombs Lethal Master 4.5 mm Gamo&quot;,&quot;id_feature&quot;:&quot;17&quot;,&quot;position&quot;:&quot;0&quot;,&quot;id_feature_value&quot;:&quot;177886&quot;},{&quot;name&quot;:&quot;Calibre&quot;,&quot;value&quot;:&quot;4.5 mm (.177)&quot;,&quot;id_feature&quot;:&quot;9&quot;,&quot;position&quot;:&quot;6&quot;,&quot;id_feature_value&quot;:&quot;19&quot;},{&quot;name&quot;:&quot;Type de plomb&quot;,&quot;value&quot;:&quot;T\\u00eate ronde &quot;,&quot;id_feature&quot;:&quot;19&quot;,&quot;position&quot;:&quot;60&quot;,&quot;id_feature_value&quot;:&quot;4045&quot;},{&quot;name&quot;:&quot;Poids (en grains)&quot;,&quot;value&quot;:&quot;5,5&quot;,&quot;id_feature&quot;:&quot;78&quot;,&quot;position&quot;:&quot;73&quot;,&quot;id_feature_value&quot;:&quot;510&quot;},{&quot;name&quot;:&quot;Nombre de plombs&quot;,&quot;value&quot;:&quot;100&quot;,&quot;id_feature&quot;:&quot;79&quot;,&quot;position&quot;:&quot;74&quot;,&quot;id_feature_value&quot;:&quot;517&quot;},{&quot;name&quot;:&quot;Garantie&quot;,&quot;value&quot;:&quot;12 mois&quot;,&quot;id_feature&quot;:&quot;47&quot;,&quot;position&quot;:&quot;121&quot;,&quot;id_feature_value&quot;:&quot;1661&quot;}],&quot;attachments&quot;:[],&quot;virtual&quot;:0,&quot;pack&quot;:0,&quot;packItems&quot;:[],&quot;nopackprice&quot;:0,&quot;customization_required&quot;:false,&quot;rate&quot;:20,&quot;tax_name&quot;:&quot;TVA FR 20%&quot;,&quot;ecotax_rate&quot;:0,&quot;customizations&quot;:{&quot;fields&quot;:[]},&quot;id_customization&quot;:0,&quot;is_customizable&quot;:false,&quot;show_quantities&quot;:false,&quot;quantity_label&quot;:&quot;Produits&quot;,&quot;quantity_discounts&quot;:[],&quot;customer_group_discount&quot;:0,&quot;images&quot;:[{&quot;cover&quot;:&quot;1&quot;,&quot;id_image&quot;:&quot;610&quot;,&quot;legend&quot;:&quot;Plombs Lethal Master 4.5 mm Gamo&quot;,&quot;position&quot;:&quot;1&quot;,&quot;bySize&quot;:{&quot;cart_default&quot;:{&quot;url&quot;:&quot;https:\\\/\\\/tom-airgun.fr\\\/610-cart_default\\\/plombs-lethal-master-45-mm-gamo.jpg&quot;,&quot;width&quot;:90,&quot;height&quot;:90,&quot;sources&quot;:{&quot;jpg&quot;:&quot;https:\\\/\\\/tom-airgun.fr\\\/610-cart_default\\\/plombs-lethal-master-45-mm-gamo.jpg&quot;}},&quot;small_default&quot;:{&quot;url&quot;:&quot;https:\\\/\\\/tom-airgun.fr\\\/610-small_default\\\/plombs-lethal-master-45-mm-gamo.jpg&quot;,&quot;width&quot;:90,&quot;height&quot;:90,&quot;sources&quot;:{&quot;jpg&quot;:&quot;https:\\\/\\\/tom-airgun.fr\\\/610-small_default\\\/plombs-lethal-master-45-mm-gamo.jpg&quot;}},&quot;home_default&quot;:{&quot;url&quot;:&quot;https:\\\/\\\/tom-airgun.fr\\\/610-home_default\\\/plombs-lethal-master-45-mm-gamo.jpg&quot;,&quot;width&quot;:278,&quot;height&quot;:278,&quot;sources&quot;:{&quot;jpg&quot;:&quot;https:\\\/\\\/tom-airgun.fr\\\/610-home_default\\\/plombs-lethal-master-45-mm-gamo.jpg&quot;}},&quot;medium_default&quot;:{&quot;url&quot;:&quot;https:\\\/\\\/tom-airgun.fr\\\/610-medium_default\\\/plombs-lethal-master-45-mm-gamo.jpg&quot;,&quot;width&quot;:455,&quot;height&quot;:455,&quot;sources&quot;:{&quot;jpg&quot;:&quot;https:\\\/\\\/tom-airgun.fr\\\/610-medium_default\\\/plombs-lethal-master-45-mm-gamo.jpg&quot;}},&quot;large_default&quot;:{&quot;url&quot;:&quot;https:\\\/\\\/tom-airgun.fr\\\/610-large_default\\\/plombs-lethal-master-45-mm-gamo.jpg&quot;,&quot;width&quot;:800,&quot;height&quot;:800,&quot;sources&quot;:{&quot;jpg&quot;:&quot;https:\\\/\\\/tom-airgun.fr\\\/610-large_default\\\/plombs-lethal-master-45-mm-gamo.jpg&quot;}}},&quot;small&quot;:{&quot;url&quot;:&quot;https:\\\/\\\/tom-airgun.fr\\\/610-cart_default\\\/plombs-lethal-master-45-mm-gamo.jpg&quot;,&quot;width&quot;:90,&quot;height&quot;:90,&quot;sources&quot;:{&quot;jpg&quot;:&quot;https:\\\/\\\/tom-airgun.fr\\\/610-cart_default\\\/plombs-lethal-master-45-mm-gamo.jpg&quot;}},&quot;medium&quot;:{&quot;url&quot;:&quot;https:\\\/\\\/tom-airgun.fr\\\/610-home_default\\\/plombs-lethal-master-45-mm-gamo.jpg&quot;,&quot;width&quot;:278,&quot;height&quot;:278,&quot;sources&quot;:{&quot;jpg&quot;:&quot;https:\\\/\\\/tom-airgun.fr\\\/610-home_default\\\/plombs-lethal-master-45-mm-gamo.jpg&quot;}},&quot;large&quot;:{&quot;url&quot;:&quot;https:\\\/\\\/tom-airgun.fr\\\/610-large_default\\\/plombs-lethal-master-45-mm-gamo.jpg&quot;,&quot;width&quot;:800,&quot;height&quot;:800,&quot;sources&quot;:{&quot;jpg&quot;:&quot;https:\\\/\\\/tom-airgun.fr\\\/610-large_default\\\/plombs-lethal-master-45-mm-gamo.jpg&quot;}},&quot;associatedVariants&quot;:[]}],&quot;cover&quot;:{&quot;cover&quot;:&quot;1&quot;,&quot;id_image&quot;:&quot;610&quot;,&quot;legend&quot;:&quot;Plombs Lethal Master 4.5 mm Gamo&quot;,&quot;position&quot;:&quot;1&quot;,&quot;bySize&quot;:{&quot;cart_default&quot;:{&quot;url&quot;:&quot;https:\\\/\\\/tom-airgun.fr\\\/610-cart_default\\\/plombs-lethal-master-45-mm-gamo.jpg&quot;,&quot;width&quot;:90,&quot;height&quot;:90,&quot;sources&quot;:{&quot;jpg&quot;:&quot;https:\\\/\\\/tom-airgun.fr\\\/610-cart_default\\\/plombs-lethal-master-45-mm-gamo.jpg&quot;}},&quot;small_default&quot;:{&quot;url&quot;:&quot;https:\\\/\\\/tom-airgun.fr\\\/610-small_default\\\/plombs-lethal-master-45-mm-gamo.jpg&quot;,&quot;width&quot;:90,&quot;height&quot;:90,&quot;sources&quot;:{&quot;jpg&quot;:&quot;https:\\\/\\\/tom-airgun.fr\\\/610-small_default\\\/plombs-lethal-master-45-mm-gamo.jpg&quot;}},&quot;home_default&quot;:{&quot;url&quot;:&quot;https:\\\/\\\/tom-airgun.fr\\\/610-home_default\\\/plombs-lethal-master-45-mm-gamo.jpg&quot;,&quot;width&quot;:278,&quot;height&quot;:278,&quot;sources&quot;:{&quot;jpg&quot;:&quot;https:\\\/\\\/tom-airgun.fr\\\/610-home_default\\\/plombs-lethal-master-45-mm-gamo.jpg&quot;}},&quot;medium_default&quot;:{&quot;url&quot;:&quot;https:\\\/\\\/tom-airgun.fr\\\/610-medium_default\\\/plombs-lethal-master-45-mm-gamo.jpg&quot;,&quot;width&quot;:455,&quot;height&quot;:455,&quot;sources&quot;:{&quot;jpg&quot;:&quot;https:\\\/\\\/tom-airgun.fr\\\/610-medium_default\\\/plombs-lethal-master-45-mm-gamo.jpg&quot;}},&quot;large_default&quot;:{&quot;url&quot;:&quot;https:\\\/\\\/tom-airgun.fr\\\/610-large_default\\\/plombs-lethal-master-45-mm-gamo.jpg&quot;,&quot;width&quot;:800,&quot;height&quot;:800,&quot;sources&quot;:{&quot;jpg&quot;:&quot;https:\\\/\\\/tom-airgun.fr\\\/610-large_default\\\/plombs-lethal-master-45-mm-gamo.jpg&quot;}}},&quot;small&quot;:{&quot;url&quot;:&quot;https:\\\/\\\/tom-airgun.fr\\\/610-cart_default\\\/plombs-lethal-master-45-mm-gamo.jpg&quot;,&quot;width&quot;:90,&quot;height&quot;:90,&quot;sources&quot;:{&quot;jpg&quot;:&quot;https:\\\/\\\/tom-airgun.fr\\\/610-cart_default\\\/plombs-lethal-master-45-mm-gamo.jpg&quot;}},&quot;medium&quot;:{&quot;url&quot;:&quot;https:\\\/\\\/tom-airgun.fr\\\/610-home_default\\\/plombs-lethal-master-45-mm-gamo.jpg&quot;,&quot;width&quot;:278,&quot;height&quot;:278,&quot;sources&quot;:{&quot;jpg&quot;:&quot;https:\\\/\\\/tom-airgun.fr\\\/610-home_default\\\/plombs-lethal-master-45-mm-gamo.jpg&quot;}},&quot;large&quot;:{&quot;url&quot;:&quot;https:\\\/\\\/tom-airgun.fr\\\/610-large_default\\\/plombs-lethal-master-45-mm-gamo.jpg&quot;,&quot;width&quot;:800,&quot;height&quot;:800,&quot;sources&quot;:{&quot;jpg&quot;:&quot;https:\\\/\\\/tom-airgun.fr\\\/610-large_default\\\/plombs-lethal-master-45-mm-gamo.jpg&quot;}},&quot;associatedVariants&quot;:[]},&quot;has_discount&quot;:false,&quot;discount_type&quot;:null,&quot;discount_percentage&quot;:null,&quot;discount_percentage_absolute&quot;:null,&quot;discount_amount&quot;:null,&quot;discount_amount_to_display&quot;:null,&quot;price_amount&quot;:11.9,&quot;unit_price_full&quot;:&quot;&quot;,&quot;show_availability&quot;:true,&quot;availability_message&quot;:&quot;En stock&quot;,&quot;availability_date&quot;:null,&quot;availability&quot;:&quot;available&quot;}\">\n<section class=\"product-features\">\n<dl class=\"data-sheet\">\n<dt class=\"name\">Mod\u00e8le<\/dt>\n<dd class=\"value\">Plombs Lethal Master 4.5 mm Gamo<\/dd>\n<dt class=\"name\">Calibre<\/dt>\n<dd class=\"value\">4.5 mm (.177)<\/dd>\n<dt class=\"name\">Type de plomb<\/dt>\n<dd class=\"value\">T\u00eate ronde<\/dd>\n<dt class=\"name\">Poids (en grains)<\/dt>\n<dd class=\"value\">5,5<\/dd>\n<dt class=\"name\">Nombre de plombs<\/dt>\n<dd class=\"value\">100<\/dd>\n<dt class=\"name\">Garantie<\/dt>\n<dd class=\"value\">12 mois<\/dd>\n<\/dl>\n<\/section>\n<\/div>\n<\/div>\n<\/div>\n<div class=\"block md-bottom product-content-block\">\n<div id=\"contenu_produit\" class=\"title-block\">Contenu du produit<\/div>\n<div class=\"block-content box-bg\">\n<p>1 x\u00a0 Bo\u00eete de 100 plombs Lethal Gamo en 4.5mm<\/p>\n<\/div>\n<\/div>\n","protected":false},"excerpt":{"rendered":"<div id=\"product-description-short-15434\" class=\"product-description-short typo sm-bottom\">\n<p><strong>Gamo<\/strong>\u00a0propose une large de gamme de plombs pour\u00a0<strong>diff\u00e9rents usages<\/strong>\u00a0et\u00a0<strong>calibres<\/strong>. Les munitions<strong>\u00a0sans plombs<\/strong>\u00a0<strong>Lethal<\/strong>\u00a0de chez\u00a0<strong>Gamo<\/strong>\u00a0sont propos\u00e9es ici en\u00a0<strong>4.5mm<\/strong>, elles sont compos\u00e9es d&rsquo;une chemise en\u00a0<strong>alliage biod\u00e9gradable<\/strong>\u00a0et d&rsquo;une pointe bomb\u00e9e en<strong>\u00a0\u00e9tain<\/strong>. Leur\u00a0<strong>l\u00e9g\u00e8ret\u00e9<\/strong>\u00a0permet d&rsquo;avoir une\u00a0<strong>vitesse<\/strong>\u00a0et une<strong>\u00a0pr\u00e9cision 38% plus rapide<\/strong>\u00a0que des plombs classiques. Ils sont propos\u00e9s par bo\u00eete de\u00a0<strong>100 unit\u00e9s<\/strong>.<\/p>\n<\/div>\n<div class=\"product-attributes mb-2 js-product-attributes-destination\">\n<div class=\"attribute-item product-manufacturer\"><label>Marque<\/label>\u00a0GAMO<\/div>\n<div class=\"attribute-item product-reference\"><label>R\u00e9f\u00e9rence<\/label>\u00a0AR20000112<\/div>\n<div class=\"attribute-item product-specific-references EAN-13\"><label>EAN-13<\/label>\u00a02000000186207<\/div>\n<\/div>","protected":false},"featured_media":583,"comment_status":"open","ping_status":"closed","template":"","meta":[],"product_brand":[],"product_cat":[71],"product_tag":[],"class_list":{"0":"post-582","1":"product","2":"type-product","3":"status-publish","4":"has-post-thumbnail","6":"product_cat-plombs","8":"first","9":"instock","10":"shipping-taxable","11":"purchasable","12":"product-type-simple"},"yoast_head":"<!-- This site is optimized with the Yoast SEO plugin v27.4 - https:\/\/yoast.com\/product\/yoast-seo-wordpress\/ -->\n<title>Plombs Lethal Master 4.5 mm Gamo - Armurerie Brute<\/title>\n<meta name=\"robots\" content=\"index, follow, max-snippet:-1, max-image-preview:large, max-video-preview:-1\" \/>\n<link rel=\"canonical\" href=\"https:\/\/armureriebrute.fr\/en\/product\/plombs-lethal-master-4-5-mm-gamo\/\" \/>\n<meta property=\"og:locale\" content=\"en_GB\" \/>\n<meta property=\"og:type\" content=\"article\" \/>\n<meta property=\"og:title\" content=\"Plombs Lethal Master 4.5 mm Gamo - Armurerie Brute\" \/>\n<meta property=\"og:description\" content=\"Gamo\u00a0propose une large de gamme de plombs pour\u00a0diff\u00e9rents usages\u00a0et\u00a0calibres. Les munitions\u00a0sans plombs\u00a0Lethal\u00a0de chez\u00a0Gamo\u00a0sont propos\u00e9es ici en\u00a04.5mm, elles sont compos\u00e9es d&#039;une chemise en\u00a0alliage biod\u00e9gradable\u00a0et d&#039;une pointe bomb\u00e9e en\u00a0\u00e9tain. Leur\u00a0l\u00e9g\u00e8ret\u00e9\u00a0permet d&#039;avoir une\u00a0vitesse\u00a0et une\u00a0pr\u00e9cision 38% plus rapide\u00a0que des plombs classiques. Ils sont propos\u00e9s par bo\u00eete de\u00a0100 unit\u00e9s.    Marque\u00a0GAMO R\u00e9f\u00e9rence\u00a0AR20000112 EAN-13\u00a02000000186207\" \/>\n<meta property=\"og:url\" content=\"https:\/\/armureriebrute.fr\/en\/product\/plombs-lethal-master-4-5-mm-gamo\/\" \/>\n<meta property=\"og:site_name\" content=\"Armurerie Brute\" \/>\n<meta property=\"article:modified_time\" content=\"2026-04-23T12:07:50+00:00\" \/>\n<meta property=\"og:image\" content=\"http:\/\/armureriebrute.fr\/wp-content\/uploads\/2026\/04\/plombs-lethal-master-45-mm-gamo.png\" \/>\n\t<meta property=\"og:image:width\" content=\"455\" \/>\n\t<meta property=\"og:image:height\" content=\"455\" \/>\n\t<meta property=\"og:image:type\" content=\"image\/png\" \/>\n<meta name=\"twitter:card\" content=\"summary_large_image\" \/>\n<meta name=\"twitter:label1\" content=\"Estimated reading time\" \/>\n\t<meta name=\"twitter:data1\" content=\"1 minute\" \/>\n<script type=\"application\/ld+json\" class=\"yoast-schema-graph\">{\"@context\":\"https:\\\/\\\/schema.org\",\"@graph\":[{\"@type\":\"WebPage\",\"@id\":\"https:\\\/\\\/armureriebrute.fr\\\/product\\\/plombs-lethal-master-4-5-mm-gamo\\\/\",\"url\":\"https:\\\/\\\/armureriebrute.fr\\\/product\\\/plombs-lethal-master-4-5-mm-gamo\\\/\",\"name\":\"Plombs Lethal Master 4.5 mm Gamo - Armurerie Brute\",\"isPartOf\":{\"@id\":\"https:\\\/\\\/armureriebrute.fr\\\/#website\"},\"primaryImageOfPage\":{\"@id\":\"https:\\\/\\\/armureriebrute.fr\\\/product\\\/plombs-lethal-master-4-5-mm-gamo\\\/#primaryimage\"},\"image\":{\"@id\":\"https:\\\/\\\/armureriebrute.fr\\\/product\\\/plombs-lethal-master-4-5-mm-gamo\\\/#primaryimage\"},\"thumbnailUrl\":\"https:\\\/\\\/armureriebrute.fr\\\/wp-content\\\/uploads\\\/2026\\\/04\\\/plombs-lethal-master-45-mm-gamo.png\",\"datePublished\":\"2026-04-23T12:06:58+00:00\",\"dateModified\":\"2026-04-23T12:07:50+00:00\",\"breadcrumb\":{\"@id\":\"https:\\\/\\\/armureriebrute.fr\\\/product\\\/plombs-lethal-master-4-5-mm-gamo\\\/#breadcrumb\"},\"inLanguage\":\"en-GB\",\"potentialAction\":[{\"@type\":\"ReadAction\",\"target\":[\"https:\\\/\\\/armureriebrute.fr\\\/product\\\/plombs-lethal-master-4-5-mm-gamo\\\/\"]}]},{\"@type\":\"ImageObject\",\"inLanguage\":\"en-GB\",\"@id\":\"https:\\\/\\\/armureriebrute.fr\\\/product\\\/plombs-lethal-master-4-5-mm-gamo\\\/#primaryimage\",\"url\":\"https:\\\/\\\/armureriebrute.fr\\\/wp-content\\\/uploads\\\/2026\\\/04\\\/plombs-lethal-master-45-mm-gamo.png\",\"contentUrl\":\"https:\\\/\\\/armureriebrute.fr\\\/wp-content\\\/uploads\\\/2026\\\/04\\\/plombs-lethal-master-45-mm-gamo.png\",\"width\":455,\"height\":455},{\"@type\":\"BreadcrumbList\",\"@id\":\"https:\\\/\\\/armureriebrute.fr\\\/product\\\/plombs-lethal-master-4-5-mm-gamo\\\/#breadcrumb\",\"itemListElement\":[{\"@type\":\"ListItem\",\"position\":1,\"name\":\"Home\",\"item\":\"https:\\\/\\\/armureriebrute.fr\\\/\"},{\"@type\":\"ListItem\",\"position\":2,\"name\":\"Shop\",\"item\":\"https:\\\/\\\/armureriebrute.fr\\\/shop\\\/\"},{\"@type\":\"ListItem\",\"position\":3,\"name\":\"Plombs Lethal Master 4.5 mm Gamo\"}]},{\"@type\":\"WebSite\",\"@id\":\"https:\\\/\\\/armureriebrute.fr\\\/#website\",\"url\":\"https:\\\/\\\/armureriebrute.fr\\\/\",\"name\":\"Armurerie Brute\",\"description\":\"Armurerie Brute\",\"publisher\":{\"@id\":\"https:\\\/\\\/armureriebrute.fr\\\/#organization\"},\"potentialAction\":[{\"@type\":\"SearchAction\",\"target\":{\"@type\":\"EntryPoint\",\"urlTemplate\":\"https:\\\/\\\/armureriebrute.fr\\\/?s={search_term_string}\"},\"query-input\":{\"@type\":\"PropertyValueSpecification\",\"valueRequired\":true,\"valueName\":\"search_term_string\"}}],\"inLanguage\":\"en-GB\"},{\"@type\":\"Organization\",\"@id\":\"https:\\\/\\\/armureriebrute.fr\\\/#organization\",\"name\":\"Armurerie Brute\",\"url\":\"https:\\\/\\\/armureriebrute.fr\\\/\",\"logo\":{\"@type\":\"ImageObject\",\"inLanguage\":\"en-GB\",\"@id\":\"https:\\\/\\\/armureriebrute.fr\\\/#\\\/schema\\\/logo\\\/image\\\/\",\"url\":\"http:\\\/\\\/armureriebrute.fr\\\/wp-content\\\/uploads\\\/2026\\\/04\\\/image_6409bec1-1.png\",\"contentUrl\":\"http:\\\/\\\/armureriebrute.fr\\\/wp-content\\\/uploads\\\/2026\\\/04\\\/image_6409bec1-1.png\",\"width\":1408,\"height\":768,\"caption\":\"Armurerie Brute\"},\"image\":{\"@id\":\"https:\\\/\\\/armureriebrute.fr\\\/#\\\/schema\\\/logo\\\/image\\\/\"}}]}<\/script>\n<!-- \/ Yoast SEO plugin. -->","yoast_head_json":{"title":"Plombs Lethal Master 4.5 mm Gamo - Armurerie Brute","robots":{"index":"index","follow":"follow","max-snippet":"max-snippet:-1","max-image-preview":"max-image-preview:large","max-video-preview":"max-video-preview:-1"},"canonical":"https:\/\/armureriebrute.fr\/en\/product\/plombs-lethal-master-4-5-mm-gamo\/","og_locale":"en_GB","og_type":"article","og_title":"Plombs Lethal Master 4.5 mm Gamo - Armurerie Brute","og_description":"Gamo\u00a0propose une large de gamme de plombs pour\u00a0diff\u00e9rents usages\u00a0et\u00a0calibres. Les munitions\u00a0sans plombs\u00a0Lethal\u00a0de chez\u00a0Gamo\u00a0sont propos\u00e9es ici en\u00a04.5mm, elles sont compos\u00e9es d'une chemise en\u00a0alliage biod\u00e9gradable\u00a0et d'une pointe bomb\u00e9e en\u00a0\u00e9tain. Leur\u00a0l\u00e9g\u00e8ret\u00e9\u00a0permet d'avoir une\u00a0vitesse\u00a0et une\u00a0pr\u00e9cision 38% plus rapide\u00a0que des plombs classiques. Ils sont propos\u00e9s par bo\u00eete de\u00a0100 unit\u00e9s.    Marque\u00a0GAMO R\u00e9f\u00e9rence\u00a0AR20000112 EAN-13\u00a02000000186207","og_url":"https:\/\/armureriebrute.fr\/en\/product\/plombs-lethal-master-4-5-mm-gamo\/","og_site_name":"Armurerie Brute","article_modified_time":"2026-04-23T12:07:50+00:00","og_image":[{"width":455,"height":455,"url":"http:\/\/armureriebrute.fr\/wp-content\/uploads\/2026\/04\/plombs-lethal-master-45-mm-gamo.png","type":"image\/png"}],"twitter_card":"summary_large_image","twitter_misc":{"Estimated reading time":"1 minute"},"schema":{"@context":"https:\/\/schema.org","@graph":[{"@type":"WebPage","@id":"https:\/\/armureriebrute.fr\/product\/plombs-lethal-master-4-5-mm-gamo\/","url":"https:\/\/armureriebrute.fr\/product\/plombs-lethal-master-4-5-mm-gamo\/","name":"Plombs Lethal Master 4.5 mm Gamo - Armurerie Brute","isPartOf":{"@id":"https:\/\/armureriebrute.fr\/#website"},"primaryImageOfPage":{"@id":"https:\/\/armureriebrute.fr\/product\/plombs-lethal-master-4-5-mm-gamo\/#primaryimage"},"image":{"@id":"https:\/\/armureriebrute.fr\/product\/plombs-lethal-master-4-5-mm-gamo\/#primaryimage"},"thumbnailUrl":"https:\/\/armureriebrute.fr\/wp-content\/uploads\/2026\/04\/plombs-lethal-master-45-mm-gamo.png","datePublished":"2026-04-23T12:06:58+00:00","dateModified":"2026-04-23T12:07:50+00:00","breadcrumb":{"@id":"https:\/\/armureriebrute.fr\/product\/plombs-lethal-master-4-5-mm-gamo\/#breadcrumb"},"inLanguage":"en-GB","potentialAction":[{"@type":"ReadAction","target":["https:\/\/armureriebrute.fr\/product\/plombs-lethal-master-4-5-mm-gamo\/"]}]},{"@type":"ImageObject","inLanguage":"en-GB","@id":"https:\/\/armureriebrute.fr\/product\/plombs-lethal-master-4-5-mm-gamo\/#primaryimage","url":"https:\/\/armureriebrute.fr\/wp-content\/uploads\/2026\/04\/plombs-lethal-master-45-mm-gamo.png","contentUrl":"https:\/\/armureriebrute.fr\/wp-content\/uploads\/2026\/04\/plombs-lethal-master-45-mm-gamo.png","width":455,"height":455},{"@type":"BreadcrumbList","@id":"https:\/\/armureriebrute.fr\/product\/plombs-lethal-master-4-5-mm-gamo\/#breadcrumb","itemListElement":[{"@type":"ListItem","position":1,"name":"Home","item":"https:\/\/armureriebrute.fr\/"},{"@type":"ListItem","position":2,"name":"Shop","item":"https:\/\/armureriebrute.fr\/shop\/"},{"@type":"ListItem","position":3,"name":"Plombs Lethal Master 4.5 mm Gamo"}]},{"@type":"WebSite","@id":"https:\/\/armureriebrute.fr\/#website","url":"https:\/\/armureriebrute.fr\/","name":"Brute Armoury","description":"Brute Armoury","publisher":{"@id":"https:\/\/armureriebrute.fr\/#organization"},"potentialAction":[{"@type":"SearchAction","target":{"@type":"EntryPoint","urlTemplate":"https:\/\/armureriebrute.fr\/?s={search_term_string}"},"query-input":{"@type":"PropertyValueSpecification","valueRequired":true,"valueName":"search_term_string"}}],"inLanguage":"en-GB"},{"@type":"Organization","@id":"https:\/\/armureriebrute.fr\/#organization","name":"Brute Armoury","url":"https:\/\/armureriebrute.fr\/","logo":{"@type":"ImageObject","inLanguage":"en-GB","@id":"https:\/\/armureriebrute.fr\/#\/schema\/logo\/image\/","url":"http:\/\/armureriebrute.fr\/wp-content\/uploads\/2026\/04\/image_6409bec1-1.png","contentUrl":"http:\/\/armureriebrute.fr\/wp-content\/uploads\/2026\/04\/image_6409bec1-1.png","width":1408,"height":768,"caption":"Armurerie Brute"},"image":{"@id":"https:\/\/armureriebrute.fr\/#\/schema\/logo\/image\/"}}]}},"_links":{"self":[{"href":"https:\/\/armureriebrute.fr\/en\/wp-json\/wp\/v2\/product\/582","targetHints":{"allow":["GET"]}}],"collection":[{"href":"https:\/\/armureriebrute.fr\/en\/wp-json\/wp\/v2\/product"}],"about":[{"href":"https:\/\/armureriebrute.fr\/en\/wp-json\/wp\/v2\/types\/product"}],"replies":[{"embeddable":true,"href":"https:\/\/armureriebrute.fr\/en\/wp-json\/wp\/v2\/comments?post=582"}],"wp:featuredmedia":[{"embeddable":true,"href":"https:\/\/armureriebrute.fr\/en\/wp-json\/wp\/v2\/media\/583"}],"wp:attachment":[{"href":"https:\/\/armureriebrute.fr\/en\/wp-json\/wp\/v2\/media?parent=582"}],"wp:term":[{"taxonomy":"product_brand","embeddable":true,"href":"https:\/\/armureriebrute.fr\/en\/wp-json\/wp\/v2\/product_brand?post=582"},{"taxonomy":"product_cat","embeddable":true,"href":"https:\/\/armureriebrute.fr\/en\/wp-json\/wp\/v2\/product_cat?post=582"},{"taxonomy":"product_tag","embeddable":true,"href":"https:\/\/armureriebrute.fr\/en\/wp-json\/wp\/v2\/product_tag?post=582"}],"curies":[{"name":"wp","href":"https:\/\/api.w.org\/{rel}","templated":true}]}}