{"id":584,"date":"2026-04-23T12:08:18","date_gmt":"2026-04-23T12:08:18","guid":{"rendered":"https:\/\/armureriebrute.fr\/?post_type=product&#038;p=584"},"modified":"2026-04-23T12:09:14","modified_gmt":"2026-04-23T12:09:14","slug":"plombs-premier-tete-creuse-4-5mm-crosman","status":"publish","type":"product","link":"https:\/\/armureriebrute.fr\/en\/product\/plombs-premier-tete-creuse-4-5mm-crosman\/","title":{"rendered":"Plombs Premier t\u00eate creuse 4.5mm Crosman"},"content":{"rendered":"<div class=\"block md-bottom product-points-forts\">\n<div id=\"point_forts\" class=\"title-block\">Points forts<\/div>\n<div class=\"block-content box-bg\">\n<ul>\n<li>T\u00eate creuse<\/li>\n<li>Pr\u00e9cision<\/li>\n<\/ul>\n<\/div>\n<\/div>\n<div class=\"block md-bottom product-features-block \">\n<div id=\"caracteristiques\" class=\"title-block\">Fiche technique<\/div>\n<div class=\"block-content box-bg\">\n<div id=\"product-details\" class=\"product-details\" data-product=\"{&quot;id_shop_default&quot;:&quot;1&quot;,&quot;id_manufacturer&quot;:&quot;70&quot;,&quot;id_supplier&quot;:&quot;0&quot;,&quot;reference&quot;:&quot;AR20000160&quot;,&quot;is_virtual&quot;:&quot;0&quot;,&quot;delivery_in_stock&quot;:&quot;&quot;,&quot;delivery_out_stock&quot;:&quot;&quot;,&quot;id_category_default&quot;:&quot;32&quot;,&quot;on_sale&quot;:&quot;0&quot;,&quot;online_only&quot;:&quot;0&quot;,&quot;ecotax&quot;:0,&quot;minimal_quantity&quot;:&quot;1&quot;,&quot;low_stock_threshold&quot;:&quot;0&quot;,&quot;low_stock_alert&quot;:&quot;0&quot;,&quot;price&quot;:&quot;12,90\\u00a0\\u20ac&quot;,&quot;unity&quot;:&quot;&quot;,&quot;unit_price&quot;:&quot;&quot;,&quot;unit_price_ratio&quot;:0,&quot;additional_shipping_cost&quot;:&quot;0.000000&quot;,&quot;customizable&quot;:&quot;0&quot;,&quot;text_fields&quot;:&quot;0&quot;,&quot;uploadable_files&quot;:&quot;0&quot;,&quot;active&quot;:&quot;1&quot;,&quot;redirect_type&quot;:&quot;301-category&quot;,&quot;id_type_redirected&quot;:&quot;0&quot;,&quot;available_for_order&quot;:&quot;1&quot;,&quot;available_date&quot;:&quot;0001-01-01&quot;,&quot;show_condition&quot;:&quot;0&quot;,&quot;condition&quot;:&quot;new&quot;,&quot;show_price&quot;:&quot;1&quot;,&quot;indexed&quot;:&quot;1&quot;,&quot;visibility&quot;:&quot;both&quot;,&quot;cache_default_attribute&quot;:&quot;0&quot;,&quot;advanced_stock_management&quot;:&quot;0&quot;,&quot;date_add&quot;:&quot;2026-03-25 11:18:27&quot;,&quot;date_upd&quot;:&quot;2026-03-25 11:18:27&quot;,&quot;pack_stock_type&quot;:&quot;0&quot;,&quot;meta_description&quot;:&quot;Crosman vous propose, dans sa gamme de plombs Premier, les t\\u00eates creuses (Hollow point) en calibre 4.5mm pour un poids de 7.9gr (0.45g). Ils ont la particularit\\u00e9 de d\\u00e9livrer un maximum d\\u2019\\u00e9nergie \\u00e0 l'impact et de se d\\u00e9former plus facilement gr\\u00e2ce \\u00e0 leur t\\u00eate \\u00e0 la fois creuse et pointue. Chaque bo\\u00eete contient 500 plombs.&quot;,&quot;meta_keywords&quot;:&quot;&quot;,&quot;meta_title&quot;:&quot;Plombs Premier t\\u00eate creuse 4.5mm Crosman&quot;,&quot;link_rewrite&quot;:&quot;plombs-premier-tete-creuse-45mm-crosman&quot;,&quot;name&quot;:&quot;Plombs Premier t\\u00eate creuse 4.5mm Crosman&quot;,&quot;description&quot;:&quot;&quot;,&quot;description_short&quot;:&quot;&lt;p style=\\&quot;text-align: justify;\\&quot;&gt;&lt;strong&gt;Crosman&lt;\\\/strong&gt; vous propose, dans sa gamme de &lt;strong&gt;plombs Premier&lt;\\\/strong&gt;, les t\\u00eates &lt;strong&gt;creuses&lt;\\\/strong&gt; (Hollow point) en calibre &lt;strong&gt;4.5mm&lt;\\\/strong&gt; pour un poids de&lt;strong&gt; 7.9gr&lt;\\\/strong&gt; (&lt;strong&gt;0.45g&lt;\\\/strong&gt;). Ils ont la particularit\\u00e9 de d\\u00e9livrer un &lt;strong&gt;maximum d\\u2019\\u00e9nergie&lt;\\\/strong&gt; \\u00e0 l'impact et de se d\\u00e9former plus facilement gr\\u00e2ce \\u00e0 leur t\\u00eate\\u00a0&lt;strong&gt;creuse&lt;\\\/strong&gt;. Chaque bo\\u00eete contient &lt;strong&gt;500 plombs&lt;\\\/strong&gt;.&lt;\\\/p&gt;&quot;,&quot;available_now&quot;:&quot;&quot;,&quot;available_later&quot;:&quot;&quot;,&quot;id&quot;:15425,&quot;id_product&quot;:15425,&quot;out_of_stock&quot;:2,&quot;new&quot;:1,&quot;id_product_attribute&quot;:&quot;0&quot;,&quot;quantity_wanted&quot;:1,&quot;extraContent&quot;:[],&quot;allow_oosp&quot;:0,&quot;category&quot;:&quot;plombs&quot;,&quot;category_name&quot;:&quot;Plombs&quot;,&quot;link&quot;:&quot;https:\\\/\\\/tom-airgun.fr\\\/plombs-premier-tete-creuse-45mm-crosman-15425.html&quot;,&quot;manufacturer_name&quot;:&quot;CROSMAN&quot;,&quot;attribute_price&quot;:0,&quot;price_tax_exc&quot;:10.75,&quot;price_without_reduction&quot;:12.9,&quot;reduction&quot;:0,&quot;specific_prices&quot;:[],&quot;quantity&quot;:7,&quot;quantity_all_versions&quot;:7,&quot;id_image&quot;:&quot;fr-default&quot;,&quot;features&quot;:[{&quot;name&quot;:&quot;Mod\\u00e8le&quot;,&quot;value&quot;:&quot;Plombs Premier t\\u00eate creuse 4.5mm Crosman&quot;,&quot;id_feature&quot;:&quot;17&quot;,&quot;position&quot;:&quot;0&quot;,&quot;id_feature_value&quot;:&quot;137129&quot;},{&quot;name&quot;:&quot;Calibre&quot;,&quot;value&quot;:&quot;4.5 mm (.177)&quot;,&quot;id_feature&quot;:&quot;9&quot;,&quot;position&quot;:&quot;6&quot;,&quot;id_feature_value&quot;:&quot;19&quot;},{&quot;name&quot;:&quot;Poids (en grains)&quot;,&quot;value&quot;:&quot;7,9&quot;,&quot;id_feature&quot;:&quot;78&quot;,&quot;position&quot;:&quot;73&quot;,&quot;id_feature_value&quot;:&quot;501&quot;},{&quot;name&quot;:&quot;Nombre de plombs&quot;,&quot;value&quot;:&quot;500&quot;,&quot;id_feature&quot;:&quot;79&quot;,&quot;position&quot;:&quot;74&quot;,&quot;id_feature_value&quot;:&quot;516&quot;},{&quot;name&quot;:&quot;Garantie&quot;,&quot;value&quot;:&quot;12 mois&quot;,&quot;id_feature&quot;:&quot;47&quot;,&quot;position&quot;:&quot;121&quot;,&quot;id_feature_value&quot;:&quot;1661&quot;}],&quot;attachments&quot;:[],&quot;virtual&quot;:0,&quot;pack&quot;:0,&quot;packItems&quot;:[],&quot;nopackprice&quot;:0,&quot;customization_required&quot;:false,&quot;rate&quot;:20,&quot;tax_name&quot;:&quot;TVA FR 20%&quot;,&quot;ecotax_rate&quot;:0,&quot;customizations&quot;:{&quot;fields&quot;:[]},&quot;id_customization&quot;:0,&quot;is_customizable&quot;:false,&quot;show_quantities&quot;:false,&quot;quantity_label&quot;:&quot;Produits&quot;,&quot;quantity_discounts&quot;:[],&quot;customer_group_discount&quot;:0,&quot;images&quot;:[{&quot;cover&quot;:&quot;1&quot;,&quot;id_image&quot;:&quot;603&quot;,&quot;legend&quot;:&quot;Plombs Premier t\\u00eate creuse 4.5mm Crosman&quot;,&quot;position&quot;:&quot;1&quot;,&quot;bySize&quot;:{&quot;cart_default&quot;:{&quot;url&quot;:&quot;https:\\\/\\\/tom-airgun.fr\\\/603-cart_default\\\/plombs-premier-tete-creuse-45mm-crosman.jpg&quot;,&quot;width&quot;:90,&quot;height&quot;:90,&quot;sources&quot;:{&quot;jpg&quot;:&quot;https:\\\/\\\/tom-airgun.fr\\\/603-cart_default\\\/plombs-premier-tete-creuse-45mm-crosman.jpg&quot;}},&quot;small_default&quot;:{&quot;url&quot;:&quot;https:\\\/\\\/tom-airgun.fr\\\/603-small_default\\\/plombs-premier-tete-creuse-45mm-crosman.jpg&quot;,&quot;width&quot;:90,&quot;height&quot;:90,&quot;sources&quot;:{&quot;jpg&quot;:&quot;https:\\\/\\\/tom-airgun.fr\\\/603-small_default\\\/plombs-premier-tete-creuse-45mm-crosman.jpg&quot;}},&quot;home_default&quot;:{&quot;url&quot;:&quot;https:\\\/\\\/tom-airgun.fr\\\/603-home_default\\\/plombs-premier-tete-creuse-45mm-crosman.jpg&quot;,&quot;width&quot;:278,&quot;height&quot;:278,&quot;sources&quot;:{&quot;jpg&quot;:&quot;https:\\\/\\\/tom-airgun.fr\\\/603-home_default\\\/plombs-premier-tete-creuse-45mm-crosman.jpg&quot;}},&quot;medium_default&quot;:{&quot;url&quot;:&quot;https:\\\/\\\/tom-airgun.fr\\\/603-medium_default\\\/plombs-premier-tete-creuse-45mm-crosman.jpg&quot;,&quot;width&quot;:455,&quot;height&quot;:455,&quot;sources&quot;:{&quot;jpg&quot;:&quot;https:\\\/\\\/tom-airgun.fr\\\/603-medium_default\\\/plombs-premier-tete-creuse-45mm-crosman.jpg&quot;}},&quot;large_default&quot;:{&quot;url&quot;:&quot;https:\\\/\\\/tom-airgun.fr\\\/603-large_default\\\/plombs-premier-tete-creuse-45mm-crosman.jpg&quot;,&quot;width&quot;:800,&quot;height&quot;:800,&quot;sources&quot;:{&quot;jpg&quot;:&quot;https:\\\/\\\/tom-airgun.fr\\\/603-large_default\\\/plombs-premier-tete-creuse-45mm-crosman.jpg&quot;}}},&quot;small&quot;:{&quot;url&quot;:&quot;https:\\\/\\\/tom-airgun.fr\\\/603-cart_default\\\/plombs-premier-tete-creuse-45mm-crosman.jpg&quot;,&quot;width&quot;:90,&quot;height&quot;:90,&quot;sources&quot;:{&quot;jpg&quot;:&quot;https:\\\/\\\/tom-airgun.fr\\\/603-cart_default\\\/plombs-premier-tete-creuse-45mm-crosman.jpg&quot;}},&quot;medium&quot;:{&quot;url&quot;:&quot;https:\\\/\\\/tom-airgun.fr\\\/603-home_default\\\/plombs-premier-tete-creuse-45mm-crosman.jpg&quot;,&quot;width&quot;:278,&quot;height&quot;:278,&quot;sources&quot;:{&quot;jpg&quot;:&quot;https:\\\/\\\/tom-airgun.fr\\\/603-home_default\\\/plombs-premier-tete-creuse-45mm-crosman.jpg&quot;}},&quot;large&quot;:{&quot;url&quot;:&quot;https:\\\/\\\/tom-airgun.fr\\\/603-large_default\\\/plombs-premier-tete-creuse-45mm-crosman.jpg&quot;,&quot;width&quot;:800,&quot;height&quot;:800,&quot;sources&quot;:{&quot;jpg&quot;:&quot;https:\\\/\\\/tom-airgun.fr\\\/603-large_default\\\/plombs-premier-tete-creuse-45mm-crosman.jpg&quot;}},&quot;associatedVariants&quot;:[]}],&quot;cover&quot;:{&quot;cover&quot;:&quot;1&quot;,&quot;id_image&quot;:&quot;603&quot;,&quot;legend&quot;:&quot;Plombs Premier t\\u00eate creuse 4.5mm Crosman&quot;,&quot;position&quot;:&quot;1&quot;,&quot;bySize&quot;:{&quot;cart_default&quot;:{&quot;url&quot;:&quot;https:\\\/\\\/tom-airgun.fr\\\/603-cart_default\\\/plombs-premier-tete-creuse-45mm-crosman.jpg&quot;,&quot;width&quot;:90,&quot;height&quot;:90,&quot;sources&quot;:{&quot;jpg&quot;:&quot;https:\\\/\\\/tom-airgun.fr\\\/603-cart_default\\\/plombs-premier-tete-creuse-45mm-crosman.jpg&quot;}},&quot;small_default&quot;:{&quot;url&quot;:&quot;https:\\\/\\\/tom-airgun.fr\\\/603-small_default\\\/plombs-premier-tete-creuse-45mm-crosman.jpg&quot;,&quot;width&quot;:90,&quot;height&quot;:90,&quot;sources&quot;:{&quot;jpg&quot;:&quot;https:\\\/\\\/tom-airgun.fr\\\/603-small_default\\\/plombs-premier-tete-creuse-45mm-crosman.jpg&quot;}},&quot;home_default&quot;:{&quot;url&quot;:&quot;https:\\\/\\\/tom-airgun.fr\\\/603-home_default\\\/plombs-premier-tete-creuse-45mm-crosman.jpg&quot;,&quot;width&quot;:278,&quot;height&quot;:278,&quot;sources&quot;:{&quot;jpg&quot;:&quot;https:\\\/\\\/tom-airgun.fr\\\/603-home_default\\\/plombs-premier-tete-creuse-45mm-crosman.jpg&quot;}},&quot;medium_default&quot;:{&quot;url&quot;:&quot;https:\\\/\\\/tom-airgun.fr\\\/603-medium_default\\\/plombs-premier-tete-creuse-45mm-crosman.jpg&quot;,&quot;width&quot;:455,&quot;height&quot;:455,&quot;sources&quot;:{&quot;jpg&quot;:&quot;https:\\\/\\\/tom-airgun.fr\\\/603-medium_default\\\/plombs-premier-tete-creuse-45mm-crosman.jpg&quot;}},&quot;large_default&quot;:{&quot;url&quot;:&quot;https:\\\/\\\/tom-airgun.fr\\\/603-large_default\\\/plombs-premier-tete-creuse-45mm-crosman.jpg&quot;,&quot;width&quot;:800,&quot;height&quot;:800,&quot;sources&quot;:{&quot;jpg&quot;:&quot;https:\\\/\\\/tom-airgun.fr\\\/603-large_default\\\/plombs-premier-tete-creuse-45mm-crosman.jpg&quot;}}},&quot;small&quot;:{&quot;url&quot;:&quot;https:\\\/\\\/tom-airgun.fr\\\/603-cart_default\\\/plombs-premier-tete-creuse-45mm-crosman.jpg&quot;,&quot;width&quot;:90,&quot;height&quot;:90,&quot;sources&quot;:{&quot;jpg&quot;:&quot;https:\\\/\\\/tom-airgun.fr\\\/603-cart_default\\\/plombs-premier-tete-creuse-45mm-crosman.jpg&quot;}},&quot;medium&quot;:{&quot;url&quot;:&quot;https:\\\/\\\/tom-airgun.fr\\\/603-home_default\\\/plombs-premier-tete-creuse-45mm-crosman.jpg&quot;,&quot;width&quot;:278,&quot;height&quot;:278,&quot;sources&quot;:{&quot;jpg&quot;:&quot;https:\\\/\\\/tom-airgun.fr\\\/603-home_default\\\/plombs-premier-tete-creuse-45mm-crosman.jpg&quot;}},&quot;large&quot;:{&quot;url&quot;:&quot;https:\\\/\\\/tom-airgun.fr\\\/603-large_default\\\/plombs-premier-tete-creuse-45mm-crosman.jpg&quot;,&quot;width&quot;:800,&quot;height&quot;:800,&quot;sources&quot;:{&quot;jpg&quot;:&quot;https:\\\/\\\/tom-airgun.fr\\\/603-large_default\\\/plombs-premier-tete-creuse-45mm-crosman.jpg&quot;}},&quot;associatedVariants&quot;:[]},&quot;has_discount&quot;:false,&quot;discount_type&quot;:null,&quot;discount_percentage&quot;:null,&quot;discount_percentage_absolute&quot;:null,&quot;discount_amount&quot;:null,&quot;discount_amount_to_display&quot;:null,&quot;price_amount&quot;:12.9,&quot;unit_price_full&quot;:&quot;&quot;,&quot;show_availability&quot;:true,&quot;availability_message&quot;:&quot;En stock&quot;,&quot;availability_date&quot;:null,&quot;availability&quot;:&quot;available&quot;}\">\n<section class=\"product-features\">\n<dl class=\"data-sheet\">\n<dt class=\"name\">Mod\u00e8le<\/dt>\n<dd class=\"value\">Plombs Premier t\u00eate creuse 4.5mm Crosman<\/dd>\n<dt class=\"name\">Calibre<\/dt>\n<dd class=\"value\">4.5 mm (.177)<\/dd>\n<dt class=\"name\">Poids (en grains)<\/dt>\n<dd class=\"value\">7,9<\/dd>\n<dt class=\"name\">Nombre de plombs<\/dt>\n<dd class=\"value\">500<\/dd>\n<dt class=\"name\">Garantie<\/dt>\n<dd class=\"value\">12 mois<\/dd>\n<\/dl>\n<\/section>\n<\/div>\n<\/div>\n<\/div>\n<div class=\"block md-bottom product-content-block\">\n<div id=\"contenu_produit\" class=\"title-block\">Contenu du produit<\/div>\n<div class=\"block-content box-bg\">\n<p>500 x\u00a0Plombs Premier t\u00eate creuse 4.5mm Crosman<\/p>\n<\/div>\n<\/div>\n","protected":false},"excerpt":{"rendered":"<div id=\"product-description-short-15425\" class=\"product-description-short typo sm-bottom\">\n<p><strong>Crosman<\/strong>\u00a0vous propose, dans sa gamme de\u00a0<strong>plombs Premier<\/strong>, les t\u00eates\u00a0<strong>creuses<\/strong>\u00a0(Hollow point) en calibre\u00a0<strong>4.5mm<\/strong>\u00a0pour un poids de<strong>\u00a07.9gr<\/strong>\u00a0(<strong>0.45g<\/strong>). Ils ont la particularit\u00e9 de d\u00e9livrer un\u00a0<strong>maximum d\u2019\u00e9nergie<\/strong>\u00a0\u00e0 l&rsquo;impact et de se d\u00e9former plus facilement gr\u00e2ce \u00e0 leur t\u00eate\u00a0<strong>creuse<\/strong>. Chaque bo\u00eete contient\u00a0<strong>500 plombs<\/strong>.<\/p>\n<\/div>\n<div class=\"product-attributes mb-2 js-product-attributes-destination\">\n<div class=\"attribute-item product-manufacturer\"><label>Marque<\/label>\u00a0CROSMAN<\/div>\n<div class=\"attribute-item product-reference\"><label>R\u00e9f\u00e9rence<\/label>\u00a0AR20000160<\/div>\n<div class=\"attribute-item product-specific-references EAN-13\"><label>EAN-13<\/label>\u00a00028478125551<\/div>\n<\/div>","protected":false},"featured_media":585,"comment_status":"open","ping_status":"closed","template":"","meta":[],"product_brand":[],"product_cat":[71],"product_tag":[],"class_list":{"0":"post-584","1":"product","2":"type-product","3":"status-publish","4":"has-post-thumbnail","6":"product_cat-plombs","8":"first","9":"instock","10":"shipping-taxable","11":"purchasable","12":"product-type-simple"},"yoast_head":"<!-- This site is optimized with the Yoast SEO plugin v27.4 - https:\/\/yoast.com\/product\/yoast-seo-wordpress\/ -->\n<title>Plombs Premier t\u00eate creuse 4.5mm Crosman - Armurerie Brute<\/title>\n<meta name=\"robots\" content=\"index, follow, max-snippet:-1, max-image-preview:large, max-video-preview:-1\" \/>\n<link rel=\"canonical\" href=\"https:\/\/armureriebrute.fr\/en\/product\/plombs-premier-tete-creuse-4-5mm-crosman\/\" \/>\n<meta property=\"og:locale\" content=\"en_GB\" \/>\n<meta property=\"og:type\" content=\"article\" \/>\n<meta property=\"og:title\" content=\"Plombs Premier t\u00eate creuse 4.5mm Crosman - Armurerie Brute\" \/>\n<meta property=\"og:description\" content=\"Crosman\u00a0vous propose, dans sa gamme de\u00a0plombs Premier, les t\u00eates\u00a0creuses\u00a0(Hollow point) en calibre\u00a04.5mm\u00a0pour un poids de\u00a07.9gr\u00a0(0.45g). Ils ont la particularit\u00e9 de d\u00e9livrer un\u00a0maximum d\u2019\u00e9nergie\u00a0\u00e0 l&#039;impact et de se d\u00e9former plus facilement gr\u00e2ce \u00e0 leur t\u00eate\u00a0creuse. Chaque bo\u00eete contient\u00a0500 plombs.    Marque\u00a0CROSMAN R\u00e9f\u00e9rence\u00a0AR20000160 EAN-13\u00a00028478125551\" \/>\n<meta property=\"og:url\" content=\"https:\/\/armureriebrute.fr\/en\/product\/plombs-premier-tete-creuse-4-5mm-crosman\/\" \/>\n<meta property=\"og:site_name\" content=\"Armurerie Brute\" \/>\n<meta property=\"article:modified_time\" content=\"2026-04-23T12:09:14+00:00\" \/>\n<meta property=\"og:image\" content=\"http:\/\/armureriebrute.fr\/wp-content\/uploads\/2026\/04\/plombs-premier-tete-creuse-45mm-crosman.png\" \/>\n\t<meta property=\"og:image:width\" content=\"455\" \/>\n\t<meta property=\"og:image:height\" content=\"455\" \/>\n\t<meta property=\"og:image:type\" content=\"image\/png\" \/>\n<meta name=\"twitter:card\" content=\"summary_large_image\" \/>\n<meta name=\"twitter:label1\" content=\"Estimated reading time\" \/>\n\t<meta name=\"twitter:data1\" content=\"1 minute\" \/>\n<script type=\"application\/ld+json\" class=\"yoast-schema-graph\">{\"@context\":\"https:\\\/\\\/schema.org\",\"@graph\":[{\"@type\":\"WebPage\",\"@id\":\"https:\\\/\\\/armureriebrute.fr\\\/product\\\/plombs-premier-tete-creuse-4-5mm-crosman\\\/\",\"url\":\"https:\\\/\\\/armureriebrute.fr\\\/product\\\/plombs-premier-tete-creuse-4-5mm-crosman\\\/\",\"name\":\"Plombs Premier t\u00eate creuse 4.5mm Crosman - Armurerie Brute\",\"isPartOf\":{\"@id\":\"https:\\\/\\\/armureriebrute.fr\\\/#website\"},\"primaryImageOfPage\":{\"@id\":\"https:\\\/\\\/armureriebrute.fr\\\/product\\\/plombs-premier-tete-creuse-4-5mm-crosman\\\/#primaryimage\"},\"image\":{\"@id\":\"https:\\\/\\\/armureriebrute.fr\\\/product\\\/plombs-premier-tete-creuse-4-5mm-crosman\\\/#primaryimage\"},\"thumbnailUrl\":\"https:\\\/\\\/armureriebrute.fr\\\/wp-content\\\/uploads\\\/2026\\\/04\\\/plombs-premier-tete-creuse-45mm-crosman.png\",\"datePublished\":\"2026-04-23T12:08:18+00:00\",\"dateModified\":\"2026-04-23T12:09:14+00:00\",\"breadcrumb\":{\"@id\":\"https:\\\/\\\/armureriebrute.fr\\\/product\\\/plombs-premier-tete-creuse-4-5mm-crosman\\\/#breadcrumb\"},\"inLanguage\":\"en-GB\",\"potentialAction\":[{\"@type\":\"ReadAction\",\"target\":[\"https:\\\/\\\/armureriebrute.fr\\\/product\\\/plombs-premier-tete-creuse-4-5mm-crosman\\\/\"]}]},{\"@type\":\"ImageObject\",\"inLanguage\":\"en-GB\",\"@id\":\"https:\\\/\\\/armureriebrute.fr\\\/product\\\/plombs-premier-tete-creuse-4-5mm-crosman\\\/#primaryimage\",\"url\":\"https:\\\/\\\/armureriebrute.fr\\\/wp-content\\\/uploads\\\/2026\\\/04\\\/plombs-premier-tete-creuse-45mm-crosman.png\",\"contentUrl\":\"https:\\\/\\\/armureriebrute.fr\\\/wp-content\\\/uploads\\\/2026\\\/04\\\/plombs-premier-tete-creuse-45mm-crosman.png\",\"width\":455,\"height\":455},{\"@type\":\"BreadcrumbList\",\"@id\":\"https:\\\/\\\/armureriebrute.fr\\\/product\\\/plombs-premier-tete-creuse-4-5mm-crosman\\\/#breadcrumb\",\"itemListElement\":[{\"@type\":\"ListItem\",\"position\":1,\"name\":\"Home\",\"item\":\"https:\\\/\\\/armureriebrute.fr\\\/\"},{\"@type\":\"ListItem\",\"position\":2,\"name\":\"Shop\",\"item\":\"https:\\\/\\\/armureriebrute.fr\\\/shop\\\/\"},{\"@type\":\"ListItem\",\"position\":3,\"name\":\"Plombs Premier t\u00eate creuse 4.5mm Crosman\"}]},{\"@type\":\"WebSite\",\"@id\":\"https:\\\/\\\/armureriebrute.fr\\\/#website\",\"url\":\"https:\\\/\\\/armureriebrute.fr\\\/\",\"name\":\"Armurerie Brute\",\"description\":\"Armurerie Brute\",\"publisher\":{\"@id\":\"https:\\\/\\\/armureriebrute.fr\\\/#organization\"},\"potentialAction\":[{\"@type\":\"SearchAction\",\"target\":{\"@type\":\"EntryPoint\",\"urlTemplate\":\"https:\\\/\\\/armureriebrute.fr\\\/?s={search_term_string}\"},\"query-input\":{\"@type\":\"PropertyValueSpecification\",\"valueRequired\":true,\"valueName\":\"search_term_string\"}}],\"inLanguage\":\"en-GB\"},{\"@type\":\"Organization\",\"@id\":\"https:\\\/\\\/armureriebrute.fr\\\/#organization\",\"name\":\"Armurerie Brute\",\"url\":\"https:\\\/\\\/armureriebrute.fr\\\/\",\"logo\":{\"@type\":\"ImageObject\",\"inLanguage\":\"en-GB\",\"@id\":\"https:\\\/\\\/armureriebrute.fr\\\/#\\\/schema\\\/logo\\\/image\\\/\",\"url\":\"http:\\\/\\\/armureriebrute.fr\\\/wp-content\\\/uploads\\\/2026\\\/04\\\/image_6409bec1-1.png\",\"contentUrl\":\"http:\\\/\\\/armureriebrute.fr\\\/wp-content\\\/uploads\\\/2026\\\/04\\\/image_6409bec1-1.png\",\"width\":1408,\"height\":768,\"caption\":\"Armurerie Brute\"},\"image\":{\"@id\":\"https:\\\/\\\/armureriebrute.fr\\\/#\\\/schema\\\/logo\\\/image\\\/\"}}]}<\/script>\n<!-- \/ Yoast SEO plugin. -->","yoast_head_json":{"title":"Plombs Premier t\u00eate creuse 4.5mm Crosman - Armurerie Brute","robots":{"index":"index","follow":"follow","max-snippet":"max-snippet:-1","max-image-preview":"max-image-preview:large","max-video-preview":"max-video-preview:-1"},"canonical":"https:\/\/armureriebrute.fr\/en\/product\/plombs-premier-tete-creuse-4-5mm-crosman\/","og_locale":"en_GB","og_type":"article","og_title":"Plombs Premier t\u00eate creuse 4.5mm Crosman - Armurerie Brute","og_description":"Crosman\u00a0vous propose, dans sa gamme de\u00a0plombs Premier, les t\u00eates\u00a0creuses\u00a0(Hollow point) en calibre\u00a04.5mm\u00a0pour un poids de\u00a07.9gr\u00a0(0.45g). Ils ont la particularit\u00e9 de d\u00e9livrer un\u00a0maximum d\u2019\u00e9nergie\u00a0\u00e0 l'impact et de se d\u00e9former plus facilement gr\u00e2ce \u00e0 leur t\u00eate\u00a0creuse. Chaque bo\u00eete contient\u00a0500 plombs.    Marque\u00a0CROSMAN R\u00e9f\u00e9rence\u00a0AR20000160 EAN-13\u00a00028478125551","og_url":"https:\/\/armureriebrute.fr\/en\/product\/plombs-premier-tete-creuse-4-5mm-crosman\/","og_site_name":"Armurerie Brute","article_modified_time":"2026-04-23T12:09:14+00:00","og_image":[{"width":455,"height":455,"url":"http:\/\/armureriebrute.fr\/wp-content\/uploads\/2026\/04\/plombs-premier-tete-creuse-45mm-crosman.png","type":"image\/png"}],"twitter_card":"summary_large_image","twitter_misc":{"Estimated reading time":"1 minute"},"schema":{"@context":"https:\/\/schema.org","@graph":[{"@type":"WebPage","@id":"https:\/\/armureriebrute.fr\/product\/plombs-premier-tete-creuse-4-5mm-crosman\/","url":"https:\/\/armureriebrute.fr\/product\/plombs-premier-tete-creuse-4-5mm-crosman\/","name":"Plombs Premier t\u00eate creuse 4.5mm Crosman - Armurerie Brute","isPartOf":{"@id":"https:\/\/armureriebrute.fr\/#website"},"primaryImageOfPage":{"@id":"https:\/\/armureriebrute.fr\/product\/plombs-premier-tete-creuse-4-5mm-crosman\/#primaryimage"},"image":{"@id":"https:\/\/armureriebrute.fr\/product\/plombs-premier-tete-creuse-4-5mm-crosman\/#primaryimage"},"thumbnailUrl":"https:\/\/armureriebrute.fr\/wp-content\/uploads\/2026\/04\/plombs-premier-tete-creuse-45mm-crosman.png","datePublished":"2026-04-23T12:08:18+00:00","dateModified":"2026-04-23T12:09:14+00:00","breadcrumb":{"@id":"https:\/\/armureriebrute.fr\/product\/plombs-premier-tete-creuse-4-5mm-crosman\/#breadcrumb"},"inLanguage":"en-GB","potentialAction":[{"@type":"ReadAction","target":["https:\/\/armureriebrute.fr\/product\/plombs-premier-tete-creuse-4-5mm-crosman\/"]}]},{"@type":"ImageObject","inLanguage":"en-GB","@id":"https:\/\/armureriebrute.fr\/product\/plombs-premier-tete-creuse-4-5mm-crosman\/#primaryimage","url":"https:\/\/armureriebrute.fr\/wp-content\/uploads\/2026\/04\/plombs-premier-tete-creuse-45mm-crosman.png","contentUrl":"https:\/\/armureriebrute.fr\/wp-content\/uploads\/2026\/04\/plombs-premier-tete-creuse-45mm-crosman.png","width":455,"height":455},{"@type":"BreadcrumbList","@id":"https:\/\/armureriebrute.fr\/product\/plombs-premier-tete-creuse-4-5mm-crosman\/#breadcrumb","itemListElement":[{"@type":"ListItem","position":1,"name":"Home","item":"https:\/\/armureriebrute.fr\/"},{"@type":"ListItem","position":2,"name":"Shop","item":"https:\/\/armureriebrute.fr\/shop\/"},{"@type":"ListItem","position":3,"name":"Plombs Premier t\u00eate creuse 4.5mm Crosman"}]},{"@type":"WebSite","@id":"https:\/\/armureriebrute.fr\/#website","url":"https:\/\/armureriebrute.fr\/","name":"Brute Armoury","description":"Brute Armoury","publisher":{"@id":"https:\/\/armureriebrute.fr\/#organization"},"potentialAction":[{"@type":"SearchAction","target":{"@type":"EntryPoint","urlTemplate":"https:\/\/armureriebrute.fr\/?s={search_term_string}"},"query-input":{"@type":"PropertyValueSpecification","valueRequired":true,"valueName":"search_term_string"}}],"inLanguage":"en-GB"},{"@type":"Organization","@id":"https:\/\/armureriebrute.fr\/#organization","name":"Brute Armoury","url":"https:\/\/armureriebrute.fr\/","logo":{"@type":"ImageObject","inLanguage":"en-GB","@id":"https:\/\/armureriebrute.fr\/#\/schema\/logo\/image\/","url":"http:\/\/armureriebrute.fr\/wp-content\/uploads\/2026\/04\/image_6409bec1-1.png","contentUrl":"http:\/\/armureriebrute.fr\/wp-content\/uploads\/2026\/04\/image_6409bec1-1.png","width":1408,"height":768,"caption":"Armurerie Brute"},"image":{"@id":"https:\/\/armureriebrute.fr\/#\/schema\/logo\/image\/"}}]}},"_links":{"self":[{"href":"https:\/\/armureriebrute.fr\/en\/wp-json\/wp\/v2\/product\/584","targetHints":{"allow":["GET"]}}],"collection":[{"href":"https:\/\/armureriebrute.fr\/en\/wp-json\/wp\/v2\/product"}],"about":[{"href":"https:\/\/armureriebrute.fr\/en\/wp-json\/wp\/v2\/types\/product"}],"replies":[{"embeddable":true,"href":"https:\/\/armureriebrute.fr\/en\/wp-json\/wp\/v2\/comments?post=584"}],"wp:featuredmedia":[{"embeddable":true,"href":"https:\/\/armureriebrute.fr\/en\/wp-json\/wp\/v2\/media\/585"}],"wp:attachment":[{"href":"https:\/\/armureriebrute.fr\/en\/wp-json\/wp\/v2\/media?parent=584"}],"wp:term":[{"taxonomy":"product_brand","embeddable":true,"href":"https:\/\/armureriebrute.fr\/en\/wp-json\/wp\/v2\/product_brand?post=584"},{"taxonomy":"product_cat","embeddable":true,"href":"https:\/\/armureriebrute.fr\/en\/wp-json\/wp\/v2\/product_cat?post=584"},{"taxonomy":"product_tag","embeddable":true,"href":"https:\/\/armureriebrute.fr\/en\/wp-json\/wp\/v2\/product_tag?post=584"}],"curies":[{"name":"wp","href":"https:\/\/api.w.org\/{rel}","templated":true}]}}