{"id":591,"date":"2026-04-23T12:14:36","date_gmt":"2026-04-23T12:14:36","guid":{"rendered":"https:\/\/armureriebrute.fr\/?post_type=product&#038;p=591"},"modified":"2026-04-23T12:15:44","modified_gmt":"2026-04-23T12:15:44","slug":"plombs-baracuda-5-5-mm-hn","status":"publish","type":"product","link":"https:\/\/armureriebrute.fr\/en\/product\/plombs-baracuda-5-5-mm-hn\/","title":{"rendered":"Plombs Baracuda 5.5 mm H&#038;N"},"content":{"rendered":"<div class=\"block md-bottom product-points-forts\">\n<div id=\"point_forts\" class=\"title-block\">Points forts<\/div>\n<div class=\"block-content box-bg\">\n<ul>\n<li>Pr\u00e9cision<\/li>\n<li>Longue distance<\/li>\n<\/ul>\n<\/div>\n<\/div>\n<div class=\"block md-bottom product-features-block\">\n<div id=\"caracteristiques\" class=\"title-block\">Fiche technique<\/div>\n<div class=\"block-content box-bg\">\n<div id=\"product-details\" class=\"product-details\" data-product=\"{&quot;id_shop_default&quot;:&quot;1&quot;,&quot;id_manufacturer&quot;:&quot;134&quot;,&quot;id_supplier&quot;:&quot;0&quot;,&quot;reference&quot;:&quot;AR20000371&quot;,&quot;is_virtual&quot;:&quot;0&quot;,&quot;delivery_in_stock&quot;:&quot;&quot;,&quot;delivery_out_stock&quot;:&quot;&quot;,&quot;id_category_default&quot;:&quot;32&quot;,&quot;on_sale&quot;:&quot;0&quot;,&quot;online_only&quot;:&quot;0&quot;,&quot;ecotax&quot;:0,&quot;minimal_quantity&quot;:&quot;1&quot;,&quot;low_stock_threshold&quot;:&quot;0&quot;,&quot;low_stock_alert&quot;:&quot;0&quot;,&quot;price&quot;:&quot;7,90\\u00a0\\u20ac&quot;,&quot;unity&quot;:&quot;&quot;,&quot;unit_price&quot;:&quot;&quot;,&quot;unit_price_ratio&quot;:0,&quot;additional_shipping_cost&quot;:&quot;0.000000&quot;,&quot;customizable&quot;:&quot;0&quot;,&quot;text_fields&quot;:&quot;0&quot;,&quot;uploadable_files&quot;:&quot;0&quot;,&quot;active&quot;:&quot;1&quot;,&quot;redirect_type&quot;:&quot;301-category&quot;,&quot;id_type_redirected&quot;:&quot;0&quot;,&quot;available_for_order&quot;:&quot;1&quot;,&quot;available_date&quot;:&quot;0001-01-01&quot;,&quot;show_condition&quot;:&quot;0&quot;,&quot;condition&quot;:&quot;new&quot;,&quot;show_price&quot;:&quot;1&quot;,&quot;indexed&quot;:&quot;1&quot;,&quot;visibility&quot;:&quot;both&quot;,&quot;cache_default_attribute&quot;:&quot;0&quot;,&quot;advanced_stock_management&quot;:&quot;0&quot;,&quot;date_add&quot;:&quot;2024-12-07 06:31:57&quot;,&quot;date_upd&quot;:&quot;2025-07-03 11:37:14&quot;,&quot;pack_stock_type&quot;:&quot;0&quot;,&quot;meta_description&quot;:&quot;Les plombs Baracuda H&amp;N sont de tr\\u00e8s r\\u00e9put\\u00e9s pour la qualit\\u00e9 premium de fabrication, ce sont des plombs tr\\u00e8s pr\\u00e9cis qui vous donneront pleine satisfaction dans vos s\\u00e9ances de tir. Cette bo\\u00eete contient 200 plombs en calibre 5.5mm. Ce sont des plombs haut de gamme qui p\\u00e8sent 1.37g et sont dot\\u00e9s d'une pointe en d\\u00f4me pour une balistique tr\\u00e8s performante sur les longues distances !&quot;,&quot;meta_keywords&quot;:&quot;&quot;,&quot;meta_title&quot;:&quot;Plombs Baracuda 5.5 mm H&amp;N&quot;,&quot;link_rewrite&quot;:&quot;plombs-baracuda-55-mm-hn&quot;,&quot;name&quot;:&quot;Plombs Baracuda 5.5 mm H&amp;N&quot;,&quot;description&quot;:&quot;&quot;,&quot;description_short&quot;:&quot;&lt;p style=\\&quot;text-align: justify;\\&quot;&gt;Les plombs &lt;strong&gt;Baracuda H&amp;N&lt;\\\/strong&gt; sont de tr\\u00e8s r\\u00e9put\\u00e9s pour la &lt;strong&gt;qualit\\u00e9 premium&lt;\\\/strong&gt; de fabrication, ce sont des plombs&lt;strong&gt; tr\\u00e8s pr\\u00e9cis&lt;\\\/strong&gt; qui vous donneront pleine satisfaction dans vos s\\u00e9ances de tir. Cette bo\\u00eete contient&lt;strong&gt; 200 plombs&lt;\\\/strong&gt; en calibre &lt;strong&gt;5.5mm&lt;\\\/strong&gt;. Ce sont des plombs haut de gamme qui p\\u00e8sent &lt;strong&gt;1.37g&lt;\\\/strong&gt; et sont dot\\u00e9s d'une pointe en &lt;strong&gt;d\\u00f4me&lt;\\\/strong&gt; pour une balistique &lt;strong&gt;tr\\u00e8s performante&lt;\\\/strong&gt; sur les &lt;strong&gt;longues distances&lt;\\\/strong&gt; !&lt;\\\/p&gt;&quot;,&quot;available_now&quot;:&quot;&quot;,&quot;available_later&quot;:&quot;&quot;,&quot;id&quot;:16011,&quot;id_product&quot;:16011,&quot;out_of_stock&quot;:2,&quot;new&quot;:0,&quot;id_product_attribute&quot;:&quot;0&quot;,&quot;quantity_wanted&quot;:1,&quot;extraContent&quot;:[],&quot;allow_oosp&quot;:0,&quot;category&quot;:&quot;plombs&quot;,&quot;category_name&quot;:&quot;Plombs&quot;,&quot;link&quot;:&quot;https:\\\/\\\/tom-airgun.fr\\\/plombs-baracuda-55-mm-hn-16011.html&quot;,&quot;manufacturer_name&quot;:&quot;H&amp;N&quot;,&quot;attribute_price&quot;:0,&quot;price_tax_exc&quot;:6.58,&quot;price_without_reduction&quot;:7.896,&quot;reduction&quot;:0,&quot;specific_prices&quot;:false,&quot;quantity&quot;:50,&quot;quantity_all_versions&quot;:50,&quot;id_image&quot;:&quot;fr-default&quot;,&quot;features&quot;:[{&quot;name&quot;:&quot;Mod\\u00e8le&quot;,&quot;value&quot;:&quot;Plombs Baracuda 5.5 mm H&amp;N&quot;,&quot;id_feature&quot;:&quot;17&quot;,&quot;position&quot;:&quot;0&quot;,&quot;id_feature_value&quot;:&quot;177450&quot;},{&quot;name&quot;:&quot;Calibre&quot;,&quot;value&quot;:&quot;5.5 mm (.22)&quot;,&quot;id_feature&quot;:&quot;9&quot;,&quot;position&quot;:&quot;6&quot;,&quot;id_feature_value&quot;:&quot;412&quot;},{&quot;name&quot;:&quot;Poids (en grammes)&quot;,&quot;value&quot;:&quot;1.37&quot;,&quot;id_feature&quot;:&quot;8&quot;,&quot;position&quot;:&quot;14&quot;,&quot;id_feature_value&quot;:&quot;177449&quot;},{&quot;name&quot;:&quot;Type de plomb&quot;,&quot;value&quot;:&quot;T\\u00eate dom\\u00e9e &quot;,&quot;id_feature&quot;:&quot;19&quot;,&quot;position&quot;:&quot;60&quot;,&quot;id_feature_value&quot;:&quot;68742&quot;},{&quot;name&quot;:&quot;Poids (en grains)&quot;,&quot;value&quot;:&quot;21.14&quot;,&quot;id_feature&quot;:&quot;78&quot;,&quot;position&quot;:&quot;73&quot;,&quot;id_feature_value&quot;:&quot;177451&quot;},{&quot;name&quot;:&quot;Garantie&quot;,&quot;value&quot;:&quot;12 mois&quot;,&quot;id_feature&quot;:&quot;47&quot;,&quot;position&quot;:&quot;121&quot;,&quot;id_feature_value&quot;:&quot;1661&quot;}],&quot;attachments&quot;:[],&quot;virtual&quot;:0,&quot;pack&quot;:0,&quot;packItems&quot;:[],&quot;nopackprice&quot;:0,&quot;customization_required&quot;:false,&quot;rate&quot;:20,&quot;tax_name&quot;:&quot;TVA FR 20%&quot;,&quot;ecotax_rate&quot;:0,&quot;customizations&quot;:{&quot;fields&quot;:[]},&quot;id_customization&quot;:0,&quot;is_customizable&quot;:false,&quot;show_quantities&quot;:false,&quot;quantity_label&quot;:&quot;Produits&quot;,&quot;quantity_discounts&quot;:[],&quot;customer_group_discount&quot;:0,&quot;images&quot;:[{&quot;cover&quot;:&quot;1&quot;,&quot;id_image&quot;:&quot;1128&quot;,&quot;legend&quot;:&quot;Plombs Baracuda 5.5 mm H&amp;N&quot;,&quot;position&quot;:&quot;1&quot;,&quot;bySize&quot;:{&quot;cart_default&quot;:{&quot;url&quot;:&quot;https:\\\/\\\/tom-airgun.fr\\\/1128-cart_default\\\/plombs-baracuda-55-mm-hn.jpg&quot;,&quot;width&quot;:90,&quot;height&quot;:90,&quot;sources&quot;:{&quot;jpg&quot;:&quot;https:\\\/\\\/tom-airgun.fr\\\/1128-cart_default\\\/plombs-baracuda-55-mm-hn.jpg&quot;}},&quot;small_default&quot;:{&quot;url&quot;:&quot;https:\\\/\\\/tom-airgun.fr\\\/1128-small_default\\\/plombs-baracuda-55-mm-hn.jpg&quot;,&quot;width&quot;:90,&quot;height&quot;:90,&quot;sources&quot;:{&quot;jpg&quot;:&quot;https:\\\/\\\/tom-airgun.fr\\\/1128-small_default\\\/plombs-baracuda-55-mm-hn.jpg&quot;}},&quot;home_default&quot;:{&quot;url&quot;:&quot;https:\\\/\\\/tom-airgun.fr\\\/1128-home_default\\\/plombs-baracuda-55-mm-hn.jpg&quot;,&quot;width&quot;:278,&quot;height&quot;:278,&quot;sources&quot;:{&quot;jpg&quot;:&quot;https:\\\/\\\/tom-airgun.fr\\\/1128-home_default\\\/plombs-baracuda-55-mm-hn.jpg&quot;}},&quot;medium_default&quot;:{&quot;url&quot;:&quot;https:\\\/\\\/tom-airgun.fr\\\/1128-medium_default\\\/plombs-baracuda-55-mm-hn.jpg&quot;,&quot;width&quot;:455,&quot;height&quot;:455,&quot;sources&quot;:{&quot;jpg&quot;:&quot;https:\\\/\\\/tom-airgun.fr\\\/1128-medium_default\\\/plombs-baracuda-55-mm-hn.jpg&quot;}},&quot;large_default&quot;:{&quot;url&quot;:&quot;https:\\\/\\\/tom-airgun.fr\\\/1128-large_default\\\/plombs-baracuda-55-mm-hn.jpg&quot;,&quot;width&quot;:800,&quot;height&quot;:800,&quot;sources&quot;:{&quot;jpg&quot;:&quot;https:\\\/\\\/tom-airgun.fr\\\/1128-large_default\\\/plombs-baracuda-55-mm-hn.jpg&quot;}}},&quot;small&quot;:{&quot;url&quot;:&quot;https:\\\/\\\/tom-airgun.fr\\\/1128-cart_default\\\/plombs-baracuda-55-mm-hn.jpg&quot;,&quot;width&quot;:90,&quot;height&quot;:90,&quot;sources&quot;:{&quot;jpg&quot;:&quot;https:\\\/\\\/tom-airgun.fr\\\/1128-cart_default\\\/plombs-baracuda-55-mm-hn.jpg&quot;}},&quot;medium&quot;:{&quot;url&quot;:&quot;https:\\\/\\\/tom-airgun.fr\\\/1128-home_default\\\/plombs-baracuda-55-mm-hn.jpg&quot;,&quot;width&quot;:278,&quot;height&quot;:278,&quot;sources&quot;:{&quot;jpg&quot;:&quot;https:\\\/\\\/tom-airgun.fr\\\/1128-home_default\\\/plombs-baracuda-55-mm-hn.jpg&quot;}},&quot;large&quot;:{&quot;url&quot;:&quot;https:\\\/\\\/tom-airgun.fr\\\/1128-large_default\\\/plombs-baracuda-55-mm-hn.jpg&quot;,&quot;width&quot;:800,&quot;height&quot;:800,&quot;sources&quot;:{&quot;jpg&quot;:&quot;https:\\\/\\\/tom-airgun.fr\\\/1128-large_default\\\/plombs-baracuda-55-mm-hn.jpg&quot;}},&quot;associatedVariants&quot;:[]}],&quot;cover&quot;:{&quot;cover&quot;:&quot;1&quot;,&quot;id_image&quot;:&quot;1128&quot;,&quot;legend&quot;:&quot;Plombs Baracuda 5.5 mm H&amp;N&quot;,&quot;position&quot;:&quot;1&quot;,&quot;bySize&quot;:{&quot;cart_default&quot;:{&quot;url&quot;:&quot;https:\\\/\\\/tom-airgun.fr\\\/1128-cart_default\\\/plombs-baracuda-55-mm-hn.jpg&quot;,&quot;width&quot;:90,&quot;height&quot;:90,&quot;sources&quot;:{&quot;jpg&quot;:&quot;https:\\\/\\\/tom-airgun.fr\\\/1128-cart_default\\\/plombs-baracuda-55-mm-hn.jpg&quot;}},&quot;small_default&quot;:{&quot;url&quot;:&quot;https:\\\/\\\/tom-airgun.fr\\\/1128-small_default\\\/plombs-baracuda-55-mm-hn.jpg&quot;,&quot;width&quot;:90,&quot;height&quot;:90,&quot;sources&quot;:{&quot;jpg&quot;:&quot;https:\\\/\\\/tom-airgun.fr\\\/1128-small_default\\\/plombs-baracuda-55-mm-hn.jpg&quot;}},&quot;home_default&quot;:{&quot;url&quot;:&quot;https:\\\/\\\/tom-airgun.fr\\\/1128-home_default\\\/plombs-baracuda-55-mm-hn.jpg&quot;,&quot;width&quot;:278,&quot;height&quot;:278,&quot;sources&quot;:{&quot;jpg&quot;:&quot;https:\\\/\\\/tom-airgun.fr\\\/1128-home_default\\\/plombs-baracuda-55-mm-hn.jpg&quot;}},&quot;medium_default&quot;:{&quot;url&quot;:&quot;https:\\\/\\\/tom-airgun.fr\\\/1128-medium_default\\\/plombs-baracuda-55-mm-hn.jpg&quot;,&quot;width&quot;:455,&quot;height&quot;:455,&quot;sources&quot;:{&quot;jpg&quot;:&quot;https:\\\/\\\/tom-airgun.fr\\\/1128-medium_default\\\/plombs-baracuda-55-mm-hn.jpg&quot;}},&quot;large_default&quot;:{&quot;url&quot;:&quot;https:\\\/\\\/tom-airgun.fr\\\/1128-large_default\\\/plombs-baracuda-55-mm-hn.jpg&quot;,&quot;width&quot;:800,&quot;height&quot;:800,&quot;sources&quot;:{&quot;jpg&quot;:&quot;https:\\\/\\\/tom-airgun.fr\\\/1128-large_default\\\/plombs-baracuda-55-mm-hn.jpg&quot;}}},&quot;small&quot;:{&quot;url&quot;:&quot;https:\\\/\\\/tom-airgun.fr\\\/1128-cart_default\\\/plombs-baracuda-55-mm-hn.jpg&quot;,&quot;width&quot;:90,&quot;height&quot;:90,&quot;sources&quot;:{&quot;jpg&quot;:&quot;https:\\\/\\\/tom-airgun.fr\\\/1128-cart_default\\\/plombs-baracuda-55-mm-hn.jpg&quot;}},&quot;medium&quot;:{&quot;url&quot;:&quot;https:\\\/\\\/tom-airgun.fr\\\/1128-home_default\\\/plombs-baracuda-55-mm-hn.jpg&quot;,&quot;width&quot;:278,&quot;height&quot;:278,&quot;sources&quot;:{&quot;jpg&quot;:&quot;https:\\\/\\\/tom-airgun.fr\\\/1128-home_default\\\/plombs-baracuda-55-mm-hn.jpg&quot;}},&quot;large&quot;:{&quot;url&quot;:&quot;https:\\\/\\\/tom-airgun.fr\\\/1128-large_default\\\/plombs-baracuda-55-mm-hn.jpg&quot;,&quot;width&quot;:800,&quot;height&quot;:800,&quot;sources&quot;:{&quot;jpg&quot;:&quot;https:\\\/\\\/tom-airgun.fr\\\/1128-large_default\\\/plombs-baracuda-55-mm-hn.jpg&quot;}},&quot;associatedVariants&quot;:[]},&quot;has_discount&quot;:false,&quot;discount_type&quot;:null,&quot;discount_percentage&quot;:null,&quot;discount_percentage_absolute&quot;:null,&quot;discount_amount&quot;:null,&quot;discount_amount_to_display&quot;:null,&quot;price_amount&quot;:7.9,&quot;unit_price_full&quot;:&quot;&quot;,&quot;show_availability&quot;:true,&quot;availability_message&quot;:&quot;En stock&quot;,&quot;availability_date&quot;:null,&quot;availability&quot;:&quot;available&quot;}\">\n<section class=\"product-features\">\n<dl class=\"data-sheet\">\n<dt class=\"name\">Mod\u00e8le<\/dt>\n<dd class=\"value\">Plombs Baracuda 5.5 mm H&amp;N<\/dd>\n<dt class=\"name\">Calibre<\/dt>\n<dd class=\"value\">5.5 mm (.22)<\/dd>\n<dt class=\"name\">Poids (en grammes)<\/dt>\n<dd class=\"value\">1.37<\/dd>\n<dt class=\"name\">Type de plomb<\/dt>\n<dd class=\"value\">T\u00eate dom\u00e9e<\/dd>\n<dt class=\"name\">Poids (en grains)<\/dt>\n<dd class=\"value\">21.14<\/dd>\n<dt class=\"name\">Garantie<\/dt>\n<dd class=\"value\">12 mois<\/dd>\n<\/dl>\n<\/section>\n<\/div>\n<\/div>\n<\/div>\n<div class=\"block md-bottom product-content-block\">\n<div id=\"contenu_produit\" class=\"title-block\">Contenu du produit<\/div>\n<div class=\"block-content box-bg\">\n<p>200 x\u00a0Plombs Baracuda 5.5 mm H&amp;N<\/p>\n<\/div>\n<\/div>\n","protected":false},"excerpt":{"rendered":"<div id=\"product-description-short-16011\" class=\"product-description-short sm-bottom typo\">\n<p>Les plombs\u00a0<strong>Baracuda H&amp;N<\/strong>\u00a0sont de tr\u00e8s r\u00e9put\u00e9s pour la\u00a0<strong>qualit\u00e9 premium<\/strong>\u00a0de fabrication, ce sont des plombs<strong>\u00a0tr\u00e8s pr\u00e9cis<\/strong>\u00a0qui vous donneront pleine satisfaction dans vos s\u00e9ances de tir. Cette bo\u00eete contient<strong>\u00a0200 plombs<\/strong>\u00a0en calibre\u00a0<strong>5.5mm<\/strong>. Ce sont des plombs haut de gamme qui p\u00e8sent\u00a0<strong>1.37g<\/strong>\u00a0et sont dot\u00e9s d&rsquo;une pointe en\u00a0<strong>d\u00f4me<\/strong>\u00a0pour une balistique\u00a0<strong>tr\u00e8s performante<\/strong>\u00a0sur les\u00a0<strong>longues distances<\/strong>\u00a0!<\/p>\n<\/div>\n<div class=\"js-product-attributes-destination mb-2 product-attributes\">\n<div class=\"attribute-item product-manufacturer\"><label>Marque<\/label>\u00a0H&amp;N<\/div>\n<div class=\"attribute-item product-reference\"><label>R\u00e9f\u00e9rence<\/label>\u00a0AR20000371<\/div>\n<div class=\"EAN-13 attribute-item product-specific-references\"><label>EAN-13<\/label>\u00a04047058001951<\/div>\n<\/div>","protected":false},"featured_media":592,"comment_status":"open","ping_status":"closed","template":"","meta":[],"product_brand":[],"product_cat":[71],"product_tag":[],"class_list":{"0":"post-591","1":"product","2":"type-product","3":"status-publish","4":"has-post-thumbnail","6":"product_cat-plombs","8":"first","9":"instock","10":"shipping-taxable","11":"purchasable","12":"product-type-simple"},"yoast_head":"<!-- This site is optimized with the Yoast SEO plugin v27.4 - https:\/\/yoast.com\/product\/yoast-seo-wordpress\/ -->\n<title>Plombs Baracuda 5.5 mm H&amp;N - Armurerie Brute<\/title>\n<meta name=\"robots\" content=\"index, follow, max-snippet:-1, max-image-preview:large, max-video-preview:-1\" \/>\n<link rel=\"canonical\" href=\"https:\/\/armureriebrute.fr\/en\/product\/plombs-baracuda-5-5-mm-hn\/\" \/>\n<meta property=\"og:locale\" content=\"en_GB\" \/>\n<meta property=\"og:type\" content=\"article\" \/>\n<meta property=\"og:title\" content=\"Plombs Baracuda 5.5 mm H&amp;N - Armurerie Brute\" \/>\n<meta property=\"og:description\" content=\"Les plombs\u00a0Baracuda H&amp;N\u00a0sont de tr\u00e8s r\u00e9put\u00e9s pour la\u00a0qualit\u00e9 premium\u00a0de fabrication, ce sont des plombs\u00a0tr\u00e8s pr\u00e9cis\u00a0qui vous donneront pleine satisfaction dans vos s\u00e9ances de tir. Cette bo\u00eete contient\u00a0200 plombs\u00a0en calibre\u00a05.5mm. Ce sont des plombs haut de gamme qui p\u00e8sent\u00a01.37g\u00a0et sont dot\u00e9s d&#039;une pointe en\u00a0d\u00f4me\u00a0pour une balistique\u00a0tr\u00e8s performante\u00a0sur les\u00a0longues distances\u00a0!    Marque\u00a0H&amp;N R\u00e9f\u00e9rence\u00a0AR20000371 EAN-13\u00a04047058001951\" \/>\n<meta property=\"og:url\" content=\"https:\/\/armureriebrute.fr\/en\/product\/plombs-baracuda-5-5-mm-hn\/\" \/>\n<meta property=\"og:site_name\" content=\"Armurerie Brute\" \/>\n<meta property=\"article:modified_time\" content=\"2026-04-23T12:15:44+00:00\" \/>\n<meta property=\"og:image\" content=\"http:\/\/armureriebrute.fr\/wp-content\/uploads\/2026\/04\/plombs-baracuda-55-mm-hn.jpg\" \/>\n\t<meta property=\"og:image:width\" content=\"455\" \/>\n\t<meta property=\"og:image:height\" content=\"455\" \/>\n\t<meta property=\"og:image:type\" content=\"image\/jpeg\" \/>\n<meta name=\"twitter:card\" content=\"summary_large_image\" \/>\n<meta name=\"twitter:label1\" content=\"Estimated reading time\" \/>\n\t<meta name=\"twitter:data1\" content=\"1 minute\" \/>\n<script type=\"application\/ld+json\" class=\"yoast-schema-graph\">{\"@context\":\"https:\\\/\\\/schema.org\",\"@graph\":[{\"@type\":\"WebPage\",\"@id\":\"https:\\\/\\\/armureriebrute.fr\\\/product\\\/plombs-baracuda-5-5-mm-hn\\\/\",\"url\":\"https:\\\/\\\/armureriebrute.fr\\\/product\\\/plombs-baracuda-5-5-mm-hn\\\/\",\"name\":\"Plombs Baracuda 5.5 mm H&N - Armurerie Brute\",\"isPartOf\":{\"@id\":\"https:\\\/\\\/armureriebrute.fr\\\/#website\"},\"primaryImageOfPage\":{\"@id\":\"https:\\\/\\\/armureriebrute.fr\\\/product\\\/plombs-baracuda-5-5-mm-hn\\\/#primaryimage\"},\"image\":{\"@id\":\"https:\\\/\\\/armureriebrute.fr\\\/product\\\/plombs-baracuda-5-5-mm-hn\\\/#primaryimage\"},\"thumbnailUrl\":\"https:\\\/\\\/armureriebrute.fr\\\/wp-content\\\/uploads\\\/2026\\\/04\\\/plombs-baracuda-55-mm-hn.jpg\",\"datePublished\":\"2026-04-23T12:14:36+00:00\",\"dateModified\":\"2026-04-23T12:15:44+00:00\",\"breadcrumb\":{\"@id\":\"https:\\\/\\\/armureriebrute.fr\\\/product\\\/plombs-baracuda-5-5-mm-hn\\\/#breadcrumb\"},\"inLanguage\":\"en-GB\",\"potentialAction\":[{\"@type\":\"ReadAction\",\"target\":[\"https:\\\/\\\/armureriebrute.fr\\\/product\\\/plombs-baracuda-5-5-mm-hn\\\/\"]}]},{\"@type\":\"ImageObject\",\"inLanguage\":\"en-GB\",\"@id\":\"https:\\\/\\\/armureriebrute.fr\\\/product\\\/plombs-baracuda-5-5-mm-hn\\\/#primaryimage\",\"url\":\"https:\\\/\\\/armureriebrute.fr\\\/wp-content\\\/uploads\\\/2026\\\/04\\\/plombs-baracuda-55-mm-hn.jpg\",\"contentUrl\":\"https:\\\/\\\/armureriebrute.fr\\\/wp-content\\\/uploads\\\/2026\\\/04\\\/plombs-baracuda-55-mm-hn.jpg\",\"width\":455,\"height\":455},{\"@type\":\"BreadcrumbList\",\"@id\":\"https:\\\/\\\/armureriebrute.fr\\\/product\\\/plombs-baracuda-5-5-mm-hn\\\/#breadcrumb\",\"itemListElement\":[{\"@type\":\"ListItem\",\"position\":1,\"name\":\"Home\",\"item\":\"https:\\\/\\\/armureriebrute.fr\\\/\"},{\"@type\":\"ListItem\",\"position\":2,\"name\":\"Shop\",\"item\":\"https:\\\/\\\/armureriebrute.fr\\\/shop\\\/\"},{\"@type\":\"ListItem\",\"position\":3,\"name\":\"Plombs Baracuda 5.5 mm H&#038;N\"}]},{\"@type\":\"WebSite\",\"@id\":\"https:\\\/\\\/armureriebrute.fr\\\/#website\",\"url\":\"https:\\\/\\\/armureriebrute.fr\\\/\",\"name\":\"Armurerie Brute\",\"description\":\"Armurerie Brute\",\"publisher\":{\"@id\":\"https:\\\/\\\/armureriebrute.fr\\\/#organization\"},\"potentialAction\":[{\"@type\":\"SearchAction\",\"target\":{\"@type\":\"EntryPoint\",\"urlTemplate\":\"https:\\\/\\\/armureriebrute.fr\\\/?s={search_term_string}\"},\"query-input\":{\"@type\":\"PropertyValueSpecification\",\"valueRequired\":true,\"valueName\":\"search_term_string\"}}],\"inLanguage\":\"en-GB\"},{\"@type\":\"Organization\",\"@id\":\"https:\\\/\\\/armureriebrute.fr\\\/#organization\",\"name\":\"Armurerie Brute\",\"url\":\"https:\\\/\\\/armureriebrute.fr\\\/\",\"logo\":{\"@type\":\"ImageObject\",\"inLanguage\":\"en-GB\",\"@id\":\"https:\\\/\\\/armureriebrute.fr\\\/#\\\/schema\\\/logo\\\/image\\\/\",\"url\":\"http:\\\/\\\/armureriebrute.fr\\\/wp-content\\\/uploads\\\/2026\\\/04\\\/image_6409bec1-1.png\",\"contentUrl\":\"http:\\\/\\\/armureriebrute.fr\\\/wp-content\\\/uploads\\\/2026\\\/04\\\/image_6409bec1-1.png\",\"width\":1408,\"height\":768,\"caption\":\"Armurerie Brute\"},\"image\":{\"@id\":\"https:\\\/\\\/armureriebrute.fr\\\/#\\\/schema\\\/logo\\\/image\\\/\"}}]}<\/script>\n<!-- \/ Yoast SEO plugin. -->","yoast_head_json":{"title":"Plombs Baracuda 5.5 mm H&N - Armurerie Brute","robots":{"index":"index","follow":"follow","max-snippet":"max-snippet:-1","max-image-preview":"max-image-preview:large","max-video-preview":"max-video-preview:-1"},"canonical":"https:\/\/armureriebrute.fr\/en\/product\/plombs-baracuda-5-5-mm-hn\/","og_locale":"en_GB","og_type":"article","og_title":"Plombs Baracuda 5.5 mm H&N - Armurerie Brute","og_description":"Les plombs\u00a0Baracuda H&amp;N\u00a0sont de tr\u00e8s r\u00e9put\u00e9s pour la\u00a0qualit\u00e9 premium\u00a0de fabrication, ce sont des plombs\u00a0tr\u00e8s pr\u00e9cis\u00a0qui vous donneront pleine satisfaction dans vos s\u00e9ances de tir. Cette bo\u00eete contient\u00a0200 plombs\u00a0en calibre\u00a05.5mm. Ce sont des plombs haut de gamme qui p\u00e8sent\u00a01.37g\u00a0et sont dot\u00e9s d'une pointe en\u00a0d\u00f4me\u00a0pour une balistique\u00a0tr\u00e8s performante\u00a0sur les\u00a0longues distances\u00a0!    Marque\u00a0H&amp;N R\u00e9f\u00e9rence\u00a0AR20000371 EAN-13\u00a04047058001951","og_url":"https:\/\/armureriebrute.fr\/en\/product\/plombs-baracuda-5-5-mm-hn\/","og_site_name":"Armurerie Brute","article_modified_time":"2026-04-23T12:15:44+00:00","og_image":[{"width":455,"height":455,"url":"http:\/\/armureriebrute.fr\/wp-content\/uploads\/2026\/04\/plombs-baracuda-55-mm-hn.jpg","type":"image\/jpeg"}],"twitter_card":"summary_large_image","twitter_misc":{"Estimated reading time":"1 minute"},"schema":{"@context":"https:\/\/schema.org","@graph":[{"@type":"WebPage","@id":"https:\/\/armureriebrute.fr\/product\/plombs-baracuda-5-5-mm-hn\/","url":"https:\/\/armureriebrute.fr\/product\/plombs-baracuda-5-5-mm-hn\/","name":"Plombs Baracuda 5.5 mm H&N - Armurerie Brute","isPartOf":{"@id":"https:\/\/armureriebrute.fr\/#website"},"primaryImageOfPage":{"@id":"https:\/\/armureriebrute.fr\/product\/plombs-baracuda-5-5-mm-hn\/#primaryimage"},"image":{"@id":"https:\/\/armureriebrute.fr\/product\/plombs-baracuda-5-5-mm-hn\/#primaryimage"},"thumbnailUrl":"https:\/\/armureriebrute.fr\/wp-content\/uploads\/2026\/04\/plombs-baracuda-55-mm-hn.jpg","datePublished":"2026-04-23T12:14:36+00:00","dateModified":"2026-04-23T12:15:44+00:00","breadcrumb":{"@id":"https:\/\/armureriebrute.fr\/product\/plombs-baracuda-5-5-mm-hn\/#breadcrumb"},"inLanguage":"en-GB","potentialAction":[{"@type":"ReadAction","target":["https:\/\/armureriebrute.fr\/product\/plombs-baracuda-5-5-mm-hn\/"]}]},{"@type":"ImageObject","inLanguage":"en-GB","@id":"https:\/\/armureriebrute.fr\/product\/plombs-baracuda-5-5-mm-hn\/#primaryimage","url":"https:\/\/armureriebrute.fr\/wp-content\/uploads\/2026\/04\/plombs-baracuda-55-mm-hn.jpg","contentUrl":"https:\/\/armureriebrute.fr\/wp-content\/uploads\/2026\/04\/plombs-baracuda-55-mm-hn.jpg","width":455,"height":455},{"@type":"BreadcrumbList","@id":"https:\/\/armureriebrute.fr\/product\/plombs-baracuda-5-5-mm-hn\/#breadcrumb","itemListElement":[{"@type":"ListItem","position":1,"name":"Home","item":"https:\/\/armureriebrute.fr\/"},{"@type":"ListItem","position":2,"name":"Shop","item":"https:\/\/armureriebrute.fr\/shop\/"},{"@type":"ListItem","position":3,"name":"Plombs Baracuda 5.5 mm H&#038;N"}]},{"@type":"WebSite","@id":"https:\/\/armureriebrute.fr\/#website","url":"https:\/\/armureriebrute.fr\/","name":"Brute Armoury","description":"Brute Armoury","publisher":{"@id":"https:\/\/armureriebrute.fr\/#organization"},"potentialAction":[{"@type":"SearchAction","target":{"@type":"EntryPoint","urlTemplate":"https:\/\/armureriebrute.fr\/?s={search_term_string}"},"query-input":{"@type":"PropertyValueSpecification","valueRequired":true,"valueName":"search_term_string"}}],"inLanguage":"en-GB"},{"@type":"Organization","@id":"https:\/\/armureriebrute.fr\/#organization","name":"Brute Armoury","url":"https:\/\/armureriebrute.fr\/","logo":{"@type":"ImageObject","inLanguage":"en-GB","@id":"https:\/\/armureriebrute.fr\/#\/schema\/logo\/image\/","url":"http:\/\/armureriebrute.fr\/wp-content\/uploads\/2026\/04\/image_6409bec1-1.png","contentUrl":"http:\/\/armureriebrute.fr\/wp-content\/uploads\/2026\/04\/image_6409bec1-1.png","width":1408,"height":768,"caption":"Armurerie Brute"},"image":{"@id":"https:\/\/armureriebrute.fr\/#\/schema\/logo\/image\/"}}]}},"_links":{"self":[{"href":"https:\/\/armureriebrute.fr\/en\/wp-json\/wp\/v2\/product\/591","targetHints":{"allow":["GET"]}}],"collection":[{"href":"https:\/\/armureriebrute.fr\/en\/wp-json\/wp\/v2\/product"}],"about":[{"href":"https:\/\/armureriebrute.fr\/en\/wp-json\/wp\/v2\/types\/product"}],"replies":[{"embeddable":true,"href":"https:\/\/armureriebrute.fr\/en\/wp-json\/wp\/v2\/comments?post=591"}],"wp:featuredmedia":[{"embeddable":true,"href":"https:\/\/armureriebrute.fr\/en\/wp-json\/wp\/v2\/media\/592"}],"wp:attachment":[{"href":"https:\/\/armureriebrute.fr\/en\/wp-json\/wp\/v2\/media?parent=591"}],"wp:term":[{"taxonomy":"product_brand","embeddable":true,"href":"https:\/\/armureriebrute.fr\/en\/wp-json\/wp\/v2\/product_brand?post=591"},{"taxonomy":"product_cat","embeddable":true,"href":"https:\/\/armureriebrute.fr\/en\/wp-json\/wp\/v2\/product_cat?post=591"},{"taxonomy":"product_tag","embeddable":true,"href":"https:\/\/armureriebrute.fr\/en\/wp-json\/wp\/v2\/product_tag?post=591"}],"curies":[{"name":"wp","href":"https:\/\/api.w.org\/{rel}","templated":true}]}}