{"id":603,"date":"2026-04-23T12:47:41","date_gmt":"2026-04-23T12:47:41","guid":{"rendered":"https:\/\/armureriebrute.fr\/?post_type=product&#038;p=603"},"modified":"2026-04-23T12:47:41","modified_gmt":"2026-04-23T12:47:41","slug":"jsb-ko-slugs-cal-4-5-mm-par-400","status":"publish","type":"product","link":"https:\/\/armureriebrute.fr\/en\/product\/jsb-ko-slugs-cal-4-5-mm-par-400\/","title":{"rendered":"JSB KO SLUGS cal 4.5 mm par 400"},"content":{"rendered":"<div class=\"block md-bottom product-points-forts\">\n<div id=\"point_forts\" class=\"title-block\">Points forts<\/div>\n<div class=\"block-content box-bg\">\n<ul>\n<li>Adapt\u00e9 au tir longue distance<\/li>\n<li>Puissance accrue \u00e0 l&rsquo;impact<\/li>\n<li>Bonne qualit\u00e9 de fabrication<\/li>\n<\/ul>\n<\/div>\n<\/div>\n<div class=\"block md-bottom product-features-block\">\n<div id=\"caracteristiques\" class=\"title-block\">Fiche technique<\/div>\n<div class=\"block-content box-bg\">\n<div id=\"product-details\" class=\"product-details\" data-product=\"{&quot;id_shop_default&quot;:&quot;1&quot;,&quot;id_manufacturer&quot;:&quot;183&quot;,&quot;id_supplier&quot;:&quot;0&quot;,&quot;reference&quot;:&quot;546126-400&quot;,&quot;is_virtual&quot;:&quot;0&quot;,&quot;delivery_in_stock&quot;:&quot;&quot;,&quot;delivery_out_stock&quot;:&quot;&quot;,&quot;id_category_default&quot;:&quot;35&quot;,&quot;on_sale&quot;:&quot;0&quot;,&quot;online_only&quot;:&quot;0&quot;,&quot;ecotax&quot;:0,&quot;minimal_quantity&quot;:&quot;1&quot;,&quot;low_stock_threshold&quot;:&quot;0&quot;,&quot;low_stock_alert&quot;:&quot;0&quot;,&quot;price&quot;:&quot;19,90\\u00a0\\u20ac&quot;,&quot;unity&quot;:&quot;&quot;,&quot;unit_price&quot;:&quot;&quot;,&quot;unit_price_ratio&quot;:0,&quot;additional_shipping_cost&quot;:&quot;0.000000&quot;,&quot;customizable&quot;:&quot;0&quot;,&quot;text_fields&quot;:&quot;0&quot;,&quot;uploadable_files&quot;:&quot;0&quot;,&quot;active&quot;:&quot;1&quot;,&quot;redirect_type&quot;:&quot;301-category&quot;,&quot;id_type_redirected&quot;:&quot;0&quot;,&quot;available_for_order&quot;:&quot;1&quot;,&quot;available_date&quot;:&quot;0000-00-00&quot;,&quot;show_condition&quot;:&quot;0&quot;,&quot;condition&quot;:&quot;new&quot;,&quot;show_price&quot;:&quot;1&quot;,&quot;indexed&quot;:&quot;1&quot;,&quot;visibility&quot;:&quot;both&quot;,&quot;cache_default_attribute&quot;:&quot;0&quot;,&quot;advanced_stock_management&quot;:&quot;0&quot;,&quot;date_add&quot;:&quot;2023-06-21 06:02:02&quot;,&quot;date_upd&quot;:&quot;2025-07-01 15:22:36&quot;,&quot;pack_stock_type&quot;:&quot;0&quot;,&quot;meta_description&quot;:&quot;&quot;,&quot;meta_keywords&quot;:&quot;&quot;,&quot;meta_title&quot;:&quot;&quot;,&quot;link_rewrite&quot;:&quot;jsb-ko-slugs-cal-45-mm-par-500&quot;,&quot;name&quot;:&quot;JSB KO SLUGS cal 4.5 mm par 400&quot;,&quot;description&quot;:&quot;&quot;,&quot;description_short&quot;:&quot;&lt;p style=\\&quot;text-align: justify;\\&quot;&gt;JSB vous propose ces superbes &lt;strong&gt;slugs&lt;\\\/strong&gt; \\u00e0 t\\u00eate creuse pour effectuer du tir de pr\\u00e9cision \\u00e0 &lt;strong&gt;longue distance&lt;\\\/strong&gt;. Au del\\u00e0 de 50 m\\u00e8tres, vous obtiendrez de meilleurs r\\u00e9sultats qu\\u2019avec des plombs diabolos. Vous pourrez tirer plus loin tout en \\u00e9tant group\\u00e9 et plus pr\\u00e9cis. Gr\\u00e2ce \\u00e0 une &lt;strong&gt;pointe creuse&lt;\\\/strong&gt; ces slugs vous offrent une tr\\u00e8s bonne &lt;strong&gt;expansion \\u00e0 l\\u2019impact&lt;\\\/strong&gt;. Ces JSB knock Out slugs ont un poids de &lt;strong&gt;0.870 grammes&lt;\\\/strong&gt; soit &lt;strong&gt;13.43 grains&lt;\\\/strong&gt;, disponibles en 4.52 mm (Cal.177).&lt;\\\/p&gt;&quot;,&quot;available_now&quot;:&quot;&quot;,&quot;available_later&quot;:&quot;&quot;,&quot;id&quot;:16641,&quot;id_product&quot;:16641,&quot;out_of_stock&quot;:2,&quot;new&quot;:0,&quot;id_product_attribute&quot;:&quot;0&quot;,&quot;quantity_wanted&quot;:1,&quot;extraContent&quot;:[],&quot;allow_oosp&quot;:0,&quot;category&quot;:&quot;slugs&quot;,&quot;category_name&quot;:&quot;Slugs&quot;,&quot;link&quot;:&quot;https:\\\/\\\/tom-airgun.fr\\\/jsb-ko-slugs-cal-45-mm-par-500-16641.html&quot;,&quot;manufacturer_name&quot;:&quot;JSB&quot;,&quot;attribute_price&quot;:0,&quot;price_tax_exc&quot;:16.58,&quot;price_without_reduction&quot;:19.896,&quot;reduction&quot;:0,&quot;specific_prices&quot;:false,&quot;quantity&quot;:2,&quot;quantity_all_versions&quot;:2,&quot;id_image&quot;:&quot;fr-default&quot;,&quot;features&quot;:[{&quot;name&quot;:&quot;Mod\\u00e8le&quot;,&quot;value&quot;:&quot;JSB KO SLUGS cal 4.5 mm par 400&quot;,&quot;id_feature&quot;:&quot;17&quot;,&quot;position&quot;:&quot;0&quot;,&quot;id_feature_value&quot;:&quot;175259&quot;},{&quot;name&quot;:&quot;Calibre&quot;,&quot;value&quot;:&quot;4.5 mm (.177)&quot;,&quot;id_feature&quot;:&quot;9&quot;,&quot;position&quot;:&quot;6&quot;,&quot;id_feature_value&quot;:&quot;19&quot;},{&quot;name&quot;:&quot;Poids (en grammes)&quot;,&quot;value&quot;:&quot;0.870&quot;,&quot;id_feature&quot;:&quot;8&quot;,&quot;position&quot;:&quot;14&quot;,&quot;id_feature_value&quot;:&quot;175257&quot;},{&quot;name&quot;:&quot;Poids (en grains)&quot;,&quot;value&quot;:&quot;13.43&quot;,&quot;id_feature&quot;:&quot;78&quot;,&quot;position&quot;:&quot;73&quot;,&quot;id_feature_value&quot;:&quot;175258&quot;},{&quot;name&quot;:&quot;Quantit\\u00e9&quot;,&quot;value&quot;:&quot;400&quot;,&quot;id_feature&quot;:&quot;134&quot;,&quot;position&quot;:&quot;124&quot;,&quot;id_feature_value&quot;:&quot;175260&quot;}],&quot;attachments&quot;:[],&quot;virtual&quot;:0,&quot;pack&quot;:0,&quot;packItems&quot;:[],&quot;nopackprice&quot;:0,&quot;customization_required&quot;:false,&quot;rate&quot;:20,&quot;tax_name&quot;:&quot;TVA FR 20%&quot;,&quot;ecotax_rate&quot;:0,&quot;customizations&quot;:{&quot;fields&quot;:[]},&quot;id_customization&quot;:0,&quot;is_customizable&quot;:false,&quot;show_quantities&quot;:false,&quot;quantity_label&quot;:&quot;Produits&quot;,&quot;quantity_discounts&quot;:[],&quot;customer_group_discount&quot;:0,&quot;images&quot;:[{&quot;cover&quot;:&quot;1&quot;,&quot;id_image&quot;:&quot;3304&quot;,&quot;legend&quot;:&quot;JSB KO SLUGS cal 4.5 mm par 400&quot;,&quot;position&quot;:&quot;1&quot;,&quot;bySize&quot;:{&quot;cart_default&quot;:{&quot;url&quot;:&quot;https:\\\/\\\/tom-airgun.fr\\\/3304-cart_default\\\/jsb-ko-slugs-cal-45-mm-par-500.jpg&quot;,&quot;width&quot;:90,&quot;height&quot;:90,&quot;sources&quot;:{&quot;jpg&quot;:&quot;https:\\\/\\\/tom-airgun.fr\\\/3304-cart_default\\\/jsb-ko-slugs-cal-45-mm-par-500.jpg&quot;}},&quot;small_default&quot;:{&quot;url&quot;:&quot;https:\\\/\\\/tom-airgun.fr\\\/3304-small_default\\\/jsb-ko-slugs-cal-45-mm-par-500.jpg&quot;,&quot;width&quot;:90,&quot;height&quot;:90,&quot;sources&quot;:{&quot;jpg&quot;:&quot;https:\\\/\\\/tom-airgun.fr\\\/3304-small_default\\\/jsb-ko-slugs-cal-45-mm-par-500.jpg&quot;}},&quot;home_default&quot;:{&quot;url&quot;:&quot;https:\\\/\\\/tom-airgun.fr\\\/3304-home_default\\\/jsb-ko-slugs-cal-45-mm-par-500.jpg&quot;,&quot;width&quot;:278,&quot;height&quot;:278,&quot;sources&quot;:{&quot;jpg&quot;:&quot;https:\\\/\\\/tom-airgun.fr\\\/3304-home_default\\\/jsb-ko-slugs-cal-45-mm-par-500.jpg&quot;}},&quot;medium_default&quot;:{&quot;url&quot;:&quot;https:\\\/\\\/tom-airgun.fr\\\/3304-medium_default\\\/jsb-ko-slugs-cal-45-mm-par-500.jpg&quot;,&quot;width&quot;:455,&quot;height&quot;:455,&quot;sources&quot;:{&quot;jpg&quot;:&quot;https:\\\/\\\/tom-airgun.fr\\\/3304-medium_default\\\/jsb-ko-slugs-cal-45-mm-par-500.jpg&quot;}},&quot;large_default&quot;:{&quot;url&quot;:&quot;https:\\\/\\\/tom-airgun.fr\\\/3304-large_default\\\/jsb-ko-slugs-cal-45-mm-par-500.jpg&quot;,&quot;width&quot;:800,&quot;height&quot;:800,&quot;sources&quot;:{&quot;jpg&quot;:&quot;https:\\\/\\\/tom-airgun.fr\\\/3304-large_default\\\/jsb-ko-slugs-cal-45-mm-par-500.jpg&quot;}}},&quot;small&quot;:{&quot;url&quot;:&quot;https:\\\/\\\/tom-airgun.fr\\\/3304-cart_default\\\/jsb-ko-slugs-cal-45-mm-par-500.jpg&quot;,&quot;width&quot;:90,&quot;height&quot;:90,&quot;sources&quot;:{&quot;jpg&quot;:&quot;https:\\\/\\\/tom-airgun.fr\\\/3304-cart_default\\\/jsb-ko-slugs-cal-45-mm-par-500.jpg&quot;}},&quot;medium&quot;:{&quot;url&quot;:&quot;https:\\\/\\\/tom-airgun.fr\\\/3304-home_default\\\/jsb-ko-slugs-cal-45-mm-par-500.jpg&quot;,&quot;width&quot;:278,&quot;height&quot;:278,&quot;sources&quot;:{&quot;jpg&quot;:&quot;https:\\\/\\\/tom-airgun.fr\\\/3304-home_default\\\/jsb-ko-slugs-cal-45-mm-par-500.jpg&quot;}},&quot;large&quot;:{&quot;url&quot;:&quot;https:\\\/\\\/tom-airgun.fr\\\/3304-large_default\\\/jsb-ko-slugs-cal-45-mm-par-500.jpg&quot;,&quot;width&quot;:800,&quot;height&quot;:800,&quot;sources&quot;:{&quot;jpg&quot;:&quot;https:\\\/\\\/tom-airgun.fr\\\/3304-large_default\\\/jsb-ko-slugs-cal-45-mm-par-500.jpg&quot;}},&quot;associatedVariants&quot;:[]}],&quot;cover&quot;:{&quot;cover&quot;:&quot;1&quot;,&quot;id_image&quot;:&quot;3304&quot;,&quot;legend&quot;:&quot;JSB KO SLUGS cal 4.5 mm par 400&quot;,&quot;position&quot;:&quot;1&quot;,&quot;bySize&quot;:{&quot;cart_default&quot;:{&quot;url&quot;:&quot;https:\\\/\\\/tom-airgun.fr\\\/3304-cart_default\\\/jsb-ko-slugs-cal-45-mm-par-500.jpg&quot;,&quot;width&quot;:90,&quot;height&quot;:90,&quot;sources&quot;:{&quot;jpg&quot;:&quot;https:\\\/\\\/tom-airgun.fr\\\/3304-cart_default\\\/jsb-ko-slugs-cal-45-mm-par-500.jpg&quot;}},&quot;small_default&quot;:{&quot;url&quot;:&quot;https:\\\/\\\/tom-airgun.fr\\\/3304-small_default\\\/jsb-ko-slugs-cal-45-mm-par-500.jpg&quot;,&quot;width&quot;:90,&quot;height&quot;:90,&quot;sources&quot;:{&quot;jpg&quot;:&quot;https:\\\/\\\/tom-airgun.fr\\\/3304-small_default\\\/jsb-ko-slugs-cal-45-mm-par-500.jpg&quot;}},&quot;home_default&quot;:{&quot;url&quot;:&quot;https:\\\/\\\/tom-airgun.fr\\\/3304-home_default\\\/jsb-ko-slugs-cal-45-mm-par-500.jpg&quot;,&quot;width&quot;:278,&quot;height&quot;:278,&quot;sources&quot;:{&quot;jpg&quot;:&quot;https:\\\/\\\/tom-airgun.fr\\\/3304-home_default\\\/jsb-ko-slugs-cal-45-mm-par-500.jpg&quot;}},&quot;medium_default&quot;:{&quot;url&quot;:&quot;https:\\\/\\\/tom-airgun.fr\\\/3304-medium_default\\\/jsb-ko-slugs-cal-45-mm-par-500.jpg&quot;,&quot;width&quot;:455,&quot;height&quot;:455,&quot;sources&quot;:{&quot;jpg&quot;:&quot;https:\\\/\\\/tom-airgun.fr\\\/3304-medium_default\\\/jsb-ko-slugs-cal-45-mm-par-500.jpg&quot;}},&quot;large_default&quot;:{&quot;url&quot;:&quot;https:\\\/\\\/tom-airgun.fr\\\/3304-large_default\\\/jsb-ko-slugs-cal-45-mm-par-500.jpg&quot;,&quot;width&quot;:800,&quot;height&quot;:800,&quot;sources&quot;:{&quot;jpg&quot;:&quot;https:\\\/\\\/tom-airgun.fr\\\/3304-large_default\\\/jsb-ko-slugs-cal-45-mm-par-500.jpg&quot;}}},&quot;small&quot;:{&quot;url&quot;:&quot;https:\\\/\\\/tom-airgun.fr\\\/3304-cart_default\\\/jsb-ko-slugs-cal-45-mm-par-500.jpg&quot;,&quot;width&quot;:90,&quot;height&quot;:90,&quot;sources&quot;:{&quot;jpg&quot;:&quot;https:\\\/\\\/tom-airgun.fr\\\/3304-cart_default\\\/jsb-ko-slugs-cal-45-mm-par-500.jpg&quot;}},&quot;medium&quot;:{&quot;url&quot;:&quot;https:\\\/\\\/tom-airgun.fr\\\/3304-home_default\\\/jsb-ko-slugs-cal-45-mm-par-500.jpg&quot;,&quot;width&quot;:278,&quot;height&quot;:278,&quot;sources&quot;:{&quot;jpg&quot;:&quot;https:\\\/\\\/tom-airgun.fr\\\/3304-home_default\\\/jsb-ko-slugs-cal-45-mm-par-500.jpg&quot;}},&quot;large&quot;:{&quot;url&quot;:&quot;https:\\\/\\\/tom-airgun.fr\\\/3304-large_default\\\/jsb-ko-slugs-cal-45-mm-par-500.jpg&quot;,&quot;width&quot;:800,&quot;height&quot;:800,&quot;sources&quot;:{&quot;jpg&quot;:&quot;https:\\\/\\\/tom-airgun.fr\\\/3304-large_default\\\/jsb-ko-slugs-cal-45-mm-par-500.jpg&quot;}},&quot;associatedVariants&quot;:[]},&quot;has_discount&quot;:false,&quot;discount_type&quot;:null,&quot;discount_percentage&quot;:null,&quot;discount_percentage_absolute&quot;:null,&quot;discount_amount&quot;:null,&quot;discount_amount_to_display&quot;:null,&quot;price_amount&quot;:19.9,&quot;unit_price_full&quot;:&quot;&quot;,&quot;show_availability&quot;:true,&quot;availability_message&quot;:&quot;En stock&quot;,&quot;availability_date&quot;:null,&quot;availability&quot;:&quot;last_remaining_items&quot;}\">\n<section class=\"product-features\">\n<dl class=\"data-sheet\">\n<dt class=\"name\">Mod\u00e8le<\/dt>\n<dd class=\"value\">JSB KO SLUGS cal 4.5 mm par 400<\/dd>\n<dt class=\"name\">Calibre<\/dt>\n<dd class=\"value\">4.5 mm (.177)<\/dd>\n<dt class=\"name\">Poids (en grammes)<\/dt>\n<dd class=\"value\">0.870<\/dd>\n<dt class=\"name\">Poids (en grains)<\/dt>\n<dd class=\"value\">13.43<\/dd>\n<dt class=\"name\">Quantit\u00e9<\/dt>\n<dd class=\"value\">400<\/dd>\n<\/dl>\n<\/section>\n<\/div>\n<\/div>\n<\/div>\n<div class=\"block md-bottom product-content-block\">\n<div id=\"contenu_produit\" class=\"title-block\">Contenu du produit<\/div>\n<div class=\"block-content box-bg\">\n<p>400 x Slugs JSB Match Knock Out 4.52mm Cal.177<\/p>\n<\/div>\n<\/div>\n","protected":false},"excerpt":{"rendered":"<div id=\"product-description-short-16641\" class=\"product-description-short sm-bottom typo\">\n<p>JSB vous propose ces superbes\u00a0<strong>slugs<\/strong>\u00a0\u00e0 t\u00eate creuse pour effectuer du tir de pr\u00e9cision \u00e0\u00a0<strong>longue distance<\/strong>. Au del\u00e0 de 50 m\u00e8tres, vous obtiendrez de meilleurs r\u00e9sultats qu\u2019avec des plombs diabolos. Vous pourrez tirer plus loin tout en \u00e9tant group\u00e9 et plus pr\u00e9cis. Gr\u00e2ce \u00e0 une\u00a0<strong>pointe creuse<\/strong>\u00a0ces slugs vous offrent une tr\u00e8s bonne\u00a0<strong>expansion \u00e0 l\u2019impact<\/strong>. Ces JSB knock Out slugs ont un poids de\u00a0<strong>0.870 grammes<\/strong>\u00a0soit\u00a0<strong>13.43 grains<\/strong>, disponibles en 4.52 mm (Cal.177).<\/p>\n<\/div>\n<div class=\"js-product-attributes-destination mb-2 product-attributes\">\n<div class=\"attribute-item product-manufacturer\"><label>Marque<\/label>\u00a0JSB<\/div>\n<div class=\"attribute-item product-reference\"><label>R\u00e9f\u00e9rence<\/label>\u00a0546126-400<\/div>\n<div class=\"EAN-13 attribute-item product-specific-references\"><label>EAN-13<\/label>\u00a02000000215365<\/div>\n<\/div>","protected":false},"featured_media":604,"comment_status":"open","ping_status":"closed","template":"","meta":[],"product_brand":[],"product_cat":[74],"product_tag":[],"class_list":{"0":"post-603","1":"product","2":"type-product","3":"status-publish","4":"has-post-thumbnail","6":"product_cat-slugs","8":"first","9":"instock","10":"shipping-taxable","11":"purchasable","12":"product-type-simple"},"yoast_head":"<!-- This site is optimized with the Yoast SEO plugin v27.4 - https:\/\/yoast.com\/product\/yoast-seo-wordpress\/ -->\n<title>JSB KO SLUGS cal 4.5 mm par 400 - Armurerie Brute<\/title>\n<meta name=\"robots\" content=\"index, follow, max-snippet:-1, max-image-preview:large, max-video-preview:-1\" \/>\n<link rel=\"canonical\" href=\"https:\/\/armureriebrute.fr\/en\/product\/jsb-ko-slugs-cal-4-5-mm-par-400\/\" \/>\n<meta property=\"og:locale\" content=\"en_GB\" \/>\n<meta property=\"og:type\" content=\"article\" \/>\n<meta property=\"og:title\" content=\"JSB KO SLUGS cal 4.5 mm par 400 - Armurerie Brute\" \/>\n<meta property=\"og:description\" content=\"JSB vous propose ces superbes\u00a0slugs\u00a0\u00e0 t\u00eate creuse pour effectuer du tir de pr\u00e9cision \u00e0\u00a0longue distance. Au del\u00e0 de 50 m\u00e8tres, vous obtiendrez de meilleurs r\u00e9sultats qu\u2019avec des plombs diabolos. Vous pourrez tirer plus loin tout en \u00e9tant group\u00e9 et plus pr\u00e9cis. Gr\u00e2ce \u00e0 une\u00a0pointe creuse\u00a0ces slugs vous offrent une tr\u00e8s bonne\u00a0expansion \u00e0 l\u2019impact. Ces JSB knock Out slugs ont un poids de\u00a00.870 grammes\u00a0soit\u00a013.43 grains, disponibles en 4.52 mm (Cal.177).    Marque\u00a0JSB R\u00e9f\u00e9rence\u00a0546126-400 EAN-13\u00a02000000215365\" \/>\n<meta property=\"og:url\" content=\"https:\/\/armureriebrute.fr\/en\/product\/jsb-ko-slugs-cal-4-5-mm-par-400\/\" \/>\n<meta property=\"og:site_name\" content=\"Armurerie Brute\" \/>\n<meta property=\"og:image\" content=\"http:\/\/armureriebrute.fr\/wp-content\/uploads\/2026\/04\/jsb-ko-slugs-cal-45-mm-par-500.jpg\" \/>\n\t<meta property=\"og:image:width\" content=\"455\" \/>\n\t<meta property=\"og:image:height\" content=\"455\" \/>\n\t<meta property=\"og:image:type\" content=\"image\/jpeg\" \/>\n<meta name=\"twitter:card\" content=\"summary_large_image\" \/>\n<meta name=\"twitter:label1\" content=\"Estimated reading time\" \/>\n\t<meta name=\"twitter:data1\" content=\"2 minutes\" \/>\n<script type=\"application\/ld+json\" class=\"yoast-schema-graph\">{\"@context\":\"https:\\\/\\\/schema.org\",\"@graph\":[{\"@type\":\"WebPage\",\"@id\":\"https:\\\/\\\/armureriebrute.fr\\\/product\\\/jsb-ko-slugs-cal-4-5-mm-par-400\\\/\",\"url\":\"https:\\\/\\\/armureriebrute.fr\\\/product\\\/jsb-ko-slugs-cal-4-5-mm-par-400\\\/\",\"name\":\"JSB KO SLUGS cal 4.5 mm par 400 - Armurerie Brute\",\"isPartOf\":{\"@id\":\"https:\\\/\\\/armureriebrute.fr\\\/#website\"},\"primaryImageOfPage\":{\"@id\":\"https:\\\/\\\/armureriebrute.fr\\\/product\\\/jsb-ko-slugs-cal-4-5-mm-par-400\\\/#primaryimage\"},\"image\":{\"@id\":\"https:\\\/\\\/armureriebrute.fr\\\/product\\\/jsb-ko-slugs-cal-4-5-mm-par-400\\\/#primaryimage\"},\"thumbnailUrl\":\"https:\\\/\\\/armureriebrute.fr\\\/wp-content\\\/uploads\\\/2026\\\/04\\\/jsb-ko-slugs-cal-45-mm-par-500.jpg\",\"datePublished\":\"2026-04-23T12:47:41+00:00\",\"breadcrumb\":{\"@id\":\"https:\\\/\\\/armureriebrute.fr\\\/product\\\/jsb-ko-slugs-cal-4-5-mm-par-400\\\/#breadcrumb\"},\"inLanguage\":\"en-GB\",\"potentialAction\":[{\"@type\":\"ReadAction\",\"target\":[\"https:\\\/\\\/armureriebrute.fr\\\/product\\\/jsb-ko-slugs-cal-4-5-mm-par-400\\\/\"]}]},{\"@type\":\"ImageObject\",\"inLanguage\":\"en-GB\",\"@id\":\"https:\\\/\\\/armureriebrute.fr\\\/product\\\/jsb-ko-slugs-cal-4-5-mm-par-400\\\/#primaryimage\",\"url\":\"https:\\\/\\\/armureriebrute.fr\\\/wp-content\\\/uploads\\\/2026\\\/04\\\/jsb-ko-slugs-cal-45-mm-par-500.jpg\",\"contentUrl\":\"https:\\\/\\\/armureriebrute.fr\\\/wp-content\\\/uploads\\\/2026\\\/04\\\/jsb-ko-slugs-cal-45-mm-par-500.jpg\",\"width\":455,\"height\":455},{\"@type\":\"BreadcrumbList\",\"@id\":\"https:\\\/\\\/armureriebrute.fr\\\/product\\\/jsb-ko-slugs-cal-4-5-mm-par-400\\\/#breadcrumb\",\"itemListElement\":[{\"@type\":\"ListItem\",\"position\":1,\"name\":\"Home\",\"item\":\"https:\\\/\\\/armureriebrute.fr\\\/\"},{\"@type\":\"ListItem\",\"position\":2,\"name\":\"Shop\",\"item\":\"https:\\\/\\\/armureriebrute.fr\\\/shop\\\/\"},{\"@type\":\"ListItem\",\"position\":3,\"name\":\"JSB KO SLUGS cal 4.5 mm par 400\"}]},{\"@type\":\"WebSite\",\"@id\":\"https:\\\/\\\/armureriebrute.fr\\\/#website\",\"url\":\"https:\\\/\\\/armureriebrute.fr\\\/\",\"name\":\"Armurerie Brute\",\"description\":\"Armurerie Brute\",\"publisher\":{\"@id\":\"https:\\\/\\\/armureriebrute.fr\\\/#organization\"},\"potentialAction\":[{\"@type\":\"SearchAction\",\"target\":{\"@type\":\"EntryPoint\",\"urlTemplate\":\"https:\\\/\\\/armureriebrute.fr\\\/?s={search_term_string}\"},\"query-input\":{\"@type\":\"PropertyValueSpecification\",\"valueRequired\":true,\"valueName\":\"search_term_string\"}}],\"inLanguage\":\"en-GB\"},{\"@type\":\"Organization\",\"@id\":\"https:\\\/\\\/armureriebrute.fr\\\/#organization\",\"name\":\"Armurerie Brute\",\"url\":\"https:\\\/\\\/armureriebrute.fr\\\/\",\"logo\":{\"@type\":\"ImageObject\",\"inLanguage\":\"en-GB\",\"@id\":\"https:\\\/\\\/armureriebrute.fr\\\/#\\\/schema\\\/logo\\\/image\\\/\",\"url\":\"http:\\\/\\\/armureriebrute.fr\\\/wp-content\\\/uploads\\\/2026\\\/04\\\/image_6409bec1-1.png\",\"contentUrl\":\"http:\\\/\\\/armureriebrute.fr\\\/wp-content\\\/uploads\\\/2026\\\/04\\\/image_6409bec1-1.png\",\"width\":1408,\"height\":768,\"caption\":\"Armurerie Brute\"},\"image\":{\"@id\":\"https:\\\/\\\/armureriebrute.fr\\\/#\\\/schema\\\/logo\\\/image\\\/\"}}]}<\/script>\n<!-- \/ Yoast SEO plugin. -->","yoast_head_json":{"title":"JSB KO SLUGS cal 4.5 mm par 400 - Armurerie Brute","robots":{"index":"index","follow":"follow","max-snippet":"max-snippet:-1","max-image-preview":"max-image-preview:large","max-video-preview":"max-video-preview:-1"},"canonical":"https:\/\/armureriebrute.fr\/en\/product\/jsb-ko-slugs-cal-4-5-mm-par-400\/","og_locale":"en_GB","og_type":"article","og_title":"JSB KO SLUGS cal 4.5 mm par 400 - Armurerie Brute","og_description":"JSB vous propose ces superbes\u00a0slugs\u00a0\u00e0 t\u00eate creuse pour effectuer du tir de pr\u00e9cision \u00e0\u00a0longue distance. Au del\u00e0 de 50 m\u00e8tres, vous obtiendrez de meilleurs r\u00e9sultats qu\u2019avec des plombs diabolos. Vous pourrez tirer plus loin tout en \u00e9tant group\u00e9 et plus pr\u00e9cis. Gr\u00e2ce \u00e0 une\u00a0pointe creuse\u00a0ces slugs vous offrent une tr\u00e8s bonne\u00a0expansion \u00e0 l\u2019impact. Ces JSB knock Out slugs ont un poids de\u00a00.870 grammes\u00a0soit\u00a013.43 grains, disponibles en 4.52 mm (Cal.177).    Marque\u00a0JSB R\u00e9f\u00e9rence\u00a0546126-400 EAN-13\u00a02000000215365","og_url":"https:\/\/armureriebrute.fr\/en\/product\/jsb-ko-slugs-cal-4-5-mm-par-400\/","og_site_name":"Armurerie Brute","og_image":[{"width":455,"height":455,"url":"http:\/\/armureriebrute.fr\/wp-content\/uploads\/2026\/04\/jsb-ko-slugs-cal-45-mm-par-500.jpg","type":"image\/jpeg"}],"twitter_card":"summary_large_image","twitter_misc":{"Estimated reading time":"2 minutes"},"schema":{"@context":"https:\/\/schema.org","@graph":[{"@type":"WebPage","@id":"https:\/\/armureriebrute.fr\/product\/jsb-ko-slugs-cal-4-5-mm-par-400\/","url":"https:\/\/armureriebrute.fr\/product\/jsb-ko-slugs-cal-4-5-mm-par-400\/","name":"JSB KO SLUGS cal 4.5 mm par 400 - Armurerie Brute","isPartOf":{"@id":"https:\/\/armureriebrute.fr\/#website"},"primaryImageOfPage":{"@id":"https:\/\/armureriebrute.fr\/product\/jsb-ko-slugs-cal-4-5-mm-par-400\/#primaryimage"},"image":{"@id":"https:\/\/armureriebrute.fr\/product\/jsb-ko-slugs-cal-4-5-mm-par-400\/#primaryimage"},"thumbnailUrl":"https:\/\/armureriebrute.fr\/wp-content\/uploads\/2026\/04\/jsb-ko-slugs-cal-45-mm-par-500.jpg","datePublished":"2026-04-23T12:47:41+00:00","breadcrumb":{"@id":"https:\/\/armureriebrute.fr\/product\/jsb-ko-slugs-cal-4-5-mm-par-400\/#breadcrumb"},"inLanguage":"en-GB","potentialAction":[{"@type":"ReadAction","target":["https:\/\/armureriebrute.fr\/product\/jsb-ko-slugs-cal-4-5-mm-par-400\/"]}]},{"@type":"ImageObject","inLanguage":"en-GB","@id":"https:\/\/armureriebrute.fr\/product\/jsb-ko-slugs-cal-4-5-mm-par-400\/#primaryimage","url":"https:\/\/armureriebrute.fr\/wp-content\/uploads\/2026\/04\/jsb-ko-slugs-cal-45-mm-par-500.jpg","contentUrl":"https:\/\/armureriebrute.fr\/wp-content\/uploads\/2026\/04\/jsb-ko-slugs-cal-45-mm-par-500.jpg","width":455,"height":455},{"@type":"BreadcrumbList","@id":"https:\/\/armureriebrute.fr\/product\/jsb-ko-slugs-cal-4-5-mm-par-400\/#breadcrumb","itemListElement":[{"@type":"ListItem","position":1,"name":"Home","item":"https:\/\/armureriebrute.fr\/"},{"@type":"ListItem","position":2,"name":"Shop","item":"https:\/\/armureriebrute.fr\/shop\/"},{"@type":"ListItem","position":3,"name":"JSB KO SLUGS cal 4.5 mm par 400"}]},{"@type":"WebSite","@id":"https:\/\/armureriebrute.fr\/#website","url":"https:\/\/armureriebrute.fr\/","name":"Brute Armoury","description":"Brute Armoury","publisher":{"@id":"https:\/\/armureriebrute.fr\/#organization"},"potentialAction":[{"@type":"SearchAction","target":{"@type":"EntryPoint","urlTemplate":"https:\/\/armureriebrute.fr\/?s={search_term_string}"},"query-input":{"@type":"PropertyValueSpecification","valueRequired":true,"valueName":"search_term_string"}}],"inLanguage":"en-GB"},{"@type":"Organization","@id":"https:\/\/armureriebrute.fr\/#organization","name":"Brute Armoury","url":"https:\/\/armureriebrute.fr\/","logo":{"@type":"ImageObject","inLanguage":"en-GB","@id":"https:\/\/armureriebrute.fr\/#\/schema\/logo\/image\/","url":"http:\/\/armureriebrute.fr\/wp-content\/uploads\/2026\/04\/image_6409bec1-1.png","contentUrl":"http:\/\/armureriebrute.fr\/wp-content\/uploads\/2026\/04\/image_6409bec1-1.png","width":1408,"height":768,"caption":"Armurerie Brute"},"image":{"@id":"https:\/\/armureriebrute.fr\/#\/schema\/logo\/image\/"}}]}},"_links":{"self":[{"href":"https:\/\/armureriebrute.fr\/en\/wp-json\/wp\/v2\/product\/603","targetHints":{"allow":["GET"]}}],"collection":[{"href":"https:\/\/armureriebrute.fr\/en\/wp-json\/wp\/v2\/product"}],"about":[{"href":"https:\/\/armureriebrute.fr\/en\/wp-json\/wp\/v2\/types\/product"}],"replies":[{"embeddable":true,"href":"https:\/\/armureriebrute.fr\/en\/wp-json\/wp\/v2\/comments?post=603"}],"wp:featuredmedia":[{"embeddable":true,"href":"https:\/\/armureriebrute.fr\/en\/wp-json\/wp\/v2\/media\/604"}],"wp:attachment":[{"href":"https:\/\/armureriebrute.fr\/en\/wp-json\/wp\/v2\/media?parent=603"}],"wp:term":[{"taxonomy":"product_brand","embeddable":true,"href":"https:\/\/armureriebrute.fr\/en\/wp-json\/wp\/v2\/product_brand?post=603"},{"taxonomy":"product_cat","embeddable":true,"href":"https:\/\/armureriebrute.fr\/en\/wp-json\/wp\/v2\/product_cat?post=603"},{"taxonomy":"product_tag","embeddable":true,"href":"https:\/\/armureriebrute.fr\/en\/wp-json\/wp\/v2\/product_tag?post=603"}],"curies":[{"name":"wp","href":"https:\/\/api.w.org\/{rel}","templated":true}]}}