{"id":607,"date":"2026-04-23T12:55:42","date_gmt":"2026-04-23T12:55:42","guid":{"rendered":"https:\/\/armureriebrute.fr\/?post_type=product&#038;p=607"},"modified":"2026-04-23T12:56:16","modified_gmt":"2026-04-23T12:56:16","slug":"slugs-calibre-9mm-6-48g-stinger-par-80","status":"publish","type":"product","link":"https:\/\/armureriebrute.fr\/en\/product\/slugs-calibre-9mm-6-48g-stinger-par-80\/","title":{"rendered":"Slugs calibre 9mm 6.48g STINGER par 80"},"content":{"rendered":"<div class=\"block md-bottom product-points-forts\">\n<div id=\"point_forts\" class=\"title-block\">Points forts<\/div>\n<div class=\"block-content box-bg\">\n<ul>\n<li>Adapt\u00e9 au tir longue distance<\/li>\n<li>Puissance accrue \u00e0 l&rsquo;impact<\/li>\n<li>Excellente finition<\/li>\n<\/ul>\n<\/div>\n<\/div>\n<div class=\"block md-bottom product-features-block\">\n<div id=\"caracteristiques\" class=\"title-block\">Fiche technique<\/div>\n<div class=\"block-content box-bg\">\n<div id=\"product-details\" class=\"product-details\" data-product=\"{&quot;id_shop_default&quot;:&quot;1&quot;,&quot;id_manufacturer&quot;:&quot;159&quot;,&quot;id_supplier&quot;:&quot;0&quot;,&quot;reference&quot;:&quot;STP0096489&quot;,&quot;is_virtual&quot;:&quot;0&quot;,&quot;delivery_in_stock&quot;:&quot;&quot;,&quot;delivery_out_stock&quot;:&quot;&quot;,&quot;id_category_default&quot;:&quot;35&quot;,&quot;on_sale&quot;:&quot;0&quot;,&quot;online_only&quot;:&quot;0&quot;,&quot;ecotax&quot;:0,&quot;minimal_quantity&quot;:&quot;1&quot;,&quot;low_stock_threshold&quot;:&quot;0&quot;,&quot;low_stock_alert&quot;:&quot;0&quot;,&quot;price&quot;:&quot;9,90\\u00a0\\u20ac&quot;,&quot;unity&quot;:&quot;&quot;,&quot;unit_price&quot;:&quot;&quot;,&quot;unit_price_ratio&quot;:0,&quot;additional_shipping_cost&quot;:&quot;0.000000&quot;,&quot;customizable&quot;:&quot;0&quot;,&quot;text_fields&quot;:&quot;0&quot;,&quot;uploadable_files&quot;:&quot;0&quot;,&quot;active&quot;:&quot;1&quot;,&quot;redirect_type&quot;:&quot;301-category&quot;,&quot;id_type_redirected&quot;:&quot;0&quot;,&quot;available_for_order&quot;:&quot;1&quot;,&quot;available_date&quot;:&quot;0000-00-00&quot;,&quot;show_condition&quot;:&quot;0&quot;,&quot;condition&quot;:&quot;new&quot;,&quot;show_price&quot;:&quot;1&quot;,&quot;indexed&quot;:&quot;1&quot;,&quot;visibility&quot;:&quot;both&quot;,&quot;cache_default_attribute&quot;:&quot;0&quot;,&quot;advanced_stock_management&quot;:&quot;0&quot;,&quot;date_add&quot;:&quot;2024-12-20 06:31:44&quot;,&quot;date_upd&quot;:&quot;2025-07-01 16:08:39&quot;,&quot;pack_stock_type&quot;:&quot;0&quot;,&quot;meta_description&quot;:&quot;Les Slugs Stinger 9mm sont d'une qualit\\u00e9 irr\\u00e9prochable pour le tir \\u00e0 longue distance avec des carabines \\u00e0 air comprim\\u00e9 PCP de forte puissance.\\r\\n\\r\\nCes slugs en calibre 9mm (.35) p\\u00e8sent 100 grains soit 6.48 grammes. Seules des carabines \\u00e0 air comprim\\u00e9 de calibre 9mm qui disposent de m\\u00e9canismes suffisamment puissants peuvent propulser ces projectiles lourds avec pr\\u00e9cision.&quot;,&quot;meta_keywords&quot;:&quot;&quot;,&quot;meta_title&quot;:&quot;Slugs calibre 9mm 6.48g STINGER par 80&quot;,&quot;link_rewrite&quot;:&quot;slugs-calibre-9mm-648g-stinger-par-80&quot;,&quot;name&quot;:&quot;Slugs calibre 9mm 6.48g STINGER par 80&quot;,&quot;description&quot;:&quot;&quot;,&quot;description_short&quot;:&quot;&lt;p style=\\&quot;text-align: justify;\\&quot;&gt;Les &lt;strong&gt;Slugs Stinger 9mm&lt;\\\/strong&gt; sont d'une qualit\\u00e9 irr\\u00e9prochable pour le &lt;strong&gt;tir \\u00e0 longue distance&lt;\\\/strong&gt; avec des carabines \\u00e0 air comprim\\u00e9 &lt;strong&gt;PCP de forte puissance&lt;\\\/strong&gt;.&lt;\\\/p&gt;\\r\\n&lt;p style=\\&quot;text-align: justify;\\&quot;&gt;Ces slugs en calibre 9mm (.35) p\\u00e8sent &lt;strong&gt;100 grains&lt;\\\/strong&gt;, soit &lt;strong&gt;6.48 grammes&lt;\\\/strong&gt;. Seules des carabines \\u00e0 air comprim\\u00e9 de calibre 9mm, qui disposent de m\\u00e9canismes suffisamment puissants, peuvent propulser ces projectiles lourds avec pr\\u00e9cision.&lt;\\\/p&gt;\\r\\n&lt;p style=\\&quot;text-align: justify;\\&quot;&gt;L'utilisation des slugs est pr\\u00e9conis\\u00e9e \\u00e0 partir de 50 m\\u00e8tres,\\u00a0distance \\u00e0 partir de laquelle ils d\\u00e9livrent tout leur &lt;strong&gt;potentiel de pr\\u00e9cision !&lt;\\\/strong&gt;&lt;\\\/p&gt;\\r\\n&lt;p&gt;&lt;\\\/p&gt;&quot;,&quot;available_now&quot;:&quot;&quot;,&quot;available_later&quot;:&quot;&quot;,&quot;id&quot;:17079,&quot;id_product&quot;:17079,&quot;out_of_stock&quot;:2,&quot;new&quot;:0,&quot;id_product_attribute&quot;:&quot;0&quot;,&quot;quantity_wanted&quot;:1,&quot;extraContent&quot;:[],&quot;allow_oosp&quot;:0,&quot;category&quot;:&quot;slugs&quot;,&quot;category_name&quot;:&quot;Slugs&quot;,&quot;link&quot;:&quot;https:\\\/\\\/tom-airgun.fr\\\/slugs-calibre-9mm-648g-stinger-par-80-17079.html&quot;,&quot;manufacturer_name&quot;:&quot;Stinger&quot;,&quot;attribute_price&quot;:0,&quot;price_tax_exc&quot;:8.25,&quot;price_without_reduction&quot;:9.9,&quot;reduction&quot;:0,&quot;specific_prices&quot;:false,&quot;quantity&quot;:22,&quot;quantity_all_versions&quot;:22,&quot;id_image&quot;:&quot;fr-default&quot;,&quot;features&quot;:[{&quot;name&quot;:&quot;Calibre&quot;,&quot;value&quot;:&quot;9 mm (.35)&quot;,&quot;id_feature&quot;:&quot;9&quot;,&quot;position&quot;:&quot;6&quot;,&quot;id_feature_value&quot;:&quot;415&quot;},{&quot;name&quot;:&quot;Poids (en grammes)&quot;,&quot;value&quot;:&quot;6.48g&quot;,&quot;id_feature&quot;:&quot;8&quot;,&quot;position&quot;:&quot;14&quot;,&quot;id_feature_value&quot;:&quot;175647&quot;},{&quot;name&quot;:&quot;Poids (en grains)&quot;,&quot;value&quot;:&quot;100&quot;,&quot;id_feature&quot;:&quot;78&quot;,&quot;position&quot;:&quot;73&quot;,&quot;id_feature_value&quot;:&quot;175648&quot;},{&quot;name&quot;:&quot;Quantit\\u00e9&quot;,&quot;value&quot;:&quot;80&quot;,&quot;id_feature&quot;:&quot;134&quot;,&quot;position&quot;:&quot;124&quot;,&quot;id_feature_value&quot;:&quot;175649&quot;}],&quot;attachments&quot;:[],&quot;virtual&quot;:0,&quot;pack&quot;:0,&quot;packItems&quot;:[],&quot;nopackprice&quot;:0,&quot;customization_required&quot;:false,&quot;rate&quot;:20,&quot;tax_name&quot;:&quot;TVA FR 20%&quot;,&quot;ecotax_rate&quot;:0,&quot;customizations&quot;:{&quot;fields&quot;:[]},&quot;id_customization&quot;:0,&quot;is_customizable&quot;:false,&quot;show_quantities&quot;:false,&quot;quantity_label&quot;:&quot;Produits&quot;,&quot;quantity_discounts&quot;:[],&quot;customer_group_discount&quot;:0,&quot;images&quot;:[{&quot;cover&quot;:&quot;1&quot;,&quot;id_image&quot;:&quot;3789&quot;,&quot;legend&quot;:&quot;Slugs calibre 9mm 6.48g STINGER par 80&quot;,&quot;position&quot;:&quot;1&quot;,&quot;bySize&quot;:{&quot;cart_default&quot;:{&quot;url&quot;:&quot;https:\\\/\\\/tom-airgun.fr\\\/3789-cart_default\\\/slugs-calibre-9mm-648g-stinger-par-80.jpg&quot;,&quot;width&quot;:90,&quot;height&quot;:90,&quot;sources&quot;:{&quot;jpg&quot;:&quot;https:\\\/\\\/tom-airgun.fr\\\/3789-cart_default\\\/slugs-calibre-9mm-648g-stinger-par-80.jpg&quot;}},&quot;small_default&quot;:{&quot;url&quot;:&quot;https:\\\/\\\/tom-airgun.fr\\\/3789-small_default\\\/slugs-calibre-9mm-648g-stinger-par-80.jpg&quot;,&quot;width&quot;:90,&quot;height&quot;:90,&quot;sources&quot;:{&quot;jpg&quot;:&quot;https:\\\/\\\/tom-airgun.fr\\\/3789-small_default\\\/slugs-calibre-9mm-648g-stinger-par-80.jpg&quot;}},&quot;home_default&quot;:{&quot;url&quot;:&quot;https:\\\/\\\/tom-airgun.fr\\\/3789-home_default\\\/slugs-calibre-9mm-648g-stinger-par-80.jpg&quot;,&quot;width&quot;:278,&quot;height&quot;:278,&quot;sources&quot;:{&quot;jpg&quot;:&quot;https:\\\/\\\/tom-airgun.fr\\\/3789-home_default\\\/slugs-calibre-9mm-648g-stinger-par-80.jpg&quot;}},&quot;medium_default&quot;:{&quot;url&quot;:&quot;https:\\\/\\\/tom-airgun.fr\\\/3789-medium_default\\\/slugs-calibre-9mm-648g-stinger-par-80.jpg&quot;,&quot;width&quot;:455,&quot;height&quot;:455,&quot;sources&quot;:{&quot;jpg&quot;:&quot;https:\\\/\\\/tom-airgun.fr\\\/3789-medium_default\\\/slugs-calibre-9mm-648g-stinger-par-80.jpg&quot;}},&quot;large_default&quot;:{&quot;url&quot;:&quot;https:\\\/\\\/tom-airgun.fr\\\/3789-large_default\\\/slugs-calibre-9mm-648g-stinger-par-80.jpg&quot;,&quot;width&quot;:800,&quot;height&quot;:800,&quot;sources&quot;:{&quot;jpg&quot;:&quot;https:\\\/\\\/tom-airgun.fr\\\/3789-large_default\\\/slugs-calibre-9mm-648g-stinger-par-80.jpg&quot;}}},&quot;small&quot;:{&quot;url&quot;:&quot;https:\\\/\\\/tom-airgun.fr\\\/3789-cart_default\\\/slugs-calibre-9mm-648g-stinger-par-80.jpg&quot;,&quot;width&quot;:90,&quot;height&quot;:90,&quot;sources&quot;:{&quot;jpg&quot;:&quot;https:\\\/\\\/tom-airgun.fr\\\/3789-cart_default\\\/slugs-calibre-9mm-648g-stinger-par-80.jpg&quot;}},&quot;medium&quot;:{&quot;url&quot;:&quot;https:\\\/\\\/tom-airgun.fr\\\/3789-home_default\\\/slugs-calibre-9mm-648g-stinger-par-80.jpg&quot;,&quot;width&quot;:278,&quot;height&quot;:278,&quot;sources&quot;:{&quot;jpg&quot;:&quot;https:\\\/\\\/tom-airgun.fr\\\/3789-home_default\\\/slugs-calibre-9mm-648g-stinger-par-80.jpg&quot;}},&quot;large&quot;:{&quot;url&quot;:&quot;https:\\\/\\\/tom-airgun.fr\\\/3789-large_default\\\/slugs-calibre-9mm-648g-stinger-par-80.jpg&quot;,&quot;width&quot;:800,&quot;height&quot;:800,&quot;sources&quot;:{&quot;jpg&quot;:&quot;https:\\\/\\\/tom-airgun.fr\\\/3789-large_default\\\/slugs-calibre-9mm-648g-stinger-par-80.jpg&quot;}},&quot;associatedVariants&quot;:[]}],&quot;cover&quot;:{&quot;cover&quot;:&quot;1&quot;,&quot;id_image&quot;:&quot;3789&quot;,&quot;legend&quot;:&quot;Slugs calibre 9mm 6.48g STINGER par 80&quot;,&quot;position&quot;:&quot;1&quot;,&quot;bySize&quot;:{&quot;cart_default&quot;:{&quot;url&quot;:&quot;https:\\\/\\\/tom-airgun.fr\\\/3789-cart_default\\\/slugs-calibre-9mm-648g-stinger-par-80.jpg&quot;,&quot;width&quot;:90,&quot;height&quot;:90,&quot;sources&quot;:{&quot;jpg&quot;:&quot;https:\\\/\\\/tom-airgun.fr\\\/3789-cart_default\\\/slugs-calibre-9mm-648g-stinger-par-80.jpg&quot;}},&quot;small_default&quot;:{&quot;url&quot;:&quot;https:\\\/\\\/tom-airgun.fr\\\/3789-small_default\\\/slugs-calibre-9mm-648g-stinger-par-80.jpg&quot;,&quot;width&quot;:90,&quot;height&quot;:90,&quot;sources&quot;:{&quot;jpg&quot;:&quot;https:\\\/\\\/tom-airgun.fr\\\/3789-small_default\\\/slugs-calibre-9mm-648g-stinger-par-80.jpg&quot;}},&quot;home_default&quot;:{&quot;url&quot;:&quot;https:\\\/\\\/tom-airgun.fr\\\/3789-home_default\\\/slugs-calibre-9mm-648g-stinger-par-80.jpg&quot;,&quot;width&quot;:278,&quot;height&quot;:278,&quot;sources&quot;:{&quot;jpg&quot;:&quot;https:\\\/\\\/tom-airgun.fr\\\/3789-home_default\\\/slugs-calibre-9mm-648g-stinger-par-80.jpg&quot;}},&quot;medium_default&quot;:{&quot;url&quot;:&quot;https:\\\/\\\/tom-airgun.fr\\\/3789-medium_default\\\/slugs-calibre-9mm-648g-stinger-par-80.jpg&quot;,&quot;width&quot;:455,&quot;height&quot;:455,&quot;sources&quot;:{&quot;jpg&quot;:&quot;https:\\\/\\\/tom-airgun.fr\\\/3789-medium_default\\\/slugs-calibre-9mm-648g-stinger-par-80.jpg&quot;}},&quot;large_default&quot;:{&quot;url&quot;:&quot;https:\\\/\\\/tom-airgun.fr\\\/3789-large_default\\\/slugs-calibre-9mm-648g-stinger-par-80.jpg&quot;,&quot;width&quot;:800,&quot;height&quot;:800,&quot;sources&quot;:{&quot;jpg&quot;:&quot;https:\\\/\\\/tom-airgun.fr\\\/3789-large_default\\\/slugs-calibre-9mm-648g-stinger-par-80.jpg&quot;}}},&quot;small&quot;:{&quot;url&quot;:&quot;https:\\\/\\\/tom-airgun.fr\\\/3789-cart_default\\\/slugs-calibre-9mm-648g-stinger-par-80.jpg&quot;,&quot;width&quot;:90,&quot;height&quot;:90,&quot;sources&quot;:{&quot;jpg&quot;:&quot;https:\\\/\\\/tom-airgun.fr\\\/3789-cart_default\\\/slugs-calibre-9mm-648g-stinger-par-80.jpg&quot;}},&quot;medium&quot;:{&quot;url&quot;:&quot;https:\\\/\\\/tom-airgun.fr\\\/3789-home_default\\\/slugs-calibre-9mm-648g-stinger-par-80.jpg&quot;,&quot;width&quot;:278,&quot;height&quot;:278,&quot;sources&quot;:{&quot;jpg&quot;:&quot;https:\\\/\\\/tom-airgun.fr\\\/3789-home_default\\\/slugs-calibre-9mm-648g-stinger-par-80.jpg&quot;}},&quot;large&quot;:{&quot;url&quot;:&quot;https:\\\/\\\/tom-airgun.fr\\\/3789-large_default\\\/slugs-calibre-9mm-648g-stinger-par-80.jpg&quot;,&quot;width&quot;:800,&quot;height&quot;:800,&quot;sources&quot;:{&quot;jpg&quot;:&quot;https:\\\/\\\/tom-airgun.fr\\\/3789-large_default\\\/slugs-calibre-9mm-648g-stinger-par-80.jpg&quot;}},&quot;associatedVariants&quot;:[]},&quot;has_discount&quot;:false,&quot;discount_type&quot;:null,&quot;discount_percentage&quot;:null,&quot;discount_percentage_absolute&quot;:null,&quot;discount_amount&quot;:null,&quot;discount_amount_to_display&quot;:null,&quot;price_amount&quot;:9.9,&quot;unit_price_full&quot;:&quot;&quot;,&quot;show_availability&quot;:true,&quot;availability_message&quot;:&quot;En stock&quot;,&quot;availability_date&quot;:null,&quot;availability&quot;:&quot;available&quot;}\">\n<section class=\"product-features\">\n<dl class=\"data-sheet\">\n<dt class=\"name\">Calibre<\/dt>\n<dd class=\"value\">9 mm (.35)<\/dd>\n<dt class=\"name\">Poids (en grammes)<\/dt>\n<dd class=\"value\">6.48g<\/dd>\n<dt class=\"name\">Poids (en grains)<\/dt>\n<dd class=\"value\">100<\/dd>\n<dt class=\"name\">Quantit\u00e9<\/dt>\n<dd class=\"value\">80<\/dd>\n<\/dl>\n<\/section>\n<\/div>\n<\/div>\n<\/div>\n<div class=\"block md-bottom product-content-block\">\n<div id=\"contenu_produit\" class=\"title-block\">Contenu du produit<\/div>\n<div class=\"block-content box-bg\">\n<p>80 x slugs STINGER calibre 9mm 6.48g 100 grains<\/p>\n<\/div>\n<\/div>\n","protected":false},"excerpt":{"rendered":"<div id=\"product-description-short-17079\" class=\"product-description-short sm-bottom typo\">\n<p>Les\u00a0<strong>Slugs Stinger 9mm<\/strong>\u00a0sont d&rsquo;une qualit\u00e9 irr\u00e9prochable pour le\u00a0<strong>tir \u00e0 longue distance<\/strong>\u00a0avec des carabines \u00e0 air comprim\u00e9\u00a0<strong>PCP de forte puissance<\/strong>.<\/p>\n<p>Ces slugs en calibre 9mm (.35) p\u00e8sent\u00a0<strong>100 grains<\/strong>, soit\u00a0<strong>6.48 grammes<\/strong>. Seules des carabines \u00e0 air comprim\u00e9 de calibre 9mm, qui disposent de m\u00e9canismes suffisamment puissants, peuvent propulser ces projectiles lourds avec pr\u00e9cision.<\/p>\n<p>L&rsquo;utilisation des slugs est pr\u00e9conis\u00e9e \u00e0 partir de 50 m\u00e8tres,\u00a0distance \u00e0 partir de laquelle ils d\u00e9livrent tout leur\u00a0<strong>potentiel de pr\u00e9cision !<\/strong><\/p>\n<p>&nbsp;<\/p>\n<\/div>\n<div class=\"js-product-attributes-destination mb-2 product-attributes\">\n<div class=\"attribute-item product-manufacturer\"><label>Marque<\/label>\u00a0Stinger<\/div>\n<div class=\"attribute-item product-reference\"><label>R\u00e9f\u00e9rence<\/label>\u00a0STP0096489<\/div>\n<div class=\"EAN-13 attribute-item product-specific-references\"><label>EAN-13<\/label>\u00a08434645072665<\/div>\n<\/div>","protected":false},"featured_media":606,"comment_status":"open","ping_status":"closed","template":"","meta":[],"product_brand":[],"product_cat":[74],"product_tag":[],"class_list":{"0":"post-607","1":"product","2":"type-product","3":"status-publish","4":"has-post-thumbnail","6":"product_cat-slugs","8":"first","9":"instock","10":"shipping-taxable","11":"purchasable","12":"product-type-simple"},"yoast_head":"<!-- This site is optimized with the Yoast SEO plugin v27.4 - https:\/\/yoast.com\/product\/yoast-seo-wordpress\/ -->\n<title>Slugs calibre 9mm 6.48g STINGER par 80 - Armurerie Brute<\/title>\n<meta name=\"robots\" content=\"index, follow, max-snippet:-1, max-image-preview:large, max-video-preview:-1\" \/>\n<link rel=\"canonical\" href=\"https:\/\/armureriebrute.fr\/en\/product\/slugs-calibre-9mm-6-48g-stinger-par-80\/\" \/>\n<meta property=\"og:locale\" content=\"en_GB\" \/>\n<meta property=\"og:type\" content=\"article\" \/>\n<meta property=\"og:title\" content=\"Slugs calibre 9mm 6.48g STINGER par 80 - Armurerie Brute\" \/>\n<meta property=\"og:description\" content=\"Les\u00a0Slugs Stinger 9mm\u00a0sont d&#039;une qualit\u00e9 irr\u00e9prochable pour le\u00a0tir \u00e0 longue distance\u00a0avec des carabines \u00e0 air comprim\u00e9\u00a0PCP de forte puissance.  Ces slugs en calibre 9mm (.35) p\u00e8sent\u00a0100 grains, soit\u00a06.48 grammes. Seules des carabines \u00e0 air comprim\u00e9 de calibre 9mm, qui disposent de m\u00e9canismes suffisamment puissants, peuvent propulser ces projectiles lourds avec pr\u00e9cision.  L&#039;utilisation des slugs est pr\u00e9conis\u00e9e \u00e0 partir de 50 m\u00e8tres,\u00a0distance \u00e0 partir de laquelle ils d\u00e9livrent tout leur\u00a0potentiel de pr\u00e9cision !  &nbsp;    Marque\u00a0Stinger R\u00e9f\u00e9rence\u00a0STP0096489 EAN-13\u00a08434645072665\" \/>\n<meta property=\"og:url\" content=\"https:\/\/armureriebrute.fr\/en\/product\/slugs-calibre-9mm-6-48g-stinger-par-80\/\" \/>\n<meta property=\"og:site_name\" content=\"Armurerie Brute\" \/>\n<meta property=\"article:modified_time\" content=\"2026-04-23T12:56:16+00:00\" \/>\n<meta property=\"og:image\" content=\"http:\/\/armureriebrute.fr\/wp-content\/uploads\/2026\/04\/slugs-fx-hybride-762-mm-hp-445-grains.jpg\" \/>\n\t<meta property=\"og:image:width\" content=\"455\" \/>\n\t<meta property=\"og:image:height\" content=\"455\" \/>\n\t<meta property=\"og:image:type\" content=\"image\/jpeg\" \/>\n<meta name=\"twitter:card\" content=\"summary_large_image\" \/>\n<meta name=\"twitter:label1\" content=\"Estimated reading time\" \/>\n\t<meta name=\"twitter:data1\" content=\"1 minute\" \/>\n<script type=\"application\/ld+json\" class=\"yoast-schema-graph\">{\"@context\":\"https:\\\/\\\/schema.org\",\"@graph\":[{\"@type\":\"WebPage\",\"@id\":\"https:\\\/\\\/armureriebrute.fr\\\/product\\\/slugs-calibre-9mm-6-48g-stinger-par-80\\\/\",\"url\":\"https:\\\/\\\/armureriebrute.fr\\\/product\\\/slugs-calibre-9mm-6-48g-stinger-par-80\\\/\",\"name\":\"Slugs calibre 9mm 6.48g STINGER par 80 - Armurerie Brute\",\"isPartOf\":{\"@id\":\"https:\\\/\\\/armureriebrute.fr\\\/#website\"},\"primaryImageOfPage\":{\"@id\":\"https:\\\/\\\/armureriebrute.fr\\\/product\\\/slugs-calibre-9mm-6-48g-stinger-par-80\\\/#primaryimage\"},\"image\":{\"@id\":\"https:\\\/\\\/armureriebrute.fr\\\/product\\\/slugs-calibre-9mm-6-48g-stinger-par-80\\\/#primaryimage\"},\"thumbnailUrl\":\"https:\\\/\\\/armureriebrute.fr\\\/wp-content\\\/uploads\\\/2026\\\/04\\\/slugs-fx-hybride-762-mm-hp-445-grains.jpg\",\"datePublished\":\"2026-04-23T12:55:42+00:00\",\"dateModified\":\"2026-04-23T12:56:16+00:00\",\"breadcrumb\":{\"@id\":\"https:\\\/\\\/armureriebrute.fr\\\/product\\\/slugs-calibre-9mm-6-48g-stinger-par-80\\\/#breadcrumb\"},\"inLanguage\":\"en-GB\",\"potentialAction\":[{\"@type\":\"ReadAction\",\"target\":[\"https:\\\/\\\/armureriebrute.fr\\\/product\\\/slugs-calibre-9mm-6-48g-stinger-par-80\\\/\"]}]},{\"@type\":\"ImageObject\",\"inLanguage\":\"en-GB\",\"@id\":\"https:\\\/\\\/armureriebrute.fr\\\/product\\\/slugs-calibre-9mm-6-48g-stinger-par-80\\\/#primaryimage\",\"url\":\"https:\\\/\\\/armureriebrute.fr\\\/wp-content\\\/uploads\\\/2026\\\/04\\\/slugs-fx-hybride-762-mm-hp-445-grains.jpg\",\"contentUrl\":\"https:\\\/\\\/armureriebrute.fr\\\/wp-content\\\/uploads\\\/2026\\\/04\\\/slugs-fx-hybride-762-mm-hp-445-grains.jpg\",\"width\":455,\"height\":455},{\"@type\":\"BreadcrumbList\",\"@id\":\"https:\\\/\\\/armureriebrute.fr\\\/product\\\/slugs-calibre-9mm-6-48g-stinger-par-80\\\/#breadcrumb\",\"itemListElement\":[{\"@type\":\"ListItem\",\"position\":1,\"name\":\"Home\",\"item\":\"https:\\\/\\\/armureriebrute.fr\\\/\"},{\"@type\":\"ListItem\",\"position\":2,\"name\":\"Shop\",\"item\":\"https:\\\/\\\/armureriebrute.fr\\\/shop\\\/\"},{\"@type\":\"ListItem\",\"position\":3,\"name\":\"Slugs calibre 9mm 6.48g STINGER par 80\"}]},{\"@type\":\"WebSite\",\"@id\":\"https:\\\/\\\/armureriebrute.fr\\\/#website\",\"url\":\"https:\\\/\\\/armureriebrute.fr\\\/\",\"name\":\"Armurerie Brute\",\"description\":\"Armurerie Brute\",\"publisher\":{\"@id\":\"https:\\\/\\\/armureriebrute.fr\\\/#organization\"},\"potentialAction\":[{\"@type\":\"SearchAction\",\"target\":{\"@type\":\"EntryPoint\",\"urlTemplate\":\"https:\\\/\\\/armureriebrute.fr\\\/?s={search_term_string}\"},\"query-input\":{\"@type\":\"PropertyValueSpecification\",\"valueRequired\":true,\"valueName\":\"search_term_string\"}}],\"inLanguage\":\"en-GB\"},{\"@type\":\"Organization\",\"@id\":\"https:\\\/\\\/armureriebrute.fr\\\/#organization\",\"name\":\"Armurerie Brute\",\"url\":\"https:\\\/\\\/armureriebrute.fr\\\/\",\"logo\":{\"@type\":\"ImageObject\",\"inLanguage\":\"en-GB\",\"@id\":\"https:\\\/\\\/armureriebrute.fr\\\/#\\\/schema\\\/logo\\\/image\\\/\",\"url\":\"http:\\\/\\\/armureriebrute.fr\\\/wp-content\\\/uploads\\\/2026\\\/04\\\/image_6409bec1-1.png\",\"contentUrl\":\"http:\\\/\\\/armureriebrute.fr\\\/wp-content\\\/uploads\\\/2026\\\/04\\\/image_6409bec1-1.png\",\"width\":1408,\"height\":768,\"caption\":\"Armurerie Brute\"},\"image\":{\"@id\":\"https:\\\/\\\/armureriebrute.fr\\\/#\\\/schema\\\/logo\\\/image\\\/\"}}]}<\/script>\n<!-- \/ Yoast SEO plugin. -->","yoast_head_json":{"title":"Slugs calibre 9mm 6.48g STINGER par 80 - Armurerie Brute","robots":{"index":"index","follow":"follow","max-snippet":"max-snippet:-1","max-image-preview":"max-image-preview:large","max-video-preview":"max-video-preview:-1"},"canonical":"https:\/\/armureriebrute.fr\/en\/product\/slugs-calibre-9mm-6-48g-stinger-par-80\/","og_locale":"en_GB","og_type":"article","og_title":"Slugs calibre 9mm 6.48g STINGER par 80 - Armurerie Brute","og_description":"Les\u00a0Slugs Stinger 9mm\u00a0sont d'une qualit\u00e9 irr\u00e9prochable pour le\u00a0tir \u00e0 longue distance\u00a0avec des carabines \u00e0 air comprim\u00e9\u00a0PCP de forte puissance.  Ces slugs en calibre 9mm (.35) p\u00e8sent\u00a0100 grains, soit\u00a06.48 grammes. Seules des carabines \u00e0 air comprim\u00e9 de calibre 9mm, qui disposent de m\u00e9canismes suffisamment puissants, peuvent propulser ces projectiles lourds avec pr\u00e9cision.  L'utilisation des slugs est pr\u00e9conis\u00e9e \u00e0 partir de 50 m\u00e8tres,\u00a0distance \u00e0 partir de laquelle ils d\u00e9livrent tout leur\u00a0potentiel de pr\u00e9cision !  &nbsp;    Marque\u00a0Stinger R\u00e9f\u00e9rence\u00a0STP0096489 EAN-13\u00a08434645072665","og_url":"https:\/\/armureriebrute.fr\/en\/product\/slugs-calibre-9mm-6-48g-stinger-par-80\/","og_site_name":"Armurerie Brute","article_modified_time":"2026-04-23T12:56:16+00:00","og_image":[{"width":455,"height":455,"url":"http:\/\/armureriebrute.fr\/wp-content\/uploads\/2026\/04\/slugs-fx-hybride-762-mm-hp-445-grains.jpg","type":"image\/jpeg"}],"twitter_card":"summary_large_image","twitter_misc":{"Estimated reading time":"1 minute"},"schema":{"@context":"https:\/\/schema.org","@graph":[{"@type":"WebPage","@id":"https:\/\/armureriebrute.fr\/product\/slugs-calibre-9mm-6-48g-stinger-par-80\/","url":"https:\/\/armureriebrute.fr\/product\/slugs-calibre-9mm-6-48g-stinger-par-80\/","name":"Slugs calibre 9mm 6.48g STINGER par 80 - Armurerie Brute","isPartOf":{"@id":"https:\/\/armureriebrute.fr\/#website"},"primaryImageOfPage":{"@id":"https:\/\/armureriebrute.fr\/product\/slugs-calibre-9mm-6-48g-stinger-par-80\/#primaryimage"},"image":{"@id":"https:\/\/armureriebrute.fr\/product\/slugs-calibre-9mm-6-48g-stinger-par-80\/#primaryimage"},"thumbnailUrl":"https:\/\/armureriebrute.fr\/wp-content\/uploads\/2026\/04\/slugs-fx-hybride-762-mm-hp-445-grains.jpg","datePublished":"2026-04-23T12:55:42+00:00","dateModified":"2026-04-23T12:56:16+00:00","breadcrumb":{"@id":"https:\/\/armureriebrute.fr\/product\/slugs-calibre-9mm-6-48g-stinger-par-80\/#breadcrumb"},"inLanguage":"en-GB","potentialAction":[{"@type":"ReadAction","target":["https:\/\/armureriebrute.fr\/product\/slugs-calibre-9mm-6-48g-stinger-par-80\/"]}]},{"@type":"ImageObject","inLanguage":"en-GB","@id":"https:\/\/armureriebrute.fr\/product\/slugs-calibre-9mm-6-48g-stinger-par-80\/#primaryimage","url":"https:\/\/armureriebrute.fr\/wp-content\/uploads\/2026\/04\/slugs-fx-hybride-762-mm-hp-445-grains.jpg","contentUrl":"https:\/\/armureriebrute.fr\/wp-content\/uploads\/2026\/04\/slugs-fx-hybride-762-mm-hp-445-grains.jpg","width":455,"height":455},{"@type":"BreadcrumbList","@id":"https:\/\/armureriebrute.fr\/product\/slugs-calibre-9mm-6-48g-stinger-par-80\/#breadcrumb","itemListElement":[{"@type":"ListItem","position":1,"name":"Home","item":"https:\/\/armureriebrute.fr\/"},{"@type":"ListItem","position":2,"name":"Shop","item":"https:\/\/armureriebrute.fr\/shop\/"},{"@type":"ListItem","position":3,"name":"Slugs calibre 9mm 6.48g STINGER par 80"}]},{"@type":"WebSite","@id":"https:\/\/armureriebrute.fr\/#website","url":"https:\/\/armureriebrute.fr\/","name":"Brute Armoury","description":"Brute Armoury","publisher":{"@id":"https:\/\/armureriebrute.fr\/#organization"},"potentialAction":[{"@type":"SearchAction","target":{"@type":"EntryPoint","urlTemplate":"https:\/\/armureriebrute.fr\/?s={search_term_string}"},"query-input":{"@type":"PropertyValueSpecification","valueRequired":true,"valueName":"search_term_string"}}],"inLanguage":"en-GB"},{"@type":"Organization","@id":"https:\/\/armureriebrute.fr\/#organization","name":"Brute Armoury","url":"https:\/\/armureriebrute.fr\/","logo":{"@type":"ImageObject","inLanguage":"en-GB","@id":"https:\/\/armureriebrute.fr\/#\/schema\/logo\/image\/","url":"http:\/\/armureriebrute.fr\/wp-content\/uploads\/2026\/04\/image_6409bec1-1.png","contentUrl":"http:\/\/armureriebrute.fr\/wp-content\/uploads\/2026\/04\/image_6409bec1-1.png","width":1408,"height":768,"caption":"Armurerie Brute"},"image":{"@id":"https:\/\/armureriebrute.fr\/#\/schema\/logo\/image\/"}}]}},"_links":{"self":[{"href":"https:\/\/armureriebrute.fr\/en\/wp-json\/wp\/v2\/product\/607","targetHints":{"allow":["GET"]}}],"collection":[{"href":"https:\/\/armureriebrute.fr\/en\/wp-json\/wp\/v2\/product"}],"about":[{"href":"https:\/\/armureriebrute.fr\/en\/wp-json\/wp\/v2\/types\/product"}],"replies":[{"embeddable":true,"href":"https:\/\/armureriebrute.fr\/en\/wp-json\/wp\/v2\/comments?post=607"}],"wp:featuredmedia":[{"embeddable":true,"href":"https:\/\/armureriebrute.fr\/en\/wp-json\/wp\/v2\/media\/606"}],"wp:attachment":[{"href":"https:\/\/armureriebrute.fr\/en\/wp-json\/wp\/v2\/media?parent=607"}],"wp:term":[{"taxonomy":"product_brand","embeddable":true,"href":"https:\/\/armureriebrute.fr\/en\/wp-json\/wp\/v2\/product_brand?post=607"},{"taxonomy":"product_cat","embeddable":true,"href":"https:\/\/armureriebrute.fr\/en\/wp-json\/wp\/v2\/product_cat?post=607"},{"taxonomy":"product_tag","embeddable":true,"href":"https:\/\/armureriebrute.fr\/en\/wp-json\/wp\/v2\/product_tag?post=607"}],"curies":[{"name":"wp","href":"https:\/\/api.w.org\/{rel}","templated":true}]}}