{"id":616,"date":"2026-04-23T12:59:58","date_gmt":"2026-04-23T12:59:58","guid":{"rendered":"https:\/\/armureriebrute.fr\/?post_type=product&#038;p=616"},"modified":"2026-04-23T13:00:39","modified_gmt":"2026-04-23T13:00:39","slug":"slugs-grizzly-6-35mm-hn","status":"publish","type":"product","link":"https:\/\/armureriebrute.fr\/en\/product\/slugs-grizzly-6-35mm-hn\/","title":{"rendered":"Slugs Grizzly 6.35mm H&#038;N"},"content":{"rendered":"<div class=\"block md-bottom product-points-forts\">\n<div id=\"point_forts\" class=\"title-block\">Points forts<\/div>\n<div class=\"block-content box-bg\">\n<ul>\n<li>Energie conserv\u00e9e<\/li>\n<li>Coefficient balistique performant<\/li>\n<li>A\u00e9rodynamique<\/li>\n<\/ul>\n<\/div>\n<\/div>\n<div class=\"block md-bottom product-features-block\">\n<div id=\"caracteristiques\" class=\"title-block\">Fiche technique<\/div>\n<div class=\"block-content box-bg\">\n<div id=\"product-details\" class=\"product-details\" data-product=\"{&quot;id_shop_default&quot;:&quot;1&quot;,&quot;id_manufacturer&quot;:&quot;134&quot;,&quot;id_supplier&quot;:&quot;0&quot;,&quot;reference&quot;:&quot;HNG635&quot;,&quot;is_virtual&quot;:&quot;0&quot;,&quot;delivery_in_stock&quot;:&quot;&quot;,&quot;delivery_out_stock&quot;:&quot;&quot;,&quot;id_category_default&quot;:&quot;35&quot;,&quot;on_sale&quot;:&quot;0&quot;,&quot;online_only&quot;:&quot;0&quot;,&quot;ecotax&quot;:0,&quot;minimal_quantity&quot;:&quot;1&quot;,&quot;low_stock_threshold&quot;:&quot;0&quot;,&quot;low_stock_alert&quot;:&quot;0&quot;,&quot;price&quot;:&quot;9,90\\u00a0\\u20ac&quot;,&quot;unity&quot;:&quot;&quot;,&quot;unit_price&quot;:&quot;&quot;,&quot;unit_price_ratio&quot;:0,&quot;additional_shipping_cost&quot;:&quot;0.000000&quot;,&quot;customizable&quot;:&quot;0&quot;,&quot;text_fields&quot;:&quot;0&quot;,&quot;uploadable_files&quot;:&quot;0&quot;,&quot;active&quot;:&quot;1&quot;,&quot;redirect_type&quot;:&quot;301-category&quot;,&quot;id_type_redirected&quot;:&quot;0&quot;,&quot;available_for_order&quot;:&quot;1&quot;,&quot;available_date&quot;:&quot;0000-00-00&quot;,&quot;show_condition&quot;:&quot;0&quot;,&quot;condition&quot;:&quot;new&quot;,&quot;show_price&quot;:&quot;1&quot;,&quot;indexed&quot;:&quot;1&quot;,&quot;visibility&quot;:&quot;both&quot;,&quot;cache_default_attribute&quot;:&quot;0&quot;,&quot;advanced_stock_management&quot;:&quot;0&quot;,&quot;date_add&quot;:&quot;2023-05-05 05:39:36&quot;,&quot;date_upd&quot;:&quot;2025-07-01 15:42:22&quot;,&quot;pack_stock_type&quot;:&quot;0&quot;,&quot;meta_description&quot;:&quot;Le Grizzly a \\u00e9t\\u00e9 con\\u00e7u pour des carabines \\u00e0 air comprim\\u00e9 extr\\u00eamement puissantes. Son expansion en mati\\u00e8re d'impact est de 165%. Ce projectile n'est adapt\\u00e9 qu'aux armes PCP.\\r\\n\\r\\nAvec un calibre de 6,35 mm, son poids est de 2,02 g. La distance optimale est de 50 m\\u00e8tres et l'\\u00e9nergie minimale n\\u00e9cessaire est de 40 joules.&quot;,&quot;meta_keywords&quot;:&quot;&quot;,&quot;meta_title&quot;:&quot;Slugs Grizzly 6.35mm H&amp;N&quot;,&quot;link_rewrite&quot;:&quot;slugs-grizzly-635mm-hn&quot;,&quot;name&quot;:&quot;Slugs Grizzly 6.35mm H&amp;N&quot;,&quot;description&quot;:&quot;&quot;,&quot;description_short&quot;:&quot;&lt;p style=\\&quot;text-align: justify;\\&quot;&gt;Le &lt;strong&gt;Grizzly&lt;\\\/strong&gt; a \\u00e9t\\u00e9 con\\u00e7u pour des carabines \\u00e0 air comprim\\u00e9 &lt;strong&gt;extr\\u00eamement puissantes&lt;\\\/strong&gt;. Son &lt;strong&gt;expansion en mati\\u00e8re d'impact est de 165%&lt;\\\/strong&gt;. Ce projectile n'est adapt\\u00e9 qu'aux armes PCP. Avec un calibre de &lt;strong&gt;6,35 mm&lt;\\\/strong&gt;, son poids est de &lt;strong&gt;2,02 g&lt;\\\/strong&gt;. La distance optimale est de &lt;strong&gt;50 m\\u00e8tres&lt;\\\/strong&gt; et l'\\u00e9nergie minimale n\\u00e9cessaire est de &lt;strong&gt;40 joules.&lt;\\\/strong&gt;&lt;\\\/p&gt;&quot;,&quot;available_now&quot;:&quot;&quot;,&quot;available_later&quot;:&quot;&quot;,&quot;id&quot;:16533,&quot;id_product&quot;:16533,&quot;out_of_stock&quot;:2,&quot;new&quot;:0,&quot;id_product_attribute&quot;:&quot;0&quot;,&quot;quantity_wanted&quot;:1,&quot;extraContent&quot;:[],&quot;allow_oosp&quot;:0,&quot;category&quot;:&quot;slugs&quot;,&quot;category_name&quot;:&quot;Slugs&quot;,&quot;link&quot;:&quot;https:\\\/\\\/tom-airgun.fr\\\/slugs-grizzly-635mm-hn-16533.html&quot;,&quot;manufacturer_name&quot;:&quot;H&amp;N&quot;,&quot;attribute_price&quot;:0,&quot;price_tax_exc&quot;:8.25,&quot;price_without_reduction&quot;:9.9,&quot;reduction&quot;:0,&quot;specific_prices&quot;:false,&quot;quantity&quot;:12,&quot;quantity_all_versions&quot;:12,&quot;id_image&quot;:&quot;fr-default&quot;,&quot;features&quot;:[{&quot;name&quot;:&quot;Mod\\u00e8le&quot;,&quot;value&quot;:&quot;Slugs Grizzly 6.35mm H&amp;N&quot;,&quot;id_feature&quot;:&quot;17&quot;,&quot;position&quot;:&quot;0&quot;,&quot;id_feature_value&quot;:&quot;175517&quot;},{&quot;name&quot;:&quot;Calibre&quot;,&quot;value&quot;:&quot;6.35 mm (.25)&quot;,&quot;id_feature&quot;:&quot;9&quot;,&quot;position&quot;:&quot;6&quot;,&quot;id_feature_value&quot;:&quot;413&quot;},{&quot;name&quot;:&quot;Poids (en grammes)&quot;,&quot;value&quot;:&quot;2.02&quot;,&quot;id_feature&quot;:&quot;8&quot;,&quot;position&quot;:&quot;14&quot;,&quot;id_feature_value&quot;:&quot;175514&quot;},{&quot;name&quot;:&quot;Type de plomb&quot;,&quot;value&quot;:&quot;T\\u00eate creuse&quot;,&quot;id_feature&quot;:&quot;19&quot;,&quot;position&quot;:&quot;60&quot;,&quot;id_feature_value&quot;:&quot;4083&quot;},{&quot;name&quot;:&quot;Poids (en grains)&quot;,&quot;value&quot;:&quot;31&quot;,&quot;id_feature&quot;:&quot;78&quot;,&quot;position&quot;:&quot;73&quot;,&quot;id_feature_value&quot;:&quot;175515&quot;},{&quot;name&quot;:&quot;Quantit\\u00e9&quot;,&quot;value&quot;:&quot;150&quot;,&quot;id_feature&quot;:&quot;134&quot;,&quot;position&quot;:&quot;124&quot;,&quot;id_feature_value&quot;:&quot;175516&quot;}],&quot;attachments&quot;:[],&quot;virtual&quot;:0,&quot;pack&quot;:0,&quot;packItems&quot;:[],&quot;nopackprice&quot;:0,&quot;customization_required&quot;:false,&quot;rate&quot;:20,&quot;tax_name&quot;:&quot;TVA FR 20%&quot;,&quot;ecotax_rate&quot;:0,&quot;customizations&quot;:{&quot;fields&quot;:[]},&quot;id_customization&quot;:0,&quot;is_customizable&quot;:false,&quot;show_quantities&quot;:false,&quot;quantity_label&quot;:&quot;Produits&quot;,&quot;quantity_discounts&quot;:[],&quot;customer_group_discount&quot;:0,&quot;images&quot;:[{&quot;cover&quot;:&quot;1&quot;,&quot;id_image&quot;:&quot;2179&quot;,&quot;legend&quot;:&quot;Slugs Grizzly 6.35mm H&amp;N&quot;,&quot;position&quot;:&quot;1&quot;,&quot;bySize&quot;:{&quot;cart_default&quot;:{&quot;url&quot;:&quot;https:\\\/\\\/tom-airgun.fr\\\/2179-cart_default\\\/slugs-grizzly-635mm-hn.jpg&quot;,&quot;width&quot;:90,&quot;height&quot;:90,&quot;sources&quot;:{&quot;jpg&quot;:&quot;https:\\\/\\\/tom-airgun.fr\\\/2179-cart_default\\\/slugs-grizzly-635mm-hn.jpg&quot;}},&quot;small_default&quot;:{&quot;url&quot;:&quot;https:\\\/\\\/tom-airgun.fr\\\/2179-small_default\\\/slugs-grizzly-635mm-hn.jpg&quot;,&quot;width&quot;:90,&quot;height&quot;:90,&quot;sources&quot;:{&quot;jpg&quot;:&quot;https:\\\/\\\/tom-airgun.fr\\\/2179-small_default\\\/slugs-grizzly-635mm-hn.jpg&quot;}},&quot;home_default&quot;:{&quot;url&quot;:&quot;https:\\\/\\\/tom-airgun.fr\\\/2179-home_default\\\/slugs-grizzly-635mm-hn.jpg&quot;,&quot;width&quot;:278,&quot;height&quot;:278,&quot;sources&quot;:{&quot;jpg&quot;:&quot;https:\\\/\\\/tom-airgun.fr\\\/2179-home_default\\\/slugs-grizzly-635mm-hn.jpg&quot;}},&quot;medium_default&quot;:{&quot;url&quot;:&quot;https:\\\/\\\/tom-airgun.fr\\\/2179-medium_default\\\/slugs-grizzly-635mm-hn.jpg&quot;,&quot;width&quot;:455,&quot;height&quot;:455,&quot;sources&quot;:{&quot;jpg&quot;:&quot;https:\\\/\\\/tom-airgun.fr\\\/2179-medium_default\\\/slugs-grizzly-635mm-hn.jpg&quot;}},&quot;large_default&quot;:{&quot;url&quot;:&quot;https:\\\/\\\/tom-airgun.fr\\\/2179-large_default\\\/slugs-grizzly-635mm-hn.jpg&quot;,&quot;width&quot;:800,&quot;height&quot;:800,&quot;sources&quot;:{&quot;jpg&quot;:&quot;https:\\\/\\\/tom-airgun.fr\\\/2179-large_default\\\/slugs-grizzly-635mm-hn.jpg&quot;}}},&quot;small&quot;:{&quot;url&quot;:&quot;https:\\\/\\\/tom-airgun.fr\\\/2179-cart_default\\\/slugs-grizzly-635mm-hn.jpg&quot;,&quot;width&quot;:90,&quot;height&quot;:90,&quot;sources&quot;:{&quot;jpg&quot;:&quot;https:\\\/\\\/tom-airgun.fr\\\/2179-cart_default\\\/slugs-grizzly-635mm-hn.jpg&quot;}},&quot;medium&quot;:{&quot;url&quot;:&quot;https:\\\/\\\/tom-airgun.fr\\\/2179-home_default\\\/slugs-grizzly-635mm-hn.jpg&quot;,&quot;width&quot;:278,&quot;height&quot;:278,&quot;sources&quot;:{&quot;jpg&quot;:&quot;https:\\\/\\\/tom-airgun.fr\\\/2179-home_default\\\/slugs-grizzly-635mm-hn.jpg&quot;}},&quot;large&quot;:{&quot;url&quot;:&quot;https:\\\/\\\/tom-airgun.fr\\\/2179-large_default\\\/slugs-grizzly-635mm-hn.jpg&quot;,&quot;width&quot;:800,&quot;height&quot;:800,&quot;sources&quot;:{&quot;jpg&quot;:&quot;https:\\\/\\\/tom-airgun.fr\\\/2179-large_default\\\/slugs-grizzly-635mm-hn.jpg&quot;}},&quot;associatedVariants&quot;:[]},{&quot;cover&quot;:null,&quot;id_image&quot;:&quot;2178&quot;,&quot;legend&quot;:&quot;Slugs Grizzly 6.35mm H&amp;N&quot;,&quot;position&quot;:&quot;2&quot;,&quot;bySize&quot;:{&quot;cart_default&quot;:{&quot;url&quot;:&quot;https:\\\/\\\/tom-airgun.fr\\\/2178-cart_default\\\/slugs-grizzly-635mm-hn.jpg&quot;,&quot;width&quot;:90,&quot;height&quot;:90,&quot;sources&quot;:{&quot;jpg&quot;:&quot;https:\\\/\\\/tom-airgun.fr\\\/2178-cart_default\\\/slugs-grizzly-635mm-hn.jpg&quot;}},&quot;small_default&quot;:{&quot;url&quot;:&quot;https:\\\/\\\/tom-airgun.fr\\\/2178-small_default\\\/slugs-grizzly-635mm-hn.jpg&quot;,&quot;width&quot;:90,&quot;height&quot;:90,&quot;sources&quot;:{&quot;jpg&quot;:&quot;https:\\\/\\\/tom-airgun.fr\\\/2178-small_default\\\/slugs-grizzly-635mm-hn.jpg&quot;}},&quot;home_default&quot;:{&quot;url&quot;:&quot;https:\\\/\\\/tom-airgun.fr\\\/2178-home_default\\\/slugs-grizzly-635mm-hn.jpg&quot;,&quot;width&quot;:278,&quot;height&quot;:278,&quot;sources&quot;:{&quot;jpg&quot;:&quot;https:\\\/\\\/tom-airgun.fr\\\/2178-home_default\\\/slugs-grizzly-635mm-hn.jpg&quot;}},&quot;medium_default&quot;:{&quot;url&quot;:&quot;https:\\\/\\\/tom-airgun.fr\\\/2178-medium_default\\\/slugs-grizzly-635mm-hn.jpg&quot;,&quot;width&quot;:455,&quot;height&quot;:455,&quot;sources&quot;:{&quot;jpg&quot;:&quot;https:\\\/\\\/tom-airgun.fr\\\/2178-medium_default\\\/slugs-grizzly-635mm-hn.jpg&quot;}},&quot;large_default&quot;:{&quot;url&quot;:&quot;https:\\\/\\\/tom-airgun.fr\\\/2178-large_default\\\/slugs-grizzly-635mm-hn.jpg&quot;,&quot;width&quot;:800,&quot;height&quot;:800,&quot;sources&quot;:{&quot;jpg&quot;:&quot;https:\\\/\\\/tom-airgun.fr\\\/2178-large_default\\\/slugs-grizzly-635mm-hn.jpg&quot;}}},&quot;small&quot;:{&quot;url&quot;:&quot;https:\\\/\\\/tom-airgun.fr\\\/2178-cart_default\\\/slugs-grizzly-635mm-hn.jpg&quot;,&quot;width&quot;:90,&quot;height&quot;:90,&quot;sources&quot;:{&quot;jpg&quot;:&quot;https:\\\/\\\/tom-airgun.fr\\\/2178-cart_default\\\/slugs-grizzly-635mm-hn.jpg&quot;}},&quot;medium&quot;:{&quot;url&quot;:&quot;https:\\\/\\\/tom-airgun.fr\\\/2178-home_default\\\/slugs-grizzly-635mm-hn.jpg&quot;,&quot;width&quot;:278,&quot;height&quot;:278,&quot;sources&quot;:{&quot;jpg&quot;:&quot;https:\\\/\\\/tom-airgun.fr\\\/2178-home_default\\\/slugs-grizzly-635mm-hn.jpg&quot;}},&quot;large&quot;:{&quot;url&quot;:&quot;https:\\\/\\\/tom-airgun.fr\\\/2178-large_default\\\/slugs-grizzly-635mm-hn.jpg&quot;,&quot;width&quot;:800,&quot;height&quot;:800,&quot;sources&quot;:{&quot;jpg&quot;:&quot;https:\\\/\\\/tom-airgun.fr\\\/2178-large_default\\\/slugs-grizzly-635mm-hn.jpg&quot;}},&quot;associatedVariants&quot;:[]}],&quot;cover&quot;:{&quot;cover&quot;:&quot;1&quot;,&quot;id_image&quot;:&quot;2179&quot;,&quot;legend&quot;:&quot;Slugs Grizzly 6.35mm H&amp;N&quot;,&quot;position&quot;:&quot;1&quot;,&quot;bySize&quot;:{&quot;cart_default&quot;:{&quot;url&quot;:&quot;https:\\\/\\\/tom-airgun.fr\\\/2179-cart_default\\\/slugs-grizzly-635mm-hn.jpg&quot;,&quot;width&quot;:90,&quot;height&quot;:90,&quot;sources&quot;:{&quot;jpg&quot;:&quot;https:\\\/\\\/tom-airgun.fr\\\/2179-cart_default\\\/slugs-grizzly-635mm-hn.jpg&quot;}},&quot;small_default&quot;:{&quot;url&quot;:&quot;https:\\\/\\\/tom-airgun.fr\\\/2179-small_default\\\/slugs-grizzly-635mm-hn.jpg&quot;,&quot;width&quot;:90,&quot;height&quot;:90,&quot;sources&quot;:{&quot;jpg&quot;:&quot;https:\\\/\\\/tom-airgun.fr\\\/2179-small_default\\\/slugs-grizzly-635mm-hn.jpg&quot;}},&quot;home_default&quot;:{&quot;url&quot;:&quot;https:\\\/\\\/tom-airgun.fr\\\/2179-home_default\\\/slugs-grizzly-635mm-hn.jpg&quot;,&quot;width&quot;:278,&quot;height&quot;:278,&quot;sources&quot;:{&quot;jpg&quot;:&quot;https:\\\/\\\/tom-airgun.fr\\\/2179-home_default\\\/slugs-grizzly-635mm-hn.jpg&quot;}},&quot;medium_default&quot;:{&quot;url&quot;:&quot;https:\\\/\\\/tom-airgun.fr\\\/2179-medium_default\\\/slugs-grizzly-635mm-hn.jpg&quot;,&quot;width&quot;:455,&quot;height&quot;:455,&quot;sources&quot;:{&quot;jpg&quot;:&quot;https:\\\/\\\/tom-airgun.fr\\\/2179-medium_default\\\/slugs-grizzly-635mm-hn.jpg&quot;}},&quot;large_default&quot;:{&quot;url&quot;:&quot;https:\\\/\\\/tom-airgun.fr\\\/2179-large_default\\\/slugs-grizzly-635mm-hn.jpg&quot;,&quot;width&quot;:800,&quot;height&quot;:800,&quot;sources&quot;:{&quot;jpg&quot;:&quot;https:\\\/\\\/tom-airgun.fr\\\/2179-large_default\\\/slugs-grizzly-635mm-hn.jpg&quot;}}},&quot;small&quot;:{&quot;url&quot;:&quot;https:\\\/\\\/tom-airgun.fr\\\/2179-cart_default\\\/slugs-grizzly-635mm-hn.jpg&quot;,&quot;width&quot;:90,&quot;height&quot;:90,&quot;sources&quot;:{&quot;jpg&quot;:&quot;https:\\\/\\\/tom-airgun.fr\\\/2179-cart_default\\\/slugs-grizzly-635mm-hn.jpg&quot;}},&quot;medium&quot;:{&quot;url&quot;:&quot;https:\\\/\\\/tom-airgun.fr\\\/2179-home_default\\\/slugs-grizzly-635mm-hn.jpg&quot;,&quot;width&quot;:278,&quot;height&quot;:278,&quot;sources&quot;:{&quot;jpg&quot;:&quot;https:\\\/\\\/tom-airgun.fr\\\/2179-home_default\\\/slugs-grizzly-635mm-hn.jpg&quot;}},&quot;large&quot;:{&quot;url&quot;:&quot;https:\\\/\\\/tom-airgun.fr\\\/2179-large_default\\\/slugs-grizzly-635mm-hn.jpg&quot;,&quot;width&quot;:800,&quot;height&quot;:800,&quot;sources&quot;:{&quot;jpg&quot;:&quot;https:\\\/\\\/tom-airgun.fr\\\/2179-large_default\\\/slugs-grizzly-635mm-hn.jpg&quot;}},&quot;associatedVariants&quot;:[]},&quot;has_discount&quot;:false,&quot;discount_type&quot;:null,&quot;discount_percentage&quot;:null,&quot;discount_percentage_absolute&quot;:null,&quot;discount_amount&quot;:null,&quot;discount_amount_to_display&quot;:null,&quot;price_amount&quot;:9.9,&quot;unit_price_full&quot;:&quot;&quot;,&quot;show_availability&quot;:true,&quot;availability_message&quot;:&quot;En stock&quot;,&quot;availability_date&quot;:null,&quot;availability&quot;:&quot;available&quot;}\">\n<section class=\"product-features\">\n<dl class=\"data-sheet\">\n<dt class=\"name\">Mod\u00e8le<\/dt>\n<dd class=\"value\">Slugs Grizzly 6.35mm H&amp;N<\/dd>\n<dt class=\"name\">Calibre<\/dt>\n<dd class=\"value\">6.35 mm (.25)<\/dd>\n<dt class=\"name\">Poids (en grammes)<\/dt>\n<dd class=\"value\">2.02<\/dd>\n<dt class=\"name\">Type de plomb<\/dt>\n<dd class=\"value\">T\u00eate creuse<\/dd>\n<dt class=\"name\">Poids (en grains)<\/dt>\n<dd class=\"value\">31<\/dd>\n<dt class=\"name\">Quantit\u00e9<\/dt>\n<dd class=\"value\">150<\/dd>\n<\/dl>\n<\/section>\n<\/div>\n<\/div>\n<\/div>\n<div class=\"block md-bottom product-content-block\">\n<div id=\"contenu_produit\" class=\"title-block\">Contenu du produit<\/div>\n<div class=\"block-content box-bg\">\n<p>150 x Slugs Grizzly 6.35 H&amp;N<\/p>\n<\/div>\n<\/div>\n","protected":false},"excerpt":{"rendered":"<div id=\"product-description-short-16533\" class=\"product-description-short sm-bottom typo\">\n<p>Le\u00a0<strong>Grizzly<\/strong>\u00a0a \u00e9t\u00e9 con\u00e7u pour des carabines \u00e0 air comprim\u00e9\u00a0<strong>extr\u00eamement puissantes<\/strong>. Son\u00a0<strong>expansion en mati\u00e8re d&rsquo;impact est de 165%<\/strong>. Ce projectile n&rsquo;est adapt\u00e9 qu&rsquo;aux armes PCP. Avec un calibre de\u00a0<strong>6,35 mm<\/strong>, son poids est de\u00a0<strong>2,02 g<\/strong>. La distance optimale est de\u00a0<strong>50 m\u00e8tres<\/strong>\u00a0et l&rsquo;\u00e9nergie minimale n\u00e9cessaire est de\u00a0<strong>40 joules.<\/strong><\/p>\n<\/div>\n<div class=\"js-product-attributes-destination mb-2 product-attributes\">\n<div class=\"attribute-item product-manufacturer\"><label>Marque<\/label>\u00a0H&amp;N<\/div>\n<div class=\"attribute-item product-reference\"><label>R\u00e9f\u00e9rence<\/label>\u00a0HNG635<\/div>\n<div class=\"EAN-13 attribute-item product-specific-references\"><label>EAN-13<\/label>\u00a04047058018461<\/div>\n<\/div>","protected":false},"featured_media":617,"comment_status":"open","ping_status":"closed","template":"","meta":[],"product_brand":[],"product_cat":[74],"product_tag":[],"class_list":{"0":"post-616","1":"product","2":"type-product","3":"status-publish","4":"has-post-thumbnail","6":"product_cat-slugs","8":"first","9":"instock","10":"shipping-taxable","11":"purchasable","12":"product-type-simple"},"yoast_head":"<!-- This site is optimized with the Yoast SEO plugin v27.4 - https:\/\/yoast.com\/product\/yoast-seo-wordpress\/ -->\n<title>Slugs Grizzly 6.35mm H&amp;N - Armurerie Brute<\/title>\n<meta name=\"robots\" content=\"index, follow, max-snippet:-1, max-image-preview:large, max-video-preview:-1\" \/>\n<link rel=\"canonical\" href=\"https:\/\/armureriebrute.fr\/en\/product\/slugs-grizzly-6-35mm-hn\/\" \/>\n<meta property=\"og:locale\" content=\"en_GB\" \/>\n<meta property=\"og:type\" content=\"article\" \/>\n<meta property=\"og:title\" content=\"Slugs Grizzly 6.35mm H&amp;N - Armurerie Brute\" \/>\n<meta property=\"og:description\" content=\"Le\u00a0Grizzly\u00a0a \u00e9t\u00e9 con\u00e7u pour des carabines \u00e0 air comprim\u00e9\u00a0extr\u00eamement puissantes. Son\u00a0expansion en mati\u00e8re d&#039;impact est de 165%. Ce projectile n&#039;est adapt\u00e9 qu&#039;aux armes PCP. Avec un calibre de\u00a06,35 mm, son poids est de\u00a02,02 g. La distance optimale est de\u00a050 m\u00e8tres\u00a0et l&#039;\u00e9nergie minimale n\u00e9cessaire est de\u00a040 joules.    Marque\u00a0H&amp;N R\u00e9f\u00e9rence\u00a0HNG635 EAN-13\u00a04047058018461\" \/>\n<meta property=\"og:url\" content=\"https:\/\/armureriebrute.fr\/en\/product\/slugs-grizzly-6-35mm-hn\/\" \/>\n<meta property=\"og:site_name\" content=\"Armurerie Brute\" \/>\n<meta property=\"article:modified_time\" content=\"2026-04-23T13:00:39+00:00\" \/>\n<meta property=\"og:image\" content=\"http:\/\/armureriebrute.fr\/wp-content\/uploads\/2026\/04\/slugs-grizzly-635mm-hn.jpg\" \/>\n\t<meta property=\"og:image:width\" content=\"455\" \/>\n\t<meta property=\"og:image:height\" content=\"455\" \/>\n\t<meta property=\"og:image:type\" content=\"image\/jpeg\" \/>\n<meta name=\"twitter:card\" content=\"summary_large_image\" \/>\n<meta name=\"twitter:label1\" content=\"Estimated reading time\" \/>\n\t<meta name=\"twitter:data1\" content=\"1 minute\" \/>\n<script type=\"application\/ld+json\" class=\"yoast-schema-graph\">{\"@context\":\"https:\\\/\\\/schema.org\",\"@graph\":[{\"@type\":\"WebPage\",\"@id\":\"https:\\\/\\\/armureriebrute.fr\\\/product\\\/slugs-grizzly-6-35mm-hn\\\/\",\"url\":\"https:\\\/\\\/armureriebrute.fr\\\/product\\\/slugs-grizzly-6-35mm-hn\\\/\",\"name\":\"Slugs Grizzly 6.35mm H&N - Armurerie Brute\",\"isPartOf\":{\"@id\":\"https:\\\/\\\/armureriebrute.fr\\\/#website\"},\"primaryImageOfPage\":{\"@id\":\"https:\\\/\\\/armureriebrute.fr\\\/product\\\/slugs-grizzly-6-35mm-hn\\\/#primaryimage\"},\"image\":{\"@id\":\"https:\\\/\\\/armureriebrute.fr\\\/product\\\/slugs-grizzly-6-35mm-hn\\\/#primaryimage\"},\"thumbnailUrl\":\"https:\\\/\\\/armureriebrute.fr\\\/wp-content\\\/uploads\\\/2026\\\/04\\\/slugs-grizzly-635mm-hn.jpg\",\"datePublished\":\"2026-04-23T12:59:58+00:00\",\"dateModified\":\"2026-04-23T13:00:39+00:00\",\"breadcrumb\":{\"@id\":\"https:\\\/\\\/armureriebrute.fr\\\/product\\\/slugs-grizzly-6-35mm-hn\\\/#breadcrumb\"},\"inLanguage\":\"en-GB\",\"potentialAction\":[{\"@type\":\"ReadAction\",\"target\":[\"https:\\\/\\\/armureriebrute.fr\\\/product\\\/slugs-grizzly-6-35mm-hn\\\/\"]}]},{\"@type\":\"ImageObject\",\"inLanguage\":\"en-GB\",\"@id\":\"https:\\\/\\\/armureriebrute.fr\\\/product\\\/slugs-grizzly-6-35mm-hn\\\/#primaryimage\",\"url\":\"https:\\\/\\\/armureriebrute.fr\\\/wp-content\\\/uploads\\\/2026\\\/04\\\/slugs-grizzly-635mm-hn.jpg\",\"contentUrl\":\"https:\\\/\\\/armureriebrute.fr\\\/wp-content\\\/uploads\\\/2026\\\/04\\\/slugs-grizzly-635mm-hn.jpg\",\"width\":455,\"height\":455},{\"@type\":\"BreadcrumbList\",\"@id\":\"https:\\\/\\\/armureriebrute.fr\\\/product\\\/slugs-grizzly-6-35mm-hn\\\/#breadcrumb\",\"itemListElement\":[{\"@type\":\"ListItem\",\"position\":1,\"name\":\"Home\",\"item\":\"https:\\\/\\\/armureriebrute.fr\\\/\"},{\"@type\":\"ListItem\",\"position\":2,\"name\":\"Shop\",\"item\":\"https:\\\/\\\/armureriebrute.fr\\\/shop\\\/\"},{\"@type\":\"ListItem\",\"position\":3,\"name\":\"Slugs Grizzly 6.35mm H&#038;N\"}]},{\"@type\":\"WebSite\",\"@id\":\"https:\\\/\\\/armureriebrute.fr\\\/#website\",\"url\":\"https:\\\/\\\/armureriebrute.fr\\\/\",\"name\":\"Armurerie Brute\",\"description\":\"Armurerie Brute\",\"publisher\":{\"@id\":\"https:\\\/\\\/armureriebrute.fr\\\/#organization\"},\"potentialAction\":[{\"@type\":\"SearchAction\",\"target\":{\"@type\":\"EntryPoint\",\"urlTemplate\":\"https:\\\/\\\/armureriebrute.fr\\\/?s={search_term_string}\"},\"query-input\":{\"@type\":\"PropertyValueSpecification\",\"valueRequired\":true,\"valueName\":\"search_term_string\"}}],\"inLanguage\":\"en-GB\"},{\"@type\":\"Organization\",\"@id\":\"https:\\\/\\\/armureriebrute.fr\\\/#organization\",\"name\":\"Armurerie Brute\",\"url\":\"https:\\\/\\\/armureriebrute.fr\\\/\",\"logo\":{\"@type\":\"ImageObject\",\"inLanguage\":\"en-GB\",\"@id\":\"https:\\\/\\\/armureriebrute.fr\\\/#\\\/schema\\\/logo\\\/image\\\/\",\"url\":\"http:\\\/\\\/armureriebrute.fr\\\/wp-content\\\/uploads\\\/2026\\\/04\\\/image_6409bec1-1.png\",\"contentUrl\":\"http:\\\/\\\/armureriebrute.fr\\\/wp-content\\\/uploads\\\/2026\\\/04\\\/image_6409bec1-1.png\",\"width\":1408,\"height\":768,\"caption\":\"Armurerie Brute\"},\"image\":{\"@id\":\"https:\\\/\\\/armureriebrute.fr\\\/#\\\/schema\\\/logo\\\/image\\\/\"}}]}<\/script>\n<!-- \/ Yoast SEO plugin. -->","yoast_head_json":{"title":"Slugs Grizzly 6.35mm H&N - Armurerie Brute","robots":{"index":"index","follow":"follow","max-snippet":"max-snippet:-1","max-image-preview":"max-image-preview:large","max-video-preview":"max-video-preview:-1"},"canonical":"https:\/\/armureriebrute.fr\/en\/product\/slugs-grizzly-6-35mm-hn\/","og_locale":"en_GB","og_type":"article","og_title":"Slugs Grizzly 6.35mm H&N - Armurerie Brute","og_description":"Le\u00a0Grizzly\u00a0a \u00e9t\u00e9 con\u00e7u pour des carabines \u00e0 air comprim\u00e9\u00a0extr\u00eamement puissantes. Son\u00a0expansion en mati\u00e8re d'impact est de 165%. Ce projectile n'est adapt\u00e9 qu'aux armes PCP. Avec un calibre de\u00a06,35 mm, son poids est de\u00a02,02 g. La distance optimale est de\u00a050 m\u00e8tres\u00a0et l'\u00e9nergie minimale n\u00e9cessaire est de\u00a040 joules.    Marque\u00a0H&amp;N R\u00e9f\u00e9rence\u00a0HNG635 EAN-13\u00a04047058018461","og_url":"https:\/\/armureriebrute.fr\/en\/product\/slugs-grizzly-6-35mm-hn\/","og_site_name":"Armurerie Brute","article_modified_time":"2026-04-23T13:00:39+00:00","og_image":[{"width":455,"height":455,"url":"http:\/\/armureriebrute.fr\/wp-content\/uploads\/2026\/04\/slugs-grizzly-635mm-hn.jpg","type":"image\/jpeg"}],"twitter_card":"summary_large_image","twitter_misc":{"Estimated reading time":"1 minute"},"schema":{"@context":"https:\/\/schema.org","@graph":[{"@type":"WebPage","@id":"https:\/\/armureriebrute.fr\/product\/slugs-grizzly-6-35mm-hn\/","url":"https:\/\/armureriebrute.fr\/product\/slugs-grizzly-6-35mm-hn\/","name":"Slugs Grizzly 6.35mm H&N - Armurerie Brute","isPartOf":{"@id":"https:\/\/armureriebrute.fr\/#website"},"primaryImageOfPage":{"@id":"https:\/\/armureriebrute.fr\/product\/slugs-grizzly-6-35mm-hn\/#primaryimage"},"image":{"@id":"https:\/\/armureriebrute.fr\/product\/slugs-grizzly-6-35mm-hn\/#primaryimage"},"thumbnailUrl":"https:\/\/armureriebrute.fr\/wp-content\/uploads\/2026\/04\/slugs-grizzly-635mm-hn.jpg","datePublished":"2026-04-23T12:59:58+00:00","dateModified":"2026-04-23T13:00:39+00:00","breadcrumb":{"@id":"https:\/\/armureriebrute.fr\/product\/slugs-grizzly-6-35mm-hn\/#breadcrumb"},"inLanguage":"en-GB","potentialAction":[{"@type":"ReadAction","target":["https:\/\/armureriebrute.fr\/product\/slugs-grizzly-6-35mm-hn\/"]}]},{"@type":"ImageObject","inLanguage":"en-GB","@id":"https:\/\/armureriebrute.fr\/product\/slugs-grizzly-6-35mm-hn\/#primaryimage","url":"https:\/\/armureriebrute.fr\/wp-content\/uploads\/2026\/04\/slugs-grizzly-635mm-hn.jpg","contentUrl":"https:\/\/armureriebrute.fr\/wp-content\/uploads\/2026\/04\/slugs-grizzly-635mm-hn.jpg","width":455,"height":455},{"@type":"BreadcrumbList","@id":"https:\/\/armureriebrute.fr\/product\/slugs-grizzly-6-35mm-hn\/#breadcrumb","itemListElement":[{"@type":"ListItem","position":1,"name":"Home","item":"https:\/\/armureriebrute.fr\/"},{"@type":"ListItem","position":2,"name":"Shop","item":"https:\/\/armureriebrute.fr\/shop\/"},{"@type":"ListItem","position":3,"name":"Slugs Grizzly 6.35mm H&#038;N"}]},{"@type":"WebSite","@id":"https:\/\/armureriebrute.fr\/#website","url":"https:\/\/armureriebrute.fr\/","name":"Brute Armoury","description":"Brute Armoury","publisher":{"@id":"https:\/\/armureriebrute.fr\/#organization"},"potentialAction":[{"@type":"SearchAction","target":{"@type":"EntryPoint","urlTemplate":"https:\/\/armureriebrute.fr\/?s={search_term_string}"},"query-input":{"@type":"PropertyValueSpecification","valueRequired":true,"valueName":"search_term_string"}}],"inLanguage":"en-GB"},{"@type":"Organization","@id":"https:\/\/armureriebrute.fr\/#organization","name":"Brute Armoury","url":"https:\/\/armureriebrute.fr\/","logo":{"@type":"ImageObject","inLanguage":"en-GB","@id":"https:\/\/armureriebrute.fr\/#\/schema\/logo\/image\/","url":"http:\/\/armureriebrute.fr\/wp-content\/uploads\/2026\/04\/image_6409bec1-1.png","contentUrl":"http:\/\/armureriebrute.fr\/wp-content\/uploads\/2026\/04\/image_6409bec1-1.png","width":1408,"height":768,"caption":"Armurerie Brute"},"image":{"@id":"https:\/\/armureriebrute.fr\/#\/schema\/logo\/image\/"}}]}},"_links":{"self":[{"href":"https:\/\/armureriebrute.fr\/en\/wp-json\/wp\/v2\/product\/616","targetHints":{"allow":["GET"]}}],"collection":[{"href":"https:\/\/armureriebrute.fr\/en\/wp-json\/wp\/v2\/product"}],"about":[{"href":"https:\/\/armureriebrute.fr\/en\/wp-json\/wp\/v2\/types\/product"}],"replies":[{"embeddable":true,"href":"https:\/\/armureriebrute.fr\/en\/wp-json\/wp\/v2\/comments?post=616"}],"wp:featuredmedia":[{"embeddable":true,"href":"https:\/\/armureriebrute.fr\/en\/wp-json\/wp\/v2\/media\/617"}],"wp:attachment":[{"href":"https:\/\/armureriebrute.fr\/en\/wp-json\/wp\/v2\/media?parent=616"}],"wp:term":[{"taxonomy":"product_brand","embeddable":true,"href":"https:\/\/armureriebrute.fr\/en\/wp-json\/wp\/v2\/product_brand?post=616"},{"taxonomy":"product_cat","embeddable":true,"href":"https:\/\/armureriebrute.fr\/en\/wp-json\/wp\/v2\/product_cat?post=616"},{"taxonomy":"product_tag","embeddable":true,"href":"https:\/\/armureriebrute.fr\/en\/wp-json\/wp\/v2\/product_tag?post=616"}],"curies":[{"name":"wp","href":"https:\/\/api.w.org\/{rel}","templated":true}]}}