{"id":618,"date":"2026-04-23T13:00:55","date_gmt":"2026-04-23T13:00:55","guid":{"rendered":"https:\/\/armureriebrute.fr\/?post_type=product&#038;p=618"},"modified":"2026-04-23T13:02:41","modified_gmt":"2026-04-23T13:02:41","slug":"slugs-fx-hybride-5-5-mm-hp-22-grains","status":"publish","type":"product","link":"https:\/\/armureriebrute.fr\/en\/product\/slugs-fx-hybride-5-5-mm-hp-22-grains\/","title":{"rendered":"Slugs FX hybride 5.5 mm HP 22 grains"},"content":{"rendered":"<div class=\"block md-bottom product-points-forts\">\n<div id=\"point_forts\" class=\"title-block\">Points forts<\/div>\n<div class=\"block-content box-bg\">\n<ul>\n<li>Haut coefficient balistique<\/li>\n<li>Projectile original<\/li>\n<li>Adapt\u00e9 au tir de longue distance<\/li>\n<\/ul>\n<\/div>\n<\/div>\n<div class=\"block md-bottom product-features-block\">\n<div id=\"caracteristiques\" class=\"title-block\">Fiche technique<\/div>\n<div class=\"block-content box-bg\">\n<div id=\"product-details\" class=\"product-details\" data-product=\"{&quot;id_shop_default&quot;:&quot;1&quot;,&quot;id_manufacturer&quot;:&quot;170&quot;,&quot;id_supplier&quot;:&quot;0&quot;,&quot;reference&quot;:&quot;AR0023109&quot;,&quot;is_virtual&quot;:&quot;0&quot;,&quot;delivery_in_stock&quot;:&quot;&quot;,&quot;delivery_out_stock&quot;:&quot;&quot;,&quot;id_category_default&quot;:&quot;32&quot;,&quot;on_sale&quot;:&quot;0&quot;,&quot;online_only&quot;:&quot;0&quot;,&quot;ecotax&quot;:0,&quot;minimal_quantity&quot;:&quot;1&quot;,&quot;low_stock_threshold&quot;:&quot;0&quot;,&quot;low_stock_alert&quot;:&quot;0&quot;,&quot;price&quot;:&quot;22,90\\u00a0\\u20ac&quot;,&quot;unity&quot;:&quot;&quot;,&quot;unit_price&quot;:&quot;&quot;,&quot;unit_price_ratio&quot;:0,&quot;additional_shipping_cost&quot;:&quot;0.000000&quot;,&quot;customizable&quot;:&quot;0&quot;,&quot;text_fields&quot;:&quot;0&quot;,&quot;uploadable_files&quot;:&quot;0&quot;,&quot;active&quot;:&quot;1&quot;,&quot;redirect_type&quot;:&quot;301-category&quot;,&quot;id_type_redirected&quot;:&quot;0&quot;,&quot;available_for_order&quot;:&quot;1&quot;,&quot;available_date&quot;:&quot;0000-00-00&quot;,&quot;show_condition&quot;:&quot;0&quot;,&quot;condition&quot;:&quot;new&quot;,&quot;show_price&quot;:&quot;1&quot;,&quot;indexed&quot;:&quot;1&quot;,&quot;visibility&quot;:&quot;both&quot;,&quot;cache_default_attribute&quot;:&quot;0&quot;,&quot;advanced_stock_management&quot;:&quot;0&quot;,&quot;date_add&quot;:&quot;2026-03-25 11:49:21&quot;,&quot;date_upd&quot;:&quot;2026-04-21 09:15:09&quot;,&quot;pack_stock_type&quot;:&quot;0&quot;,&quot;meta_description&quot;:&quot;Les slugs FX Hybrid 5.5 mm 22 grains sont une combinaison de plomb diabolo classique et de slug. Cette forme originale met en avant les avantages de ces deux types de projectiles.&quot;,&quot;meta_keywords&quot;:&quot;&quot;,&quot;meta_title&quot;:&quot;Slugs FX hybride 5.5 mm HP 22 grains&quot;,&quot;link_rewrite&quot;:&quot;slugs-fx-hybride-55-mm-hp-22-grains&quot;,&quot;name&quot;:&quot;Slugs FX hybride 5.5 mm HP 22 grains&quot;,&quot;description&quot;:&quot;&quot;,&quot;description_short&quot;:&quot;&lt;p style=\\&quot;text-align: justify;\\&quot;&gt;Les &lt;strong&gt;slugs FX Hybrid&lt;\\\/strong&gt; 5.5 mm 22 grains sont une &lt;strong&gt;combinaison de plomb diabolo classique et de slug&lt;\\\/strong&gt;. Cette forme originale met en avant les avantages de ces deux types de projectiles.\\u00a0&lt;\\\/p&gt;\\r\\n&lt;p style=\\&quot;text-align: justify;\\&quot;&gt;Les slugs hybrides ont des dimensions externes comparables \\u00e0 celles d'un slug \\u00e0 &lt;strong&gt;coefficient balistique \\u00e9lev\\u00e9&lt;\\\/strong&gt;, mais ils sont compl\\u00e8tement creus\\u00e9s et ont une base \\u00e9vid\\u00e9e, ce qui les rend &lt;strong&gt;l\\u00e9gers&lt;\\\/strong&gt;. Cela assure une &lt;strong&gt;trajectoire plus rectiligne&lt;\\\/strong&gt; et une &lt;strong&gt;meilleure r\\u00e9sistance au vent&lt;\\\/strong&gt; pour le projectile. Ils sont con\\u00e7us pour tirer \\u00e0 &lt;strong&gt;longue distance&lt;\\\/strong&gt;, et la pointe creuse permet une &lt;strong&gt;expansion&lt;\\\/strong&gt; lorsque la cible est touch\\u00e9e.&lt;\\\/p&gt;\\r\\n&lt;p style=\\&quot;text-align: justify;\\&quot;&gt;Ces slugs FX Hybrid conviennent aussi bien aux carabines de puissance \\u00e9lev\\u00e9e qu'aux PCP moins puissantes.\\u00a0&lt;\\\/p&gt;&quot;,&quot;available_now&quot;:&quot;&quot;,&quot;available_later&quot;:&quot;&quot;,&quot;id&quot;:17282,&quot;id_product&quot;:17282,&quot;out_of_stock&quot;:1,&quot;new&quot;:1,&quot;id_product_attribute&quot;:&quot;0&quot;,&quot;quantity_wanted&quot;:1,&quot;extraContent&quot;:[],&quot;allow_oosp&quot;:1,&quot;category&quot;:&quot;plombs&quot;,&quot;category_name&quot;:&quot;Plombs&quot;,&quot;link&quot;:&quot;https:\\\/\\\/tom-airgun.fr\\\/slugs-fx-hybride-55-mm-hp-22-grains-17282.html&quot;,&quot;manufacturer_name&quot;:&quot;FX AIRGUNS&quot;,&quot;attribute_price&quot;:0,&quot;price_tax_exc&quot;:19.08,&quot;price_without_reduction&quot;:22.896,&quot;reduction&quot;:0,&quot;specific_prices&quot;:false,&quot;quantity&quot;:0,&quot;quantity_all_versions&quot;:0,&quot;id_image&quot;:&quot;fr-default&quot;,&quot;features&quot;:[{&quot;name&quot;:&quot;Mod\\u00e8le&quot;,&quot;value&quot;:&quot;Slugs FX hybride 5.5 mm HP 22 grains&quot;,&quot;id_feature&quot;:&quot;17&quot;,&quot;position&quot;:&quot;0&quot;,&quot;id_feature_value&quot;:&quot;175416&quot;},{&quot;name&quot;:&quot;Calibre&quot;,&quot;value&quot;:&quot;5.5 mm (.22)&quot;,&quot;id_feature&quot;:&quot;9&quot;,&quot;position&quot;:&quot;6&quot;,&quot;id_feature_value&quot;:&quot;412&quot;},{&quot;name&quot;:&quot;Poids (en grammes)&quot;,&quot;value&quot;:&quot;1.42&quot;,&quot;id_feature&quot;:&quot;8&quot;,&quot;position&quot;:&quot;14&quot;,&quot;id_feature_value&quot;:&quot;175413&quot;},{&quot;name&quot;:&quot;Type de plomb&quot;,&quot;value&quot;:&quot;T\\u00eate creuse&quot;,&quot;id_feature&quot;:&quot;19&quot;,&quot;position&quot;:&quot;60&quot;,&quot;id_feature_value&quot;:&quot;4083&quot;},{&quot;name&quot;:&quot;Poids (en grains)&quot;,&quot;value&quot;:&quot;22&quot;,&quot;id_feature&quot;:&quot;78&quot;,&quot;position&quot;:&quot;73&quot;,&quot;id_feature_value&quot;:&quot;175414&quot;},{&quot;name&quot;:&quot;Quantit\\u00e9&quot;,&quot;value&quot;:&quot;100&quot;,&quot;id_feature&quot;:&quot;134&quot;,&quot;position&quot;:&quot;124&quot;,&quot;id_feature_value&quot;:&quot;175415&quot;}],&quot;attachments&quot;:[],&quot;virtual&quot;:0,&quot;pack&quot;:0,&quot;packItems&quot;:[],&quot;nopackprice&quot;:0,&quot;customization_required&quot;:false,&quot;rate&quot;:20,&quot;tax_name&quot;:&quot;TVA FR 20%&quot;,&quot;ecotax_rate&quot;:0,&quot;customizations&quot;:{&quot;fields&quot;:[]},&quot;id_customization&quot;:0,&quot;is_customizable&quot;:false,&quot;show_quantities&quot;:false,&quot;quantity_label&quot;:&quot;Article&quot;,&quot;quantity_discounts&quot;:[],&quot;customer_group_discount&quot;:0,&quot;images&quot;:[{&quot;cover&quot;:&quot;1&quot;,&quot;id_image&quot;:&quot;3587&quot;,&quot;legend&quot;:&quot;Slugs FX hybride 5.5 mm HP 22 grains&quot;,&quot;position&quot;:&quot;1&quot;,&quot;bySize&quot;:{&quot;cart_default&quot;:{&quot;url&quot;:&quot;https:\\\/\\\/tom-airgun.fr\\\/3587-cart_default\\\/slugs-fx-hybride-55-mm-hp-22-grains.jpg&quot;,&quot;width&quot;:90,&quot;height&quot;:90,&quot;sources&quot;:{&quot;jpg&quot;:&quot;https:\\\/\\\/tom-airgun.fr\\\/3587-cart_default\\\/slugs-fx-hybride-55-mm-hp-22-grains.jpg&quot;}},&quot;small_default&quot;:{&quot;url&quot;:&quot;https:\\\/\\\/tom-airgun.fr\\\/3587-small_default\\\/slugs-fx-hybride-55-mm-hp-22-grains.jpg&quot;,&quot;width&quot;:90,&quot;height&quot;:90,&quot;sources&quot;:{&quot;jpg&quot;:&quot;https:\\\/\\\/tom-airgun.fr\\\/3587-small_default\\\/slugs-fx-hybride-55-mm-hp-22-grains.jpg&quot;}},&quot;home_default&quot;:{&quot;url&quot;:&quot;https:\\\/\\\/tom-airgun.fr\\\/3587-home_default\\\/slugs-fx-hybride-55-mm-hp-22-grains.jpg&quot;,&quot;width&quot;:278,&quot;height&quot;:278,&quot;sources&quot;:{&quot;jpg&quot;:&quot;https:\\\/\\\/tom-airgun.fr\\\/3587-home_default\\\/slugs-fx-hybride-55-mm-hp-22-grains.jpg&quot;}},&quot;medium_default&quot;:{&quot;url&quot;:&quot;https:\\\/\\\/tom-airgun.fr\\\/3587-medium_default\\\/slugs-fx-hybride-55-mm-hp-22-grains.jpg&quot;,&quot;width&quot;:455,&quot;height&quot;:455,&quot;sources&quot;:{&quot;jpg&quot;:&quot;https:\\\/\\\/tom-airgun.fr\\\/3587-medium_default\\\/slugs-fx-hybride-55-mm-hp-22-grains.jpg&quot;}},&quot;large_default&quot;:{&quot;url&quot;:&quot;https:\\\/\\\/tom-airgun.fr\\\/3587-large_default\\\/slugs-fx-hybride-55-mm-hp-22-grains.jpg&quot;,&quot;width&quot;:800,&quot;height&quot;:800,&quot;sources&quot;:{&quot;jpg&quot;:&quot;https:\\\/\\\/tom-airgun.fr\\\/3587-large_default\\\/slugs-fx-hybride-55-mm-hp-22-grains.jpg&quot;}}},&quot;small&quot;:{&quot;url&quot;:&quot;https:\\\/\\\/tom-airgun.fr\\\/3587-cart_default\\\/slugs-fx-hybride-55-mm-hp-22-grains.jpg&quot;,&quot;width&quot;:90,&quot;height&quot;:90,&quot;sources&quot;:{&quot;jpg&quot;:&quot;https:\\\/\\\/tom-airgun.fr\\\/3587-cart_default\\\/slugs-fx-hybride-55-mm-hp-22-grains.jpg&quot;}},&quot;medium&quot;:{&quot;url&quot;:&quot;https:\\\/\\\/tom-airgun.fr\\\/3587-home_default\\\/slugs-fx-hybride-55-mm-hp-22-grains.jpg&quot;,&quot;width&quot;:278,&quot;height&quot;:278,&quot;sources&quot;:{&quot;jpg&quot;:&quot;https:\\\/\\\/tom-airgun.fr\\\/3587-home_default\\\/slugs-fx-hybride-55-mm-hp-22-grains.jpg&quot;}},&quot;large&quot;:{&quot;url&quot;:&quot;https:\\\/\\\/tom-airgun.fr\\\/3587-large_default\\\/slugs-fx-hybride-55-mm-hp-22-grains.jpg&quot;,&quot;width&quot;:800,&quot;height&quot;:800,&quot;sources&quot;:{&quot;jpg&quot;:&quot;https:\\\/\\\/tom-airgun.fr\\\/3587-large_default\\\/slugs-fx-hybride-55-mm-hp-22-grains.jpg&quot;}},&quot;associatedVariants&quot;:[]}],&quot;cover&quot;:{&quot;cover&quot;:&quot;1&quot;,&quot;id_image&quot;:&quot;3587&quot;,&quot;legend&quot;:&quot;Slugs FX hybride 5.5 mm HP 22 grains&quot;,&quot;position&quot;:&quot;1&quot;,&quot;bySize&quot;:{&quot;cart_default&quot;:{&quot;url&quot;:&quot;https:\\\/\\\/tom-airgun.fr\\\/3587-cart_default\\\/slugs-fx-hybride-55-mm-hp-22-grains.jpg&quot;,&quot;width&quot;:90,&quot;height&quot;:90,&quot;sources&quot;:{&quot;jpg&quot;:&quot;https:\\\/\\\/tom-airgun.fr\\\/3587-cart_default\\\/slugs-fx-hybride-55-mm-hp-22-grains.jpg&quot;}},&quot;small_default&quot;:{&quot;url&quot;:&quot;https:\\\/\\\/tom-airgun.fr\\\/3587-small_default\\\/slugs-fx-hybride-55-mm-hp-22-grains.jpg&quot;,&quot;width&quot;:90,&quot;height&quot;:90,&quot;sources&quot;:{&quot;jpg&quot;:&quot;https:\\\/\\\/tom-airgun.fr\\\/3587-small_default\\\/slugs-fx-hybride-55-mm-hp-22-grains.jpg&quot;}},&quot;home_default&quot;:{&quot;url&quot;:&quot;https:\\\/\\\/tom-airgun.fr\\\/3587-home_default\\\/slugs-fx-hybride-55-mm-hp-22-grains.jpg&quot;,&quot;width&quot;:278,&quot;height&quot;:278,&quot;sources&quot;:{&quot;jpg&quot;:&quot;https:\\\/\\\/tom-airgun.fr\\\/3587-home_default\\\/slugs-fx-hybride-55-mm-hp-22-grains.jpg&quot;}},&quot;medium_default&quot;:{&quot;url&quot;:&quot;https:\\\/\\\/tom-airgun.fr\\\/3587-medium_default\\\/slugs-fx-hybride-55-mm-hp-22-grains.jpg&quot;,&quot;width&quot;:455,&quot;height&quot;:455,&quot;sources&quot;:{&quot;jpg&quot;:&quot;https:\\\/\\\/tom-airgun.fr\\\/3587-medium_default\\\/slugs-fx-hybride-55-mm-hp-22-grains.jpg&quot;}},&quot;large_default&quot;:{&quot;url&quot;:&quot;https:\\\/\\\/tom-airgun.fr\\\/3587-large_default\\\/slugs-fx-hybride-55-mm-hp-22-grains.jpg&quot;,&quot;width&quot;:800,&quot;height&quot;:800,&quot;sources&quot;:{&quot;jpg&quot;:&quot;https:\\\/\\\/tom-airgun.fr\\\/3587-large_default\\\/slugs-fx-hybride-55-mm-hp-22-grains.jpg&quot;}}},&quot;small&quot;:{&quot;url&quot;:&quot;https:\\\/\\\/tom-airgun.fr\\\/3587-cart_default\\\/slugs-fx-hybride-55-mm-hp-22-grains.jpg&quot;,&quot;width&quot;:90,&quot;height&quot;:90,&quot;sources&quot;:{&quot;jpg&quot;:&quot;https:\\\/\\\/tom-airgun.fr\\\/3587-cart_default\\\/slugs-fx-hybride-55-mm-hp-22-grains.jpg&quot;}},&quot;medium&quot;:{&quot;url&quot;:&quot;https:\\\/\\\/tom-airgun.fr\\\/3587-home_default\\\/slugs-fx-hybride-55-mm-hp-22-grains.jpg&quot;,&quot;width&quot;:278,&quot;height&quot;:278,&quot;sources&quot;:{&quot;jpg&quot;:&quot;https:\\\/\\\/tom-airgun.fr\\\/3587-home_default\\\/slugs-fx-hybride-55-mm-hp-22-grains.jpg&quot;}},&quot;large&quot;:{&quot;url&quot;:&quot;https:\\\/\\\/tom-airgun.fr\\\/3587-large_default\\\/slugs-fx-hybride-55-mm-hp-22-grains.jpg&quot;,&quot;width&quot;:800,&quot;height&quot;:800,&quot;sources&quot;:{&quot;jpg&quot;:&quot;https:\\\/\\\/tom-airgun.fr\\\/3587-large_default\\\/slugs-fx-hybride-55-mm-hp-22-grains.jpg&quot;}},&quot;associatedVariants&quot;:[]},&quot;has_discount&quot;:false,&quot;discount_type&quot;:null,&quot;discount_percentage&quot;:null,&quot;discount_percentage_absolute&quot;:null,&quot;discount_amount&quot;:null,&quot;discount_amount_to_display&quot;:null,&quot;price_amount&quot;:22.9,&quot;unit_price_full&quot;:&quot;&quot;,&quot;show_availability&quot;:true,&quot;availability_message&quot;:&quot;Bient\\u00f4t disponible&quot;,&quot;availability_date&quot;:null,&quot;availability&quot;:&quot;available&quot;}\">\n<section class=\"product-features\">\n<dl class=\"data-sheet\">\n<dt class=\"name\">Mod\u00e8le<\/dt>\n<dd class=\"value\">Slugs FX hybride 5.5 mm HP 22 grains<\/dd>\n<dt class=\"name\">Calibre<\/dt>\n<dd class=\"value\">5.5 mm (.22)<\/dd>\n<dt class=\"name\">Poids (en grammes)<\/dt>\n<dd class=\"value\">1.42<\/dd>\n<dt class=\"name\">Type de plomb<\/dt>\n<dd class=\"value\">T\u00eate creuse<\/dd>\n<dt class=\"name\">Poids (en grains)<\/dt>\n<dd class=\"value\">22<\/dd>\n<dt class=\"name\">Quantit\u00e9<\/dt>\n<dd class=\"value\">100<\/dd>\n<\/dl>\n<\/section>\n<\/div>\n<\/div>\n<\/div>\n<div class=\"block md-bottom product-content-block\">\n<div id=\"contenu_produit\" class=\"title-block\">Contenu du produit<\/div>\n<div class=\"block-content box-bg\">\n<p>100 x\u00a0Slugs FX hybride 5.5 mm HP 22 grains<\/p>\n<\/div>\n<\/div>\n","protected":false},"excerpt":{"rendered":"<div id=\"product-description-short-17282\" class=\"product-description-short sm-bottom typo\">\n<p>Les\u00a0<strong>slugs FX Hybrid<\/strong>\u00a05.5 mm 22 grains sont une\u00a0<strong>combinaison de plomb diabolo classique et de slug<\/strong>. Cette forme originale met en avant les avantages de ces deux types de projectiles.<\/p>\n<p>Les slugs hybrides ont des dimensions externes comparables \u00e0 celles d&rsquo;un slug \u00e0\u00a0<strong>coefficient balistique \u00e9lev\u00e9<\/strong>, mais ils sont compl\u00e8tement creus\u00e9s et ont une base \u00e9vid\u00e9e, ce qui les rend\u00a0<strong>l\u00e9gers<\/strong>. Cela assure une\u00a0<strong>trajectoire plus rectiligne<\/strong>\u00a0et une\u00a0<strong>meilleure r\u00e9sistance au vent<\/strong>\u00a0pour le projectile. Ils sont con\u00e7us pour tirer \u00e0\u00a0<strong>longue distance<\/strong>, et la pointe creuse permet une\u00a0<strong>expansion<\/strong>\u00a0lorsque la cible est touch\u00e9e.<\/p>\n<p>Ces slugs FX Hybrid conviennent aussi bien aux carabines de puissance \u00e9lev\u00e9e qu&rsquo;aux PCP moins puissantes.<\/p>\n<\/div>\n<div class=\"js-product-attributes-destination mb-2 product-attributes\">\n<div class=\"attribute-item product-manufacturer\"><label>Marque<\/label>\u00a0FX AIRGUNS<\/div>\n<div class=\"attribute-item product-reference\"><label>R\u00e9f\u00e9rence<\/label>\u00a0AR0023109<\/div>\n<div class=\"EAN-13 attribute-item product-specific-references\"><label>EAN-13<\/label>\u00a00760655917411<\/div>\n<\/div>","protected":false},"featured_media":621,"comment_status":"open","ping_status":"closed","template":"","meta":[],"product_brand":[],"product_cat":[74],"product_tag":[],"class_list":{"0":"post-618","1":"product","2":"type-product","3":"status-publish","4":"has-post-thumbnail","6":"product_cat-slugs","8":"first","9":"instock","10":"shipping-taxable","11":"purchasable","12":"product-type-simple"},"yoast_head":"<!-- This site is optimized with the Yoast SEO plugin v27.4 - https:\/\/yoast.com\/product\/yoast-seo-wordpress\/ -->\n<title>Slugs FX hybride 5.5 mm HP 22 grains - Armurerie Brute<\/title>\n<meta name=\"robots\" content=\"index, follow, max-snippet:-1, max-image-preview:large, max-video-preview:-1\" \/>\n<link rel=\"canonical\" href=\"https:\/\/armureriebrute.fr\/en\/product\/slugs-fx-hybride-5-5-mm-hp-22-grains\/\" \/>\n<meta property=\"og:locale\" content=\"en_GB\" \/>\n<meta property=\"og:type\" content=\"article\" \/>\n<meta property=\"og:title\" content=\"Slugs FX hybride 5.5 mm HP 22 grains - Armurerie Brute\" \/>\n<meta property=\"og:description\" content=\"Les\u00a0slugs FX Hybrid\u00a05.5 mm 22 grains sont une\u00a0combinaison de plomb diabolo classique et de slug. Cette forme originale met en avant les avantages de ces deux types de projectiles.  Les slugs hybrides ont des dimensions externes comparables \u00e0 celles d&#039;un slug \u00e0\u00a0coefficient balistique \u00e9lev\u00e9, mais ils sont compl\u00e8tement creus\u00e9s et ont une base \u00e9vid\u00e9e, ce qui les rend\u00a0l\u00e9gers. Cela assure une\u00a0trajectoire plus rectiligne\u00a0et une\u00a0meilleure r\u00e9sistance au vent\u00a0pour le projectile. Ils sont con\u00e7us pour tirer \u00e0\u00a0longue distance, et la pointe creuse permet une\u00a0expansion\u00a0lorsque la cible est touch\u00e9e.  Ces slugs FX Hybrid conviennent aussi bien aux carabines de puissance \u00e9lev\u00e9e qu&#039;aux PCP moins puissantes.    Marque\u00a0FX AIRGUNS R\u00e9f\u00e9rence\u00a0AR0023109 EAN-13\u00a00760655917411\" \/>\n<meta property=\"og:url\" content=\"https:\/\/armureriebrute.fr\/en\/product\/slugs-fx-hybride-5-5-mm-hp-22-grains\/\" \/>\n<meta property=\"og:site_name\" content=\"Armurerie Brute\" \/>\n<meta property=\"article:modified_time\" content=\"2026-04-23T13:02:41+00:00\" \/>\n<meta property=\"og:image\" content=\"http:\/\/armureriebrute.fr\/wp-content\/uploads\/2026\/04\/slugs-fx-hybride-55-mm-hp-22-grains.jpg\" \/>\n\t<meta property=\"og:image:width\" content=\"455\" \/>\n\t<meta property=\"og:image:height\" content=\"455\" \/>\n\t<meta property=\"og:image:type\" content=\"image\/jpeg\" \/>\n<meta name=\"twitter:card\" content=\"summary_large_image\" \/>\n<meta name=\"twitter:label1\" content=\"Estimated reading time\" \/>\n\t<meta name=\"twitter:data1\" content=\"2 minutes\" \/>\n<script type=\"application\/ld+json\" class=\"yoast-schema-graph\">{\"@context\":\"https:\\\/\\\/schema.org\",\"@graph\":[{\"@type\":\"WebPage\",\"@id\":\"https:\\\/\\\/armureriebrute.fr\\\/product\\\/slugs-fx-hybride-5-5-mm-hp-22-grains\\\/\",\"url\":\"https:\\\/\\\/armureriebrute.fr\\\/product\\\/slugs-fx-hybride-5-5-mm-hp-22-grains\\\/\",\"name\":\"Slugs FX hybride 5.5 mm HP 22 grains - Armurerie Brute\",\"isPartOf\":{\"@id\":\"https:\\\/\\\/armureriebrute.fr\\\/#website\"},\"primaryImageOfPage\":{\"@id\":\"https:\\\/\\\/armureriebrute.fr\\\/product\\\/slugs-fx-hybride-5-5-mm-hp-22-grains\\\/#primaryimage\"},\"image\":{\"@id\":\"https:\\\/\\\/armureriebrute.fr\\\/product\\\/slugs-fx-hybride-5-5-mm-hp-22-grains\\\/#primaryimage\"},\"thumbnailUrl\":\"https:\\\/\\\/armureriebrute.fr\\\/wp-content\\\/uploads\\\/2026\\\/04\\\/slugs-fx-hybride-55-mm-hp-22-grains.jpg\",\"datePublished\":\"2026-04-23T13:00:55+00:00\",\"dateModified\":\"2026-04-23T13:02:41+00:00\",\"breadcrumb\":{\"@id\":\"https:\\\/\\\/armureriebrute.fr\\\/product\\\/slugs-fx-hybride-5-5-mm-hp-22-grains\\\/#breadcrumb\"},\"inLanguage\":\"en-GB\",\"potentialAction\":[{\"@type\":\"ReadAction\",\"target\":[\"https:\\\/\\\/armureriebrute.fr\\\/product\\\/slugs-fx-hybride-5-5-mm-hp-22-grains\\\/\"]}]},{\"@type\":\"ImageObject\",\"inLanguage\":\"en-GB\",\"@id\":\"https:\\\/\\\/armureriebrute.fr\\\/product\\\/slugs-fx-hybride-5-5-mm-hp-22-grains\\\/#primaryimage\",\"url\":\"https:\\\/\\\/armureriebrute.fr\\\/wp-content\\\/uploads\\\/2026\\\/04\\\/slugs-fx-hybride-55-mm-hp-22-grains.jpg\",\"contentUrl\":\"https:\\\/\\\/armureriebrute.fr\\\/wp-content\\\/uploads\\\/2026\\\/04\\\/slugs-fx-hybride-55-mm-hp-22-grains.jpg\",\"width\":455,\"height\":455},{\"@type\":\"BreadcrumbList\",\"@id\":\"https:\\\/\\\/armureriebrute.fr\\\/product\\\/slugs-fx-hybride-5-5-mm-hp-22-grains\\\/#breadcrumb\",\"itemListElement\":[{\"@type\":\"ListItem\",\"position\":1,\"name\":\"Home\",\"item\":\"https:\\\/\\\/armureriebrute.fr\\\/\"},{\"@type\":\"ListItem\",\"position\":2,\"name\":\"Shop\",\"item\":\"https:\\\/\\\/armureriebrute.fr\\\/shop\\\/\"},{\"@type\":\"ListItem\",\"position\":3,\"name\":\"Slugs FX hybride 5.5 mm HP 22 grains\"}]},{\"@type\":\"WebSite\",\"@id\":\"https:\\\/\\\/armureriebrute.fr\\\/#website\",\"url\":\"https:\\\/\\\/armureriebrute.fr\\\/\",\"name\":\"Armurerie Brute\",\"description\":\"Armurerie Brute\",\"publisher\":{\"@id\":\"https:\\\/\\\/armureriebrute.fr\\\/#organization\"},\"potentialAction\":[{\"@type\":\"SearchAction\",\"target\":{\"@type\":\"EntryPoint\",\"urlTemplate\":\"https:\\\/\\\/armureriebrute.fr\\\/?s={search_term_string}\"},\"query-input\":{\"@type\":\"PropertyValueSpecification\",\"valueRequired\":true,\"valueName\":\"search_term_string\"}}],\"inLanguage\":\"en-GB\"},{\"@type\":\"Organization\",\"@id\":\"https:\\\/\\\/armureriebrute.fr\\\/#organization\",\"name\":\"Armurerie Brute\",\"url\":\"https:\\\/\\\/armureriebrute.fr\\\/\",\"logo\":{\"@type\":\"ImageObject\",\"inLanguage\":\"en-GB\",\"@id\":\"https:\\\/\\\/armureriebrute.fr\\\/#\\\/schema\\\/logo\\\/image\\\/\",\"url\":\"http:\\\/\\\/armureriebrute.fr\\\/wp-content\\\/uploads\\\/2026\\\/04\\\/image_6409bec1-1.png\",\"contentUrl\":\"http:\\\/\\\/armureriebrute.fr\\\/wp-content\\\/uploads\\\/2026\\\/04\\\/image_6409bec1-1.png\",\"width\":1408,\"height\":768,\"caption\":\"Armurerie Brute\"},\"image\":{\"@id\":\"https:\\\/\\\/armureriebrute.fr\\\/#\\\/schema\\\/logo\\\/image\\\/\"}}]}<\/script>\n<!-- \/ Yoast SEO plugin. -->","yoast_head_json":{"title":"Slugs FX hybride 5.5 mm HP 22 grains - Armurerie Brute","robots":{"index":"index","follow":"follow","max-snippet":"max-snippet:-1","max-image-preview":"max-image-preview:large","max-video-preview":"max-video-preview:-1"},"canonical":"https:\/\/armureriebrute.fr\/en\/product\/slugs-fx-hybride-5-5-mm-hp-22-grains\/","og_locale":"en_GB","og_type":"article","og_title":"Slugs FX hybride 5.5 mm HP 22 grains - Armurerie Brute","og_description":"Les\u00a0slugs FX Hybrid\u00a05.5 mm 22 grains sont une\u00a0combinaison de plomb diabolo classique et de slug. Cette forme originale met en avant les avantages de ces deux types de projectiles.  Les slugs hybrides ont des dimensions externes comparables \u00e0 celles d'un slug \u00e0\u00a0coefficient balistique \u00e9lev\u00e9, mais ils sont compl\u00e8tement creus\u00e9s et ont une base \u00e9vid\u00e9e, ce qui les rend\u00a0l\u00e9gers. Cela assure une\u00a0trajectoire plus rectiligne\u00a0et une\u00a0meilleure r\u00e9sistance au vent\u00a0pour le projectile. Ils sont con\u00e7us pour tirer \u00e0\u00a0longue distance, et la pointe creuse permet une\u00a0expansion\u00a0lorsque la cible est touch\u00e9e.  Ces slugs FX Hybrid conviennent aussi bien aux carabines de puissance \u00e9lev\u00e9e qu'aux PCP moins puissantes.    Marque\u00a0FX AIRGUNS R\u00e9f\u00e9rence\u00a0AR0023109 EAN-13\u00a00760655917411","og_url":"https:\/\/armureriebrute.fr\/en\/product\/slugs-fx-hybride-5-5-mm-hp-22-grains\/","og_site_name":"Armurerie Brute","article_modified_time":"2026-04-23T13:02:41+00:00","og_image":[{"width":455,"height":455,"url":"http:\/\/armureriebrute.fr\/wp-content\/uploads\/2026\/04\/slugs-fx-hybride-55-mm-hp-22-grains.jpg","type":"image\/jpeg"}],"twitter_card":"summary_large_image","twitter_misc":{"Estimated reading time":"2 minutes"},"schema":{"@context":"https:\/\/schema.org","@graph":[{"@type":"WebPage","@id":"https:\/\/armureriebrute.fr\/product\/slugs-fx-hybride-5-5-mm-hp-22-grains\/","url":"https:\/\/armureriebrute.fr\/product\/slugs-fx-hybride-5-5-mm-hp-22-grains\/","name":"Slugs FX hybride 5.5 mm HP 22 grains - Armurerie Brute","isPartOf":{"@id":"https:\/\/armureriebrute.fr\/#website"},"primaryImageOfPage":{"@id":"https:\/\/armureriebrute.fr\/product\/slugs-fx-hybride-5-5-mm-hp-22-grains\/#primaryimage"},"image":{"@id":"https:\/\/armureriebrute.fr\/product\/slugs-fx-hybride-5-5-mm-hp-22-grains\/#primaryimage"},"thumbnailUrl":"https:\/\/armureriebrute.fr\/wp-content\/uploads\/2026\/04\/slugs-fx-hybride-55-mm-hp-22-grains.jpg","datePublished":"2026-04-23T13:00:55+00:00","dateModified":"2026-04-23T13:02:41+00:00","breadcrumb":{"@id":"https:\/\/armureriebrute.fr\/product\/slugs-fx-hybride-5-5-mm-hp-22-grains\/#breadcrumb"},"inLanguage":"en-GB","potentialAction":[{"@type":"ReadAction","target":["https:\/\/armureriebrute.fr\/product\/slugs-fx-hybride-5-5-mm-hp-22-grains\/"]}]},{"@type":"ImageObject","inLanguage":"en-GB","@id":"https:\/\/armureriebrute.fr\/product\/slugs-fx-hybride-5-5-mm-hp-22-grains\/#primaryimage","url":"https:\/\/armureriebrute.fr\/wp-content\/uploads\/2026\/04\/slugs-fx-hybride-55-mm-hp-22-grains.jpg","contentUrl":"https:\/\/armureriebrute.fr\/wp-content\/uploads\/2026\/04\/slugs-fx-hybride-55-mm-hp-22-grains.jpg","width":455,"height":455},{"@type":"BreadcrumbList","@id":"https:\/\/armureriebrute.fr\/product\/slugs-fx-hybride-5-5-mm-hp-22-grains\/#breadcrumb","itemListElement":[{"@type":"ListItem","position":1,"name":"Home","item":"https:\/\/armureriebrute.fr\/"},{"@type":"ListItem","position":2,"name":"Shop","item":"https:\/\/armureriebrute.fr\/shop\/"},{"@type":"ListItem","position":3,"name":"Slugs FX hybride 5.5 mm HP 22 grains"}]},{"@type":"WebSite","@id":"https:\/\/armureriebrute.fr\/#website","url":"https:\/\/armureriebrute.fr\/","name":"Brute Armoury","description":"Brute Armoury","publisher":{"@id":"https:\/\/armureriebrute.fr\/#organization"},"potentialAction":[{"@type":"SearchAction","target":{"@type":"EntryPoint","urlTemplate":"https:\/\/armureriebrute.fr\/?s={search_term_string}"},"query-input":{"@type":"PropertyValueSpecification","valueRequired":true,"valueName":"search_term_string"}}],"inLanguage":"en-GB"},{"@type":"Organization","@id":"https:\/\/armureriebrute.fr\/#organization","name":"Brute Armoury","url":"https:\/\/armureriebrute.fr\/","logo":{"@type":"ImageObject","inLanguage":"en-GB","@id":"https:\/\/armureriebrute.fr\/#\/schema\/logo\/image\/","url":"http:\/\/armureriebrute.fr\/wp-content\/uploads\/2026\/04\/image_6409bec1-1.png","contentUrl":"http:\/\/armureriebrute.fr\/wp-content\/uploads\/2026\/04\/image_6409bec1-1.png","width":1408,"height":768,"caption":"Armurerie Brute"},"image":{"@id":"https:\/\/armureriebrute.fr\/#\/schema\/logo\/image\/"}}]}},"_links":{"self":[{"href":"https:\/\/armureriebrute.fr\/en\/wp-json\/wp\/v2\/product\/618","targetHints":{"allow":["GET"]}}],"collection":[{"href":"https:\/\/armureriebrute.fr\/en\/wp-json\/wp\/v2\/product"}],"about":[{"href":"https:\/\/armureriebrute.fr\/en\/wp-json\/wp\/v2\/types\/product"}],"replies":[{"embeddable":true,"href":"https:\/\/armureriebrute.fr\/en\/wp-json\/wp\/v2\/comments?post=618"}],"wp:featuredmedia":[{"embeddable":true,"href":"https:\/\/armureriebrute.fr\/en\/wp-json\/wp\/v2\/media\/621"}],"wp:attachment":[{"href":"https:\/\/armureriebrute.fr\/en\/wp-json\/wp\/v2\/media?parent=618"}],"wp:term":[{"taxonomy":"product_brand","embeddable":true,"href":"https:\/\/armureriebrute.fr\/en\/wp-json\/wp\/v2\/product_brand?post=618"},{"taxonomy":"product_cat","embeddable":true,"href":"https:\/\/armureriebrute.fr\/en\/wp-json\/wp\/v2\/product_cat?post=618"},{"taxonomy":"product_tag","embeddable":true,"href":"https:\/\/armureriebrute.fr\/en\/wp-json\/wp\/v2\/product_tag?post=618"}],"curies":[{"name":"wp","href":"https:\/\/api.w.org\/{rel}","templated":true}]}}