{"id":685,"date":"2026-04-23T13:51:15","date_gmt":"2026-04-23T13:51:15","guid":{"rendered":"https:\/\/armureriebrute.fr\/?post_type=product&#038;p=685"},"modified":"2026-04-23T13:52:26","modified_gmt":"2026-04-23T13:52:26","slug":"lunette-de-visee-x3-3-9x40-hmd-sabre","status":"publish","type":"product","link":"https:\/\/armureriebrute.fr\/en\/product\/lunette-de-visee-x3-3-9x40-hmd-sabre\/","title":{"rendered":"Lunette de vis\u00e9e X3 3-9&#215;40 HMD Sabre"},"content":{"rendered":"<div id=\"product-description-short-17801\" class=\"product-description-short sm-bottom typo\">\n<p data-end=\"520\" data-start=\"148\">La lunette\u00a0<strong>Sabre X3 3-9&#215;40 HMD<\/strong>\u00a0est un mod\u00e8le sp\u00e9cialement con\u00e7u pour les passionn\u00e9s de tir de loisir souhaitant\u00a0<strong>am\u00e9liorer leur pr\u00e9cision<\/strong>\u00a0sur des distances courtes \u00e0 moyennes. Gr\u00e2ce \u00e0 son\u00a0<strong>grossissement variable<\/strong>\u00a0allant de\u00a0<strong>3 \u00e0 9 fois<\/strong>, elle permet de s&rsquo;adapter facilement \u00e0\u00a0<strong>diff\u00e9rentes situations<\/strong>\u00a0de tir, que ce soit pour du\u00a0<strong>plinking<\/strong>, du<strong>\u00a0tir sur cible<\/strong>\u00a0ou de l&rsquo;entra\u00eenement r\u00e9cr\u00e9atif. Avec un objectif de\u00a0<strong>40 mm<\/strong>, cette lunette offre une<strong>\u00a0bonne luminosit\u00e9<\/strong>\u00a0et une clart\u00e9 d\u2019image confortable pour une utilisation en plein jour. Son r\u00e9ticule\u00a0<strong>HMD (Half Mil Dot)<\/strong>\u00a0est con\u00e7u pour faciliter l\u2019estimation des distances et\u00a0<strong>ajuster son tir<\/strong>\u00a0sans avoir besoin d\u2019instruments complexes. C\u2019est un atout pour les tireurs amateurs qui souhaitent progresser\u00a0<strong>sans se compliquer la t\u00e2che<\/strong>.<\/p>\n<p data-end=\"1233\" data-start=\"903\"><strong>L\u00e9ger<\/strong>\u00a0et\u00a0<strong>simple \u00e0 monter<\/strong>, ce mod\u00e8le est livr\u00e9 avec des colliers adapt\u00e9s aux\u00a0<strong>rails de 11 mm<\/strong>, ce qui le rend compatible avec la majorit\u00e9 des carabines \u00e0 air comprim\u00e9. Son format\u00a0<strong>compact<\/strong>\u00a0et son\u00a0<strong>poids mod\u00e9r\u00e9<\/strong>\u00a0en font un choix id\u00e9al pour garder une\u00a0<strong>bonne maniabilit\u00e9<\/strong>\u00a0de l\u2019arme, m\u00eame apr\u00e8s plusieurs heures de tir. C\u00f4t\u00e9 r\u00e9glages, la\u00a0<strong>Sabre X3<\/strong>\u00a0propose un ajustement pr\u00e9cis\u00a0<strong>par incr\u00e9ments de clics<\/strong>, permettant de peaufiner\u00a0<strong>rapidement<\/strong>\u00a0les d\u00e9rives et l\u2019\u00e9l\u00e9vation. Ce niveau de pr\u00e9cision est particuli\u00e8rement appr\u00e9ci\u00e9 \u00e0\u00a0<strong>50 ou 100 m\u00e8tres<\/strong>, distances courantes dans la pratique du tir de loisir.<\/p>\n<\/div>\n<div class=\"js-product-attributes-destination mb-2 product-attributes\">\n<div class=\"attribute-item product-manufacturer\"><label>Marque<\/label>\u00a0Sabre<\/div>\n<div class=\"attribute-item product-reference\"><label>R\u00e9f\u00e9rence<\/label>\u00a0SAB11<\/div>\n<div class=\"EAN-13 attribute-item product-specific-references\"><label>EAN-13<\/label>\u00a09420008995589<\/div>\n<\/div>","protected":false},"excerpt":{"rendered":"<p>La lunette\u00a0Sabre X3 3-9&#215;40 HMD\u00a0est un mod\u00e8le sp\u00e9cialement con\u00e7u pour les passionn\u00e9s de tir de loisir souhaitant\u00a0am\u00e9liorer leur pr\u00e9cision\u00a0sur des distances courtes \u00e0 moyennes. Gr\u00e2ce \u00e0 son\u00a0grossissement variable\u00a0allant de\u00a03 \u00e0 9 fois, elle permet de s&rsquo;adapter facilement \u00e0\u00a0diff\u00e9rentes situations\u00a0de tir, que ce soit pour du\u00a0plinking, du\u00a0tir sur cible\u00a0ou de l&rsquo;entra\u00eenement r\u00e9cr\u00e9atif. Avec un objectif de\u00a040 [&#8230;]\n","protected":false},"featured_media":686,"comment_status":"open","ping_status":"closed","template":"","meta":[],"product_brand":[],"product_cat":[75],"product_tag":[],"class_list":{"0":"post-685","1":"product","2":"type-product","3":"status-publish","4":"has-post-thumbnail","6":"product_cat-lunettes-de-visee","8":"first","9":"instock","10":"shipping-taxable","11":"purchasable","12":"product-type-simple"},"yoast_head":"<!-- This site is optimized with the Yoast SEO plugin v27.4 - https:\/\/yoast.com\/product\/yoast-seo-wordpress\/ -->\n<title>Lunette de vis\u00e9e X3 3-9x40 HMD Sabre - Armurerie Brute<\/title>\n<meta name=\"robots\" content=\"index, follow, max-snippet:-1, max-image-preview:large, max-video-preview:-1\" \/>\n<link rel=\"canonical\" href=\"https:\/\/armureriebrute.fr\/en\/product\/lunette-de-visee-x3-3-9x40-hmd-sabre\/\" \/>\n<meta property=\"og:locale\" content=\"en_GB\" \/>\n<meta property=\"og:type\" content=\"article\" \/>\n<meta property=\"og:title\" content=\"Lunette de vis\u00e9e X3 3-9x40 HMD Sabre - Armurerie Brute\" \/>\n<meta property=\"og:description\" content=\"La lunette\u00a0Sabre X3 3-9&#215;40 HMD\u00a0est un mod\u00e8le sp\u00e9cialement con\u00e7u pour les passionn\u00e9s de tir de loisir souhaitant\u00a0am\u00e9liorer leur pr\u00e9cision\u00a0sur des distances courtes \u00e0 moyennes. Gr\u00e2ce \u00e0 son\u00a0grossissement variable\u00a0allant de\u00a03 \u00e0 9 fois, elle permet de s&rsquo;adapter facilement \u00e0\u00a0diff\u00e9rentes situations\u00a0de tir, que ce soit pour du\u00a0plinking, du\u00a0tir sur cible\u00a0ou de l&rsquo;entra\u00eenement r\u00e9cr\u00e9atif. Avec un objectif de\u00a040 [...]\" \/>\n<meta property=\"og:url\" content=\"https:\/\/armureriebrute.fr\/en\/product\/lunette-de-visee-x3-3-9x40-hmd-sabre\/\" \/>\n<meta property=\"og:site_name\" content=\"Armurerie Brute\" \/>\n<meta property=\"article:modified_time\" content=\"2026-04-23T13:52:26+00:00\" \/>\n<meta property=\"og:image\" content=\"http:\/\/armureriebrute.fr\/wp-content\/uploads\/2026\/04\/lunette-de-visee-x3-3-9x40-hmd-sabre.jpg\" \/>\n\t<meta property=\"og:image:width\" content=\"455\" \/>\n\t<meta property=\"og:image:height\" content=\"455\" \/>\n\t<meta property=\"og:image:type\" content=\"image\/jpeg\" \/>\n<meta name=\"twitter:card\" content=\"summary_large_image\" \/>\n<meta name=\"twitter:label1\" content=\"Estimated reading time\" \/>\n\t<meta name=\"twitter:data1\" content=\"2 minutes\" \/>\n<script type=\"application\/ld+json\" class=\"yoast-schema-graph\">{\"@context\":\"https:\\\/\\\/schema.org\",\"@graph\":[{\"@type\":\"WebPage\",\"@id\":\"https:\\\/\\\/armureriebrute.fr\\\/product\\\/lunette-de-visee-x3-3-9x40-hmd-sabre\\\/\",\"url\":\"https:\\\/\\\/armureriebrute.fr\\\/product\\\/lunette-de-visee-x3-3-9x40-hmd-sabre\\\/\",\"name\":\"Lunette de vis\u00e9e X3 3-9x40 HMD Sabre - Armurerie Brute\",\"isPartOf\":{\"@id\":\"https:\\\/\\\/armureriebrute.fr\\\/#website\"},\"primaryImageOfPage\":{\"@id\":\"https:\\\/\\\/armureriebrute.fr\\\/product\\\/lunette-de-visee-x3-3-9x40-hmd-sabre\\\/#primaryimage\"},\"image\":{\"@id\":\"https:\\\/\\\/armureriebrute.fr\\\/product\\\/lunette-de-visee-x3-3-9x40-hmd-sabre\\\/#primaryimage\"},\"thumbnailUrl\":\"https:\\\/\\\/armureriebrute.fr\\\/wp-content\\\/uploads\\\/2026\\\/04\\\/lunette-de-visee-x3-3-9x40-hmd-sabre.jpg\",\"datePublished\":\"2026-04-23T13:51:15+00:00\",\"dateModified\":\"2026-04-23T13:52:26+00:00\",\"breadcrumb\":{\"@id\":\"https:\\\/\\\/armureriebrute.fr\\\/product\\\/lunette-de-visee-x3-3-9x40-hmd-sabre\\\/#breadcrumb\"},\"inLanguage\":\"en-GB\",\"potentialAction\":[{\"@type\":\"ReadAction\",\"target\":[\"https:\\\/\\\/armureriebrute.fr\\\/product\\\/lunette-de-visee-x3-3-9x40-hmd-sabre\\\/\"]}]},{\"@type\":\"ImageObject\",\"inLanguage\":\"en-GB\",\"@id\":\"https:\\\/\\\/armureriebrute.fr\\\/product\\\/lunette-de-visee-x3-3-9x40-hmd-sabre\\\/#primaryimage\",\"url\":\"https:\\\/\\\/armureriebrute.fr\\\/wp-content\\\/uploads\\\/2026\\\/04\\\/lunette-de-visee-x3-3-9x40-hmd-sabre.jpg\",\"contentUrl\":\"https:\\\/\\\/armureriebrute.fr\\\/wp-content\\\/uploads\\\/2026\\\/04\\\/lunette-de-visee-x3-3-9x40-hmd-sabre.jpg\",\"width\":455,\"height\":455},{\"@type\":\"BreadcrumbList\",\"@id\":\"https:\\\/\\\/armureriebrute.fr\\\/product\\\/lunette-de-visee-x3-3-9x40-hmd-sabre\\\/#breadcrumb\",\"itemListElement\":[{\"@type\":\"ListItem\",\"position\":1,\"name\":\"Home\",\"item\":\"https:\\\/\\\/armureriebrute.fr\\\/\"},{\"@type\":\"ListItem\",\"position\":2,\"name\":\"Shop\",\"item\":\"https:\\\/\\\/armureriebrute.fr\\\/shop\\\/\"},{\"@type\":\"ListItem\",\"position\":3,\"name\":\"Lunette de vis\u00e9e X3 3-9&#215;40 HMD Sabre\"}]},{\"@type\":\"WebSite\",\"@id\":\"https:\\\/\\\/armureriebrute.fr\\\/#website\",\"url\":\"https:\\\/\\\/armureriebrute.fr\\\/\",\"name\":\"Armurerie Brute\",\"description\":\"Armurerie Brute\",\"publisher\":{\"@id\":\"https:\\\/\\\/armureriebrute.fr\\\/#organization\"},\"potentialAction\":[{\"@type\":\"SearchAction\",\"target\":{\"@type\":\"EntryPoint\",\"urlTemplate\":\"https:\\\/\\\/armureriebrute.fr\\\/?s={search_term_string}\"},\"query-input\":{\"@type\":\"PropertyValueSpecification\",\"valueRequired\":true,\"valueName\":\"search_term_string\"}}],\"inLanguage\":\"en-GB\"},{\"@type\":\"Organization\",\"@id\":\"https:\\\/\\\/armureriebrute.fr\\\/#organization\",\"name\":\"Armurerie Brute\",\"url\":\"https:\\\/\\\/armureriebrute.fr\\\/\",\"logo\":{\"@type\":\"ImageObject\",\"inLanguage\":\"en-GB\",\"@id\":\"https:\\\/\\\/armureriebrute.fr\\\/#\\\/schema\\\/logo\\\/image\\\/\",\"url\":\"http:\\\/\\\/armureriebrute.fr\\\/wp-content\\\/uploads\\\/2026\\\/04\\\/image_6409bec1-1.png\",\"contentUrl\":\"http:\\\/\\\/armureriebrute.fr\\\/wp-content\\\/uploads\\\/2026\\\/04\\\/image_6409bec1-1.png\",\"width\":1408,\"height\":768,\"caption\":\"Armurerie Brute\"},\"image\":{\"@id\":\"https:\\\/\\\/armureriebrute.fr\\\/#\\\/schema\\\/logo\\\/image\\\/\"}}]}<\/script>\n<!-- \/ Yoast SEO plugin. -->","yoast_head_json":{"title":"Lunette de vis\u00e9e X3 3-9x40 HMD Sabre - Armurerie Brute","robots":{"index":"index","follow":"follow","max-snippet":"max-snippet:-1","max-image-preview":"max-image-preview:large","max-video-preview":"max-video-preview:-1"},"canonical":"https:\/\/armureriebrute.fr\/en\/product\/lunette-de-visee-x3-3-9x40-hmd-sabre\/","og_locale":"en_GB","og_type":"article","og_title":"Lunette de vis\u00e9e X3 3-9x40 HMD Sabre - Armurerie Brute","og_description":"La lunette\u00a0Sabre X3 3-9&#215;40 HMD\u00a0est un mod\u00e8le sp\u00e9cialement con\u00e7u pour les passionn\u00e9s de tir de loisir souhaitant\u00a0am\u00e9liorer leur pr\u00e9cision\u00a0sur des distances courtes \u00e0 moyennes. Gr\u00e2ce \u00e0 son\u00a0grossissement variable\u00a0allant de\u00a03 \u00e0 9 fois, elle permet de s&rsquo;adapter facilement \u00e0\u00a0diff\u00e9rentes situations\u00a0de tir, que ce soit pour du\u00a0plinking, du\u00a0tir sur cible\u00a0ou de l&rsquo;entra\u00eenement r\u00e9cr\u00e9atif. Avec un objectif de\u00a040 [...]","og_url":"https:\/\/armureriebrute.fr\/en\/product\/lunette-de-visee-x3-3-9x40-hmd-sabre\/","og_site_name":"Armurerie Brute","article_modified_time":"2026-04-23T13:52:26+00:00","og_image":[{"width":455,"height":455,"url":"http:\/\/armureriebrute.fr\/wp-content\/uploads\/2026\/04\/lunette-de-visee-x3-3-9x40-hmd-sabre.jpg","type":"image\/jpeg"}],"twitter_card":"summary_large_image","twitter_misc":{"Estimated reading time":"2 minutes"},"schema":{"@context":"https:\/\/schema.org","@graph":[{"@type":"WebPage","@id":"https:\/\/armureriebrute.fr\/product\/lunette-de-visee-x3-3-9x40-hmd-sabre\/","url":"https:\/\/armureriebrute.fr\/product\/lunette-de-visee-x3-3-9x40-hmd-sabre\/","name":"Lunette de vis\u00e9e X3 3-9x40 HMD Sabre - Armurerie Brute","isPartOf":{"@id":"https:\/\/armureriebrute.fr\/#website"},"primaryImageOfPage":{"@id":"https:\/\/armureriebrute.fr\/product\/lunette-de-visee-x3-3-9x40-hmd-sabre\/#primaryimage"},"image":{"@id":"https:\/\/armureriebrute.fr\/product\/lunette-de-visee-x3-3-9x40-hmd-sabre\/#primaryimage"},"thumbnailUrl":"https:\/\/armureriebrute.fr\/wp-content\/uploads\/2026\/04\/lunette-de-visee-x3-3-9x40-hmd-sabre.jpg","datePublished":"2026-04-23T13:51:15+00:00","dateModified":"2026-04-23T13:52:26+00:00","breadcrumb":{"@id":"https:\/\/armureriebrute.fr\/product\/lunette-de-visee-x3-3-9x40-hmd-sabre\/#breadcrumb"},"inLanguage":"en-GB","potentialAction":[{"@type":"ReadAction","target":["https:\/\/armureriebrute.fr\/product\/lunette-de-visee-x3-3-9x40-hmd-sabre\/"]}]},{"@type":"ImageObject","inLanguage":"en-GB","@id":"https:\/\/armureriebrute.fr\/product\/lunette-de-visee-x3-3-9x40-hmd-sabre\/#primaryimage","url":"https:\/\/armureriebrute.fr\/wp-content\/uploads\/2026\/04\/lunette-de-visee-x3-3-9x40-hmd-sabre.jpg","contentUrl":"https:\/\/armureriebrute.fr\/wp-content\/uploads\/2026\/04\/lunette-de-visee-x3-3-9x40-hmd-sabre.jpg","width":455,"height":455},{"@type":"BreadcrumbList","@id":"https:\/\/armureriebrute.fr\/product\/lunette-de-visee-x3-3-9x40-hmd-sabre\/#breadcrumb","itemListElement":[{"@type":"ListItem","position":1,"name":"Home","item":"https:\/\/armureriebrute.fr\/"},{"@type":"ListItem","position":2,"name":"Shop","item":"https:\/\/armureriebrute.fr\/shop\/"},{"@type":"ListItem","position":3,"name":"Lunette de vis\u00e9e X3 3-9&#215;40 HMD Sabre"}]},{"@type":"WebSite","@id":"https:\/\/armureriebrute.fr\/#website","url":"https:\/\/armureriebrute.fr\/","name":"Brute Armoury","description":"Brute Armoury","publisher":{"@id":"https:\/\/armureriebrute.fr\/#organization"},"potentialAction":[{"@type":"SearchAction","target":{"@type":"EntryPoint","urlTemplate":"https:\/\/armureriebrute.fr\/?s={search_term_string}"},"query-input":{"@type":"PropertyValueSpecification","valueRequired":true,"valueName":"search_term_string"}}],"inLanguage":"en-GB"},{"@type":"Organization","@id":"https:\/\/armureriebrute.fr\/#organization","name":"Brute Armoury","url":"https:\/\/armureriebrute.fr\/","logo":{"@type":"ImageObject","inLanguage":"en-GB","@id":"https:\/\/armureriebrute.fr\/#\/schema\/logo\/image\/","url":"http:\/\/armureriebrute.fr\/wp-content\/uploads\/2026\/04\/image_6409bec1-1.png","contentUrl":"http:\/\/armureriebrute.fr\/wp-content\/uploads\/2026\/04\/image_6409bec1-1.png","width":1408,"height":768,"caption":"Armurerie Brute"},"image":{"@id":"https:\/\/armureriebrute.fr\/#\/schema\/logo\/image\/"}}]}},"_links":{"self":[{"href":"https:\/\/armureriebrute.fr\/en\/wp-json\/wp\/v2\/product\/685","targetHints":{"allow":["GET"]}}],"collection":[{"href":"https:\/\/armureriebrute.fr\/en\/wp-json\/wp\/v2\/product"}],"about":[{"href":"https:\/\/armureriebrute.fr\/en\/wp-json\/wp\/v2\/types\/product"}],"replies":[{"embeddable":true,"href":"https:\/\/armureriebrute.fr\/en\/wp-json\/wp\/v2\/comments?post=685"}],"wp:featuredmedia":[{"embeddable":true,"href":"https:\/\/armureriebrute.fr\/en\/wp-json\/wp\/v2\/media\/686"}],"wp:attachment":[{"href":"https:\/\/armureriebrute.fr\/en\/wp-json\/wp\/v2\/media?parent=685"}],"wp:term":[{"taxonomy":"product_brand","embeddable":true,"href":"https:\/\/armureriebrute.fr\/en\/wp-json\/wp\/v2\/product_brand?post=685"},{"taxonomy":"product_cat","embeddable":true,"href":"https:\/\/armureriebrute.fr\/en\/wp-json\/wp\/v2\/product_cat?post=685"},{"taxonomy":"product_tag","embeddable":true,"href":"https:\/\/armureriebrute.fr\/en\/wp-json\/wp\/v2\/product_tag?post=685"}],"curies":[{"name":"wp","href":"https:\/\/api.w.org\/{rel}","templated":true}]}}