{"id":703,"date":"2026-04-23T14:05:06","date_gmt":"2026-04-23T14:05:06","guid":{"rendered":"https:\/\/armureriebrute.fr\/?post_type=product&#038;p=703"},"modified":"2026-04-23T14:06:58","modified_gmt":"2026-04-23T14:06:58","slug":"mini-trepied-longshot-target-camera","status":"publish","type":"product","link":"https:\/\/armureriebrute.fr\/en\/product\/mini-trepied-longshot-target-camera\/","title":{"rendered":"Mini tr\u00e9pied Longshot Target Camera"},"content":{"rendered":"<div id=\"product-description-short-16949\" class=\"product-description-short sm-bottom typo\">\n<p>Le mini\u00a0<strong>tr\u00e9pied Longshot Target Camera<\/strong>\u00a0est l&rsquo;accessoire id\u00e9al pour plus de\u00a0<strong>stabilit\u00e9<\/strong>\u00a0et de\u00a0<strong>pr\u00e9cision<\/strong>\u00a0pour votre syst\u00e8me de cam\u00e9ra.<\/p>\n<p>Sa constitution en\u00a0<strong>aluminium<\/strong>\u00a0le rend tr\u00e8s r\u00e9sistant, et ses 3 sabots en\u00a0<strong>silicone<\/strong>\u00a0assurent une\u00a0<strong>stabilit\u00e9 et un maintien<\/strong>\u00a0parfaits au sol. Par ailleurs, tous les \u00e9l\u00e9ments coulissants fonctionnent\u00a0<strong>en silence et en douceur<\/strong>.<\/p>\n<p>Gr\u00e2ce \u00e0 ce mini tr\u00e9pied\u00a0<strong>Longshot<\/strong>, vous garderez votre cam\u00e9ra de cible dans la\u00a0<strong>position id\u00e9ale<\/strong><strong>\u00a0<\/strong>lors de vos sessions de<strong>\u00a0tir longue port\u00e9e.<\/strong><\/p>\n<\/div>\n<div class=\"js-product-attributes-destination mb-2 product-attributes\">\n<div class=\"attribute-item product-manufacturer\"><label>Marque<\/label>\u00a0Longshot<\/div>\n<div class=\"attribute-item product-reference\"><label>R\u00e9f\u00e9rence<\/label>\u00a0TV-AT101<\/div>\n<div class=\"EAN-13 attribute-item product-specific-references\"><label>EAN-13<\/label>\u00a02000000236667<\/div>\n<\/div>","protected":false},"excerpt":{"rendered":"<div id=\"product-description-short-16805\" class=\"product-description-short sm-bottom typo\">\n<p>Bog vous pr\u00e9sente un\u00a0<strong>tr\u00e9pied de toute derni\u00e8re g\u00e9n\u00e9ration<\/strong>\u00a0: Le Deathgrip dans sa version carbone. L&rsquo;innovation principale r\u00e9side dans son\u00a0<strong>syst\u00e8me de fixation<\/strong>\u00a0de l&rsquo;arme par une \u00ab\u00a0m\u00e2choire\u00a0\u00bb qui permet un\u00a0<strong>maintien efficace<\/strong>\u00a0de cette derni\u00e8re lors de vos s\u00e9ances de tir. Vous obtiendrez ainsi une<strong>\u00a0tr\u00e8s grande stabilit\u00e9<\/strong>\u00a0pour une pr\u00e9cision optimale.<\/p>\n<\/div>\n<div class=\"js-product-attributes-destination mb-2 product-attributes\">\n<div class=\"attribute-item product-manufacturer\"><label>Marque<\/label>\u00a0BOG<\/div>\n<div class=\"attribute-item product-reference\"><label>R\u00e9f\u00e9rence<\/label>\u00a0781700<\/div>\n<div class=\"EAN-13 attribute-item product-specific-references\"><label>EAN-13<\/label>\u00a00661120416708<\/div>\n<\/div>","protected":false},"featured_media":704,"comment_status":"open","ping_status":"closed","template":"","meta":[],"product_brand":[],"product_cat":[76],"product_tag":[],"class_list":{"0":"post-703","1":"product","2":"type-product","3":"status-publish","4":"has-post-thumbnail","6":"product_cat-trepied","8":"first","9":"instock","10":"shipping-taxable","11":"purchasable","12":"product-type-simple"},"yoast_head":"<!-- This site is optimized with the Yoast SEO plugin v27.4 - https:\/\/yoast.com\/product\/yoast-seo-wordpress\/ -->\n<title>Mini tr\u00e9pied Longshot Target Camera - Armurerie Brute<\/title>\n<meta name=\"robots\" content=\"index, follow, max-snippet:-1, max-image-preview:large, max-video-preview:-1\" \/>\n<link rel=\"canonical\" href=\"https:\/\/armureriebrute.fr\/en\/product\/mini-trepied-longshot-target-camera\/\" \/>\n<meta property=\"og:locale\" content=\"en_GB\" \/>\n<meta property=\"og:type\" content=\"article\" \/>\n<meta property=\"og:title\" content=\"Mini tr\u00e9pied Longshot Target Camera - Armurerie Brute\" \/>\n<meta property=\"og:description\" content=\"Bog vous pr\u00e9sente un\u00a0tr\u00e9pied de toute derni\u00e8re g\u00e9n\u00e9ration\u00a0: Le Deathgrip dans sa version carbone. L&#039;innovation principale r\u00e9side dans son\u00a0syst\u00e8me de fixation\u00a0de l&#039;arme par une &quot;m\u00e2choire&quot; qui permet un\u00a0maintien efficace\u00a0de cette derni\u00e8re lors de vos s\u00e9ances de tir. Vous obtiendrez ainsi une\u00a0tr\u00e8s grande stabilit\u00e9\u00a0pour une pr\u00e9cision optimale.    Marque\u00a0BOG R\u00e9f\u00e9rence\u00a0781700 EAN-13\u00a00661120416708\" \/>\n<meta property=\"og:url\" content=\"https:\/\/armureriebrute.fr\/en\/product\/mini-trepied-longshot-target-camera\/\" \/>\n<meta property=\"og:site_name\" content=\"Armurerie Brute\" \/>\n<meta property=\"article:modified_time\" content=\"2026-04-23T14:06:58+00:00\" \/>\n<meta property=\"og:image\" content=\"http:\/\/armureriebrute.fr\/wp-content\/uploads\/2026\/04\/mini-trepied-longshot-target-camera.jpg\" \/>\n\t<meta property=\"og:image:width\" content=\"455\" \/>\n\t<meta property=\"og:image:height\" content=\"455\" \/>\n\t<meta property=\"og:image:type\" content=\"image\/jpeg\" \/>\n<meta name=\"twitter:card\" content=\"summary_large_image\" \/>\n<meta name=\"twitter:label1\" content=\"Estimated reading time\" \/>\n\t<meta name=\"twitter:data1\" content=\"1 minute\" \/>\n<script type=\"application\/ld+json\" class=\"yoast-schema-graph\">{\"@context\":\"https:\\\/\\\/schema.org\",\"@graph\":[{\"@type\":\"WebPage\",\"@id\":\"https:\\\/\\\/armureriebrute.fr\\\/product\\\/mini-trepied-longshot-target-camera\\\/\",\"url\":\"https:\\\/\\\/armureriebrute.fr\\\/product\\\/mini-trepied-longshot-target-camera\\\/\",\"name\":\"Mini tr\u00e9pied Longshot Target Camera - Armurerie Brute\",\"isPartOf\":{\"@id\":\"https:\\\/\\\/armureriebrute.fr\\\/#website\"},\"primaryImageOfPage\":{\"@id\":\"https:\\\/\\\/armureriebrute.fr\\\/product\\\/mini-trepied-longshot-target-camera\\\/#primaryimage\"},\"image\":{\"@id\":\"https:\\\/\\\/armureriebrute.fr\\\/product\\\/mini-trepied-longshot-target-camera\\\/#primaryimage\"},\"thumbnailUrl\":\"https:\\\/\\\/armureriebrute.fr\\\/wp-content\\\/uploads\\\/2026\\\/04\\\/mini-trepied-longshot-target-camera.jpg\",\"datePublished\":\"2026-04-23T14:05:06+00:00\",\"dateModified\":\"2026-04-23T14:06:58+00:00\",\"breadcrumb\":{\"@id\":\"https:\\\/\\\/armureriebrute.fr\\\/product\\\/mini-trepied-longshot-target-camera\\\/#breadcrumb\"},\"inLanguage\":\"en-GB\",\"potentialAction\":[{\"@type\":\"ReadAction\",\"target\":[\"https:\\\/\\\/armureriebrute.fr\\\/product\\\/mini-trepied-longshot-target-camera\\\/\"]}]},{\"@type\":\"ImageObject\",\"inLanguage\":\"en-GB\",\"@id\":\"https:\\\/\\\/armureriebrute.fr\\\/product\\\/mini-trepied-longshot-target-camera\\\/#primaryimage\",\"url\":\"https:\\\/\\\/armureriebrute.fr\\\/wp-content\\\/uploads\\\/2026\\\/04\\\/mini-trepied-longshot-target-camera.jpg\",\"contentUrl\":\"https:\\\/\\\/armureriebrute.fr\\\/wp-content\\\/uploads\\\/2026\\\/04\\\/mini-trepied-longshot-target-camera.jpg\",\"width\":455,\"height\":455},{\"@type\":\"BreadcrumbList\",\"@id\":\"https:\\\/\\\/armureriebrute.fr\\\/product\\\/mini-trepied-longshot-target-camera\\\/#breadcrumb\",\"itemListElement\":[{\"@type\":\"ListItem\",\"position\":1,\"name\":\"Home\",\"item\":\"https:\\\/\\\/armureriebrute.fr\\\/\"},{\"@type\":\"ListItem\",\"position\":2,\"name\":\"Shop\",\"item\":\"https:\\\/\\\/armureriebrute.fr\\\/shop\\\/\"},{\"@type\":\"ListItem\",\"position\":3,\"name\":\"Mini tr\u00e9pied Longshot Target Camera\"}]},{\"@type\":\"WebSite\",\"@id\":\"https:\\\/\\\/armureriebrute.fr\\\/#website\",\"url\":\"https:\\\/\\\/armureriebrute.fr\\\/\",\"name\":\"Armurerie Brute\",\"description\":\"Armurerie Brute\",\"publisher\":{\"@id\":\"https:\\\/\\\/armureriebrute.fr\\\/#organization\"},\"potentialAction\":[{\"@type\":\"SearchAction\",\"target\":{\"@type\":\"EntryPoint\",\"urlTemplate\":\"https:\\\/\\\/armureriebrute.fr\\\/?s={search_term_string}\"},\"query-input\":{\"@type\":\"PropertyValueSpecification\",\"valueRequired\":true,\"valueName\":\"search_term_string\"}}],\"inLanguage\":\"en-GB\"},{\"@type\":\"Organization\",\"@id\":\"https:\\\/\\\/armureriebrute.fr\\\/#organization\",\"name\":\"Armurerie Brute\",\"url\":\"https:\\\/\\\/armureriebrute.fr\\\/\",\"logo\":{\"@type\":\"ImageObject\",\"inLanguage\":\"en-GB\",\"@id\":\"https:\\\/\\\/armureriebrute.fr\\\/#\\\/schema\\\/logo\\\/image\\\/\",\"url\":\"http:\\\/\\\/armureriebrute.fr\\\/wp-content\\\/uploads\\\/2026\\\/04\\\/image_6409bec1-1.png\",\"contentUrl\":\"http:\\\/\\\/armureriebrute.fr\\\/wp-content\\\/uploads\\\/2026\\\/04\\\/image_6409bec1-1.png\",\"width\":1408,\"height\":768,\"caption\":\"Armurerie Brute\"},\"image\":{\"@id\":\"https:\\\/\\\/armureriebrute.fr\\\/#\\\/schema\\\/logo\\\/image\\\/\"}}]}<\/script>\n<!-- \/ Yoast SEO plugin. -->","yoast_head_json":{"title":"Mini tr\u00e9pied Longshot Target Camera - Armurerie Brute","robots":{"index":"index","follow":"follow","max-snippet":"max-snippet:-1","max-image-preview":"max-image-preview:large","max-video-preview":"max-video-preview:-1"},"canonical":"https:\/\/armureriebrute.fr\/en\/product\/mini-trepied-longshot-target-camera\/","og_locale":"en_GB","og_type":"article","og_title":"Mini tr\u00e9pied Longshot Target Camera - Armurerie Brute","og_description":"Bog vous pr\u00e9sente un\u00a0tr\u00e9pied de toute derni\u00e8re g\u00e9n\u00e9ration\u00a0: Le Deathgrip dans sa version carbone. L'innovation principale r\u00e9side dans son\u00a0syst\u00e8me de fixation\u00a0de l'arme par une \"m\u00e2choire\" qui permet un\u00a0maintien efficace\u00a0de cette derni\u00e8re lors de vos s\u00e9ances de tir. Vous obtiendrez ainsi une\u00a0tr\u00e8s grande stabilit\u00e9\u00a0pour une pr\u00e9cision optimale.    Marque\u00a0BOG R\u00e9f\u00e9rence\u00a0781700 EAN-13\u00a00661120416708","og_url":"https:\/\/armureriebrute.fr\/en\/product\/mini-trepied-longshot-target-camera\/","og_site_name":"Armurerie Brute","article_modified_time":"2026-04-23T14:06:58+00:00","og_image":[{"width":455,"height":455,"url":"http:\/\/armureriebrute.fr\/wp-content\/uploads\/2026\/04\/mini-trepied-longshot-target-camera.jpg","type":"image\/jpeg"}],"twitter_card":"summary_large_image","twitter_misc":{"Estimated reading time":"1 minute"},"schema":{"@context":"https:\/\/schema.org","@graph":[{"@type":"WebPage","@id":"https:\/\/armureriebrute.fr\/product\/mini-trepied-longshot-target-camera\/","url":"https:\/\/armureriebrute.fr\/product\/mini-trepied-longshot-target-camera\/","name":"Mini tr\u00e9pied Longshot Target Camera - Armurerie Brute","isPartOf":{"@id":"https:\/\/armureriebrute.fr\/#website"},"primaryImageOfPage":{"@id":"https:\/\/armureriebrute.fr\/product\/mini-trepied-longshot-target-camera\/#primaryimage"},"image":{"@id":"https:\/\/armureriebrute.fr\/product\/mini-trepied-longshot-target-camera\/#primaryimage"},"thumbnailUrl":"https:\/\/armureriebrute.fr\/wp-content\/uploads\/2026\/04\/mini-trepied-longshot-target-camera.jpg","datePublished":"2026-04-23T14:05:06+00:00","dateModified":"2026-04-23T14:06:58+00:00","breadcrumb":{"@id":"https:\/\/armureriebrute.fr\/product\/mini-trepied-longshot-target-camera\/#breadcrumb"},"inLanguage":"en-GB","potentialAction":[{"@type":"ReadAction","target":["https:\/\/armureriebrute.fr\/product\/mini-trepied-longshot-target-camera\/"]}]},{"@type":"ImageObject","inLanguage":"en-GB","@id":"https:\/\/armureriebrute.fr\/product\/mini-trepied-longshot-target-camera\/#primaryimage","url":"https:\/\/armureriebrute.fr\/wp-content\/uploads\/2026\/04\/mini-trepied-longshot-target-camera.jpg","contentUrl":"https:\/\/armureriebrute.fr\/wp-content\/uploads\/2026\/04\/mini-trepied-longshot-target-camera.jpg","width":455,"height":455},{"@type":"BreadcrumbList","@id":"https:\/\/armureriebrute.fr\/product\/mini-trepied-longshot-target-camera\/#breadcrumb","itemListElement":[{"@type":"ListItem","position":1,"name":"Home","item":"https:\/\/armureriebrute.fr\/"},{"@type":"ListItem","position":2,"name":"Shop","item":"https:\/\/armureriebrute.fr\/shop\/"},{"@type":"ListItem","position":3,"name":"Mini tr\u00e9pied Longshot Target Camera"}]},{"@type":"WebSite","@id":"https:\/\/armureriebrute.fr\/#website","url":"https:\/\/armureriebrute.fr\/","name":"Brute Armoury","description":"Brute Armoury","publisher":{"@id":"https:\/\/armureriebrute.fr\/#organization"},"potentialAction":[{"@type":"SearchAction","target":{"@type":"EntryPoint","urlTemplate":"https:\/\/armureriebrute.fr\/?s={search_term_string}"},"query-input":{"@type":"PropertyValueSpecification","valueRequired":true,"valueName":"search_term_string"}}],"inLanguage":"en-GB"},{"@type":"Organization","@id":"https:\/\/armureriebrute.fr\/#organization","name":"Brute Armoury","url":"https:\/\/armureriebrute.fr\/","logo":{"@type":"ImageObject","inLanguage":"en-GB","@id":"https:\/\/armureriebrute.fr\/#\/schema\/logo\/image\/","url":"http:\/\/armureriebrute.fr\/wp-content\/uploads\/2026\/04\/image_6409bec1-1.png","contentUrl":"http:\/\/armureriebrute.fr\/wp-content\/uploads\/2026\/04\/image_6409bec1-1.png","width":1408,"height":768,"caption":"Armurerie Brute"},"image":{"@id":"https:\/\/armureriebrute.fr\/#\/schema\/logo\/image\/"}}]}},"_links":{"self":[{"href":"https:\/\/armureriebrute.fr\/en\/wp-json\/wp\/v2\/product\/703","targetHints":{"allow":["GET"]}}],"collection":[{"href":"https:\/\/armureriebrute.fr\/en\/wp-json\/wp\/v2\/product"}],"about":[{"href":"https:\/\/armureriebrute.fr\/en\/wp-json\/wp\/v2\/types\/product"}],"replies":[{"embeddable":true,"href":"https:\/\/armureriebrute.fr\/en\/wp-json\/wp\/v2\/comments?post=703"}],"wp:featuredmedia":[{"embeddable":true,"href":"https:\/\/armureriebrute.fr\/en\/wp-json\/wp\/v2\/media\/704"}],"wp:attachment":[{"href":"https:\/\/armureriebrute.fr\/en\/wp-json\/wp\/v2\/media?parent=703"}],"wp:term":[{"taxonomy":"product_brand","embeddable":true,"href":"https:\/\/armureriebrute.fr\/en\/wp-json\/wp\/v2\/product_brand?post=703"},{"taxonomy":"product_cat","embeddable":true,"href":"https:\/\/armureriebrute.fr\/en\/wp-json\/wp\/v2\/product_cat?post=703"},{"taxonomy":"product_tag","embeddable":true,"href":"https:\/\/armureriebrute.fr\/en\/wp-json\/wp\/v2\/product_tag?post=703"}],"curies":[{"name":"wp","href":"https:\/\/api.w.org\/{rel}","templated":true}]}}