{"id":709,"date":"2026-04-23T14:07:42","date_gmt":"2026-04-23T14:07:42","guid":{"rendered":"https:\/\/armureriebrute.fr\/?post_type=product&#038;p=709"},"modified":"2026-04-23T14:08:31","modified_gmt":"2026-04-23T14:08:31","slug":"trepied-infinite-arca-swiss-bog","status":"publish","type":"product","link":"https:\/\/armureriebrute.fr\/en\/product\/trepied-infinite-arca-swiss-bog\/","title":{"rendered":"Tr\u00e9pied Infinite Arca Swiss Bog"},"content":{"rendered":"<div id=\"product-description-short-17310\" class=\"product-description-short sm-bottom typo\">\n<p data-pm-slice=\"1 1 []\">Le\u00a0<strong>tr\u00e9pied Infinite Arca Swiss<\/strong>\u00a0de chez\u00a0<strong>BOG<\/strong>\u00a0se distingue par sa construction\u00a0<strong>robuste<\/strong>\u00a0en aluminium de grand diam\u00e8tre, associ\u00e9e \u00e0 des \u00e9l\u00e9ments en\u00a0<strong>caoutchouc<\/strong>\u00a0pour une prise en main confortable et une\u00a0<strong>stabilit\u00e9 optimale<\/strong>. Pesant 2 900 g, il reste\u00a0<strong>facilement transportable<\/strong>\u00a0et fiable sur le terrain. Les jambes en\u00a0<strong>3 sections<\/strong>, ajustables de<strong>\u00a0213 \u00e0 1500 mm<\/strong>\u00a0via un syst\u00e8me\u00a0<strong>twist-lock<\/strong>, offrent des\u00a0<strong>r\u00e9glages rapides et s\u00fbrs<\/strong>. Le verrouillage sur trois angles (20\u00b0, 45\u00b0, 85\u00b0) permet un<strong>\u00a0usage polyvalent<\/strong>, de la position basse \u00e0 la position haute,\u00a0<strong>quelle que soit la pente<\/strong>.<\/p>\n<p data-pm-slice=\"1 1 []\">La t\u00eate \u00e0 rotule Arca Swiss low-profile assure une\u00a0<strong>man\u0153uvrabilit\u00e9 fluide \u00e0 360\u00b0<\/strong>, avec un bouton de friction r\u00e9glable et un<strong>\u00a0niveau \u00e0 bulle int\u00e9gr\u00e9<\/strong>\u00a0pour un alignement pr\u00e9cis. Les pieds mixtes en\u00a0<strong>caoutchouc et en acier<\/strong>\u00a0garantissent une\u00a0<strong>adh\u00e9rence optimale<\/strong>\u00a0sur tous types de surfaces. Un crochet central permet de renforcer la\u00a0<strong>stabilit\u00e9<\/strong>\u00a0du tr\u00e9pied en y suspendant un poids. Compatible avec les\u00a0<strong>fusils<\/strong>,\u00a0<strong>carabines \u00e0 air<\/strong>, cam\u00e9ras et optiques Arca Swiss, il est con\u00e7u pour les\u00a0<strong>utilisateurs exigeants<\/strong>.<\/p>\n<\/div>\n<div class=\"js-product-attributes-destination mb-2 product-attributes\">\n<div class=\"attribute-item product-manufacturer\"><label>Marque<\/label>\u00a0BOG<\/div>\n<div class=\"attribute-item product-reference\"><label>R\u00e9f\u00e9rence<\/label>\u00a0AR0023220<\/div>\n<div class=\"EAN-13 attribute-item product-specific-references\"><label>EAN-13<\/label>\u00a00661120750918<\/div>\n<\/div>","protected":false},"excerpt":{"rendered":"<p>Le\u00a0tr\u00e9pied Infinite Arca Swiss\u00a0de chez\u00a0BOG\u00a0se distingue par sa construction\u00a0robuste\u00a0en aluminium de grand diam\u00e8tre, associ\u00e9e \u00e0 des \u00e9l\u00e9ments en\u00a0caoutchouc\u00a0pour une prise en main confortable et une\u00a0stabilit\u00e9 optimale. Pesant 2 900 g, il reste\u00a0facilement transportable\u00a0et fiable sur le terrain. Les jambes en\u00a03 sections, ajustables de\u00a0213 \u00e0 1500 mm\u00a0via un syst\u00e8me\u00a0twist-lock, offrent des\u00a0r\u00e9glages rapides et s\u00fbrs. Le verrouillage [&#8230;]\n","protected":false},"featured_media":710,"comment_status":"open","ping_status":"closed","template":"","meta":[],"product_brand":[],"product_cat":[76],"product_tag":[],"class_list":{"0":"post-709","1":"product","2":"type-product","3":"status-publish","4":"has-post-thumbnail","6":"product_cat-trepied","8":"first","9":"instock","10":"shipping-taxable","11":"purchasable","12":"product-type-simple"},"yoast_head":"<!-- This site is optimized with the Yoast SEO plugin v27.4 - https:\/\/yoast.com\/product\/yoast-seo-wordpress\/ -->\n<title>Tr\u00e9pied Infinite Arca Swiss Bog - Armurerie Brute<\/title>\n<meta name=\"robots\" content=\"index, follow, max-snippet:-1, max-image-preview:large, max-video-preview:-1\" \/>\n<link rel=\"canonical\" href=\"https:\/\/armureriebrute.fr\/en\/product\/trepied-infinite-arca-swiss-bog\/\" \/>\n<meta property=\"og:locale\" content=\"en_GB\" \/>\n<meta property=\"og:type\" content=\"article\" \/>\n<meta property=\"og:title\" content=\"Tr\u00e9pied Infinite Arca Swiss Bog - Armurerie Brute\" \/>\n<meta property=\"og:description\" content=\"Le\u00a0tr\u00e9pied Infinite Arca Swiss\u00a0de chez\u00a0BOG\u00a0se distingue par sa construction\u00a0robuste\u00a0en aluminium de grand diam\u00e8tre, associ\u00e9e \u00e0 des \u00e9l\u00e9ments en\u00a0caoutchouc\u00a0pour une prise en main confortable et une\u00a0stabilit\u00e9 optimale. Pesant 2 900 g, il reste\u00a0facilement transportable\u00a0et fiable sur le terrain. Les jambes en\u00a03 sections, ajustables de\u00a0213 \u00e0 1500 mm\u00a0via un syst\u00e8me\u00a0twist-lock, offrent des\u00a0r\u00e9glages rapides et s\u00fbrs. Le verrouillage [...]\" \/>\n<meta property=\"og:url\" content=\"https:\/\/armureriebrute.fr\/en\/product\/trepied-infinite-arca-swiss-bog\/\" \/>\n<meta property=\"og:site_name\" content=\"Armurerie Brute\" \/>\n<meta property=\"article:modified_time\" content=\"2026-04-23T14:08:31+00:00\" \/>\n<meta property=\"og:image\" content=\"http:\/\/armureriebrute.fr\/wp-content\/uploads\/2026\/04\/trepied-infinite-arca-swiss-bog.png\" \/>\n\t<meta property=\"og:image:width\" content=\"455\" \/>\n\t<meta property=\"og:image:height\" content=\"455\" \/>\n\t<meta property=\"og:image:type\" content=\"image\/png\" \/>\n<meta name=\"twitter:card\" content=\"summary_large_image\" \/>\n<meta name=\"twitter:label1\" content=\"Estimated reading time\" \/>\n\t<meta name=\"twitter:data1\" content=\"2 minutes\" \/>\n<script type=\"application\/ld+json\" class=\"yoast-schema-graph\">{\"@context\":\"https:\\\/\\\/schema.org\",\"@graph\":[{\"@type\":\"WebPage\",\"@id\":\"https:\\\/\\\/armureriebrute.fr\\\/product\\\/trepied-infinite-arca-swiss-bog\\\/\",\"url\":\"https:\\\/\\\/armureriebrute.fr\\\/product\\\/trepied-infinite-arca-swiss-bog\\\/\",\"name\":\"Tr\u00e9pied Infinite Arca Swiss Bog - Armurerie Brute\",\"isPartOf\":{\"@id\":\"https:\\\/\\\/armureriebrute.fr\\\/#website\"},\"primaryImageOfPage\":{\"@id\":\"https:\\\/\\\/armureriebrute.fr\\\/product\\\/trepied-infinite-arca-swiss-bog\\\/#primaryimage\"},\"image\":{\"@id\":\"https:\\\/\\\/armureriebrute.fr\\\/product\\\/trepied-infinite-arca-swiss-bog\\\/#primaryimage\"},\"thumbnailUrl\":\"https:\\\/\\\/armureriebrute.fr\\\/wp-content\\\/uploads\\\/2026\\\/04\\\/trepied-infinite-arca-swiss-bog.png\",\"datePublished\":\"2026-04-23T14:07:42+00:00\",\"dateModified\":\"2026-04-23T14:08:31+00:00\",\"breadcrumb\":{\"@id\":\"https:\\\/\\\/armureriebrute.fr\\\/product\\\/trepied-infinite-arca-swiss-bog\\\/#breadcrumb\"},\"inLanguage\":\"en-GB\",\"potentialAction\":[{\"@type\":\"ReadAction\",\"target\":[\"https:\\\/\\\/armureriebrute.fr\\\/product\\\/trepied-infinite-arca-swiss-bog\\\/\"]}]},{\"@type\":\"ImageObject\",\"inLanguage\":\"en-GB\",\"@id\":\"https:\\\/\\\/armureriebrute.fr\\\/product\\\/trepied-infinite-arca-swiss-bog\\\/#primaryimage\",\"url\":\"https:\\\/\\\/armureriebrute.fr\\\/wp-content\\\/uploads\\\/2026\\\/04\\\/trepied-infinite-arca-swiss-bog.png\",\"contentUrl\":\"https:\\\/\\\/armureriebrute.fr\\\/wp-content\\\/uploads\\\/2026\\\/04\\\/trepied-infinite-arca-swiss-bog.png\",\"width\":455,\"height\":455},{\"@type\":\"BreadcrumbList\",\"@id\":\"https:\\\/\\\/armureriebrute.fr\\\/product\\\/trepied-infinite-arca-swiss-bog\\\/#breadcrumb\",\"itemListElement\":[{\"@type\":\"ListItem\",\"position\":1,\"name\":\"Home\",\"item\":\"https:\\\/\\\/armureriebrute.fr\\\/\"},{\"@type\":\"ListItem\",\"position\":2,\"name\":\"Shop\",\"item\":\"https:\\\/\\\/armureriebrute.fr\\\/shop\\\/\"},{\"@type\":\"ListItem\",\"position\":3,\"name\":\"Tr\u00e9pied Infinite Arca Swiss Bog\"}]},{\"@type\":\"WebSite\",\"@id\":\"https:\\\/\\\/armureriebrute.fr\\\/#website\",\"url\":\"https:\\\/\\\/armureriebrute.fr\\\/\",\"name\":\"Armurerie Brute\",\"description\":\"Armurerie Brute\",\"publisher\":{\"@id\":\"https:\\\/\\\/armureriebrute.fr\\\/#organization\"},\"potentialAction\":[{\"@type\":\"SearchAction\",\"target\":{\"@type\":\"EntryPoint\",\"urlTemplate\":\"https:\\\/\\\/armureriebrute.fr\\\/?s={search_term_string}\"},\"query-input\":{\"@type\":\"PropertyValueSpecification\",\"valueRequired\":true,\"valueName\":\"search_term_string\"}}],\"inLanguage\":\"en-GB\"},{\"@type\":\"Organization\",\"@id\":\"https:\\\/\\\/armureriebrute.fr\\\/#organization\",\"name\":\"Armurerie Brute\",\"url\":\"https:\\\/\\\/armureriebrute.fr\\\/\",\"logo\":{\"@type\":\"ImageObject\",\"inLanguage\":\"en-GB\",\"@id\":\"https:\\\/\\\/armureriebrute.fr\\\/#\\\/schema\\\/logo\\\/image\\\/\",\"url\":\"http:\\\/\\\/armureriebrute.fr\\\/wp-content\\\/uploads\\\/2026\\\/04\\\/image_6409bec1-1.png\",\"contentUrl\":\"http:\\\/\\\/armureriebrute.fr\\\/wp-content\\\/uploads\\\/2026\\\/04\\\/image_6409bec1-1.png\",\"width\":1408,\"height\":768,\"caption\":\"Armurerie Brute\"},\"image\":{\"@id\":\"https:\\\/\\\/armureriebrute.fr\\\/#\\\/schema\\\/logo\\\/image\\\/\"}}]}<\/script>\n<!-- \/ Yoast SEO plugin. -->","yoast_head_json":{"title":"Tr\u00e9pied Infinite Arca Swiss Bog - Armurerie Brute","robots":{"index":"index","follow":"follow","max-snippet":"max-snippet:-1","max-image-preview":"max-image-preview:large","max-video-preview":"max-video-preview:-1"},"canonical":"https:\/\/armureriebrute.fr\/en\/product\/trepied-infinite-arca-swiss-bog\/","og_locale":"en_GB","og_type":"article","og_title":"Tr\u00e9pied Infinite Arca Swiss Bog - Armurerie Brute","og_description":"Le\u00a0tr\u00e9pied Infinite Arca Swiss\u00a0de chez\u00a0BOG\u00a0se distingue par sa construction\u00a0robuste\u00a0en aluminium de grand diam\u00e8tre, associ\u00e9e \u00e0 des \u00e9l\u00e9ments en\u00a0caoutchouc\u00a0pour une prise en main confortable et une\u00a0stabilit\u00e9 optimale. Pesant 2 900 g, il reste\u00a0facilement transportable\u00a0et fiable sur le terrain. Les jambes en\u00a03 sections, ajustables de\u00a0213 \u00e0 1500 mm\u00a0via un syst\u00e8me\u00a0twist-lock, offrent des\u00a0r\u00e9glages rapides et s\u00fbrs. Le verrouillage [...]","og_url":"https:\/\/armureriebrute.fr\/en\/product\/trepied-infinite-arca-swiss-bog\/","og_site_name":"Armurerie Brute","article_modified_time":"2026-04-23T14:08:31+00:00","og_image":[{"width":455,"height":455,"url":"http:\/\/armureriebrute.fr\/wp-content\/uploads\/2026\/04\/trepied-infinite-arca-swiss-bog.png","type":"image\/png"}],"twitter_card":"summary_large_image","twitter_misc":{"Estimated reading time":"2 minutes"},"schema":{"@context":"https:\/\/schema.org","@graph":[{"@type":"WebPage","@id":"https:\/\/armureriebrute.fr\/product\/trepied-infinite-arca-swiss-bog\/","url":"https:\/\/armureriebrute.fr\/product\/trepied-infinite-arca-swiss-bog\/","name":"Tr\u00e9pied Infinite Arca Swiss Bog - Armurerie Brute","isPartOf":{"@id":"https:\/\/armureriebrute.fr\/#website"},"primaryImageOfPage":{"@id":"https:\/\/armureriebrute.fr\/product\/trepied-infinite-arca-swiss-bog\/#primaryimage"},"image":{"@id":"https:\/\/armureriebrute.fr\/product\/trepied-infinite-arca-swiss-bog\/#primaryimage"},"thumbnailUrl":"https:\/\/armureriebrute.fr\/wp-content\/uploads\/2026\/04\/trepied-infinite-arca-swiss-bog.png","datePublished":"2026-04-23T14:07:42+00:00","dateModified":"2026-04-23T14:08:31+00:00","breadcrumb":{"@id":"https:\/\/armureriebrute.fr\/product\/trepied-infinite-arca-swiss-bog\/#breadcrumb"},"inLanguage":"en-GB","potentialAction":[{"@type":"ReadAction","target":["https:\/\/armureriebrute.fr\/product\/trepied-infinite-arca-swiss-bog\/"]}]},{"@type":"ImageObject","inLanguage":"en-GB","@id":"https:\/\/armureriebrute.fr\/product\/trepied-infinite-arca-swiss-bog\/#primaryimage","url":"https:\/\/armureriebrute.fr\/wp-content\/uploads\/2026\/04\/trepied-infinite-arca-swiss-bog.png","contentUrl":"https:\/\/armureriebrute.fr\/wp-content\/uploads\/2026\/04\/trepied-infinite-arca-swiss-bog.png","width":455,"height":455},{"@type":"BreadcrumbList","@id":"https:\/\/armureriebrute.fr\/product\/trepied-infinite-arca-swiss-bog\/#breadcrumb","itemListElement":[{"@type":"ListItem","position":1,"name":"Home","item":"https:\/\/armureriebrute.fr\/"},{"@type":"ListItem","position":2,"name":"Shop","item":"https:\/\/armureriebrute.fr\/shop\/"},{"@type":"ListItem","position":3,"name":"Tr\u00e9pied Infinite Arca Swiss Bog"}]},{"@type":"WebSite","@id":"https:\/\/armureriebrute.fr\/#website","url":"https:\/\/armureriebrute.fr\/","name":"Brute Armoury","description":"Brute Armoury","publisher":{"@id":"https:\/\/armureriebrute.fr\/#organization"},"potentialAction":[{"@type":"SearchAction","target":{"@type":"EntryPoint","urlTemplate":"https:\/\/armureriebrute.fr\/?s={search_term_string}"},"query-input":{"@type":"PropertyValueSpecification","valueRequired":true,"valueName":"search_term_string"}}],"inLanguage":"en-GB"},{"@type":"Organization","@id":"https:\/\/armureriebrute.fr\/#organization","name":"Brute Armoury","url":"https:\/\/armureriebrute.fr\/","logo":{"@type":"ImageObject","inLanguage":"en-GB","@id":"https:\/\/armureriebrute.fr\/#\/schema\/logo\/image\/","url":"http:\/\/armureriebrute.fr\/wp-content\/uploads\/2026\/04\/image_6409bec1-1.png","contentUrl":"http:\/\/armureriebrute.fr\/wp-content\/uploads\/2026\/04\/image_6409bec1-1.png","width":1408,"height":768,"caption":"Armurerie Brute"},"image":{"@id":"https:\/\/armureriebrute.fr\/#\/schema\/logo\/image\/"}}]}},"_links":{"self":[{"href":"https:\/\/armureriebrute.fr\/en\/wp-json\/wp\/v2\/product\/709","targetHints":{"allow":["GET"]}}],"collection":[{"href":"https:\/\/armureriebrute.fr\/en\/wp-json\/wp\/v2\/product"}],"about":[{"href":"https:\/\/armureriebrute.fr\/en\/wp-json\/wp\/v2\/types\/product"}],"replies":[{"embeddable":true,"href":"https:\/\/armureriebrute.fr\/en\/wp-json\/wp\/v2\/comments?post=709"}],"wp:featuredmedia":[{"embeddable":true,"href":"https:\/\/armureriebrute.fr\/en\/wp-json\/wp\/v2\/media\/710"}],"wp:attachment":[{"href":"https:\/\/armureriebrute.fr\/en\/wp-json\/wp\/v2\/media?parent=709"}],"wp:term":[{"taxonomy":"product_brand","embeddable":true,"href":"https:\/\/armureriebrute.fr\/en\/wp-json\/wp\/v2\/product_brand?post=709"},{"taxonomy":"product_cat","embeddable":true,"href":"https:\/\/armureriebrute.fr\/en\/wp-json\/wp\/v2\/product_cat?post=709"},{"taxonomy":"product_tag","embeddable":true,"href":"https:\/\/armureriebrute.fr\/en\/wp-json\/wp\/v2\/product_tag?post=709"}],"curies":[{"name":"wp","href":"https:\/\/api.w.org\/{rel}","templated":true}]}}