{"id":713,"date":"2026-04-23T14:08:57","date_gmt":"2026-04-23T14:08:57","guid":{"rendered":"https:\/\/armureriebrute.fr\/?post_type=product&#038;p=713"},"modified":"2026-04-23T14:09:47","modified_gmt":"2026-04-23T14:09:47","slug":"trepied-de-tir-reglable-tan","status":"publish","type":"product","link":"https:\/\/armureriebrute.fr\/en\/product\/trepied-de-tir-reglable-tan\/","title":{"rendered":"Tr\u00e9pied de tir r\u00e9glable Tan"},"content":{"rendered":"<div id=\"product-description-short-17559\" class=\"product-description-short sm-bottom typo\">\n<p>Ce\u00a0<strong>tr\u00e9pied de tir<\/strong>\u00a0de couleur<strong>\u00a0tan<\/strong>\u00a0apporte un\u00a0<strong>support<\/strong>\u00a0<strong>solide<\/strong>\u00a0pour\u00a0<strong>effectuer vos r\u00e9glages<\/strong>\u00a0ou m\u00eame pratiquer le tir d&rsquo;une mani\u00e8re g\u00e9n\u00e9rale. Il s&rsquo;utilise plut\u00f4t en\u00a0<strong>support avant<\/strong>\u00a0car il est<strong>\u00a0r\u00e9glable en hauteur<\/strong>\u00a0gr\u00e2ce \u00e0 une\u00a0<strong>bague\u00a0<\/strong>et une\u00a0<strong>cl\u00e9<\/strong>\u00a0qui le bloquent \u00e0 la\u00a0<strong>hauteur souhait\u00e9e.\u00a0<\/strong><\/p>\n<p>Le socle est en\u00a0<strong>acier tr\u00e8s lourd<\/strong>\u00a0et am\u00e8ne donc toute la\u00a0<strong>stabilit\u00e9 n\u00e9cessaire<\/strong>, m\u00eame par vent fort en ext\u00e9rieur. Le\u00a0<strong>coussin<\/strong>\u00a0situ\u00e9 sur le dessus est rev\u00eatu d&rsquo;un cuir<strong>\u00a0tr\u00e8s durable<\/strong>\u00a0qui ne fera\u00a0<strong>aucune marque<\/strong>\u00a0sur vos armes. Il est en outre d\u00e9j\u00e0\u00a0<strong>rempli de sable<\/strong>\u00a0apportant encore un peu\u00a0<strong>plus de poids<\/strong>.<\/p>\n<\/div>\n<div class=\"js-product-attributes-destination mb-2 product-attributes\">\n<div class=\"attribute-item product-manufacturer\"><label>Marque<\/label>\u00a0Foyoto<\/div>\n<div class=\"attribute-item product-reference\"><label>R\u00e9f\u00e9rence<\/label>\u00a0SSR2<\/div>\n<div class=\"EAN-13 attribute-item product-specific-references\"><label>EAN-13<\/label>\u00a02000000274850<\/div>\n<\/div>","protected":false},"excerpt":{"rendered":"<p>Ce\u00a0tr\u00e9pied de tir\u00a0de couleur\u00a0tan\u00a0apporte un\u00a0support\u00a0solide\u00a0pour\u00a0effectuer vos r\u00e9glages\u00a0ou m\u00eame pratiquer le tir d&rsquo;une mani\u00e8re g\u00e9n\u00e9rale. Il s&rsquo;utilise plut\u00f4t en\u00a0support avant\u00a0car il est\u00a0r\u00e9glable en hauteur\u00a0gr\u00e2ce \u00e0 une\u00a0bague\u00a0et une\u00a0cl\u00e9\u00a0qui le bloquent \u00e0 la\u00a0hauteur souhait\u00e9e.\u00a0 Le socle est en\u00a0acier tr\u00e8s lourd\u00a0et am\u00e8ne donc toute la\u00a0stabilit\u00e9 n\u00e9cessaire, m\u00eame par vent fort en ext\u00e9rieur. Le\u00a0coussin\u00a0situ\u00e9 sur le dessus est rev\u00eatu d&rsquo;un [&#8230;]\n","protected":false},"featured_media":714,"comment_status":"open","ping_status":"closed","template":"","meta":[],"product_brand":[],"product_cat":[76],"product_tag":[],"class_list":{"0":"post-713","1":"product","2":"type-product","3":"status-publish","4":"has-post-thumbnail","6":"product_cat-trepied","8":"first","9":"instock","10":"shipping-taxable","11":"purchasable","12":"product-type-simple"},"yoast_head":"<!-- This site is optimized with the Yoast SEO plugin v27.4 - https:\/\/yoast.com\/product\/yoast-seo-wordpress\/ -->\n<title>Tr\u00e9pied de tir r\u00e9glable Tan - Armurerie Brute<\/title>\n<meta name=\"robots\" content=\"index, follow, max-snippet:-1, max-image-preview:large, max-video-preview:-1\" \/>\n<link rel=\"canonical\" href=\"https:\/\/armureriebrute.fr\/en\/product\/trepied-de-tir-reglable-tan\/\" \/>\n<meta property=\"og:locale\" content=\"en_GB\" \/>\n<meta property=\"og:type\" content=\"article\" \/>\n<meta property=\"og:title\" content=\"Tr\u00e9pied de tir r\u00e9glable Tan - Armurerie Brute\" \/>\n<meta property=\"og:description\" content=\"Ce\u00a0tr\u00e9pied de tir\u00a0de couleur\u00a0tan\u00a0apporte un\u00a0support\u00a0solide\u00a0pour\u00a0effectuer vos r\u00e9glages\u00a0ou m\u00eame pratiquer le tir d&rsquo;une mani\u00e8re g\u00e9n\u00e9rale. Il s&rsquo;utilise plut\u00f4t en\u00a0support avant\u00a0car il est\u00a0r\u00e9glable en hauteur\u00a0gr\u00e2ce \u00e0 une\u00a0bague\u00a0et une\u00a0cl\u00e9\u00a0qui le bloquent \u00e0 la\u00a0hauteur souhait\u00e9e.\u00a0 Le socle est en\u00a0acier tr\u00e8s lourd\u00a0et am\u00e8ne donc toute la\u00a0stabilit\u00e9 n\u00e9cessaire, m\u00eame par vent fort en ext\u00e9rieur. Le\u00a0coussin\u00a0situ\u00e9 sur le dessus est rev\u00eatu d&rsquo;un [...]\" \/>\n<meta property=\"og:url\" content=\"https:\/\/armureriebrute.fr\/en\/product\/trepied-de-tir-reglable-tan\/\" \/>\n<meta property=\"og:site_name\" content=\"Armurerie Brute\" \/>\n<meta property=\"article:modified_time\" content=\"2026-04-23T14:09:47+00:00\" \/>\n<meta property=\"og:image\" content=\"http:\/\/armureriebrute.fr\/wp-content\/uploads\/2026\/04\/trepied-de-tir-reglable-tan.jpg\" \/>\n\t<meta property=\"og:image:width\" content=\"455\" \/>\n\t<meta property=\"og:image:height\" content=\"455\" \/>\n\t<meta property=\"og:image:type\" content=\"image\/jpeg\" \/>\n<meta name=\"twitter:card\" content=\"summary_large_image\" \/>\n<meta name=\"twitter:label1\" content=\"Estimated reading time\" \/>\n\t<meta name=\"twitter:data1\" content=\"1 minute\" \/>\n<script type=\"application\/ld+json\" class=\"yoast-schema-graph\">{\"@context\":\"https:\\\/\\\/schema.org\",\"@graph\":[{\"@type\":\"WebPage\",\"@id\":\"https:\\\/\\\/armureriebrute.fr\\\/product\\\/trepied-de-tir-reglable-tan\\\/\",\"url\":\"https:\\\/\\\/armureriebrute.fr\\\/product\\\/trepied-de-tir-reglable-tan\\\/\",\"name\":\"Tr\u00e9pied de tir r\u00e9glable Tan - Armurerie Brute\",\"isPartOf\":{\"@id\":\"https:\\\/\\\/armureriebrute.fr\\\/#website\"},\"primaryImageOfPage\":{\"@id\":\"https:\\\/\\\/armureriebrute.fr\\\/product\\\/trepied-de-tir-reglable-tan\\\/#primaryimage\"},\"image\":{\"@id\":\"https:\\\/\\\/armureriebrute.fr\\\/product\\\/trepied-de-tir-reglable-tan\\\/#primaryimage\"},\"thumbnailUrl\":\"https:\\\/\\\/armureriebrute.fr\\\/wp-content\\\/uploads\\\/2026\\\/04\\\/trepied-de-tir-reglable-tan.jpg\",\"datePublished\":\"2026-04-23T14:08:57+00:00\",\"dateModified\":\"2026-04-23T14:09:47+00:00\",\"breadcrumb\":{\"@id\":\"https:\\\/\\\/armureriebrute.fr\\\/product\\\/trepied-de-tir-reglable-tan\\\/#breadcrumb\"},\"inLanguage\":\"en-GB\",\"potentialAction\":[{\"@type\":\"ReadAction\",\"target\":[\"https:\\\/\\\/armureriebrute.fr\\\/product\\\/trepied-de-tir-reglable-tan\\\/\"]}]},{\"@type\":\"ImageObject\",\"inLanguage\":\"en-GB\",\"@id\":\"https:\\\/\\\/armureriebrute.fr\\\/product\\\/trepied-de-tir-reglable-tan\\\/#primaryimage\",\"url\":\"https:\\\/\\\/armureriebrute.fr\\\/wp-content\\\/uploads\\\/2026\\\/04\\\/trepied-de-tir-reglable-tan.jpg\",\"contentUrl\":\"https:\\\/\\\/armureriebrute.fr\\\/wp-content\\\/uploads\\\/2026\\\/04\\\/trepied-de-tir-reglable-tan.jpg\",\"width\":455,\"height\":455},{\"@type\":\"BreadcrumbList\",\"@id\":\"https:\\\/\\\/armureriebrute.fr\\\/product\\\/trepied-de-tir-reglable-tan\\\/#breadcrumb\",\"itemListElement\":[{\"@type\":\"ListItem\",\"position\":1,\"name\":\"Home\",\"item\":\"https:\\\/\\\/armureriebrute.fr\\\/\"},{\"@type\":\"ListItem\",\"position\":2,\"name\":\"Shop\",\"item\":\"https:\\\/\\\/armureriebrute.fr\\\/shop\\\/\"},{\"@type\":\"ListItem\",\"position\":3,\"name\":\"Tr\u00e9pied de tir r\u00e9glable Tan\"}]},{\"@type\":\"WebSite\",\"@id\":\"https:\\\/\\\/armureriebrute.fr\\\/#website\",\"url\":\"https:\\\/\\\/armureriebrute.fr\\\/\",\"name\":\"Armurerie Brute\",\"description\":\"Armurerie Brute\",\"publisher\":{\"@id\":\"https:\\\/\\\/armureriebrute.fr\\\/#organization\"},\"potentialAction\":[{\"@type\":\"SearchAction\",\"target\":{\"@type\":\"EntryPoint\",\"urlTemplate\":\"https:\\\/\\\/armureriebrute.fr\\\/?s={search_term_string}\"},\"query-input\":{\"@type\":\"PropertyValueSpecification\",\"valueRequired\":true,\"valueName\":\"search_term_string\"}}],\"inLanguage\":\"en-GB\"},{\"@type\":\"Organization\",\"@id\":\"https:\\\/\\\/armureriebrute.fr\\\/#organization\",\"name\":\"Armurerie Brute\",\"url\":\"https:\\\/\\\/armureriebrute.fr\\\/\",\"logo\":{\"@type\":\"ImageObject\",\"inLanguage\":\"en-GB\",\"@id\":\"https:\\\/\\\/armureriebrute.fr\\\/#\\\/schema\\\/logo\\\/image\\\/\",\"url\":\"http:\\\/\\\/armureriebrute.fr\\\/wp-content\\\/uploads\\\/2026\\\/04\\\/image_6409bec1-1.png\",\"contentUrl\":\"http:\\\/\\\/armureriebrute.fr\\\/wp-content\\\/uploads\\\/2026\\\/04\\\/image_6409bec1-1.png\",\"width\":1408,\"height\":768,\"caption\":\"Armurerie Brute\"},\"image\":{\"@id\":\"https:\\\/\\\/armureriebrute.fr\\\/#\\\/schema\\\/logo\\\/image\\\/\"}}]}<\/script>\n<!-- \/ Yoast SEO plugin. -->","yoast_head_json":{"title":"Tr\u00e9pied de tir r\u00e9glable Tan - Armurerie Brute","robots":{"index":"index","follow":"follow","max-snippet":"max-snippet:-1","max-image-preview":"max-image-preview:large","max-video-preview":"max-video-preview:-1"},"canonical":"https:\/\/armureriebrute.fr\/en\/product\/trepied-de-tir-reglable-tan\/","og_locale":"en_GB","og_type":"article","og_title":"Tr\u00e9pied de tir r\u00e9glable Tan - Armurerie Brute","og_description":"Ce\u00a0tr\u00e9pied de tir\u00a0de couleur\u00a0tan\u00a0apporte un\u00a0support\u00a0solide\u00a0pour\u00a0effectuer vos r\u00e9glages\u00a0ou m\u00eame pratiquer le tir d&rsquo;une mani\u00e8re g\u00e9n\u00e9rale. Il s&rsquo;utilise plut\u00f4t en\u00a0support avant\u00a0car il est\u00a0r\u00e9glable en hauteur\u00a0gr\u00e2ce \u00e0 une\u00a0bague\u00a0et une\u00a0cl\u00e9\u00a0qui le bloquent \u00e0 la\u00a0hauteur souhait\u00e9e.\u00a0 Le socle est en\u00a0acier tr\u00e8s lourd\u00a0et am\u00e8ne donc toute la\u00a0stabilit\u00e9 n\u00e9cessaire, m\u00eame par vent fort en ext\u00e9rieur. Le\u00a0coussin\u00a0situ\u00e9 sur le dessus est rev\u00eatu d&rsquo;un [...]","og_url":"https:\/\/armureriebrute.fr\/en\/product\/trepied-de-tir-reglable-tan\/","og_site_name":"Armurerie Brute","article_modified_time":"2026-04-23T14:09:47+00:00","og_image":[{"width":455,"height":455,"url":"http:\/\/armureriebrute.fr\/wp-content\/uploads\/2026\/04\/trepied-de-tir-reglable-tan.jpg","type":"image\/jpeg"}],"twitter_card":"summary_large_image","twitter_misc":{"Estimated reading time":"1 minute"},"schema":{"@context":"https:\/\/schema.org","@graph":[{"@type":"WebPage","@id":"https:\/\/armureriebrute.fr\/product\/trepied-de-tir-reglable-tan\/","url":"https:\/\/armureriebrute.fr\/product\/trepied-de-tir-reglable-tan\/","name":"Tr\u00e9pied de tir r\u00e9glable Tan - Armurerie Brute","isPartOf":{"@id":"https:\/\/armureriebrute.fr\/#website"},"primaryImageOfPage":{"@id":"https:\/\/armureriebrute.fr\/product\/trepied-de-tir-reglable-tan\/#primaryimage"},"image":{"@id":"https:\/\/armureriebrute.fr\/product\/trepied-de-tir-reglable-tan\/#primaryimage"},"thumbnailUrl":"https:\/\/armureriebrute.fr\/wp-content\/uploads\/2026\/04\/trepied-de-tir-reglable-tan.jpg","datePublished":"2026-04-23T14:08:57+00:00","dateModified":"2026-04-23T14:09:47+00:00","breadcrumb":{"@id":"https:\/\/armureriebrute.fr\/product\/trepied-de-tir-reglable-tan\/#breadcrumb"},"inLanguage":"en-GB","potentialAction":[{"@type":"ReadAction","target":["https:\/\/armureriebrute.fr\/product\/trepied-de-tir-reglable-tan\/"]}]},{"@type":"ImageObject","inLanguage":"en-GB","@id":"https:\/\/armureriebrute.fr\/product\/trepied-de-tir-reglable-tan\/#primaryimage","url":"https:\/\/armureriebrute.fr\/wp-content\/uploads\/2026\/04\/trepied-de-tir-reglable-tan.jpg","contentUrl":"https:\/\/armureriebrute.fr\/wp-content\/uploads\/2026\/04\/trepied-de-tir-reglable-tan.jpg","width":455,"height":455},{"@type":"BreadcrumbList","@id":"https:\/\/armureriebrute.fr\/product\/trepied-de-tir-reglable-tan\/#breadcrumb","itemListElement":[{"@type":"ListItem","position":1,"name":"Home","item":"https:\/\/armureriebrute.fr\/"},{"@type":"ListItem","position":2,"name":"Shop","item":"https:\/\/armureriebrute.fr\/shop\/"},{"@type":"ListItem","position":3,"name":"Tr\u00e9pied de tir r\u00e9glable Tan"}]},{"@type":"WebSite","@id":"https:\/\/armureriebrute.fr\/#website","url":"https:\/\/armureriebrute.fr\/","name":"Brute Armoury","description":"Brute Armoury","publisher":{"@id":"https:\/\/armureriebrute.fr\/#organization"},"potentialAction":[{"@type":"SearchAction","target":{"@type":"EntryPoint","urlTemplate":"https:\/\/armureriebrute.fr\/?s={search_term_string}"},"query-input":{"@type":"PropertyValueSpecification","valueRequired":true,"valueName":"search_term_string"}}],"inLanguage":"en-GB"},{"@type":"Organization","@id":"https:\/\/armureriebrute.fr\/#organization","name":"Brute Armoury","url":"https:\/\/armureriebrute.fr\/","logo":{"@type":"ImageObject","inLanguage":"en-GB","@id":"https:\/\/armureriebrute.fr\/#\/schema\/logo\/image\/","url":"http:\/\/armureriebrute.fr\/wp-content\/uploads\/2026\/04\/image_6409bec1-1.png","contentUrl":"http:\/\/armureriebrute.fr\/wp-content\/uploads\/2026\/04\/image_6409bec1-1.png","width":1408,"height":768,"caption":"Armurerie Brute"},"image":{"@id":"https:\/\/armureriebrute.fr\/#\/schema\/logo\/image\/"}}]}},"_links":{"self":[{"href":"https:\/\/armureriebrute.fr\/en\/wp-json\/wp\/v2\/product\/713","targetHints":{"allow":["GET"]}}],"collection":[{"href":"https:\/\/armureriebrute.fr\/en\/wp-json\/wp\/v2\/product"}],"about":[{"href":"https:\/\/armureriebrute.fr\/en\/wp-json\/wp\/v2\/types\/product"}],"replies":[{"embeddable":true,"href":"https:\/\/armureriebrute.fr\/en\/wp-json\/wp\/v2\/comments?post=713"}],"wp:featuredmedia":[{"embeddable":true,"href":"https:\/\/armureriebrute.fr\/en\/wp-json\/wp\/v2\/media\/714"}],"wp:attachment":[{"href":"https:\/\/armureriebrute.fr\/en\/wp-json\/wp\/v2\/media?parent=713"}],"wp:term":[{"taxonomy":"product_brand","embeddable":true,"href":"https:\/\/armureriebrute.fr\/en\/wp-json\/wp\/v2\/product_brand?post=713"},{"taxonomy":"product_cat","embeddable":true,"href":"https:\/\/armureriebrute.fr\/en\/wp-json\/wp\/v2\/product_cat?post=713"},{"taxonomy":"product_tag","embeddable":true,"href":"https:\/\/armureriebrute.fr\/en\/wp-json\/wp\/v2\/product_tag?post=713"}],"curies":[{"name":"wp","href":"https:\/\/api.w.org\/{rel}","templated":true}]}}