{"id":717,"date":"2026-04-23T14:10:16","date_gmt":"2026-04-23T14:10:16","guid":{"rendered":"https:\/\/armureriebrute.fr\/?post_type=product&#038;p=717"},"modified":"2026-04-23T14:10:58","modified_gmt":"2026-04-23T14:10:58","slug":"trepied-de-support-pour-cibles","status":"publish","type":"product","link":"https:\/\/armureriebrute.fr\/en\/product\/trepied-de-support-pour-cibles\/","title":{"rendered":"Tr\u00e9pied de support pour cibles"},"content":{"rendered":"<div id=\"product-description-short-17512\" class=\"product-description-short sm-bottom typo\">\n<p>Ce\u00a0<strong>tr\u00e9pied support de cibles<\/strong>\u00a0est tr\u00e8s\u00a0<strong>facile \u00e0 installer<\/strong>\u00a0et \u00e0 r\u00e9gler. Il est en outre\u00a0<strong>suffisamment l\u00e9ger<\/strong>\u00a0pour \u00eatre\u00a0<strong>ais\u00e9ment transport\u00e9.\u00a0<\/strong>La<strong>\u00a0hauteur<\/strong>\u00a0des cibles est\u00a0<strong>param\u00e9trable<\/strong>\u00a0gr\u00e2ce \u00e0 diff\u00e9rents verrous. Fourni avec\u00a0<strong>10 cibles en papier<\/strong>\u00a0et<strong>\u00a09 clips m\u00e9talliques<\/strong>, il peut supporter<strong>\u00a02 cibles en m\u00eame temps.\u00a0<\/strong>Il\u00a0peut par ailleurs \u00eatre utilis\u00e9 pour le tir sportif \u00e0 l&rsquo;<strong>int\u00e9rieur<\/strong>\u00a0comme \u00e0 l&rsquo;<strong>ext\u00e9rieur<\/strong>.<\/p>\n<\/div>\n<div class=\"js-product-attributes-destination mb-2 product-attributes\">\n<div class=\"attribute-item product-manufacturer\"><label>Marque<\/label>\u00a0Foyoto<\/div>\n<div class=\"attribute-item product-reference\"><label>R\u00e9f\u00e9rence<\/label>\u00a0BZ1150<\/div>\n<div class=\"EAN-13 attribute-item product-specific-references\"><label>EAN-13<\/label>\u00a02000000273709<\/div>\n<\/div>","protected":false},"excerpt":{"rendered":"<p>Ce\u00a0tr\u00e9pied support de cibles\u00a0est tr\u00e8s\u00a0facile \u00e0 installer\u00a0et \u00e0 r\u00e9gler. Il est en outre\u00a0suffisamment l\u00e9ger\u00a0pour \u00eatre\u00a0ais\u00e9ment transport\u00e9.\u00a0La\u00a0hauteur\u00a0des cibles est\u00a0param\u00e9trable\u00a0gr\u00e2ce \u00e0 diff\u00e9rents verrous. Fourni avec\u00a010 cibles en papier\u00a0et\u00a09 clips m\u00e9talliques, il peut supporter\u00a02 cibles en m\u00eame temps.\u00a0Il\u00a0peut par ailleurs \u00eatre utilis\u00e9 pour le tir sportif \u00e0 l&rsquo;int\u00e9rieur\u00a0comme \u00e0 l&rsquo;ext\u00e9rieur. Marque\u00a0Foyoto R\u00e9f\u00e9rence\u00a0BZ1150 EAN-13\u00a02000000273709<\/p>","protected":false},"featured_media":718,"comment_status":"open","ping_status":"closed","template":"","meta":[],"product_brand":[],"product_cat":[76],"product_tag":[],"class_list":{"0":"post-717","1":"product","2":"type-product","3":"status-publish","4":"has-post-thumbnail","6":"product_cat-trepied","8":"first","9":"instock","10":"shipping-taxable","11":"purchasable","12":"product-type-simple"},"yoast_head":"<!-- This site is optimized with the Yoast SEO plugin v27.4 - https:\/\/yoast.com\/product\/yoast-seo-wordpress\/ -->\n<title>Tr\u00e9pied de support pour cibles - Armurerie Brute<\/title>\n<meta name=\"robots\" content=\"index, follow, max-snippet:-1, max-image-preview:large, max-video-preview:-1\" \/>\n<link rel=\"canonical\" href=\"https:\/\/armureriebrute.fr\/en\/product\/trepied-de-support-pour-cibles\/\" \/>\n<meta property=\"og:locale\" content=\"en_GB\" \/>\n<meta property=\"og:type\" content=\"article\" \/>\n<meta property=\"og:title\" content=\"Tr\u00e9pied de support pour cibles - Armurerie Brute\" \/>\n<meta property=\"og:description\" content=\"Ce\u00a0tr\u00e9pied support de cibles\u00a0est tr\u00e8s\u00a0facile \u00e0 installer\u00a0et \u00e0 r\u00e9gler. Il est en outre\u00a0suffisamment l\u00e9ger\u00a0pour \u00eatre\u00a0ais\u00e9ment transport\u00e9.\u00a0La\u00a0hauteur\u00a0des cibles est\u00a0param\u00e9trable\u00a0gr\u00e2ce \u00e0 diff\u00e9rents verrous. Fourni avec\u00a010 cibles en papier\u00a0et\u00a09 clips m\u00e9talliques, il peut supporter\u00a02 cibles en m\u00eame temps.\u00a0Il\u00a0peut par ailleurs \u00eatre utilis\u00e9 pour le tir sportif \u00e0 l&rsquo;int\u00e9rieur\u00a0comme \u00e0 l&rsquo;ext\u00e9rieur. Marque\u00a0Foyoto R\u00e9f\u00e9rence\u00a0BZ1150 EAN-13\u00a02000000273709\" \/>\n<meta property=\"og:url\" content=\"https:\/\/armureriebrute.fr\/en\/product\/trepied-de-support-pour-cibles\/\" \/>\n<meta property=\"og:site_name\" content=\"Armurerie Brute\" \/>\n<meta property=\"article:modified_time\" content=\"2026-04-23T14:10:58+00:00\" \/>\n<meta property=\"og:image\" content=\"http:\/\/armureriebrute.fr\/wp-content\/uploads\/2026\/04\/trepied-de-support-pour-cibles.jpg\" \/>\n\t<meta property=\"og:image:width\" content=\"455\" \/>\n\t<meta property=\"og:image:height\" content=\"455\" \/>\n\t<meta property=\"og:image:type\" content=\"image\/jpeg\" \/>\n<meta name=\"twitter:card\" content=\"summary_large_image\" \/>\n<meta name=\"twitter:label1\" content=\"Estimated reading time\" \/>\n\t<meta name=\"twitter:data1\" content=\"1 minute\" \/>\n<script type=\"application\/ld+json\" class=\"yoast-schema-graph\">{\"@context\":\"https:\\\/\\\/schema.org\",\"@graph\":[{\"@type\":\"WebPage\",\"@id\":\"https:\\\/\\\/armureriebrute.fr\\\/product\\\/trepied-de-support-pour-cibles\\\/\",\"url\":\"https:\\\/\\\/armureriebrute.fr\\\/product\\\/trepied-de-support-pour-cibles\\\/\",\"name\":\"Tr\u00e9pied de support pour cibles - Armurerie Brute\",\"isPartOf\":{\"@id\":\"https:\\\/\\\/armureriebrute.fr\\\/#website\"},\"primaryImageOfPage\":{\"@id\":\"https:\\\/\\\/armureriebrute.fr\\\/product\\\/trepied-de-support-pour-cibles\\\/#primaryimage\"},\"image\":{\"@id\":\"https:\\\/\\\/armureriebrute.fr\\\/product\\\/trepied-de-support-pour-cibles\\\/#primaryimage\"},\"thumbnailUrl\":\"https:\\\/\\\/armureriebrute.fr\\\/wp-content\\\/uploads\\\/2026\\\/04\\\/trepied-de-support-pour-cibles.jpg\",\"datePublished\":\"2026-04-23T14:10:16+00:00\",\"dateModified\":\"2026-04-23T14:10:58+00:00\",\"breadcrumb\":{\"@id\":\"https:\\\/\\\/armureriebrute.fr\\\/product\\\/trepied-de-support-pour-cibles\\\/#breadcrumb\"},\"inLanguage\":\"en-GB\",\"potentialAction\":[{\"@type\":\"ReadAction\",\"target\":[\"https:\\\/\\\/armureriebrute.fr\\\/product\\\/trepied-de-support-pour-cibles\\\/\"]}]},{\"@type\":\"ImageObject\",\"inLanguage\":\"en-GB\",\"@id\":\"https:\\\/\\\/armureriebrute.fr\\\/product\\\/trepied-de-support-pour-cibles\\\/#primaryimage\",\"url\":\"https:\\\/\\\/armureriebrute.fr\\\/wp-content\\\/uploads\\\/2026\\\/04\\\/trepied-de-support-pour-cibles.jpg\",\"contentUrl\":\"https:\\\/\\\/armureriebrute.fr\\\/wp-content\\\/uploads\\\/2026\\\/04\\\/trepied-de-support-pour-cibles.jpg\",\"width\":455,\"height\":455},{\"@type\":\"BreadcrumbList\",\"@id\":\"https:\\\/\\\/armureriebrute.fr\\\/product\\\/trepied-de-support-pour-cibles\\\/#breadcrumb\",\"itemListElement\":[{\"@type\":\"ListItem\",\"position\":1,\"name\":\"Home\",\"item\":\"https:\\\/\\\/armureriebrute.fr\\\/\"},{\"@type\":\"ListItem\",\"position\":2,\"name\":\"Shop\",\"item\":\"https:\\\/\\\/armureriebrute.fr\\\/shop\\\/\"},{\"@type\":\"ListItem\",\"position\":3,\"name\":\"Tr\u00e9pied de support pour cibles\"}]},{\"@type\":\"WebSite\",\"@id\":\"https:\\\/\\\/armureriebrute.fr\\\/#website\",\"url\":\"https:\\\/\\\/armureriebrute.fr\\\/\",\"name\":\"Armurerie Brute\",\"description\":\"Armurerie Brute\",\"publisher\":{\"@id\":\"https:\\\/\\\/armureriebrute.fr\\\/#organization\"},\"potentialAction\":[{\"@type\":\"SearchAction\",\"target\":{\"@type\":\"EntryPoint\",\"urlTemplate\":\"https:\\\/\\\/armureriebrute.fr\\\/?s={search_term_string}\"},\"query-input\":{\"@type\":\"PropertyValueSpecification\",\"valueRequired\":true,\"valueName\":\"search_term_string\"}}],\"inLanguage\":\"en-GB\"},{\"@type\":\"Organization\",\"@id\":\"https:\\\/\\\/armureriebrute.fr\\\/#organization\",\"name\":\"Armurerie Brute\",\"url\":\"https:\\\/\\\/armureriebrute.fr\\\/\",\"logo\":{\"@type\":\"ImageObject\",\"inLanguage\":\"en-GB\",\"@id\":\"https:\\\/\\\/armureriebrute.fr\\\/#\\\/schema\\\/logo\\\/image\\\/\",\"url\":\"http:\\\/\\\/armureriebrute.fr\\\/wp-content\\\/uploads\\\/2026\\\/04\\\/image_6409bec1-1.png\",\"contentUrl\":\"http:\\\/\\\/armureriebrute.fr\\\/wp-content\\\/uploads\\\/2026\\\/04\\\/image_6409bec1-1.png\",\"width\":1408,\"height\":768,\"caption\":\"Armurerie Brute\"},\"image\":{\"@id\":\"https:\\\/\\\/armureriebrute.fr\\\/#\\\/schema\\\/logo\\\/image\\\/\"}}]}<\/script>\n<!-- \/ Yoast SEO plugin. -->","yoast_head_json":{"title":"Tr\u00e9pied de support pour cibles - Armurerie Brute","robots":{"index":"index","follow":"follow","max-snippet":"max-snippet:-1","max-image-preview":"max-image-preview:large","max-video-preview":"max-video-preview:-1"},"canonical":"https:\/\/armureriebrute.fr\/en\/product\/trepied-de-support-pour-cibles\/","og_locale":"en_GB","og_type":"article","og_title":"Tr\u00e9pied de support pour cibles - Armurerie Brute","og_description":"Ce\u00a0tr\u00e9pied support de cibles\u00a0est tr\u00e8s\u00a0facile \u00e0 installer\u00a0et \u00e0 r\u00e9gler. Il est en outre\u00a0suffisamment l\u00e9ger\u00a0pour \u00eatre\u00a0ais\u00e9ment transport\u00e9.\u00a0La\u00a0hauteur\u00a0des cibles est\u00a0param\u00e9trable\u00a0gr\u00e2ce \u00e0 diff\u00e9rents verrous. Fourni avec\u00a010 cibles en papier\u00a0et\u00a09 clips m\u00e9talliques, il peut supporter\u00a02 cibles en m\u00eame temps.\u00a0Il\u00a0peut par ailleurs \u00eatre utilis\u00e9 pour le tir sportif \u00e0 l&rsquo;int\u00e9rieur\u00a0comme \u00e0 l&rsquo;ext\u00e9rieur. Marque\u00a0Foyoto R\u00e9f\u00e9rence\u00a0BZ1150 EAN-13\u00a02000000273709","og_url":"https:\/\/armureriebrute.fr\/en\/product\/trepied-de-support-pour-cibles\/","og_site_name":"Armurerie Brute","article_modified_time":"2026-04-23T14:10:58+00:00","og_image":[{"width":455,"height":455,"url":"http:\/\/armureriebrute.fr\/wp-content\/uploads\/2026\/04\/trepied-de-support-pour-cibles.jpg","type":"image\/jpeg"}],"twitter_card":"summary_large_image","twitter_misc":{"Estimated reading time":"1 minute"},"schema":{"@context":"https:\/\/schema.org","@graph":[{"@type":"WebPage","@id":"https:\/\/armureriebrute.fr\/product\/trepied-de-support-pour-cibles\/","url":"https:\/\/armureriebrute.fr\/product\/trepied-de-support-pour-cibles\/","name":"Tr\u00e9pied de support pour cibles - Armurerie Brute","isPartOf":{"@id":"https:\/\/armureriebrute.fr\/#website"},"primaryImageOfPage":{"@id":"https:\/\/armureriebrute.fr\/product\/trepied-de-support-pour-cibles\/#primaryimage"},"image":{"@id":"https:\/\/armureriebrute.fr\/product\/trepied-de-support-pour-cibles\/#primaryimage"},"thumbnailUrl":"https:\/\/armureriebrute.fr\/wp-content\/uploads\/2026\/04\/trepied-de-support-pour-cibles.jpg","datePublished":"2026-04-23T14:10:16+00:00","dateModified":"2026-04-23T14:10:58+00:00","breadcrumb":{"@id":"https:\/\/armureriebrute.fr\/product\/trepied-de-support-pour-cibles\/#breadcrumb"},"inLanguage":"en-GB","potentialAction":[{"@type":"ReadAction","target":["https:\/\/armureriebrute.fr\/product\/trepied-de-support-pour-cibles\/"]}]},{"@type":"ImageObject","inLanguage":"en-GB","@id":"https:\/\/armureriebrute.fr\/product\/trepied-de-support-pour-cibles\/#primaryimage","url":"https:\/\/armureriebrute.fr\/wp-content\/uploads\/2026\/04\/trepied-de-support-pour-cibles.jpg","contentUrl":"https:\/\/armureriebrute.fr\/wp-content\/uploads\/2026\/04\/trepied-de-support-pour-cibles.jpg","width":455,"height":455},{"@type":"BreadcrumbList","@id":"https:\/\/armureriebrute.fr\/product\/trepied-de-support-pour-cibles\/#breadcrumb","itemListElement":[{"@type":"ListItem","position":1,"name":"Home","item":"https:\/\/armureriebrute.fr\/"},{"@type":"ListItem","position":2,"name":"Shop","item":"https:\/\/armureriebrute.fr\/shop\/"},{"@type":"ListItem","position":3,"name":"Tr\u00e9pied de support pour cibles"}]},{"@type":"WebSite","@id":"https:\/\/armureriebrute.fr\/#website","url":"https:\/\/armureriebrute.fr\/","name":"Brute Armoury","description":"Brute Armoury","publisher":{"@id":"https:\/\/armureriebrute.fr\/#organization"},"potentialAction":[{"@type":"SearchAction","target":{"@type":"EntryPoint","urlTemplate":"https:\/\/armureriebrute.fr\/?s={search_term_string}"},"query-input":{"@type":"PropertyValueSpecification","valueRequired":true,"valueName":"search_term_string"}}],"inLanguage":"en-GB"},{"@type":"Organization","@id":"https:\/\/armureriebrute.fr\/#organization","name":"Brute Armoury","url":"https:\/\/armureriebrute.fr\/","logo":{"@type":"ImageObject","inLanguage":"en-GB","@id":"https:\/\/armureriebrute.fr\/#\/schema\/logo\/image\/","url":"http:\/\/armureriebrute.fr\/wp-content\/uploads\/2026\/04\/image_6409bec1-1.png","contentUrl":"http:\/\/armureriebrute.fr\/wp-content\/uploads\/2026\/04\/image_6409bec1-1.png","width":1408,"height":768,"caption":"Armurerie Brute"},"image":{"@id":"https:\/\/armureriebrute.fr\/#\/schema\/logo\/image\/"}}]}},"_links":{"self":[{"href":"https:\/\/armureriebrute.fr\/en\/wp-json\/wp\/v2\/product\/717","targetHints":{"allow":["GET"]}}],"collection":[{"href":"https:\/\/armureriebrute.fr\/en\/wp-json\/wp\/v2\/product"}],"about":[{"href":"https:\/\/armureriebrute.fr\/en\/wp-json\/wp\/v2\/types\/product"}],"replies":[{"embeddable":true,"href":"https:\/\/armureriebrute.fr\/en\/wp-json\/wp\/v2\/comments?post=717"}],"wp:featuredmedia":[{"embeddable":true,"href":"https:\/\/armureriebrute.fr\/en\/wp-json\/wp\/v2\/media\/718"}],"wp:attachment":[{"href":"https:\/\/armureriebrute.fr\/en\/wp-json\/wp\/v2\/media?parent=717"}],"wp:term":[{"taxonomy":"product_brand","embeddable":true,"href":"https:\/\/armureriebrute.fr\/en\/wp-json\/wp\/v2\/product_brand?post=717"},{"taxonomy":"product_cat","embeddable":true,"href":"https:\/\/armureriebrute.fr\/en\/wp-json\/wp\/v2\/product_cat?post=717"},{"taxonomy":"product_tag","embeddable":true,"href":"https:\/\/armureriebrute.fr\/en\/wp-json\/wp\/v2\/product_tag?post=717"}],"curies":[{"name":"wp","href":"https:\/\/api.w.org\/{rel}","templated":true}]}}