{"id":721,"date":"2026-04-23T14:11:33","date_gmt":"2026-04-23T14:11:33","guid":{"rendered":"https:\/\/armureriebrute.fr\/?post_type=product&#038;p=721"},"modified":"2026-04-23T14:12:21","modified_gmt":"2026-04-23T14:12:21","slug":"trepied-de-tir-deadshot-bog","status":"publish","type":"product","link":"https:\/\/armureriebrute.fr\/en\/product\/trepied-de-tir-deadshot-bog\/","title":{"rendered":"Tr\u00e9pied de tir Deadshot BOG"},"content":{"rendered":"<div id=\"product-description-short-18195\" class=\"product-description-short sm-bottom typo\">\n<p>Ce\u00a0<strong>tr\u00e9pied<\/strong>\u00a0de tir<strong>\u00a0Deadshot<\/strong>\u00a0de chez\u00a0<strong>BOG<\/strong>\u00a0constitue un accessoire incontournable pour vos s\u00e9ances de tir en ext\u00e9rieur, que ce soit \u00e0 moyenne ou \u00e0 longue distance.\u00a0Sa structure<strong>\u00a0stable<\/strong>\u00a0et\u00a0<strong>rigide<\/strong>\u00a0permet de reposer votre arme et d\u2019am\u00e9liorer la<strong>\u00a0pr\u00e9cision<\/strong>\u00a0de vos tirs. Ce<strong>\u00a0Deadshot<\/strong>\u00a0offre la possibilit\u00e9 de tirer dans plusieurs positions gr\u00e2ce \u00e0 ses\u00a0<strong>pieds r\u00e9glables<\/strong>\u00a0en hauteur de 600 mm \u00e0 1650 mm. Le\u00a0<strong>support en V<\/strong>\u00a0ajustable s\u2019adapte ais\u00e9ment \u00e0 tous types d&rsquo;armes et offre un\u00a0<strong>excellent maintien<\/strong>. Son syst\u00e8me de\u00a0<strong>rotation \u00e0 360\u00b0<\/strong>\u00a0est par ailleurs ultra confortable pour suivre votre cible.<\/p>\n<p>Tr\u00e8s\u00a0<strong>rapide \u00e0 d\u00e9ployer<\/strong>\u00a0et\u00a0<strong>facile \u00e0 r\u00e9gler<\/strong>, il est \u00e9galement particuli\u00e8rement\u00a0<strong>robuste<\/strong>\u00a0et\u00a0<strong>durable<\/strong>, m\u00eame en usage intensif.<\/p>\n<\/div>\n<div class=\"js-product-attributes-destination mb-2 product-attributes\">\n<div class=\"attribute-item product-manufacturer\"><label>Marque<\/label>\u00a0BOG<\/div>\n<div class=\"attribute-item product-reference\"><label>R\u00e9f\u00e9rence<\/label>\u00a0AR0026412<\/div>\n<div class=\"EAN-13 attribute-item product-specific-references\"><label>EAN-13<\/label>\u00a00198700000120<\/div>\n<\/div>","protected":false},"excerpt":{"rendered":"<p>Ce\u00a0tr\u00e9pied\u00a0de tir\u00a0Deadshot\u00a0de chez\u00a0BOG\u00a0constitue un accessoire incontournable pour vos s\u00e9ances de tir en ext\u00e9rieur, que ce soit \u00e0 moyenne ou \u00e0 longue distance.\u00a0Sa structure\u00a0stable\u00a0et\u00a0rigide\u00a0permet de reposer votre arme et d\u2019am\u00e9liorer la\u00a0pr\u00e9cision\u00a0de vos tirs. Ce\u00a0Deadshot\u00a0offre la possibilit\u00e9 de tirer dans plusieurs positions gr\u00e2ce \u00e0 ses\u00a0pieds r\u00e9glables\u00a0en hauteur de 600 mm \u00e0 1650 mm. Le\u00a0support en V\u00a0ajustable s\u2019adapte [&#8230;]\n","protected":false},"featured_media":723,"comment_status":"open","ping_status":"closed","template":"","meta":[],"product_brand":[],"product_cat":[76],"product_tag":[],"class_list":{"0":"post-721","1":"product","2":"type-product","3":"status-publish","4":"has-post-thumbnail","6":"product_cat-trepied","8":"first","9":"instock","10":"shipping-taxable","11":"purchasable","12":"product-type-simple"},"yoast_head":"<!-- This site is optimized with the Yoast SEO plugin v27.4 - https:\/\/yoast.com\/product\/yoast-seo-wordpress\/ -->\n<title>Tr\u00e9pied de tir Deadshot BOG - Armurerie Brute<\/title>\n<meta name=\"robots\" content=\"index, follow, max-snippet:-1, max-image-preview:large, max-video-preview:-1\" \/>\n<link rel=\"canonical\" href=\"https:\/\/armureriebrute.fr\/en\/product\/trepied-de-tir-deadshot-bog\/\" \/>\n<meta property=\"og:locale\" content=\"en_GB\" \/>\n<meta property=\"og:type\" content=\"article\" \/>\n<meta property=\"og:title\" content=\"Tr\u00e9pied de tir Deadshot BOG - Armurerie Brute\" \/>\n<meta property=\"og:description\" content=\"Ce\u00a0tr\u00e9pied\u00a0de tir\u00a0Deadshot\u00a0de chez\u00a0BOG\u00a0constitue un accessoire incontournable pour vos s\u00e9ances de tir en ext\u00e9rieur, que ce soit \u00e0 moyenne ou \u00e0 longue distance.\u00a0Sa structure\u00a0stable\u00a0et\u00a0rigide\u00a0permet de reposer votre arme et d\u2019am\u00e9liorer la\u00a0pr\u00e9cision\u00a0de vos tirs. Ce\u00a0Deadshot\u00a0offre la possibilit\u00e9 de tirer dans plusieurs positions gr\u00e2ce \u00e0 ses\u00a0pieds r\u00e9glables\u00a0en hauteur de 600 mm \u00e0 1650 mm. Le\u00a0support en V\u00a0ajustable s\u2019adapte [...]\" \/>\n<meta property=\"og:url\" content=\"https:\/\/armureriebrute.fr\/en\/product\/trepied-de-tir-deadshot-bog\/\" \/>\n<meta property=\"og:site_name\" content=\"Armurerie Brute\" \/>\n<meta property=\"article:modified_time\" content=\"2026-04-23T14:12:21+00:00\" \/>\n<meta property=\"og:image\" content=\"http:\/\/armureriebrute.fr\/wp-content\/uploads\/2026\/04\/trepied-de-tir-deadshot-bog-1.png\" \/>\n\t<meta property=\"og:image:width\" content=\"455\" \/>\n\t<meta property=\"og:image:height\" content=\"455\" \/>\n\t<meta property=\"og:image:type\" content=\"image\/png\" \/>\n<meta name=\"twitter:card\" content=\"summary_large_image\" \/>\n<meta name=\"twitter:label1\" content=\"Estimated reading time\" \/>\n\t<meta name=\"twitter:data1\" content=\"1 minute\" \/>\n<script type=\"application\/ld+json\" class=\"yoast-schema-graph\">{\"@context\":\"https:\\\/\\\/schema.org\",\"@graph\":[{\"@type\":\"WebPage\",\"@id\":\"https:\\\/\\\/armureriebrute.fr\\\/product\\\/trepied-de-tir-deadshot-bog\\\/\",\"url\":\"https:\\\/\\\/armureriebrute.fr\\\/product\\\/trepied-de-tir-deadshot-bog\\\/\",\"name\":\"Tr\u00e9pied de tir Deadshot BOG - Armurerie Brute\",\"isPartOf\":{\"@id\":\"https:\\\/\\\/armureriebrute.fr\\\/#website\"},\"primaryImageOfPage\":{\"@id\":\"https:\\\/\\\/armureriebrute.fr\\\/product\\\/trepied-de-tir-deadshot-bog\\\/#primaryimage\"},\"image\":{\"@id\":\"https:\\\/\\\/armureriebrute.fr\\\/product\\\/trepied-de-tir-deadshot-bog\\\/#primaryimage\"},\"thumbnailUrl\":\"https:\\\/\\\/armureriebrute.fr\\\/wp-content\\\/uploads\\\/2026\\\/04\\\/trepied-de-tir-deadshot-bog-1.png\",\"datePublished\":\"2026-04-23T14:11:33+00:00\",\"dateModified\":\"2026-04-23T14:12:21+00:00\",\"breadcrumb\":{\"@id\":\"https:\\\/\\\/armureriebrute.fr\\\/product\\\/trepied-de-tir-deadshot-bog\\\/#breadcrumb\"},\"inLanguage\":\"en-GB\",\"potentialAction\":[{\"@type\":\"ReadAction\",\"target\":[\"https:\\\/\\\/armureriebrute.fr\\\/product\\\/trepied-de-tir-deadshot-bog\\\/\"]}]},{\"@type\":\"ImageObject\",\"inLanguage\":\"en-GB\",\"@id\":\"https:\\\/\\\/armureriebrute.fr\\\/product\\\/trepied-de-tir-deadshot-bog\\\/#primaryimage\",\"url\":\"https:\\\/\\\/armureriebrute.fr\\\/wp-content\\\/uploads\\\/2026\\\/04\\\/trepied-de-tir-deadshot-bog-1.png\",\"contentUrl\":\"https:\\\/\\\/armureriebrute.fr\\\/wp-content\\\/uploads\\\/2026\\\/04\\\/trepied-de-tir-deadshot-bog-1.png\",\"width\":455,\"height\":455},{\"@type\":\"BreadcrumbList\",\"@id\":\"https:\\\/\\\/armureriebrute.fr\\\/product\\\/trepied-de-tir-deadshot-bog\\\/#breadcrumb\",\"itemListElement\":[{\"@type\":\"ListItem\",\"position\":1,\"name\":\"Home\",\"item\":\"https:\\\/\\\/armureriebrute.fr\\\/\"},{\"@type\":\"ListItem\",\"position\":2,\"name\":\"Shop\",\"item\":\"https:\\\/\\\/armureriebrute.fr\\\/shop\\\/\"},{\"@type\":\"ListItem\",\"position\":3,\"name\":\"Tr\u00e9pied de tir Deadshot BOG\"}]},{\"@type\":\"WebSite\",\"@id\":\"https:\\\/\\\/armureriebrute.fr\\\/#website\",\"url\":\"https:\\\/\\\/armureriebrute.fr\\\/\",\"name\":\"Armurerie Brute\",\"description\":\"Armurerie Brute\",\"publisher\":{\"@id\":\"https:\\\/\\\/armureriebrute.fr\\\/#organization\"},\"potentialAction\":[{\"@type\":\"SearchAction\",\"target\":{\"@type\":\"EntryPoint\",\"urlTemplate\":\"https:\\\/\\\/armureriebrute.fr\\\/?s={search_term_string}\"},\"query-input\":{\"@type\":\"PropertyValueSpecification\",\"valueRequired\":true,\"valueName\":\"search_term_string\"}}],\"inLanguage\":\"en-GB\"},{\"@type\":\"Organization\",\"@id\":\"https:\\\/\\\/armureriebrute.fr\\\/#organization\",\"name\":\"Armurerie Brute\",\"url\":\"https:\\\/\\\/armureriebrute.fr\\\/\",\"logo\":{\"@type\":\"ImageObject\",\"inLanguage\":\"en-GB\",\"@id\":\"https:\\\/\\\/armureriebrute.fr\\\/#\\\/schema\\\/logo\\\/image\\\/\",\"url\":\"http:\\\/\\\/armureriebrute.fr\\\/wp-content\\\/uploads\\\/2026\\\/04\\\/image_6409bec1-1.png\",\"contentUrl\":\"http:\\\/\\\/armureriebrute.fr\\\/wp-content\\\/uploads\\\/2026\\\/04\\\/image_6409bec1-1.png\",\"width\":1408,\"height\":768,\"caption\":\"Armurerie Brute\"},\"image\":{\"@id\":\"https:\\\/\\\/armureriebrute.fr\\\/#\\\/schema\\\/logo\\\/image\\\/\"}}]}<\/script>\n<!-- \/ Yoast SEO plugin. -->","yoast_head_json":{"title":"Tr\u00e9pied de tir Deadshot BOG - Armurerie Brute","robots":{"index":"index","follow":"follow","max-snippet":"max-snippet:-1","max-image-preview":"max-image-preview:large","max-video-preview":"max-video-preview:-1"},"canonical":"https:\/\/armureriebrute.fr\/en\/product\/trepied-de-tir-deadshot-bog\/","og_locale":"en_GB","og_type":"article","og_title":"Tr\u00e9pied de tir Deadshot BOG - Armurerie Brute","og_description":"Ce\u00a0tr\u00e9pied\u00a0de tir\u00a0Deadshot\u00a0de chez\u00a0BOG\u00a0constitue un accessoire incontournable pour vos s\u00e9ances de tir en ext\u00e9rieur, que ce soit \u00e0 moyenne ou \u00e0 longue distance.\u00a0Sa structure\u00a0stable\u00a0et\u00a0rigide\u00a0permet de reposer votre arme et d\u2019am\u00e9liorer la\u00a0pr\u00e9cision\u00a0de vos tirs. Ce\u00a0Deadshot\u00a0offre la possibilit\u00e9 de tirer dans plusieurs positions gr\u00e2ce \u00e0 ses\u00a0pieds r\u00e9glables\u00a0en hauteur de 600 mm \u00e0 1650 mm. Le\u00a0support en V\u00a0ajustable s\u2019adapte [...]","og_url":"https:\/\/armureriebrute.fr\/en\/product\/trepied-de-tir-deadshot-bog\/","og_site_name":"Armurerie Brute","article_modified_time":"2026-04-23T14:12:21+00:00","og_image":[{"width":455,"height":455,"url":"http:\/\/armureriebrute.fr\/wp-content\/uploads\/2026\/04\/trepied-de-tir-deadshot-bog-1.png","type":"image\/png"}],"twitter_card":"summary_large_image","twitter_misc":{"Estimated reading time":"1 minute"},"schema":{"@context":"https:\/\/schema.org","@graph":[{"@type":"WebPage","@id":"https:\/\/armureriebrute.fr\/product\/trepied-de-tir-deadshot-bog\/","url":"https:\/\/armureriebrute.fr\/product\/trepied-de-tir-deadshot-bog\/","name":"Tr\u00e9pied de tir Deadshot BOG - Armurerie Brute","isPartOf":{"@id":"https:\/\/armureriebrute.fr\/#website"},"primaryImageOfPage":{"@id":"https:\/\/armureriebrute.fr\/product\/trepied-de-tir-deadshot-bog\/#primaryimage"},"image":{"@id":"https:\/\/armureriebrute.fr\/product\/trepied-de-tir-deadshot-bog\/#primaryimage"},"thumbnailUrl":"https:\/\/armureriebrute.fr\/wp-content\/uploads\/2026\/04\/trepied-de-tir-deadshot-bog-1.png","datePublished":"2026-04-23T14:11:33+00:00","dateModified":"2026-04-23T14:12:21+00:00","breadcrumb":{"@id":"https:\/\/armureriebrute.fr\/product\/trepied-de-tir-deadshot-bog\/#breadcrumb"},"inLanguage":"en-GB","potentialAction":[{"@type":"ReadAction","target":["https:\/\/armureriebrute.fr\/product\/trepied-de-tir-deadshot-bog\/"]}]},{"@type":"ImageObject","inLanguage":"en-GB","@id":"https:\/\/armureriebrute.fr\/product\/trepied-de-tir-deadshot-bog\/#primaryimage","url":"https:\/\/armureriebrute.fr\/wp-content\/uploads\/2026\/04\/trepied-de-tir-deadshot-bog-1.png","contentUrl":"https:\/\/armureriebrute.fr\/wp-content\/uploads\/2026\/04\/trepied-de-tir-deadshot-bog-1.png","width":455,"height":455},{"@type":"BreadcrumbList","@id":"https:\/\/armureriebrute.fr\/product\/trepied-de-tir-deadshot-bog\/#breadcrumb","itemListElement":[{"@type":"ListItem","position":1,"name":"Home","item":"https:\/\/armureriebrute.fr\/"},{"@type":"ListItem","position":2,"name":"Shop","item":"https:\/\/armureriebrute.fr\/shop\/"},{"@type":"ListItem","position":3,"name":"Tr\u00e9pied de tir Deadshot BOG"}]},{"@type":"WebSite","@id":"https:\/\/armureriebrute.fr\/#website","url":"https:\/\/armureriebrute.fr\/","name":"Brute Armoury","description":"Brute Armoury","publisher":{"@id":"https:\/\/armureriebrute.fr\/#organization"},"potentialAction":[{"@type":"SearchAction","target":{"@type":"EntryPoint","urlTemplate":"https:\/\/armureriebrute.fr\/?s={search_term_string}"},"query-input":{"@type":"PropertyValueSpecification","valueRequired":true,"valueName":"search_term_string"}}],"inLanguage":"en-GB"},{"@type":"Organization","@id":"https:\/\/armureriebrute.fr\/#organization","name":"Brute Armoury","url":"https:\/\/armureriebrute.fr\/","logo":{"@type":"ImageObject","inLanguage":"en-GB","@id":"https:\/\/armureriebrute.fr\/#\/schema\/logo\/image\/","url":"http:\/\/armureriebrute.fr\/wp-content\/uploads\/2026\/04\/image_6409bec1-1.png","contentUrl":"http:\/\/armureriebrute.fr\/wp-content\/uploads\/2026\/04\/image_6409bec1-1.png","width":1408,"height":768,"caption":"Armurerie Brute"},"image":{"@id":"https:\/\/armureriebrute.fr\/#\/schema\/logo\/image\/"}}]}},"_links":{"self":[{"href":"https:\/\/armureriebrute.fr\/en\/wp-json\/wp\/v2\/product\/721","targetHints":{"allow":["GET"]}}],"collection":[{"href":"https:\/\/armureriebrute.fr\/en\/wp-json\/wp\/v2\/product"}],"about":[{"href":"https:\/\/armureriebrute.fr\/en\/wp-json\/wp\/v2\/types\/product"}],"replies":[{"embeddable":true,"href":"https:\/\/armureriebrute.fr\/en\/wp-json\/wp\/v2\/comments?post=721"}],"wp:featuredmedia":[{"embeddable":true,"href":"https:\/\/armureriebrute.fr\/en\/wp-json\/wp\/v2\/media\/723"}],"wp:attachment":[{"href":"https:\/\/armureriebrute.fr\/en\/wp-json\/wp\/v2\/media?parent=721"}],"wp:term":[{"taxonomy":"product_brand","embeddable":true,"href":"https:\/\/armureriebrute.fr\/en\/wp-json\/wp\/v2\/product_brand?post=721"},{"taxonomy":"product_cat","embeddable":true,"href":"https:\/\/armureriebrute.fr\/en\/wp-json\/wp\/v2\/product_cat?post=721"},{"taxonomy":"product_tag","embeddable":true,"href":"https:\/\/armureriebrute.fr\/en\/wp-json\/wp\/v2\/product_tag?post=721"}],"curies":[{"name":"wp","href":"https:\/\/api.w.org\/{rel}","templated":true}]}}