{"id":726,"date":"2026-04-23T14:12:52","date_gmt":"2026-04-23T14:12:52","guid":{"rendered":"https:\/\/armureriebrute.fr\/?post_type=product&#038;p=726"},"modified":"2026-04-23T14:13:38","modified_gmt":"2026-04-23T14:13:38","slug":"canne-trepied-bbs-v-noire-rokstad","status":"publish","type":"product","link":"https:\/\/armureriebrute.fr\/en\/product\/canne-trepied-bbs-v-noire-rokstad\/","title":{"rendered":"Canne tr\u00e9pied BBS V noire Rokstad"},"content":{"rendered":"<div id=\"product-description-short-16886\" class=\"product-description-short sm-bottom typo\">\n<p data-end=\"709\" data-start=\"285\">Cette\u00a0<strong>canne tr\u00e9pied BBS V<\/strong>\u00a0<strong>noire<\/strong>\u00a0de chez\u00a0<strong>Rokstad<\/strong>\u00a0est con\u00e7ue pour\u00a0<strong>am\u00e9liorer la pr\u00e9cision<\/strong>\u00a0de vos tirs, m\u00eame \u00e0 longue distance. Elle int\u00e8gre un\u00a0<strong>support en V rotatif \u00e0 360\u00b0<\/strong>, recouvert d\u2019un grip en caoutchouc, qui assure une\u00a0<strong>excellente stabilit\u00e9<\/strong>\u00a0de votre carabine au moment du tir. Pour un transport silencieux et confortable, les trois tiges sont \u00e9quip\u00e9es de\u00a0<strong>manchons en mousse<\/strong>, \u00e9vitant les bruits m\u00e9talliques lors du repliage du tr\u00e9pied.<\/p>\n<p data-end=\"1215\" data-start=\"711\">Ce support de tir est\u00a0<strong>enti\u00e8rement r\u00e9glable<\/strong>\u00a0en hauteur gr\u00e2ce \u00e0 deux bagues de serrage par section, permettant un<strong>\u00a0ajustement pr\u00e9cis<\/strong>\u00a0entre 80 et 188 cm. Vous pourrez ainsi l\u2019utiliser en position assise, \u00e0 genoux ou debout, selon vos besoins sur le terrain. Les pieds sont munis d&rsquo;<strong>embouts\u00a0en caoutchouc<\/strong>\u00a0pour une bonne adh\u00e9rence sur tout type de sol. En fonction du terrain rencontr\u00e9, il est \u00e9galement possible de visser les extr\u00e9mit\u00e9s pour faire appara\u00eetre\u00a0<strong>trois pointes en acier<\/strong>, offrant un grip renforc\u00e9.<\/p>\n<p data-end=\"1372\" data-start=\"1217\">Enfin, un\u00a0<strong>angle d\u2019ouverture de 50\u00b0<\/strong>\u00a0garantit une excellente stabilit\u00e9 pendant le tir et un bon\u00a0<strong>confort d\u2019utilisation<\/strong>\u00a0dans tous les environnements.<\/p>\n<\/div>\n<div class=\"js-product-attributes-destination mb-2 product-attributes\">\n<div class=\"attribute-item product-manufacturer\"><label>Marque<\/label>\u00a0Rokstad<\/div>\n<div class=\"attribute-item product-reference\"><label>R\u00e9f\u00e9rence<\/label>\u00a0RSGR-07<\/div>\n<div class=\"EAN-13 attribute-item product-specific-references\"><label>EAN-13<\/label>\u00a02000000233291<\/div>\n<\/div>","protected":false},"excerpt":{"rendered":"<p>Cette\u00a0canne tr\u00e9pied BBS V\u00a0noire\u00a0de chez\u00a0Rokstad\u00a0est con\u00e7ue pour\u00a0am\u00e9liorer la pr\u00e9cision\u00a0de vos tirs, m\u00eame \u00e0 longue distance. Elle int\u00e8gre un\u00a0support en V rotatif \u00e0 360\u00b0, recouvert d\u2019un grip en caoutchouc, qui assure une\u00a0excellente stabilit\u00e9\u00a0de votre carabine au moment du tir. Pour un transport silencieux et confortable, les trois tiges sont \u00e9quip\u00e9es de\u00a0manchons en mousse, \u00e9vitant les bruits [&#8230;]\n","protected":false},"featured_media":727,"comment_status":"open","ping_status":"closed","template":"","meta":[],"product_brand":[],"product_cat":[76],"product_tag":[],"class_list":{"0":"post-726","1":"product","2":"type-product","3":"status-publish","4":"has-post-thumbnail","6":"product_cat-trepied","8":"first","9":"instock","10":"shipping-taxable","11":"purchasable","12":"product-type-simple"},"yoast_head":"<!-- This site is optimized with the Yoast SEO plugin v27.4 - https:\/\/yoast.com\/product\/yoast-seo-wordpress\/ -->\n<title>Canne tr\u00e9pied BBS V noire Rokstad - Armurerie Brute<\/title>\n<meta name=\"robots\" content=\"index, follow, max-snippet:-1, max-image-preview:large, max-video-preview:-1\" \/>\n<link rel=\"canonical\" href=\"https:\/\/armureriebrute.fr\/en\/product\/canne-trepied-bbs-v-noire-rokstad\/\" \/>\n<meta property=\"og:locale\" content=\"en_GB\" \/>\n<meta property=\"og:type\" content=\"article\" \/>\n<meta property=\"og:title\" content=\"Canne tr\u00e9pied BBS V noire Rokstad - Armurerie Brute\" \/>\n<meta property=\"og:description\" content=\"Cette\u00a0canne tr\u00e9pied BBS V\u00a0noire\u00a0de chez\u00a0Rokstad\u00a0est con\u00e7ue pour\u00a0am\u00e9liorer la pr\u00e9cision\u00a0de vos tirs, m\u00eame \u00e0 longue distance. Elle int\u00e8gre un\u00a0support en V rotatif \u00e0 360\u00b0, recouvert d\u2019un grip en caoutchouc, qui assure une\u00a0excellente stabilit\u00e9\u00a0de votre carabine au moment du tir. Pour un transport silencieux et confortable, les trois tiges sont \u00e9quip\u00e9es de\u00a0manchons en mousse, \u00e9vitant les bruits [...]\" \/>\n<meta property=\"og:url\" content=\"https:\/\/armureriebrute.fr\/en\/product\/canne-trepied-bbs-v-noire-rokstad\/\" \/>\n<meta property=\"og:site_name\" content=\"Armurerie Brute\" \/>\n<meta property=\"article:modified_time\" content=\"2026-04-23T14:13:38+00:00\" \/>\n<meta property=\"og:image\" content=\"http:\/\/armureriebrute.fr\/wp-content\/uploads\/2026\/04\/canne-trepied-bbs-v-noire-rokstad.png\" \/>\n\t<meta property=\"og:image:width\" content=\"455\" \/>\n\t<meta property=\"og:image:height\" content=\"455\" \/>\n\t<meta property=\"og:image:type\" content=\"image\/png\" \/>\n<meta name=\"twitter:card\" content=\"summary_large_image\" \/>\n<meta name=\"twitter:label1\" content=\"Estimated reading time\" \/>\n\t<meta name=\"twitter:data1\" content=\"2 minutes\" \/>\n<script type=\"application\/ld+json\" class=\"yoast-schema-graph\">{\"@context\":\"https:\\\/\\\/schema.org\",\"@graph\":[{\"@type\":\"WebPage\",\"@id\":\"https:\\\/\\\/armureriebrute.fr\\\/product\\\/canne-trepied-bbs-v-noire-rokstad\\\/\",\"url\":\"https:\\\/\\\/armureriebrute.fr\\\/product\\\/canne-trepied-bbs-v-noire-rokstad\\\/\",\"name\":\"Canne tr\u00e9pied BBS V noire Rokstad - Armurerie Brute\",\"isPartOf\":{\"@id\":\"https:\\\/\\\/armureriebrute.fr\\\/#website\"},\"primaryImageOfPage\":{\"@id\":\"https:\\\/\\\/armureriebrute.fr\\\/product\\\/canne-trepied-bbs-v-noire-rokstad\\\/#primaryimage\"},\"image\":{\"@id\":\"https:\\\/\\\/armureriebrute.fr\\\/product\\\/canne-trepied-bbs-v-noire-rokstad\\\/#primaryimage\"},\"thumbnailUrl\":\"https:\\\/\\\/armureriebrute.fr\\\/wp-content\\\/uploads\\\/2026\\\/04\\\/canne-trepied-bbs-v-noire-rokstad.png\",\"datePublished\":\"2026-04-23T14:12:52+00:00\",\"dateModified\":\"2026-04-23T14:13:38+00:00\",\"breadcrumb\":{\"@id\":\"https:\\\/\\\/armureriebrute.fr\\\/product\\\/canne-trepied-bbs-v-noire-rokstad\\\/#breadcrumb\"},\"inLanguage\":\"en-GB\",\"potentialAction\":[{\"@type\":\"ReadAction\",\"target\":[\"https:\\\/\\\/armureriebrute.fr\\\/product\\\/canne-trepied-bbs-v-noire-rokstad\\\/\"]}]},{\"@type\":\"ImageObject\",\"inLanguage\":\"en-GB\",\"@id\":\"https:\\\/\\\/armureriebrute.fr\\\/product\\\/canne-trepied-bbs-v-noire-rokstad\\\/#primaryimage\",\"url\":\"https:\\\/\\\/armureriebrute.fr\\\/wp-content\\\/uploads\\\/2026\\\/04\\\/canne-trepied-bbs-v-noire-rokstad.png\",\"contentUrl\":\"https:\\\/\\\/armureriebrute.fr\\\/wp-content\\\/uploads\\\/2026\\\/04\\\/canne-trepied-bbs-v-noire-rokstad.png\",\"width\":455,\"height\":455},{\"@type\":\"BreadcrumbList\",\"@id\":\"https:\\\/\\\/armureriebrute.fr\\\/product\\\/canne-trepied-bbs-v-noire-rokstad\\\/#breadcrumb\",\"itemListElement\":[{\"@type\":\"ListItem\",\"position\":1,\"name\":\"Home\",\"item\":\"https:\\\/\\\/armureriebrute.fr\\\/\"},{\"@type\":\"ListItem\",\"position\":2,\"name\":\"Shop\",\"item\":\"https:\\\/\\\/armureriebrute.fr\\\/shop\\\/\"},{\"@type\":\"ListItem\",\"position\":3,\"name\":\"Canne tr\u00e9pied BBS V noire Rokstad\"}]},{\"@type\":\"WebSite\",\"@id\":\"https:\\\/\\\/armureriebrute.fr\\\/#website\",\"url\":\"https:\\\/\\\/armureriebrute.fr\\\/\",\"name\":\"Armurerie Brute\",\"description\":\"Armurerie Brute\",\"publisher\":{\"@id\":\"https:\\\/\\\/armureriebrute.fr\\\/#organization\"},\"potentialAction\":[{\"@type\":\"SearchAction\",\"target\":{\"@type\":\"EntryPoint\",\"urlTemplate\":\"https:\\\/\\\/armureriebrute.fr\\\/?s={search_term_string}\"},\"query-input\":{\"@type\":\"PropertyValueSpecification\",\"valueRequired\":true,\"valueName\":\"search_term_string\"}}],\"inLanguage\":\"en-GB\"},{\"@type\":\"Organization\",\"@id\":\"https:\\\/\\\/armureriebrute.fr\\\/#organization\",\"name\":\"Armurerie Brute\",\"url\":\"https:\\\/\\\/armureriebrute.fr\\\/\",\"logo\":{\"@type\":\"ImageObject\",\"inLanguage\":\"en-GB\",\"@id\":\"https:\\\/\\\/armureriebrute.fr\\\/#\\\/schema\\\/logo\\\/image\\\/\",\"url\":\"http:\\\/\\\/armureriebrute.fr\\\/wp-content\\\/uploads\\\/2026\\\/04\\\/image_6409bec1-1.png\",\"contentUrl\":\"http:\\\/\\\/armureriebrute.fr\\\/wp-content\\\/uploads\\\/2026\\\/04\\\/image_6409bec1-1.png\",\"width\":1408,\"height\":768,\"caption\":\"Armurerie Brute\"},\"image\":{\"@id\":\"https:\\\/\\\/armureriebrute.fr\\\/#\\\/schema\\\/logo\\\/image\\\/\"}}]}<\/script>\n<!-- \/ Yoast SEO plugin. -->","yoast_head_json":{"title":"Canne tr\u00e9pied BBS V noire Rokstad - Armurerie Brute","robots":{"index":"index","follow":"follow","max-snippet":"max-snippet:-1","max-image-preview":"max-image-preview:large","max-video-preview":"max-video-preview:-1"},"canonical":"https:\/\/armureriebrute.fr\/en\/product\/canne-trepied-bbs-v-noire-rokstad\/","og_locale":"en_GB","og_type":"article","og_title":"Canne tr\u00e9pied BBS V noire Rokstad - Armurerie Brute","og_description":"Cette\u00a0canne tr\u00e9pied BBS V\u00a0noire\u00a0de chez\u00a0Rokstad\u00a0est con\u00e7ue pour\u00a0am\u00e9liorer la pr\u00e9cision\u00a0de vos tirs, m\u00eame \u00e0 longue distance. Elle int\u00e8gre un\u00a0support en V rotatif \u00e0 360\u00b0, recouvert d\u2019un grip en caoutchouc, qui assure une\u00a0excellente stabilit\u00e9\u00a0de votre carabine au moment du tir. Pour un transport silencieux et confortable, les trois tiges sont \u00e9quip\u00e9es de\u00a0manchons en mousse, \u00e9vitant les bruits [...]","og_url":"https:\/\/armureriebrute.fr\/en\/product\/canne-trepied-bbs-v-noire-rokstad\/","og_site_name":"Armurerie Brute","article_modified_time":"2026-04-23T14:13:38+00:00","og_image":[{"width":455,"height":455,"url":"http:\/\/armureriebrute.fr\/wp-content\/uploads\/2026\/04\/canne-trepied-bbs-v-noire-rokstad.png","type":"image\/png"}],"twitter_card":"summary_large_image","twitter_misc":{"Estimated reading time":"2 minutes"},"schema":{"@context":"https:\/\/schema.org","@graph":[{"@type":"WebPage","@id":"https:\/\/armureriebrute.fr\/product\/canne-trepied-bbs-v-noire-rokstad\/","url":"https:\/\/armureriebrute.fr\/product\/canne-trepied-bbs-v-noire-rokstad\/","name":"Canne tr\u00e9pied BBS V noire Rokstad - Armurerie Brute","isPartOf":{"@id":"https:\/\/armureriebrute.fr\/#website"},"primaryImageOfPage":{"@id":"https:\/\/armureriebrute.fr\/product\/canne-trepied-bbs-v-noire-rokstad\/#primaryimage"},"image":{"@id":"https:\/\/armureriebrute.fr\/product\/canne-trepied-bbs-v-noire-rokstad\/#primaryimage"},"thumbnailUrl":"https:\/\/armureriebrute.fr\/wp-content\/uploads\/2026\/04\/canne-trepied-bbs-v-noire-rokstad.png","datePublished":"2026-04-23T14:12:52+00:00","dateModified":"2026-04-23T14:13:38+00:00","breadcrumb":{"@id":"https:\/\/armureriebrute.fr\/product\/canne-trepied-bbs-v-noire-rokstad\/#breadcrumb"},"inLanguage":"en-GB","potentialAction":[{"@type":"ReadAction","target":["https:\/\/armureriebrute.fr\/product\/canne-trepied-bbs-v-noire-rokstad\/"]}]},{"@type":"ImageObject","inLanguage":"en-GB","@id":"https:\/\/armureriebrute.fr\/product\/canne-trepied-bbs-v-noire-rokstad\/#primaryimage","url":"https:\/\/armureriebrute.fr\/wp-content\/uploads\/2026\/04\/canne-trepied-bbs-v-noire-rokstad.png","contentUrl":"https:\/\/armureriebrute.fr\/wp-content\/uploads\/2026\/04\/canne-trepied-bbs-v-noire-rokstad.png","width":455,"height":455},{"@type":"BreadcrumbList","@id":"https:\/\/armureriebrute.fr\/product\/canne-trepied-bbs-v-noire-rokstad\/#breadcrumb","itemListElement":[{"@type":"ListItem","position":1,"name":"Home","item":"https:\/\/armureriebrute.fr\/"},{"@type":"ListItem","position":2,"name":"Shop","item":"https:\/\/armureriebrute.fr\/shop\/"},{"@type":"ListItem","position":3,"name":"Canne tr\u00e9pied BBS V noire Rokstad"}]},{"@type":"WebSite","@id":"https:\/\/armureriebrute.fr\/#website","url":"https:\/\/armureriebrute.fr\/","name":"Brute Armoury","description":"Brute Armoury","publisher":{"@id":"https:\/\/armureriebrute.fr\/#organization"},"potentialAction":[{"@type":"SearchAction","target":{"@type":"EntryPoint","urlTemplate":"https:\/\/armureriebrute.fr\/?s={search_term_string}"},"query-input":{"@type":"PropertyValueSpecification","valueRequired":true,"valueName":"search_term_string"}}],"inLanguage":"en-GB"},{"@type":"Organization","@id":"https:\/\/armureriebrute.fr\/#organization","name":"Brute Armoury","url":"https:\/\/armureriebrute.fr\/","logo":{"@type":"ImageObject","inLanguage":"en-GB","@id":"https:\/\/armureriebrute.fr\/#\/schema\/logo\/image\/","url":"http:\/\/armureriebrute.fr\/wp-content\/uploads\/2026\/04\/image_6409bec1-1.png","contentUrl":"http:\/\/armureriebrute.fr\/wp-content\/uploads\/2026\/04\/image_6409bec1-1.png","width":1408,"height":768,"caption":"Armurerie Brute"},"image":{"@id":"https:\/\/armureriebrute.fr\/#\/schema\/logo\/image\/"}}]}},"_links":{"self":[{"href":"https:\/\/armureriebrute.fr\/en\/wp-json\/wp\/v2\/product\/726","targetHints":{"allow":["GET"]}}],"collection":[{"href":"https:\/\/armureriebrute.fr\/en\/wp-json\/wp\/v2\/product"}],"about":[{"href":"https:\/\/armureriebrute.fr\/en\/wp-json\/wp\/v2\/types\/product"}],"replies":[{"embeddable":true,"href":"https:\/\/armureriebrute.fr\/en\/wp-json\/wp\/v2\/comments?post=726"}],"wp:featuredmedia":[{"embeddable":true,"href":"https:\/\/armureriebrute.fr\/en\/wp-json\/wp\/v2\/media\/727"}],"wp:attachment":[{"href":"https:\/\/armureriebrute.fr\/en\/wp-json\/wp\/v2\/media?parent=726"}],"wp:term":[{"taxonomy":"product_brand","embeddable":true,"href":"https:\/\/armureriebrute.fr\/en\/wp-json\/wp\/v2\/product_brand?post=726"},{"taxonomy":"product_cat","embeddable":true,"href":"https:\/\/armureriebrute.fr\/en\/wp-json\/wp\/v2\/product_cat?post=726"},{"taxonomy":"product_tag","embeddable":true,"href":"https:\/\/armureriebrute.fr\/en\/wp-json\/wp\/v2\/product_tag?post=726"}],"curies":[{"name":"wp","href":"https:\/\/api.w.org\/{rel}","templated":true}]}}