{"id":736,"date":"2026-04-23T14:15:28","date_gmt":"2026-04-23T14:15:28","guid":{"rendered":"https:\/\/armureriebrute.fr\/?post_type=product&#038;p=736"},"modified":"2026-04-23T14:16:11","modified_gmt":"2026-04-23T14:16:11","slug":"trepied-deathgrip-machoire-aluminium-noir-bog","status":"publish","type":"product","link":"https:\/\/armureriebrute.fr\/en\/product\/trepied-deathgrip-machoire-aluminium-noir-bog\/","title":{"rendered":"Tr\u00e9pied Deathgrip Machoire Aluminium Noir Bog"},"content":{"rendered":"<div id=\"product-description-short-16806\" class=\"product-description-short sm-bottom typo\">\n<p><strong>Bog<\/strong>\u00a0vous pr\u00e9sente un tr\u00e9pied de toute derni\u00e8re g\u00e9n\u00e9ration :\u00a0<strong>Le Deathgrip<\/strong>. L&rsquo;innovation principale r\u00e9side dans son\u00a0<strong>syst\u00e8me de fixation<\/strong>\u00a0de l&rsquo;arme par une \u00ab\u00a0m\u00e2choire\u00a0\u00bb qui permet un\u00a0<strong>maintien efficace<\/strong>\u00a0de cette derni\u00e8re lors de vos s\u00e9ances de tir. Vous obtiendrez ainsi une\u00a0<strong>tr\u00e8s grande stabilit\u00e9<\/strong>\u00a0pour une pr\u00e9cision optimale.<\/p>\n<\/div>\n<div class=\"js-product-attributes-destination mb-2 product-attributes\">\n<div class=\"attribute-item product-manufacturer\"><label>Marque<\/label>\u00a0BOG<\/div>\n<div class=\"attribute-item product-reference\"><label>R\u00e9f\u00e9rence<\/label>\u00a0781699<\/div>\n<div class=\"EAN-13 attribute-item product-specific-references\"><label>EAN-13<\/label>\u00a00661120416692<\/div>\n<\/div>","protected":false},"excerpt":{"rendered":"<p>Bog\u00a0vous pr\u00e9sente un tr\u00e9pied de toute derni\u00e8re g\u00e9n\u00e9ration :\u00a0Le Deathgrip. L&rsquo;innovation principale r\u00e9side dans son\u00a0syst\u00e8me de fixation\u00a0de l&rsquo;arme par une \u00ab\u00a0m\u00e2choire\u00a0\u00bb qui permet un\u00a0maintien efficace\u00a0de cette derni\u00e8re lors de vos s\u00e9ances de tir. Vous obtiendrez ainsi une\u00a0tr\u00e8s grande stabilit\u00e9\u00a0pour une pr\u00e9cision optimale. Marque\u00a0BOG R\u00e9f\u00e9rence\u00a0781699 EAN-13\u00a00661120416692<\/p>","protected":false},"featured_media":737,"comment_status":"open","ping_status":"closed","template":"","meta":[],"product_brand":[],"product_cat":[76],"product_tag":[],"class_list":{"0":"post-736","1":"product","2":"type-product","3":"status-publish","4":"has-post-thumbnail","6":"product_cat-trepied","8":"first","9":"instock","10":"shipping-taxable","11":"purchasable","12":"product-type-simple"},"yoast_head":"<!-- This site is optimized with the Yoast SEO plugin v27.4 - https:\/\/yoast.com\/product\/yoast-seo-wordpress\/ -->\n<title>Tr\u00e9pied Deathgrip Machoire Aluminium Noir Bog - Armurerie Brute<\/title>\n<meta name=\"robots\" content=\"index, follow, max-snippet:-1, max-image-preview:large, max-video-preview:-1\" \/>\n<link rel=\"canonical\" href=\"https:\/\/armureriebrute.fr\/en\/product\/trepied-deathgrip-machoire-aluminium-noir-bog\/\" \/>\n<meta property=\"og:locale\" content=\"en_GB\" \/>\n<meta property=\"og:type\" content=\"article\" \/>\n<meta property=\"og:title\" content=\"Tr\u00e9pied Deathgrip Machoire Aluminium Noir Bog - Armurerie Brute\" \/>\n<meta property=\"og:description\" content=\"Bog\u00a0vous pr\u00e9sente un tr\u00e9pied de toute derni\u00e8re g\u00e9n\u00e9ration :\u00a0Le Deathgrip. L&rsquo;innovation principale r\u00e9side dans son\u00a0syst\u00e8me de fixation\u00a0de l&rsquo;arme par une \u00ab\u00a0m\u00e2choire\u00a0\u00bb qui permet un\u00a0maintien efficace\u00a0de cette derni\u00e8re lors de vos s\u00e9ances de tir. Vous obtiendrez ainsi une\u00a0tr\u00e8s grande stabilit\u00e9\u00a0pour une pr\u00e9cision optimale. Marque\u00a0BOG R\u00e9f\u00e9rence\u00a0781699 EAN-13\u00a00661120416692\" \/>\n<meta property=\"og:url\" content=\"https:\/\/armureriebrute.fr\/en\/product\/trepied-deathgrip-machoire-aluminium-noir-bog\/\" \/>\n<meta property=\"og:site_name\" content=\"Armurerie Brute\" \/>\n<meta property=\"article:modified_time\" content=\"2026-04-23T14:16:11+00:00\" \/>\n<meta property=\"og:image\" content=\"http:\/\/armureriebrute.fr\/wp-content\/uploads\/2026\/04\/trepied-deathgrip-machoire-aluminium-noir-bog.jpg\" \/>\n\t<meta property=\"og:image:width\" content=\"455\" \/>\n\t<meta property=\"og:image:height\" content=\"455\" \/>\n\t<meta property=\"og:image:type\" content=\"image\/jpeg\" \/>\n<meta name=\"twitter:card\" content=\"summary_large_image\" \/>\n<meta name=\"twitter:label1\" content=\"Estimated reading time\" \/>\n\t<meta name=\"twitter:data1\" content=\"1 minute\" \/>\n<script type=\"application\/ld+json\" class=\"yoast-schema-graph\">{\"@context\":\"https:\\\/\\\/schema.org\",\"@graph\":[{\"@type\":\"WebPage\",\"@id\":\"https:\\\/\\\/armureriebrute.fr\\\/product\\\/trepied-deathgrip-machoire-aluminium-noir-bog\\\/\",\"url\":\"https:\\\/\\\/armureriebrute.fr\\\/product\\\/trepied-deathgrip-machoire-aluminium-noir-bog\\\/\",\"name\":\"Tr\u00e9pied Deathgrip Machoire Aluminium Noir Bog - Armurerie Brute\",\"isPartOf\":{\"@id\":\"https:\\\/\\\/armureriebrute.fr\\\/#website\"},\"primaryImageOfPage\":{\"@id\":\"https:\\\/\\\/armureriebrute.fr\\\/product\\\/trepied-deathgrip-machoire-aluminium-noir-bog\\\/#primaryimage\"},\"image\":{\"@id\":\"https:\\\/\\\/armureriebrute.fr\\\/product\\\/trepied-deathgrip-machoire-aluminium-noir-bog\\\/#primaryimage\"},\"thumbnailUrl\":\"https:\\\/\\\/armureriebrute.fr\\\/wp-content\\\/uploads\\\/2026\\\/04\\\/trepied-deathgrip-machoire-aluminium-noir-bog.jpg\",\"datePublished\":\"2026-04-23T14:15:28+00:00\",\"dateModified\":\"2026-04-23T14:16:11+00:00\",\"breadcrumb\":{\"@id\":\"https:\\\/\\\/armureriebrute.fr\\\/product\\\/trepied-deathgrip-machoire-aluminium-noir-bog\\\/#breadcrumb\"},\"inLanguage\":\"en-GB\",\"potentialAction\":[{\"@type\":\"ReadAction\",\"target\":[\"https:\\\/\\\/armureriebrute.fr\\\/product\\\/trepied-deathgrip-machoire-aluminium-noir-bog\\\/\"]}]},{\"@type\":\"ImageObject\",\"inLanguage\":\"en-GB\",\"@id\":\"https:\\\/\\\/armureriebrute.fr\\\/product\\\/trepied-deathgrip-machoire-aluminium-noir-bog\\\/#primaryimage\",\"url\":\"https:\\\/\\\/armureriebrute.fr\\\/wp-content\\\/uploads\\\/2026\\\/04\\\/trepied-deathgrip-machoire-aluminium-noir-bog.jpg\",\"contentUrl\":\"https:\\\/\\\/armureriebrute.fr\\\/wp-content\\\/uploads\\\/2026\\\/04\\\/trepied-deathgrip-machoire-aluminium-noir-bog.jpg\",\"width\":455,\"height\":455},{\"@type\":\"BreadcrumbList\",\"@id\":\"https:\\\/\\\/armureriebrute.fr\\\/product\\\/trepied-deathgrip-machoire-aluminium-noir-bog\\\/#breadcrumb\",\"itemListElement\":[{\"@type\":\"ListItem\",\"position\":1,\"name\":\"Home\",\"item\":\"https:\\\/\\\/armureriebrute.fr\\\/\"},{\"@type\":\"ListItem\",\"position\":2,\"name\":\"Shop\",\"item\":\"https:\\\/\\\/armureriebrute.fr\\\/shop\\\/\"},{\"@type\":\"ListItem\",\"position\":3,\"name\":\"Tr\u00e9pied Deathgrip Machoire Aluminium Noir Bog\"}]},{\"@type\":\"WebSite\",\"@id\":\"https:\\\/\\\/armureriebrute.fr\\\/#website\",\"url\":\"https:\\\/\\\/armureriebrute.fr\\\/\",\"name\":\"Armurerie Brute\",\"description\":\"Armurerie Brute\",\"publisher\":{\"@id\":\"https:\\\/\\\/armureriebrute.fr\\\/#organization\"},\"potentialAction\":[{\"@type\":\"SearchAction\",\"target\":{\"@type\":\"EntryPoint\",\"urlTemplate\":\"https:\\\/\\\/armureriebrute.fr\\\/?s={search_term_string}\"},\"query-input\":{\"@type\":\"PropertyValueSpecification\",\"valueRequired\":true,\"valueName\":\"search_term_string\"}}],\"inLanguage\":\"en-GB\"},{\"@type\":\"Organization\",\"@id\":\"https:\\\/\\\/armureriebrute.fr\\\/#organization\",\"name\":\"Armurerie Brute\",\"url\":\"https:\\\/\\\/armureriebrute.fr\\\/\",\"logo\":{\"@type\":\"ImageObject\",\"inLanguage\":\"en-GB\",\"@id\":\"https:\\\/\\\/armureriebrute.fr\\\/#\\\/schema\\\/logo\\\/image\\\/\",\"url\":\"http:\\\/\\\/armureriebrute.fr\\\/wp-content\\\/uploads\\\/2026\\\/04\\\/image_6409bec1-1.png\",\"contentUrl\":\"http:\\\/\\\/armureriebrute.fr\\\/wp-content\\\/uploads\\\/2026\\\/04\\\/image_6409bec1-1.png\",\"width\":1408,\"height\":768,\"caption\":\"Armurerie Brute\"},\"image\":{\"@id\":\"https:\\\/\\\/armureriebrute.fr\\\/#\\\/schema\\\/logo\\\/image\\\/\"}}]}<\/script>\n<!-- \/ Yoast SEO plugin. -->","yoast_head_json":{"title":"Tr\u00e9pied Deathgrip Machoire Aluminium Noir Bog - Armurerie Brute","robots":{"index":"index","follow":"follow","max-snippet":"max-snippet:-1","max-image-preview":"max-image-preview:large","max-video-preview":"max-video-preview:-1"},"canonical":"https:\/\/armureriebrute.fr\/en\/product\/trepied-deathgrip-machoire-aluminium-noir-bog\/","og_locale":"en_GB","og_type":"article","og_title":"Tr\u00e9pied Deathgrip Machoire Aluminium Noir Bog - Armurerie Brute","og_description":"Bog\u00a0vous pr\u00e9sente un tr\u00e9pied de toute derni\u00e8re g\u00e9n\u00e9ration :\u00a0Le Deathgrip. L&rsquo;innovation principale r\u00e9side dans son\u00a0syst\u00e8me de fixation\u00a0de l&rsquo;arme par une \u00ab\u00a0m\u00e2choire\u00a0\u00bb qui permet un\u00a0maintien efficace\u00a0de cette derni\u00e8re lors de vos s\u00e9ances de tir. Vous obtiendrez ainsi une\u00a0tr\u00e8s grande stabilit\u00e9\u00a0pour une pr\u00e9cision optimale. Marque\u00a0BOG R\u00e9f\u00e9rence\u00a0781699 EAN-13\u00a00661120416692","og_url":"https:\/\/armureriebrute.fr\/en\/product\/trepied-deathgrip-machoire-aluminium-noir-bog\/","og_site_name":"Armurerie Brute","article_modified_time":"2026-04-23T14:16:11+00:00","og_image":[{"width":455,"height":455,"url":"http:\/\/armureriebrute.fr\/wp-content\/uploads\/2026\/04\/trepied-deathgrip-machoire-aluminium-noir-bog.jpg","type":"image\/jpeg"}],"twitter_card":"summary_large_image","twitter_misc":{"Estimated reading time":"1 minute"},"schema":{"@context":"https:\/\/schema.org","@graph":[{"@type":"WebPage","@id":"https:\/\/armureriebrute.fr\/product\/trepied-deathgrip-machoire-aluminium-noir-bog\/","url":"https:\/\/armureriebrute.fr\/product\/trepied-deathgrip-machoire-aluminium-noir-bog\/","name":"Tr\u00e9pied Deathgrip Machoire Aluminium Noir Bog - Armurerie Brute","isPartOf":{"@id":"https:\/\/armureriebrute.fr\/#website"},"primaryImageOfPage":{"@id":"https:\/\/armureriebrute.fr\/product\/trepied-deathgrip-machoire-aluminium-noir-bog\/#primaryimage"},"image":{"@id":"https:\/\/armureriebrute.fr\/product\/trepied-deathgrip-machoire-aluminium-noir-bog\/#primaryimage"},"thumbnailUrl":"https:\/\/armureriebrute.fr\/wp-content\/uploads\/2026\/04\/trepied-deathgrip-machoire-aluminium-noir-bog.jpg","datePublished":"2026-04-23T14:15:28+00:00","dateModified":"2026-04-23T14:16:11+00:00","breadcrumb":{"@id":"https:\/\/armureriebrute.fr\/product\/trepied-deathgrip-machoire-aluminium-noir-bog\/#breadcrumb"},"inLanguage":"en-GB","potentialAction":[{"@type":"ReadAction","target":["https:\/\/armureriebrute.fr\/product\/trepied-deathgrip-machoire-aluminium-noir-bog\/"]}]},{"@type":"ImageObject","inLanguage":"en-GB","@id":"https:\/\/armureriebrute.fr\/product\/trepied-deathgrip-machoire-aluminium-noir-bog\/#primaryimage","url":"https:\/\/armureriebrute.fr\/wp-content\/uploads\/2026\/04\/trepied-deathgrip-machoire-aluminium-noir-bog.jpg","contentUrl":"https:\/\/armureriebrute.fr\/wp-content\/uploads\/2026\/04\/trepied-deathgrip-machoire-aluminium-noir-bog.jpg","width":455,"height":455},{"@type":"BreadcrumbList","@id":"https:\/\/armureriebrute.fr\/product\/trepied-deathgrip-machoire-aluminium-noir-bog\/#breadcrumb","itemListElement":[{"@type":"ListItem","position":1,"name":"Home","item":"https:\/\/armureriebrute.fr\/"},{"@type":"ListItem","position":2,"name":"Shop","item":"https:\/\/armureriebrute.fr\/shop\/"},{"@type":"ListItem","position":3,"name":"Tr\u00e9pied Deathgrip Machoire Aluminium Noir Bog"}]},{"@type":"WebSite","@id":"https:\/\/armureriebrute.fr\/#website","url":"https:\/\/armureriebrute.fr\/","name":"Brute Armoury","description":"Brute Armoury","publisher":{"@id":"https:\/\/armureriebrute.fr\/#organization"},"potentialAction":[{"@type":"SearchAction","target":{"@type":"EntryPoint","urlTemplate":"https:\/\/armureriebrute.fr\/?s={search_term_string}"},"query-input":{"@type":"PropertyValueSpecification","valueRequired":true,"valueName":"search_term_string"}}],"inLanguage":"en-GB"},{"@type":"Organization","@id":"https:\/\/armureriebrute.fr\/#organization","name":"Brute Armoury","url":"https:\/\/armureriebrute.fr\/","logo":{"@type":"ImageObject","inLanguage":"en-GB","@id":"https:\/\/armureriebrute.fr\/#\/schema\/logo\/image\/","url":"http:\/\/armureriebrute.fr\/wp-content\/uploads\/2026\/04\/image_6409bec1-1.png","contentUrl":"http:\/\/armureriebrute.fr\/wp-content\/uploads\/2026\/04\/image_6409bec1-1.png","width":1408,"height":768,"caption":"Armurerie Brute"},"image":{"@id":"https:\/\/armureriebrute.fr\/#\/schema\/logo\/image\/"}}]}},"_links":{"self":[{"href":"https:\/\/armureriebrute.fr\/en\/wp-json\/wp\/v2\/product\/736","targetHints":{"allow":["GET"]}}],"collection":[{"href":"https:\/\/armureriebrute.fr\/en\/wp-json\/wp\/v2\/product"}],"about":[{"href":"https:\/\/armureriebrute.fr\/en\/wp-json\/wp\/v2\/types\/product"}],"replies":[{"embeddable":true,"href":"https:\/\/armureriebrute.fr\/en\/wp-json\/wp\/v2\/comments?post=736"}],"wp:featuredmedia":[{"embeddable":true,"href":"https:\/\/armureriebrute.fr\/en\/wp-json\/wp\/v2\/media\/737"}],"wp:attachment":[{"href":"https:\/\/armureriebrute.fr\/en\/wp-json\/wp\/v2\/media?parent=736"}],"wp:term":[{"taxonomy":"product_brand","embeddable":true,"href":"https:\/\/armureriebrute.fr\/en\/wp-json\/wp\/v2\/product_brand?post=736"},{"taxonomy":"product_cat","embeddable":true,"href":"https:\/\/armureriebrute.fr\/en\/wp-json\/wp\/v2\/product_cat?post=736"},{"taxonomy":"product_tag","embeddable":true,"href":"https:\/\/armureriebrute.fr\/en\/wp-json\/wp\/v2\/product_tag?post=736"}],"curies":[{"name":"wp","href":"https:\/\/api.w.org\/{rel}","templated":true}]}}