{"id":746,"date":"2026-04-23T14:18:08","date_gmt":"2026-04-23T14:18:08","guid":{"rendered":"https:\/\/armureriebrute.fr\/?post_type=product&#038;p=746"},"modified":"2026-04-23T14:18:51","modified_gmt":"2026-04-23T14:18:51","slug":"trepied-de-tir-deathgrip-realtree-excape-bog","status":"publish","type":"product","link":"https:\/\/armureriebrute.fr\/en\/product\/trepied-de-tir-deathgrip-realtree-excape-bog\/","title":{"rendered":"Tr\u00e9pied de tir Deathgrip Realtree Excape BOG"},"content":{"rendered":"<div id=\"product-description-short-16842\" class=\"product-description-short sm-bottom typo\">\n<p>Le\u00a0<strong>Tr\u00e9pied Deathgrip<\/strong>\u00a0est un mod\u00e8le exclusif de la marque\u00a0<strong>BOG<\/strong>. Le principe est extr\u00eamement simple : en fixant la\u00a0<strong>m\u00e2choire<\/strong>, on obtient une\u00a0<strong>stabilit\u00e9 exceptionnelle de l&rsquo;arme<\/strong>. Le mod\u00e8le est propos\u00e9 avec un superbe coloris camouflage Realtree Excape.<\/p>\n<\/div>\n<div class=\"js-product-attributes-destination mb-2 product-attributes\">\n<div class=\"attribute-item product-manufacturer\"><label>Marque<\/label>\u00a0BOG<\/div>\n<div class=\"attribute-item product-reference\"><label>R\u00e9f\u00e9rence<\/label>\u00a0787074<\/div>\n<div class=\"EAN-13 attribute-item product-specific-references\"><label>EAN-13<\/label>\u00a00661120103813<\/div>\n<\/div>","protected":false},"excerpt":{"rendered":"<p>Le\u00a0Tr\u00e9pied Deathgrip\u00a0est un mod\u00e8le exclusif de la marque\u00a0BOG. Le principe est extr\u00eamement simple : en fixant la\u00a0m\u00e2choire, on obtient une\u00a0stabilit\u00e9 exceptionnelle de l&rsquo;arme. Le mod\u00e8le est propos\u00e9 avec un superbe coloris camouflage Realtree Excape. Marque\u00a0BOG R\u00e9f\u00e9rence\u00a0787074 EAN-13\u00a00661120103813<\/p>","protected":false},"featured_media":747,"comment_status":"open","ping_status":"closed","template":"","meta":[],"product_brand":[],"product_cat":[76],"product_tag":[],"class_list":{"0":"post-746","1":"product","2":"type-product","3":"status-publish","4":"has-post-thumbnail","6":"product_cat-trepied","8":"first","9":"instock","10":"shipping-taxable","11":"purchasable","12":"product-type-simple"},"yoast_head":"<!-- This site is optimized with the Yoast SEO plugin v27.4 - https:\/\/yoast.com\/product\/yoast-seo-wordpress\/ -->\n<title>Tr\u00e9pied de tir Deathgrip Realtree Excape BOG - Armurerie Brute<\/title>\n<meta name=\"robots\" content=\"index, follow, max-snippet:-1, max-image-preview:large, max-video-preview:-1\" \/>\n<link rel=\"canonical\" href=\"https:\/\/armureriebrute.fr\/en\/product\/trepied-de-tir-deathgrip-realtree-excape-bog\/\" \/>\n<meta property=\"og:locale\" content=\"en_GB\" \/>\n<meta property=\"og:type\" content=\"article\" \/>\n<meta property=\"og:title\" content=\"Tr\u00e9pied de tir Deathgrip Realtree Excape BOG - Armurerie Brute\" \/>\n<meta property=\"og:description\" content=\"Le\u00a0Tr\u00e9pied Deathgrip\u00a0est un mod\u00e8le exclusif de la marque\u00a0BOG. Le principe est extr\u00eamement simple : en fixant la\u00a0m\u00e2choire, on obtient une\u00a0stabilit\u00e9 exceptionnelle de l&rsquo;arme. Le mod\u00e8le est propos\u00e9 avec un superbe coloris camouflage Realtree Excape. Marque\u00a0BOG R\u00e9f\u00e9rence\u00a0787074 EAN-13\u00a00661120103813\" \/>\n<meta property=\"og:url\" content=\"https:\/\/armureriebrute.fr\/en\/product\/trepied-de-tir-deathgrip-realtree-excape-bog\/\" \/>\n<meta property=\"og:site_name\" content=\"Armurerie Brute\" \/>\n<meta property=\"article:modified_time\" content=\"2026-04-23T14:18:51+00:00\" \/>\n<meta property=\"og:image\" content=\"http:\/\/armureriebrute.fr\/wp-content\/uploads\/2026\/04\/trepied-de-tir-deathgrip-realtree-excape-bog.jpg\" \/>\n\t<meta property=\"og:image:width\" content=\"455\" \/>\n\t<meta property=\"og:image:height\" content=\"455\" \/>\n\t<meta property=\"og:image:type\" content=\"image\/jpeg\" \/>\n<meta name=\"twitter:card\" content=\"summary_large_image\" \/>\n<meta name=\"twitter:label1\" content=\"Estimated reading time\" \/>\n\t<meta name=\"twitter:data1\" content=\"1 minute\" \/>\n<script type=\"application\/ld+json\" class=\"yoast-schema-graph\">{\"@context\":\"https:\\\/\\\/schema.org\",\"@graph\":[{\"@type\":\"WebPage\",\"@id\":\"https:\\\/\\\/armureriebrute.fr\\\/product\\\/trepied-de-tir-deathgrip-realtree-excape-bog\\\/\",\"url\":\"https:\\\/\\\/armureriebrute.fr\\\/product\\\/trepied-de-tir-deathgrip-realtree-excape-bog\\\/\",\"name\":\"Tr\u00e9pied de tir Deathgrip Realtree Excape BOG - Armurerie Brute\",\"isPartOf\":{\"@id\":\"https:\\\/\\\/armureriebrute.fr\\\/#website\"},\"primaryImageOfPage\":{\"@id\":\"https:\\\/\\\/armureriebrute.fr\\\/product\\\/trepied-de-tir-deathgrip-realtree-excape-bog\\\/#primaryimage\"},\"image\":{\"@id\":\"https:\\\/\\\/armureriebrute.fr\\\/product\\\/trepied-de-tir-deathgrip-realtree-excape-bog\\\/#primaryimage\"},\"thumbnailUrl\":\"https:\\\/\\\/armureriebrute.fr\\\/wp-content\\\/uploads\\\/2026\\\/04\\\/trepied-de-tir-deathgrip-realtree-excape-bog.jpg\",\"datePublished\":\"2026-04-23T14:18:08+00:00\",\"dateModified\":\"2026-04-23T14:18:51+00:00\",\"breadcrumb\":{\"@id\":\"https:\\\/\\\/armureriebrute.fr\\\/product\\\/trepied-de-tir-deathgrip-realtree-excape-bog\\\/#breadcrumb\"},\"inLanguage\":\"en-GB\",\"potentialAction\":[{\"@type\":\"ReadAction\",\"target\":[\"https:\\\/\\\/armureriebrute.fr\\\/product\\\/trepied-de-tir-deathgrip-realtree-excape-bog\\\/\"]}]},{\"@type\":\"ImageObject\",\"inLanguage\":\"en-GB\",\"@id\":\"https:\\\/\\\/armureriebrute.fr\\\/product\\\/trepied-de-tir-deathgrip-realtree-excape-bog\\\/#primaryimage\",\"url\":\"https:\\\/\\\/armureriebrute.fr\\\/wp-content\\\/uploads\\\/2026\\\/04\\\/trepied-de-tir-deathgrip-realtree-excape-bog.jpg\",\"contentUrl\":\"https:\\\/\\\/armureriebrute.fr\\\/wp-content\\\/uploads\\\/2026\\\/04\\\/trepied-de-tir-deathgrip-realtree-excape-bog.jpg\",\"width\":455,\"height\":455},{\"@type\":\"BreadcrumbList\",\"@id\":\"https:\\\/\\\/armureriebrute.fr\\\/product\\\/trepied-de-tir-deathgrip-realtree-excape-bog\\\/#breadcrumb\",\"itemListElement\":[{\"@type\":\"ListItem\",\"position\":1,\"name\":\"Home\",\"item\":\"https:\\\/\\\/armureriebrute.fr\\\/\"},{\"@type\":\"ListItem\",\"position\":2,\"name\":\"Shop\",\"item\":\"https:\\\/\\\/armureriebrute.fr\\\/shop\\\/\"},{\"@type\":\"ListItem\",\"position\":3,\"name\":\"Tr\u00e9pied de tir Deathgrip Realtree Excape BOG\"}]},{\"@type\":\"WebSite\",\"@id\":\"https:\\\/\\\/armureriebrute.fr\\\/#website\",\"url\":\"https:\\\/\\\/armureriebrute.fr\\\/\",\"name\":\"Armurerie Brute\",\"description\":\"Armurerie Brute\",\"publisher\":{\"@id\":\"https:\\\/\\\/armureriebrute.fr\\\/#organization\"},\"potentialAction\":[{\"@type\":\"SearchAction\",\"target\":{\"@type\":\"EntryPoint\",\"urlTemplate\":\"https:\\\/\\\/armureriebrute.fr\\\/?s={search_term_string}\"},\"query-input\":{\"@type\":\"PropertyValueSpecification\",\"valueRequired\":true,\"valueName\":\"search_term_string\"}}],\"inLanguage\":\"en-GB\"},{\"@type\":\"Organization\",\"@id\":\"https:\\\/\\\/armureriebrute.fr\\\/#organization\",\"name\":\"Armurerie Brute\",\"url\":\"https:\\\/\\\/armureriebrute.fr\\\/\",\"logo\":{\"@type\":\"ImageObject\",\"inLanguage\":\"en-GB\",\"@id\":\"https:\\\/\\\/armureriebrute.fr\\\/#\\\/schema\\\/logo\\\/image\\\/\",\"url\":\"http:\\\/\\\/armureriebrute.fr\\\/wp-content\\\/uploads\\\/2026\\\/04\\\/image_6409bec1-1.png\",\"contentUrl\":\"http:\\\/\\\/armureriebrute.fr\\\/wp-content\\\/uploads\\\/2026\\\/04\\\/image_6409bec1-1.png\",\"width\":1408,\"height\":768,\"caption\":\"Armurerie Brute\"},\"image\":{\"@id\":\"https:\\\/\\\/armureriebrute.fr\\\/#\\\/schema\\\/logo\\\/image\\\/\"}}]}<\/script>\n<!-- \/ Yoast SEO plugin. -->","yoast_head_json":{"title":"Tr\u00e9pied de tir Deathgrip Realtree Excape BOG - Armurerie Brute","robots":{"index":"index","follow":"follow","max-snippet":"max-snippet:-1","max-image-preview":"max-image-preview:large","max-video-preview":"max-video-preview:-1"},"canonical":"https:\/\/armureriebrute.fr\/en\/product\/trepied-de-tir-deathgrip-realtree-excape-bog\/","og_locale":"en_GB","og_type":"article","og_title":"Tr\u00e9pied de tir Deathgrip Realtree Excape BOG - Armurerie Brute","og_description":"Le\u00a0Tr\u00e9pied Deathgrip\u00a0est un mod\u00e8le exclusif de la marque\u00a0BOG. Le principe est extr\u00eamement simple : en fixant la\u00a0m\u00e2choire, on obtient une\u00a0stabilit\u00e9 exceptionnelle de l&rsquo;arme. Le mod\u00e8le est propos\u00e9 avec un superbe coloris camouflage Realtree Excape. Marque\u00a0BOG R\u00e9f\u00e9rence\u00a0787074 EAN-13\u00a00661120103813","og_url":"https:\/\/armureriebrute.fr\/en\/product\/trepied-de-tir-deathgrip-realtree-excape-bog\/","og_site_name":"Armurerie Brute","article_modified_time":"2026-04-23T14:18:51+00:00","og_image":[{"width":455,"height":455,"url":"http:\/\/armureriebrute.fr\/wp-content\/uploads\/2026\/04\/trepied-de-tir-deathgrip-realtree-excape-bog.jpg","type":"image\/jpeg"}],"twitter_card":"summary_large_image","twitter_misc":{"Estimated reading time":"1 minute"},"schema":{"@context":"https:\/\/schema.org","@graph":[{"@type":"WebPage","@id":"https:\/\/armureriebrute.fr\/product\/trepied-de-tir-deathgrip-realtree-excape-bog\/","url":"https:\/\/armureriebrute.fr\/product\/trepied-de-tir-deathgrip-realtree-excape-bog\/","name":"Tr\u00e9pied de tir Deathgrip Realtree Excape BOG - Armurerie Brute","isPartOf":{"@id":"https:\/\/armureriebrute.fr\/#website"},"primaryImageOfPage":{"@id":"https:\/\/armureriebrute.fr\/product\/trepied-de-tir-deathgrip-realtree-excape-bog\/#primaryimage"},"image":{"@id":"https:\/\/armureriebrute.fr\/product\/trepied-de-tir-deathgrip-realtree-excape-bog\/#primaryimage"},"thumbnailUrl":"https:\/\/armureriebrute.fr\/wp-content\/uploads\/2026\/04\/trepied-de-tir-deathgrip-realtree-excape-bog.jpg","datePublished":"2026-04-23T14:18:08+00:00","dateModified":"2026-04-23T14:18:51+00:00","breadcrumb":{"@id":"https:\/\/armureriebrute.fr\/product\/trepied-de-tir-deathgrip-realtree-excape-bog\/#breadcrumb"},"inLanguage":"en-GB","potentialAction":[{"@type":"ReadAction","target":["https:\/\/armureriebrute.fr\/product\/trepied-de-tir-deathgrip-realtree-excape-bog\/"]}]},{"@type":"ImageObject","inLanguage":"en-GB","@id":"https:\/\/armureriebrute.fr\/product\/trepied-de-tir-deathgrip-realtree-excape-bog\/#primaryimage","url":"https:\/\/armureriebrute.fr\/wp-content\/uploads\/2026\/04\/trepied-de-tir-deathgrip-realtree-excape-bog.jpg","contentUrl":"https:\/\/armureriebrute.fr\/wp-content\/uploads\/2026\/04\/trepied-de-tir-deathgrip-realtree-excape-bog.jpg","width":455,"height":455},{"@type":"BreadcrumbList","@id":"https:\/\/armureriebrute.fr\/product\/trepied-de-tir-deathgrip-realtree-excape-bog\/#breadcrumb","itemListElement":[{"@type":"ListItem","position":1,"name":"Home","item":"https:\/\/armureriebrute.fr\/"},{"@type":"ListItem","position":2,"name":"Shop","item":"https:\/\/armureriebrute.fr\/shop\/"},{"@type":"ListItem","position":3,"name":"Tr\u00e9pied de tir Deathgrip Realtree Excape BOG"}]},{"@type":"WebSite","@id":"https:\/\/armureriebrute.fr\/#website","url":"https:\/\/armureriebrute.fr\/","name":"Brute Armoury","description":"Brute Armoury","publisher":{"@id":"https:\/\/armureriebrute.fr\/#organization"},"potentialAction":[{"@type":"SearchAction","target":{"@type":"EntryPoint","urlTemplate":"https:\/\/armureriebrute.fr\/?s={search_term_string}"},"query-input":{"@type":"PropertyValueSpecification","valueRequired":true,"valueName":"search_term_string"}}],"inLanguage":"en-GB"},{"@type":"Organization","@id":"https:\/\/armureriebrute.fr\/#organization","name":"Brute Armoury","url":"https:\/\/armureriebrute.fr\/","logo":{"@type":"ImageObject","inLanguage":"en-GB","@id":"https:\/\/armureriebrute.fr\/#\/schema\/logo\/image\/","url":"http:\/\/armureriebrute.fr\/wp-content\/uploads\/2026\/04\/image_6409bec1-1.png","contentUrl":"http:\/\/armureriebrute.fr\/wp-content\/uploads\/2026\/04\/image_6409bec1-1.png","width":1408,"height":768,"caption":"Armurerie Brute"},"image":{"@id":"https:\/\/armureriebrute.fr\/#\/schema\/logo\/image\/"}}]}},"_links":{"self":[{"href":"https:\/\/armureriebrute.fr\/en\/wp-json\/wp\/v2\/product\/746","targetHints":{"allow":["GET"]}}],"collection":[{"href":"https:\/\/armureriebrute.fr\/en\/wp-json\/wp\/v2\/product"}],"about":[{"href":"https:\/\/armureriebrute.fr\/en\/wp-json\/wp\/v2\/types\/product"}],"replies":[{"embeddable":true,"href":"https:\/\/armureriebrute.fr\/en\/wp-json\/wp\/v2\/comments?post=746"}],"wp:featuredmedia":[{"embeddable":true,"href":"https:\/\/armureriebrute.fr\/en\/wp-json\/wp\/v2\/media\/747"}],"wp:attachment":[{"href":"https:\/\/armureriebrute.fr\/en\/wp-json\/wp\/v2\/media?parent=746"}],"wp:term":[{"taxonomy":"product_brand","embeddable":true,"href":"https:\/\/armureriebrute.fr\/en\/wp-json\/wp\/v2\/product_brand?post=746"},{"taxonomy":"product_cat","embeddable":true,"href":"https:\/\/armureriebrute.fr\/en\/wp-json\/wp\/v2\/product_cat?post=746"},{"taxonomy":"product_tag","embeddable":true,"href":"https:\/\/armureriebrute.fr\/en\/wp-json\/wp\/v2\/product_tag?post=746"}],"curies":[{"name":"wp","href":"https:\/\/api.w.org\/{rel}","templated":true}]}}