{"id":751,"date":"2026-04-23T14:19:25","date_gmt":"2026-04-23T14:19:25","guid":{"rendered":"https:\/\/armureriebrute.fr\/?post_type=product&#038;p=751"},"modified":"2026-04-23T14:20:11","modified_gmt":"2026-04-23T14:20:11","slug":"trepied-en-aluminium-pliable-longshot-target-camera","status":"publish","type":"product","link":"https:\/\/armureriebrute.fr\/en\/product\/trepied-en-aluminium-pliable-longshot-target-camera\/","title":{"rendered":"Trepied en aluminium pliable Longshot Target Camera"},"content":{"rendered":"<div id=\"product-description-short-16948\" class=\"product-description-short sm-bottom typo\">\n<p>Le tr\u00e9pied en\u00a0<strong>aluminium<\/strong>\u00a0de la marque\u00a0<strong>Longshot<\/strong>\u00a0sera parfait pour embarquer la cam\u00e9ra associ\u00e9e. Elle mesure\u00a0<strong>149cm d\u00e9pli\u00e9e<\/strong>\u00a0pour un poids total de\u00a0<strong>seulement 1 kg<\/strong>. Il sera donc facile \u00e0 ranger et \u00e0 transporter tout en ayant une bonne\u00a0<strong>capacit\u00e9 d&#8217;emport\u00a0qui est de 3 kg<\/strong>. Les pieds sont r\u00e9glable sur plusieurs positions, ce qui permet un contr\u00f4le total de l&rsquo;inclinaison.<\/p>\n<p>Il est compos\u00e9 d&rsquo;un alliage aluminium et de protections de couleur noire ainsi que du synth\u00e9tique antid\u00e9rapant. En plus des cam\u00e9ras et antennes Longshot, vous pouvez utiliser le tr\u00e9pied pour des\u00a0<strong>appareils photo<\/strong>,\u00a0<strong>cam\u00e9ras<\/strong>\u00a0ou\u00a0<strong>autres appareils<\/strong>\u00a0n\u00e9cessitant un montage sur ce type de support.<\/p>\n<\/div>\n<div class=\"js-product-attributes-destination mb-2 product-attributes\">\n<div class=\"attribute-item product-manufacturer\"><label>Marque<\/label>\u00a0Longshot<\/div>\n<div class=\"attribute-item product-reference\"><label>R\u00e9f\u00e9rence<\/label>\u00a0TV-AT103<\/div>\n<div class=\"EAN-13 attribute-item product-specific-references\"><label>EAN-13<\/label>\u00a00656114672840<\/div>\n<\/div>","protected":false},"excerpt":{"rendered":"<p>Le tr\u00e9pied en\u00a0aluminium\u00a0de la marque\u00a0Longshot\u00a0sera parfait pour embarquer la cam\u00e9ra associ\u00e9e. Elle mesure\u00a0149cm d\u00e9pli\u00e9e\u00a0pour un poids total de\u00a0seulement 1 kg. Il sera donc facile \u00e0 ranger et \u00e0 transporter tout en ayant une bonne\u00a0capacit\u00e9 d&#8217;emport\u00a0qui est de 3 kg. Les pieds sont r\u00e9glable sur plusieurs positions, ce qui permet un contr\u00f4le total de l&rsquo;inclinaison. Il [&#8230;]\n","protected":false},"featured_media":752,"comment_status":"open","ping_status":"closed","template":"","meta":[],"product_brand":[],"product_cat":[76],"product_tag":[],"class_list":{"0":"post-751","1":"product","2":"type-product","3":"status-publish","4":"has-post-thumbnail","6":"product_cat-trepied","8":"first","9":"instock","10":"shipping-taxable","11":"purchasable","12":"product-type-simple"},"yoast_head":"<!-- This site is optimized with the Yoast SEO plugin v27.4 - https:\/\/yoast.com\/product\/yoast-seo-wordpress\/ -->\n<title>Trepied en aluminium pliable Longshot Target Camera - Armurerie Brute<\/title>\n<meta name=\"robots\" content=\"index, follow, max-snippet:-1, max-image-preview:large, max-video-preview:-1\" \/>\n<link rel=\"canonical\" href=\"https:\/\/armureriebrute.fr\/en\/product\/trepied-en-aluminium-pliable-longshot-target-camera\/\" \/>\n<meta property=\"og:locale\" content=\"en_GB\" \/>\n<meta property=\"og:type\" content=\"article\" \/>\n<meta property=\"og:title\" content=\"Trepied en aluminium pliable Longshot Target Camera - Armurerie Brute\" \/>\n<meta property=\"og:description\" content=\"Le tr\u00e9pied en\u00a0aluminium\u00a0de la marque\u00a0Longshot\u00a0sera parfait pour embarquer la cam\u00e9ra associ\u00e9e. Elle mesure\u00a0149cm d\u00e9pli\u00e9e\u00a0pour un poids total de\u00a0seulement 1 kg. Il sera donc facile \u00e0 ranger et \u00e0 transporter tout en ayant une bonne\u00a0capacit\u00e9 d&#8217;emport\u00a0qui est de 3 kg. Les pieds sont r\u00e9glable sur plusieurs positions, ce qui permet un contr\u00f4le total de l&rsquo;inclinaison. Il [...]\" \/>\n<meta property=\"og:url\" content=\"https:\/\/armureriebrute.fr\/en\/product\/trepied-en-aluminium-pliable-longshot-target-camera\/\" \/>\n<meta property=\"og:site_name\" content=\"Armurerie Brute\" \/>\n<meta property=\"article:modified_time\" content=\"2026-04-23T14:20:11+00:00\" \/>\n<meta property=\"og:image\" content=\"http:\/\/armureriebrute.fr\/wp-content\/uploads\/2026\/04\/trepied-en-aluminium-pliable-longshot-target-camera.png\" \/>\n\t<meta property=\"og:image:width\" content=\"455\" \/>\n\t<meta property=\"og:image:height\" content=\"455\" \/>\n\t<meta property=\"og:image:type\" content=\"image\/png\" \/>\n<meta name=\"twitter:card\" content=\"summary_large_image\" \/>\n<meta name=\"twitter:label1\" content=\"Estimated reading time\" \/>\n\t<meta name=\"twitter:data1\" content=\"1 minute\" \/>\n<script type=\"application\/ld+json\" class=\"yoast-schema-graph\">{\"@context\":\"https:\\\/\\\/schema.org\",\"@graph\":[{\"@type\":\"WebPage\",\"@id\":\"https:\\\/\\\/armureriebrute.fr\\\/product\\\/trepied-en-aluminium-pliable-longshot-target-camera\\\/\",\"url\":\"https:\\\/\\\/armureriebrute.fr\\\/product\\\/trepied-en-aluminium-pliable-longshot-target-camera\\\/\",\"name\":\"Trepied en aluminium pliable Longshot Target Camera - Armurerie Brute\",\"isPartOf\":{\"@id\":\"https:\\\/\\\/armureriebrute.fr\\\/#website\"},\"primaryImageOfPage\":{\"@id\":\"https:\\\/\\\/armureriebrute.fr\\\/product\\\/trepied-en-aluminium-pliable-longshot-target-camera\\\/#primaryimage\"},\"image\":{\"@id\":\"https:\\\/\\\/armureriebrute.fr\\\/product\\\/trepied-en-aluminium-pliable-longshot-target-camera\\\/#primaryimage\"},\"thumbnailUrl\":\"https:\\\/\\\/armureriebrute.fr\\\/wp-content\\\/uploads\\\/2026\\\/04\\\/trepied-en-aluminium-pliable-longshot-target-camera.png\",\"datePublished\":\"2026-04-23T14:19:25+00:00\",\"dateModified\":\"2026-04-23T14:20:11+00:00\",\"breadcrumb\":{\"@id\":\"https:\\\/\\\/armureriebrute.fr\\\/product\\\/trepied-en-aluminium-pliable-longshot-target-camera\\\/#breadcrumb\"},\"inLanguage\":\"en-GB\",\"potentialAction\":[{\"@type\":\"ReadAction\",\"target\":[\"https:\\\/\\\/armureriebrute.fr\\\/product\\\/trepied-en-aluminium-pliable-longshot-target-camera\\\/\"]}]},{\"@type\":\"ImageObject\",\"inLanguage\":\"en-GB\",\"@id\":\"https:\\\/\\\/armureriebrute.fr\\\/product\\\/trepied-en-aluminium-pliable-longshot-target-camera\\\/#primaryimage\",\"url\":\"https:\\\/\\\/armureriebrute.fr\\\/wp-content\\\/uploads\\\/2026\\\/04\\\/trepied-en-aluminium-pliable-longshot-target-camera.png\",\"contentUrl\":\"https:\\\/\\\/armureriebrute.fr\\\/wp-content\\\/uploads\\\/2026\\\/04\\\/trepied-en-aluminium-pliable-longshot-target-camera.png\",\"width\":455,\"height\":455},{\"@type\":\"BreadcrumbList\",\"@id\":\"https:\\\/\\\/armureriebrute.fr\\\/product\\\/trepied-en-aluminium-pliable-longshot-target-camera\\\/#breadcrumb\",\"itemListElement\":[{\"@type\":\"ListItem\",\"position\":1,\"name\":\"Home\",\"item\":\"https:\\\/\\\/armureriebrute.fr\\\/\"},{\"@type\":\"ListItem\",\"position\":2,\"name\":\"Shop\",\"item\":\"https:\\\/\\\/armureriebrute.fr\\\/shop\\\/\"},{\"@type\":\"ListItem\",\"position\":3,\"name\":\"Trepied en aluminium pliable Longshot Target Camera\"}]},{\"@type\":\"WebSite\",\"@id\":\"https:\\\/\\\/armureriebrute.fr\\\/#website\",\"url\":\"https:\\\/\\\/armureriebrute.fr\\\/\",\"name\":\"Armurerie Brute\",\"description\":\"Armurerie Brute\",\"publisher\":{\"@id\":\"https:\\\/\\\/armureriebrute.fr\\\/#organization\"},\"potentialAction\":[{\"@type\":\"SearchAction\",\"target\":{\"@type\":\"EntryPoint\",\"urlTemplate\":\"https:\\\/\\\/armureriebrute.fr\\\/?s={search_term_string}\"},\"query-input\":{\"@type\":\"PropertyValueSpecification\",\"valueRequired\":true,\"valueName\":\"search_term_string\"}}],\"inLanguage\":\"en-GB\"},{\"@type\":\"Organization\",\"@id\":\"https:\\\/\\\/armureriebrute.fr\\\/#organization\",\"name\":\"Armurerie Brute\",\"url\":\"https:\\\/\\\/armureriebrute.fr\\\/\",\"logo\":{\"@type\":\"ImageObject\",\"inLanguage\":\"en-GB\",\"@id\":\"https:\\\/\\\/armureriebrute.fr\\\/#\\\/schema\\\/logo\\\/image\\\/\",\"url\":\"http:\\\/\\\/armureriebrute.fr\\\/wp-content\\\/uploads\\\/2026\\\/04\\\/image_6409bec1-1.png\",\"contentUrl\":\"http:\\\/\\\/armureriebrute.fr\\\/wp-content\\\/uploads\\\/2026\\\/04\\\/image_6409bec1-1.png\",\"width\":1408,\"height\":768,\"caption\":\"Armurerie Brute\"},\"image\":{\"@id\":\"https:\\\/\\\/armureriebrute.fr\\\/#\\\/schema\\\/logo\\\/image\\\/\"}}]}<\/script>\n<!-- \/ Yoast SEO plugin. -->","yoast_head_json":{"title":"Trepied en aluminium pliable Longshot Target Camera - Armurerie Brute","robots":{"index":"index","follow":"follow","max-snippet":"max-snippet:-1","max-image-preview":"max-image-preview:large","max-video-preview":"max-video-preview:-1"},"canonical":"https:\/\/armureriebrute.fr\/en\/product\/trepied-en-aluminium-pliable-longshot-target-camera\/","og_locale":"en_GB","og_type":"article","og_title":"Trepied en aluminium pliable Longshot Target Camera - Armurerie Brute","og_description":"Le tr\u00e9pied en\u00a0aluminium\u00a0de la marque\u00a0Longshot\u00a0sera parfait pour embarquer la cam\u00e9ra associ\u00e9e. Elle mesure\u00a0149cm d\u00e9pli\u00e9e\u00a0pour un poids total de\u00a0seulement 1 kg. Il sera donc facile \u00e0 ranger et \u00e0 transporter tout en ayant une bonne\u00a0capacit\u00e9 d&#8217;emport\u00a0qui est de 3 kg. Les pieds sont r\u00e9glable sur plusieurs positions, ce qui permet un contr\u00f4le total de l&rsquo;inclinaison. Il [...]","og_url":"https:\/\/armureriebrute.fr\/en\/product\/trepied-en-aluminium-pliable-longshot-target-camera\/","og_site_name":"Armurerie Brute","article_modified_time":"2026-04-23T14:20:11+00:00","og_image":[{"width":455,"height":455,"url":"http:\/\/armureriebrute.fr\/wp-content\/uploads\/2026\/04\/trepied-en-aluminium-pliable-longshot-target-camera.png","type":"image\/png"}],"twitter_card":"summary_large_image","twitter_misc":{"Estimated reading time":"1 minute"},"schema":{"@context":"https:\/\/schema.org","@graph":[{"@type":"WebPage","@id":"https:\/\/armureriebrute.fr\/product\/trepied-en-aluminium-pliable-longshot-target-camera\/","url":"https:\/\/armureriebrute.fr\/product\/trepied-en-aluminium-pliable-longshot-target-camera\/","name":"Trepied en aluminium pliable Longshot Target Camera - Armurerie Brute","isPartOf":{"@id":"https:\/\/armureriebrute.fr\/#website"},"primaryImageOfPage":{"@id":"https:\/\/armureriebrute.fr\/product\/trepied-en-aluminium-pliable-longshot-target-camera\/#primaryimage"},"image":{"@id":"https:\/\/armureriebrute.fr\/product\/trepied-en-aluminium-pliable-longshot-target-camera\/#primaryimage"},"thumbnailUrl":"https:\/\/armureriebrute.fr\/wp-content\/uploads\/2026\/04\/trepied-en-aluminium-pliable-longshot-target-camera.png","datePublished":"2026-04-23T14:19:25+00:00","dateModified":"2026-04-23T14:20:11+00:00","breadcrumb":{"@id":"https:\/\/armureriebrute.fr\/product\/trepied-en-aluminium-pliable-longshot-target-camera\/#breadcrumb"},"inLanguage":"en-GB","potentialAction":[{"@type":"ReadAction","target":["https:\/\/armureriebrute.fr\/product\/trepied-en-aluminium-pliable-longshot-target-camera\/"]}]},{"@type":"ImageObject","inLanguage":"en-GB","@id":"https:\/\/armureriebrute.fr\/product\/trepied-en-aluminium-pliable-longshot-target-camera\/#primaryimage","url":"https:\/\/armureriebrute.fr\/wp-content\/uploads\/2026\/04\/trepied-en-aluminium-pliable-longshot-target-camera.png","contentUrl":"https:\/\/armureriebrute.fr\/wp-content\/uploads\/2026\/04\/trepied-en-aluminium-pliable-longshot-target-camera.png","width":455,"height":455},{"@type":"BreadcrumbList","@id":"https:\/\/armureriebrute.fr\/product\/trepied-en-aluminium-pliable-longshot-target-camera\/#breadcrumb","itemListElement":[{"@type":"ListItem","position":1,"name":"Home","item":"https:\/\/armureriebrute.fr\/"},{"@type":"ListItem","position":2,"name":"Shop","item":"https:\/\/armureriebrute.fr\/shop\/"},{"@type":"ListItem","position":3,"name":"Trepied en aluminium pliable Longshot Target Camera"}]},{"@type":"WebSite","@id":"https:\/\/armureriebrute.fr\/#website","url":"https:\/\/armureriebrute.fr\/","name":"Brute Armoury","description":"Brute Armoury","publisher":{"@id":"https:\/\/armureriebrute.fr\/#organization"},"potentialAction":[{"@type":"SearchAction","target":{"@type":"EntryPoint","urlTemplate":"https:\/\/armureriebrute.fr\/?s={search_term_string}"},"query-input":{"@type":"PropertyValueSpecification","valueRequired":true,"valueName":"search_term_string"}}],"inLanguage":"en-GB"},{"@type":"Organization","@id":"https:\/\/armureriebrute.fr\/#organization","name":"Brute Armoury","url":"https:\/\/armureriebrute.fr\/","logo":{"@type":"ImageObject","inLanguage":"en-GB","@id":"https:\/\/armureriebrute.fr\/#\/schema\/logo\/image\/","url":"http:\/\/armureriebrute.fr\/wp-content\/uploads\/2026\/04\/image_6409bec1-1.png","contentUrl":"http:\/\/armureriebrute.fr\/wp-content\/uploads\/2026\/04\/image_6409bec1-1.png","width":1408,"height":768,"caption":"Armurerie Brute"},"image":{"@id":"https:\/\/armureriebrute.fr\/#\/schema\/logo\/image\/"}}]}},"_links":{"self":[{"href":"https:\/\/armureriebrute.fr\/en\/wp-json\/wp\/v2\/product\/751","targetHints":{"allow":["GET"]}}],"collection":[{"href":"https:\/\/armureriebrute.fr\/en\/wp-json\/wp\/v2\/product"}],"about":[{"href":"https:\/\/armureriebrute.fr\/en\/wp-json\/wp\/v2\/types\/product"}],"replies":[{"embeddable":true,"href":"https:\/\/armureriebrute.fr\/en\/wp-json\/wp\/v2\/comments?post=751"}],"wp:featuredmedia":[{"embeddable":true,"href":"https:\/\/armureriebrute.fr\/en\/wp-json\/wp\/v2\/media\/752"}],"wp:attachment":[{"href":"https:\/\/armureriebrute.fr\/en\/wp-json\/wp\/v2\/media?parent=751"}],"wp:term":[{"taxonomy":"product_brand","embeddable":true,"href":"https:\/\/armureriebrute.fr\/en\/wp-json\/wp\/v2\/product_brand?post=751"},{"taxonomy":"product_cat","embeddable":true,"href":"https:\/\/armureriebrute.fr\/en\/wp-json\/wp\/v2\/product_cat?post=751"},{"taxonomy":"product_tag","embeddable":true,"href":"https:\/\/armureriebrute.fr\/en\/wp-json\/wp\/v2\/product_tag?post=751"}],"curies":[{"name":"wp","href":"https:\/\/api.w.org\/{rel}","templated":true}]}}