{"id":756,"date":"2026-04-23T14:20:43","date_gmt":"2026-04-23T14:20:43","guid":{"rendered":"https:\/\/armureriebrute.fr\/?post_type=product&#038;p=756"},"modified":"2026-04-23T14:21:44","modified_gmt":"2026-04-23T14:21:44","slug":"trepied-de-tir-endeavor-303-agm-vanguard","status":"publish","type":"product","link":"https:\/\/armureriebrute.fr\/en\/product\/trepied-de-tir-endeavor-303-agm-vanguard\/","title":{"rendered":"Tr\u00e9pied de tir Endeavor 303 AGM Vanguard"},"content":{"rendered":"<div id=\"product-description-short-17396\" class=\"product-description-short sm-bottom typo\">\n<p data-end=\"507\" data-start=\"91\">Ce\u00a0<strong>tr\u00e9pied Endeavor<\/strong>\u00a0est id\u00e9al pour les passionn\u00e9s de tir de loisir \u00e0 la recherche de\u00a0<strong>stabilit\u00e9<\/strong>\u00a0et de\u00a0<strong>confort<\/strong>. Gr\u00e2ce \u00e0 sa large plage de r\u00e9glage en\u00a0<strong>hauteur<\/strong>\u00a0et au support Endeavor GM-70, il garantit un\u00a0<strong>excellent maintien<\/strong>\u00a0de votre carabine. Sa capacit\u00e9 de charge allant\u00a0<strong>jusqu\u2019\u00e0 25 kg<\/strong>\u00a0permet de l\u2019utiliser avec des armes plus lourdes, m\u00eame lorsque ces derni\u00e8res sont inclin\u00e9es \u00e0 l&rsquo;aide de la pince de fixation.<\/p>\n<p data-end=\"760\" data-start=\"509\">Le support vous assure une\u00a0<strong>stabilit\u00e9 remarquable<\/strong>\u00a0pour des s\u00e9ances de tir pr\u00e9cises, m\u00eame \u00e0\u00a0<strong>longue distance<\/strong>. La pince r\u00e9glable (<strong>30 \u00e0 70 mm<\/strong>) s\u2019adapte \u00e0 la plupart des carabines, et offre une prise ferme pour tirer de fa\u00e7on\u00a0<strong>r\u00e9guli\u00e8re<\/strong>.<\/p>\n<p data-end=\"1066\" data-start=\"762\">Facile \u00e0 utiliser, le tr\u00e9pied b\u00e9n\u00e9ficie d\u2019une conception\u00a0<strong>ergonomique<\/strong>\u00a0: verrous simples \u00e0 manipuler, rep\u00e8res de hauteur visibles, et pieds dot\u00e9s de\u00a0<strong>pointes en acier amovibles<\/strong>\u00a0pour une accroche optimale au sol. Ces caract\u00e9ristiques garantissent une installation rapide et stable sur tout type de terrain.<\/p>\n<p data-end=\"1322\" data-start=\"1068\">Le tr\u00e9pied\u00a0<strong>Vanguard Endeavor 303 AGM<\/strong>\u00a0est un accessoire de choix pour am\u00e9liorer votre pr\u00e9cision lors de vos sessions de tir. Les<strong>\u00a0tampons en caoutchouc<\/strong>\u00a0dans la pince \u00e9vitent les rayures sur l\u2019arme et assurent une fixation solide\u00a0<strong>sans glissements<\/strong>.<\/p>\n<\/div>\n<div class=\"js-product-attributes-destination mb-2 product-attributes\">\n<div class=\"attribute-item product-manufacturer\"><label>Marque<\/label>\u00a0Vanguard<\/div>\n<div class=\"attribute-item product-reference\"><label>R\u00e9f\u00e9rence<\/label>\u00a0RL303AGM<\/div>\n<div class=\"EAN-13 attribute-item product-specific-references\"><label>EAN-13<\/label>\u00a04719856251431<\/div>\n<\/div>","protected":false},"excerpt":{"rendered":"<p>Ce\u00a0tr\u00e9pied Endeavor\u00a0est id\u00e9al pour les passionn\u00e9s de tir de loisir \u00e0 la recherche de\u00a0stabilit\u00e9\u00a0et de\u00a0confort. Gr\u00e2ce \u00e0 sa large plage de r\u00e9glage en\u00a0hauteur\u00a0et au support Endeavor GM-70, il garantit un\u00a0excellent maintien\u00a0de votre carabine. Sa capacit\u00e9 de charge allant\u00a0jusqu\u2019\u00e0 25 kg\u00a0permet de l\u2019utiliser avec des armes plus lourdes, m\u00eame lorsque ces derni\u00e8res sont inclin\u00e9es \u00e0 l&rsquo;aide [&#8230;]\n","protected":false},"featured_media":757,"comment_status":"open","ping_status":"closed","template":"","meta":[],"product_brand":[],"product_cat":[76],"product_tag":[],"class_list":{"0":"post-756","1":"product","2":"type-product","3":"status-publish","4":"has-post-thumbnail","6":"product_cat-trepied","8":"first","9":"instock","10":"shipping-taxable","11":"purchasable","12":"product-type-simple"},"yoast_head":"<!-- This site is optimized with the Yoast SEO plugin v27.4 - https:\/\/yoast.com\/product\/yoast-seo-wordpress\/ -->\n<title>Tr\u00e9pied de tir Endeavor 303 AGM Vanguard - Armurerie Brute<\/title>\n<meta name=\"robots\" content=\"index, follow, max-snippet:-1, max-image-preview:large, max-video-preview:-1\" \/>\n<link rel=\"canonical\" href=\"https:\/\/armureriebrute.fr\/en\/product\/trepied-de-tir-endeavor-303-agm-vanguard\/\" \/>\n<meta property=\"og:locale\" content=\"en_GB\" \/>\n<meta property=\"og:type\" content=\"article\" \/>\n<meta property=\"og:title\" content=\"Tr\u00e9pied de tir Endeavor 303 AGM Vanguard - Armurerie Brute\" \/>\n<meta property=\"og:description\" content=\"Ce\u00a0tr\u00e9pied Endeavor\u00a0est id\u00e9al pour les passionn\u00e9s de tir de loisir \u00e0 la recherche de\u00a0stabilit\u00e9\u00a0et de\u00a0confort. Gr\u00e2ce \u00e0 sa large plage de r\u00e9glage en\u00a0hauteur\u00a0et au support Endeavor GM-70, il garantit un\u00a0excellent maintien\u00a0de votre carabine. Sa capacit\u00e9 de charge allant\u00a0jusqu\u2019\u00e0 25 kg\u00a0permet de l\u2019utiliser avec des armes plus lourdes, m\u00eame lorsque ces derni\u00e8res sont inclin\u00e9es \u00e0 l&rsquo;aide [...]\" \/>\n<meta property=\"og:url\" content=\"https:\/\/armureriebrute.fr\/en\/product\/trepied-de-tir-endeavor-303-agm-vanguard\/\" \/>\n<meta property=\"og:site_name\" content=\"Armurerie Brute\" \/>\n<meta property=\"article:modified_time\" content=\"2026-04-23T14:21:44+00:00\" \/>\n<meta property=\"og:image\" content=\"http:\/\/armureriebrute.fr\/wp-content\/uploads\/2026\/04\/trepied-de-tir-endeavor-303-agm-vanguard.png\" \/>\n\t<meta property=\"og:image:width\" content=\"455\" \/>\n\t<meta property=\"og:image:height\" content=\"455\" \/>\n\t<meta property=\"og:image:type\" content=\"image\/png\" \/>\n<meta name=\"twitter:card\" content=\"summary_large_image\" \/>\n<meta name=\"twitter:label1\" content=\"Estimated reading time\" \/>\n\t<meta name=\"twitter:data1\" content=\"2 minutes\" \/>\n<script type=\"application\/ld+json\" class=\"yoast-schema-graph\">{\"@context\":\"https:\\\/\\\/schema.org\",\"@graph\":[{\"@type\":\"WebPage\",\"@id\":\"https:\\\/\\\/armureriebrute.fr\\\/product\\\/trepied-de-tir-endeavor-303-agm-vanguard\\\/\",\"url\":\"https:\\\/\\\/armureriebrute.fr\\\/product\\\/trepied-de-tir-endeavor-303-agm-vanguard\\\/\",\"name\":\"Tr\u00e9pied de tir Endeavor 303 AGM Vanguard - Armurerie Brute\",\"isPartOf\":{\"@id\":\"https:\\\/\\\/armureriebrute.fr\\\/#website\"},\"primaryImageOfPage\":{\"@id\":\"https:\\\/\\\/armureriebrute.fr\\\/product\\\/trepied-de-tir-endeavor-303-agm-vanguard\\\/#primaryimage\"},\"image\":{\"@id\":\"https:\\\/\\\/armureriebrute.fr\\\/product\\\/trepied-de-tir-endeavor-303-agm-vanguard\\\/#primaryimage\"},\"thumbnailUrl\":\"https:\\\/\\\/armureriebrute.fr\\\/wp-content\\\/uploads\\\/2026\\\/04\\\/trepied-de-tir-endeavor-303-agm-vanguard.png\",\"datePublished\":\"2026-04-23T14:20:43+00:00\",\"dateModified\":\"2026-04-23T14:21:44+00:00\",\"breadcrumb\":{\"@id\":\"https:\\\/\\\/armureriebrute.fr\\\/product\\\/trepied-de-tir-endeavor-303-agm-vanguard\\\/#breadcrumb\"},\"inLanguage\":\"en-GB\",\"potentialAction\":[{\"@type\":\"ReadAction\",\"target\":[\"https:\\\/\\\/armureriebrute.fr\\\/product\\\/trepied-de-tir-endeavor-303-agm-vanguard\\\/\"]}]},{\"@type\":\"ImageObject\",\"inLanguage\":\"en-GB\",\"@id\":\"https:\\\/\\\/armureriebrute.fr\\\/product\\\/trepied-de-tir-endeavor-303-agm-vanguard\\\/#primaryimage\",\"url\":\"https:\\\/\\\/armureriebrute.fr\\\/wp-content\\\/uploads\\\/2026\\\/04\\\/trepied-de-tir-endeavor-303-agm-vanguard.png\",\"contentUrl\":\"https:\\\/\\\/armureriebrute.fr\\\/wp-content\\\/uploads\\\/2026\\\/04\\\/trepied-de-tir-endeavor-303-agm-vanguard.png\",\"width\":455,\"height\":455},{\"@type\":\"BreadcrumbList\",\"@id\":\"https:\\\/\\\/armureriebrute.fr\\\/product\\\/trepied-de-tir-endeavor-303-agm-vanguard\\\/#breadcrumb\",\"itemListElement\":[{\"@type\":\"ListItem\",\"position\":1,\"name\":\"Home\",\"item\":\"https:\\\/\\\/armureriebrute.fr\\\/\"},{\"@type\":\"ListItem\",\"position\":2,\"name\":\"Shop\",\"item\":\"https:\\\/\\\/armureriebrute.fr\\\/shop\\\/\"},{\"@type\":\"ListItem\",\"position\":3,\"name\":\"Tr\u00e9pied de tir Endeavor 303 AGM Vanguard\"}]},{\"@type\":\"WebSite\",\"@id\":\"https:\\\/\\\/armureriebrute.fr\\\/#website\",\"url\":\"https:\\\/\\\/armureriebrute.fr\\\/\",\"name\":\"Armurerie Brute\",\"description\":\"Armurerie Brute\",\"publisher\":{\"@id\":\"https:\\\/\\\/armureriebrute.fr\\\/#organization\"},\"potentialAction\":[{\"@type\":\"SearchAction\",\"target\":{\"@type\":\"EntryPoint\",\"urlTemplate\":\"https:\\\/\\\/armureriebrute.fr\\\/?s={search_term_string}\"},\"query-input\":{\"@type\":\"PropertyValueSpecification\",\"valueRequired\":true,\"valueName\":\"search_term_string\"}}],\"inLanguage\":\"en-GB\"},{\"@type\":\"Organization\",\"@id\":\"https:\\\/\\\/armureriebrute.fr\\\/#organization\",\"name\":\"Armurerie Brute\",\"url\":\"https:\\\/\\\/armureriebrute.fr\\\/\",\"logo\":{\"@type\":\"ImageObject\",\"inLanguage\":\"en-GB\",\"@id\":\"https:\\\/\\\/armureriebrute.fr\\\/#\\\/schema\\\/logo\\\/image\\\/\",\"url\":\"http:\\\/\\\/armureriebrute.fr\\\/wp-content\\\/uploads\\\/2026\\\/04\\\/image_6409bec1-1.png\",\"contentUrl\":\"http:\\\/\\\/armureriebrute.fr\\\/wp-content\\\/uploads\\\/2026\\\/04\\\/image_6409bec1-1.png\",\"width\":1408,\"height\":768,\"caption\":\"Armurerie Brute\"},\"image\":{\"@id\":\"https:\\\/\\\/armureriebrute.fr\\\/#\\\/schema\\\/logo\\\/image\\\/\"}}]}<\/script>\n<!-- \/ Yoast SEO plugin. -->","yoast_head_json":{"title":"Tr\u00e9pied de tir Endeavor 303 AGM Vanguard - Armurerie Brute","robots":{"index":"index","follow":"follow","max-snippet":"max-snippet:-1","max-image-preview":"max-image-preview:large","max-video-preview":"max-video-preview:-1"},"canonical":"https:\/\/armureriebrute.fr\/en\/product\/trepied-de-tir-endeavor-303-agm-vanguard\/","og_locale":"en_GB","og_type":"article","og_title":"Tr\u00e9pied de tir Endeavor 303 AGM Vanguard - Armurerie Brute","og_description":"Ce\u00a0tr\u00e9pied Endeavor\u00a0est id\u00e9al pour les passionn\u00e9s de tir de loisir \u00e0 la recherche de\u00a0stabilit\u00e9\u00a0et de\u00a0confort. Gr\u00e2ce \u00e0 sa large plage de r\u00e9glage en\u00a0hauteur\u00a0et au support Endeavor GM-70, il garantit un\u00a0excellent maintien\u00a0de votre carabine. Sa capacit\u00e9 de charge allant\u00a0jusqu\u2019\u00e0 25 kg\u00a0permet de l\u2019utiliser avec des armes plus lourdes, m\u00eame lorsque ces derni\u00e8res sont inclin\u00e9es \u00e0 l&rsquo;aide [...]","og_url":"https:\/\/armureriebrute.fr\/en\/product\/trepied-de-tir-endeavor-303-agm-vanguard\/","og_site_name":"Armurerie Brute","article_modified_time":"2026-04-23T14:21:44+00:00","og_image":[{"width":455,"height":455,"url":"http:\/\/armureriebrute.fr\/wp-content\/uploads\/2026\/04\/trepied-de-tir-endeavor-303-agm-vanguard.png","type":"image\/png"}],"twitter_card":"summary_large_image","twitter_misc":{"Estimated reading time":"2 minutes"},"schema":{"@context":"https:\/\/schema.org","@graph":[{"@type":"WebPage","@id":"https:\/\/armureriebrute.fr\/product\/trepied-de-tir-endeavor-303-agm-vanguard\/","url":"https:\/\/armureriebrute.fr\/product\/trepied-de-tir-endeavor-303-agm-vanguard\/","name":"Tr\u00e9pied de tir Endeavor 303 AGM Vanguard - Armurerie Brute","isPartOf":{"@id":"https:\/\/armureriebrute.fr\/#website"},"primaryImageOfPage":{"@id":"https:\/\/armureriebrute.fr\/product\/trepied-de-tir-endeavor-303-agm-vanguard\/#primaryimage"},"image":{"@id":"https:\/\/armureriebrute.fr\/product\/trepied-de-tir-endeavor-303-agm-vanguard\/#primaryimage"},"thumbnailUrl":"https:\/\/armureriebrute.fr\/wp-content\/uploads\/2026\/04\/trepied-de-tir-endeavor-303-agm-vanguard.png","datePublished":"2026-04-23T14:20:43+00:00","dateModified":"2026-04-23T14:21:44+00:00","breadcrumb":{"@id":"https:\/\/armureriebrute.fr\/product\/trepied-de-tir-endeavor-303-agm-vanguard\/#breadcrumb"},"inLanguage":"en-GB","potentialAction":[{"@type":"ReadAction","target":["https:\/\/armureriebrute.fr\/product\/trepied-de-tir-endeavor-303-agm-vanguard\/"]}]},{"@type":"ImageObject","inLanguage":"en-GB","@id":"https:\/\/armureriebrute.fr\/product\/trepied-de-tir-endeavor-303-agm-vanguard\/#primaryimage","url":"https:\/\/armureriebrute.fr\/wp-content\/uploads\/2026\/04\/trepied-de-tir-endeavor-303-agm-vanguard.png","contentUrl":"https:\/\/armureriebrute.fr\/wp-content\/uploads\/2026\/04\/trepied-de-tir-endeavor-303-agm-vanguard.png","width":455,"height":455},{"@type":"BreadcrumbList","@id":"https:\/\/armureriebrute.fr\/product\/trepied-de-tir-endeavor-303-agm-vanguard\/#breadcrumb","itemListElement":[{"@type":"ListItem","position":1,"name":"Home","item":"https:\/\/armureriebrute.fr\/"},{"@type":"ListItem","position":2,"name":"Shop","item":"https:\/\/armureriebrute.fr\/shop\/"},{"@type":"ListItem","position":3,"name":"Tr\u00e9pied de tir Endeavor 303 AGM Vanguard"}]},{"@type":"WebSite","@id":"https:\/\/armureriebrute.fr\/#website","url":"https:\/\/armureriebrute.fr\/","name":"Brute Armoury","description":"Brute Armoury","publisher":{"@id":"https:\/\/armureriebrute.fr\/#organization"},"potentialAction":[{"@type":"SearchAction","target":{"@type":"EntryPoint","urlTemplate":"https:\/\/armureriebrute.fr\/?s={search_term_string}"},"query-input":{"@type":"PropertyValueSpecification","valueRequired":true,"valueName":"search_term_string"}}],"inLanguage":"en-GB"},{"@type":"Organization","@id":"https:\/\/armureriebrute.fr\/#organization","name":"Brute Armoury","url":"https:\/\/armureriebrute.fr\/","logo":{"@type":"ImageObject","inLanguage":"en-GB","@id":"https:\/\/armureriebrute.fr\/#\/schema\/logo\/image\/","url":"http:\/\/armureriebrute.fr\/wp-content\/uploads\/2026\/04\/image_6409bec1-1.png","contentUrl":"http:\/\/armureriebrute.fr\/wp-content\/uploads\/2026\/04\/image_6409bec1-1.png","width":1408,"height":768,"caption":"Armurerie Brute"},"image":{"@id":"https:\/\/armureriebrute.fr\/#\/schema\/logo\/image\/"}}]}},"_links":{"self":[{"href":"https:\/\/armureriebrute.fr\/en\/wp-json\/wp\/v2\/product\/756","targetHints":{"allow":["GET"]}}],"collection":[{"href":"https:\/\/armureriebrute.fr\/en\/wp-json\/wp\/v2\/product"}],"about":[{"href":"https:\/\/armureriebrute.fr\/en\/wp-json\/wp\/v2\/types\/product"}],"replies":[{"embeddable":true,"href":"https:\/\/armureriebrute.fr\/en\/wp-json\/wp\/v2\/comments?post=756"}],"wp:featuredmedia":[{"embeddable":true,"href":"https:\/\/armureriebrute.fr\/en\/wp-json\/wp\/v2\/media\/757"}],"wp:attachment":[{"href":"https:\/\/armureriebrute.fr\/en\/wp-json\/wp\/v2\/media?parent=756"}],"wp:term":[{"taxonomy":"product_brand","embeddable":true,"href":"https:\/\/armureriebrute.fr\/en\/wp-json\/wp\/v2\/product_brand?post=756"},{"taxonomy":"product_cat","embeddable":true,"href":"https:\/\/armureriebrute.fr\/en\/wp-json\/wp\/v2\/product_cat?post=756"},{"taxonomy":"product_tag","embeddable":true,"href":"https:\/\/armureriebrute.fr\/en\/wp-json\/wp\/v2\/product_tag?post=756"}],"curies":[{"name":"wp","href":"https:\/\/api.w.org\/{rel}","templated":true}]}}