{"id":766,"date":"2026-04-23T14:25:04","date_gmt":"2026-04-23T14:25:04","guid":{"rendered":"https:\/\/armureriebrute.fr\/?post_type=product&#038;p=766"},"modified":"2026-04-23T14:25:33","modified_gmt":"2026-04-23T14:25:33","slug":"bipied-recon-360-utg","status":"publish","type":"product","link":"https:\/\/armureriebrute.fr\/en\/product\/bipied-recon-360-utg\/","title":{"rendered":"Bipied Recon 360 UTG"},"content":{"rendered":"<div id=\"product-description-short-17024\" class=\"product-description-short sm-bottom typo\">\n<p><span class=\"-mx-px duration-100 ease-in-out my-[-0.2rem] px-px py-[0.2rem] relative rounded transition-colors\">Le\u00a0<strong data-end=\"27\" data-start=\"3\">bipied Recon\u202f360\u00a0<\/strong>de chez\u00a0<strong data-end=\"27\" data-start=\"3\">UTG<\/strong>\u00a0est con\u00e7u pour les tireurs exigeants : sa t\u00eate pivotante \u00e0\u00a0<strong data-end=\"95\" data-start=\"87\">360\u00b0<\/strong>\u00a0et son inclinaison de \u00b115\u00b0 permettent un\u00a0<strong data-end=\"168\" data-start=\"137\">suivi dynamique de la cible<\/strong>, m\u00eame sur terrain non nivel\u00e9<\/span>.\u00a0<span class=\"-mx-px duration-100 ease-in-out my-[-0.2rem] px-px py-[0.2rem] relative rounded transition-colors\">Ses\u00a0<strong data-end=\"28\" data-start=\"4\">jambes t\u00e9lescopiques<\/strong>, r\u00e9glables en\u00a0<strong data-end=\"58\" data-start=\"43\">5 positions<\/strong>\u00a0(17\u201323\u202fcm), se bloquent fermement via une molette crant\u00e9e<\/span>.\u00a0<span class=\"-mx-px duration-100 ease-in-out my-[-0.2rem] px-px py-[0.2rem] relative rounded transition-colors\">Les pieds en caoutchouc anti-d\u00e9rapant garantissent une\u00a0<strong data-end=\"77\" data-start=\"55\">adh\u00e9rence parfaite<\/strong>\u00a0sur sol lisse ou accident\u00e9<\/span>.\u00a0<span class=\"-mx-px duration-100 ease-in-out my-[-0.2rem] px-px py-[0.2rem] relative rounded transition-colors\">La fixation sur\u00a0<strong data-end=\"34\" data-start=\"16\">rail Picatinny<\/strong>\u00a0(adaptateur grenadi\u00e8re inclus) facilite l\u2019installation et lib\u00e8re l\u2019espace sous le canon<\/span>.\u00a0<span class=\"-mx-px duration-100 ease-in-out my-[-0.2rem] px-px py-[0.2rem] relative rounded transition-colors\">Sa construction en\u00a0<strong data-end=\"41\" data-start=\"19\">aluminium noir mat<\/strong>, anodis\u00e9, assure \u00e0 la fois\u00a0<strong data-end=\"83\" data-start=\"69\">durabilit\u00e9<\/strong>\u00a0et\u00a0<strong data-end=\"99\" data-start=\"87\">l\u00e9g\u00e8ret\u00e9<\/strong>\u00a0(380\u202fg sans adaptateur, 440\u202fg avec)<\/span>.\u00a0<span class=\"-mx-px duration-100 ease-in-out my-[-0.2rem] px-px py-[0.2rem] relative rounded transition-colors\">En r\u00e9sum\u00e9, le Recon\u202f360 combine\u00a0<strong data-end=\"47\" data-start=\"32\">polyvalence<\/strong>,\u00a0<strong data-end=\"61\" data-start=\"49\">solidit\u00e9<\/strong>\u00a0et\u00a0<strong data-end=\"78\" data-start=\"65\">ergonomie<\/strong>, id\u00e9al pour le tir pr\u00e9cis.<\/span><\/p>\n<\/div>\n<div class=\"js-product-attributes-destination mb-2 product-attributes\">\n<div class=\"attribute-item product-manufacturer\"><label>Marque<\/label>\u00a0UTG<\/div>\n<div class=\"attribute-item product-reference\"><label>R\u00e9f\u00e9rence<\/label>\u00a0BIP08205<\/div>\n<div class=\"EAN-13 attribute-item product-specific-references\"><label>EAN-13<\/label>\u00a04717385557321<\/div>\n<\/div>\n","protected":false},"excerpt":{"rendered":"<p>Le\u00a0bipied Recon\u202f360\u00a0de chez\u00a0UTG\u00a0est con\u00e7u pour les tireurs exigeants : sa t\u00eate pivotante \u00e0\u00a0360\u00b0\u00a0et son inclinaison de \u00b115\u00b0 permettent un\u00a0suivi dynamique de la cible, m\u00eame sur terrain non nivel\u00e9.\u00a0Ses\u00a0jambes t\u00e9lescopiques, r\u00e9glables en\u00a05 positions\u00a0(17\u201323\u202fcm), se bloquent fermement via une molette crant\u00e9e.\u00a0Les pieds en caoutchouc anti-d\u00e9rapant garantissent une\u00a0adh\u00e9rence parfaite\u00a0sur sol lisse ou accident\u00e9.\u00a0La fixation sur\u00a0rail Picatinny\u00a0(adaptateur grenadi\u00e8re inclus) [&#8230;]\n","protected":false},"featured_media":767,"comment_status":"open","ping_status":"closed","template":"","meta":[],"product_brand":[],"product_cat":[77],"product_tag":[],"class_list":{"0":"post-766","1":"product","2":"type-product","3":"status-publish","4":"has-post-thumbnail","6":"product_cat-bipied","8":"first","9":"instock","10":"shipping-taxable","11":"purchasable","12":"product-type-simple"},"yoast_head":"<!-- This site is optimized with the Yoast SEO plugin v27.4 - https:\/\/yoast.com\/product\/yoast-seo-wordpress\/ -->\n<title>Bipied Recon 360 UTG - Armurerie Brute<\/title>\n<meta name=\"robots\" content=\"index, follow, max-snippet:-1, max-image-preview:large, max-video-preview:-1\" \/>\n<link rel=\"canonical\" href=\"https:\/\/armureriebrute.fr\/en\/product\/bipied-recon-360-utg\/\" \/>\n<meta property=\"og:locale\" content=\"en_GB\" \/>\n<meta property=\"og:type\" content=\"article\" \/>\n<meta property=\"og:title\" content=\"Bipied Recon 360 UTG - Armurerie Brute\" \/>\n<meta property=\"og:description\" content=\"Le\u00a0bipied Recon\u202f360\u00a0de chez\u00a0UTG\u00a0est con\u00e7u pour les tireurs exigeants : sa t\u00eate pivotante \u00e0\u00a0360\u00b0\u00a0et son inclinaison de \u00b115\u00b0 permettent un\u00a0suivi dynamique de la cible, m\u00eame sur terrain non nivel\u00e9.\u00a0Ses\u00a0jambes t\u00e9lescopiques, r\u00e9glables en\u00a05 positions\u00a0(17\u201323\u202fcm), se bloquent fermement via une molette crant\u00e9e.\u00a0Les pieds en caoutchouc anti-d\u00e9rapant garantissent une\u00a0adh\u00e9rence parfaite\u00a0sur sol lisse ou accident\u00e9.\u00a0La fixation sur\u00a0rail Picatinny\u00a0(adaptateur grenadi\u00e8re inclus) [...]\" \/>\n<meta property=\"og:url\" content=\"https:\/\/armureriebrute.fr\/en\/product\/bipied-recon-360-utg\/\" \/>\n<meta property=\"og:site_name\" content=\"Armurerie Brute\" \/>\n<meta property=\"article:modified_time\" content=\"2026-04-23T14:25:33+00:00\" \/>\n<meta property=\"og:image\" content=\"http:\/\/armureriebrute.fr\/wp-content\/uploads\/2026\/04\/bipied-recon-360-utg.png\" \/>\n\t<meta property=\"og:image:width\" content=\"455\" \/>\n\t<meta property=\"og:image:height\" content=\"455\" \/>\n\t<meta property=\"og:image:type\" content=\"image\/png\" \/>\n<meta name=\"twitter:card\" content=\"summary_large_image\" \/>\n<meta name=\"twitter:label1\" content=\"Estimated reading time\" \/>\n\t<meta name=\"twitter:data1\" content=\"1 minute\" \/>\n<script type=\"application\/ld+json\" class=\"yoast-schema-graph\">{\"@context\":\"https:\\\/\\\/schema.org\",\"@graph\":[{\"@type\":\"WebPage\",\"@id\":\"https:\\\/\\\/armureriebrute.fr\\\/product\\\/bipied-recon-360-utg\\\/\",\"url\":\"https:\\\/\\\/armureriebrute.fr\\\/product\\\/bipied-recon-360-utg\\\/\",\"name\":\"Bipied Recon 360 UTG - Armurerie Brute\",\"isPartOf\":{\"@id\":\"https:\\\/\\\/armureriebrute.fr\\\/#website\"},\"primaryImageOfPage\":{\"@id\":\"https:\\\/\\\/armureriebrute.fr\\\/product\\\/bipied-recon-360-utg\\\/#primaryimage\"},\"image\":{\"@id\":\"https:\\\/\\\/armureriebrute.fr\\\/product\\\/bipied-recon-360-utg\\\/#primaryimage\"},\"thumbnailUrl\":\"https:\\\/\\\/armureriebrute.fr\\\/wp-content\\\/uploads\\\/2026\\\/04\\\/bipied-recon-360-utg.png\",\"datePublished\":\"2026-04-23T14:25:04+00:00\",\"dateModified\":\"2026-04-23T14:25:33+00:00\",\"breadcrumb\":{\"@id\":\"https:\\\/\\\/armureriebrute.fr\\\/product\\\/bipied-recon-360-utg\\\/#breadcrumb\"},\"inLanguage\":\"en-GB\",\"potentialAction\":[{\"@type\":\"ReadAction\",\"target\":[\"https:\\\/\\\/armureriebrute.fr\\\/product\\\/bipied-recon-360-utg\\\/\"]}]},{\"@type\":\"ImageObject\",\"inLanguage\":\"en-GB\",\"@id\":\"https:\\\/\\\/armureriebrute.fr\\\/product\\\/bipied-recon-360-utg\\\/#primaryimage\",\"url\":\"https:\\\/\\\/armureriebrute.fr\\\/wp-content\\\/uploads\\\/2026\\\/04\\\/bipied-recon-360-utg.png\",\"contentUrl\":\"https:\\\/\\\/armureriebrute.fr\\\/wp-content\\\/uploads\\\/2026\\\/04\\\/bipied-recon-360-utg.png\",\"width\":455,\"height\":455},{\"@type\":\"BreadcrumbList\",\"@id\":\"https:\\\/\\\/armureriebrute.fr\\\/product\\\/bipied-recon-360-utg\\\/#breadcrumb\",\"itemListElement\":[{\"@type\":\"ListItem\",\"position\":1,\"name\":\"Home\",\"item\":\"https:\\\/\\\/armureriebrute.fr\\\/\"},{\"@type\":\"ListItem\",\"position\":2,\"name\":\"Shop\",\"item\":\"https:\\\/\\\/armureriebrute.fr\\\/shop\\\/\"},{\"@type\":\"ListItem\",\"position\":3,\"name\":\"Bipied Recon 360 UTG\"}]},{\"@type\":\"WebSite\",\"@id\":\"https:\\\/\\\/armureriebrute.fr\\\/#website\",\"url\":\"https:\\\/\\\/armureriebrute.fr\\\/\",\"name\":\"Armurerie Brute\",\"description\":\"Armurerie Brute\",\"publisher\":{\"@id\":\"https:\\\/\\\/armureriebrute.fr\\\/#organization\"},\"potentialAction\":[{\"@type\":\"SearchAction\",\"target\":{\"@type\":\"EntryPoint\",\"urlTemplate\":\"https:\\\/\\\/armureriebrute.fr\\\/?s={search_term_string}\"},\"query-input\":{\"@type\":\"PropertyValueSpecification\",\"valueRequired\":true,\"valueName\":\"search_term_string\"}}],\"inLanguage\":\"en-GB\"},{\"@type\":\"Organization\",\"@id\":\"https:\\\/\\\/armureriebrute.fr\\\/#organization\",\"name\":\"Armurerie Brute\",\"url\":\"https:\\\/\\\/armureriebrute.fr\\\/\",\"logo\":{\"@type\":\"ImageObject\",\"inLanguage\":\"en-GB\",\"@id\":\"https:\\\/\\\/armureriebrute.fr\\\/#\\\/schema\\\/logo\\\/image\\\/\",\"url\":\"http:\\\/\\\/armureriebrute.fr\\\/wp-content\\\/uploads\\\/2026\\\/04\\\/image_6409bec1-1.png\",\"contentUrl\":\"http:\\\/\\\/armureriebrute.fr\\\/wp-content\\\/uploads\\\/2026\\\/04\\\/image_6409bec1-1.png\",\"width\":1408,\"height\":768,\"caption\":\"Armurerie Brute\"},\"image\":{\"@id\":\"https:\\\/\\\/armureriebrute.fr\\\/#\\\/schema\\\/logo\\\/image\\\/\"}}]}<\/script>\n<!-- \/ Yoast SEO plugin. -->","yoast_head_json":{"title":"Bipied Recon 360 UTG - Armurerie Brute","robots":{"index":"index","follow":"follow","max-snippet":"max-snippet:-1","max-image-preview":"max-image-preview:large","max-video-preview":"max-video-preview:-1"},"canonical":"https:\/\/armureriebrute.fr\/en\/product\/bipied-recon-360-utg\/","og_locale":"en_GB","og_type":"article","og_title":"Bipied Recon 360 UTG - Armurerie Brute","og_description":"Le\u00a0bipied Recon\u202f360\u00a0de chez\u00a0UTG\u00a0est con\u00e7u pour les tireurs exigeants : sa t\u00eate pivotante \u00e0\u00a0360\u00b0\u00a0et son inclinaison de \u00b115\u00b0 permettent un\u00a0suivi dynamique de la cible, m\u00eame sur terrain non nivel\u00e9.\u00a0Ses\u00a0jambes t\u00e9lescopiques, r\u00e9glables en\u00a05 positions\u00a0(17\u201323\u202fcm), se bloquent fermement via une molette crant\u00e9e.\u00a0Les pieds en caoutchouc anti-d\u00e9rapant garantissent une\u00a0adh\u00e9rence parfaite\u00a0sur sol lisse ou accident\u00e9.\u00a0La fixation sur\u00a0rail Picatinny\u00a0(adaptateur grenadi\u00e8re inclus) [...]","og_url":"https:\/\/armureriebrute.fr\/en\/product\/bipied-recon-360-utg\/","og_site_name":"Armurerie Brute","article_modified_time":"2026-04-23T14:25:33+00:00","og_image":[{"width":455,"height":455,"url":"http:\/\/armureriebrute.fr\/wp-content\/uploads\/2026\/04\/bipied-recon-360-utg.png","type":"image\/png"}],"twitter_card":"summary_large_image","twitter_misc":{"Estimated reading time":"1 minute"},"schema":{"@context":"https:\/\/schema.org","@graph":[{"@type":"WebPage","@id":"https:\/\/armureriebrute.fr\/product\/bipied-recon-360-utg\/","url":"https:\/\/armureriebrute.fr\/product\/bipied-recon-360-utg\/","name":"Bipied Recon 360 UTG - Armurerie Brute","isPartOf":{"@id":"https:\/\/armureriebrute.fr\/#website"},"primaryImageOfPage":{"@id":"https:\/\/armureriebrute.fr\/product\/bipied-recon-360-utg\/#primaryimage"},"image":{"@id":"https:\/\/armureriebrute.fr\/product\/bipied-recon-360-utg\/#primaryimage"},"thumbnailUrl":"https:\/\/armureriebrute.fr\/wp-content\/uploads\/2026\/04\/bipied-recon-360-utg.png","datePublished":"2026-04-23T14:25:04+00:00","dateModified":"2026-04-23T14:25:33+00:00","breadcrumb":{"@id":"https:\/\/armureriebrute.fr\/product\/bipied-recon-360-utg\/#breadcrumb"},"inLanguage":"en-GB","potentialAction":[{"@type":"ReadAction","target":["https:\/\/armureriebrute.fr\/product\/bipied-recon-360-utg\/"]}]},{"@type":"ImageObject","inLanguage":"en-GB","@id":"https:\/\/armureriebrute.fr\/product\/bipied-recon-360-utg\/#primaryimage","url":"https:\/\/armureriebrute.fr\/wp-content\/uploads\/2026\/04\/bipied-recon-360-utg.png","contentUrl":"https:\/\/armureriebrute.fr\/wp-content\/uploads\/2026\/04\/bipied-recon-360-utg.png","width":455,"height":455},{"@type":"BreadcrumbList","@id":"https:\/\/armureriebrute.fr\/product\/bipied-recon-360-utg\/#breadcrumb","itemListElement":[{"@type":"ListItem","position":1,"name":"Home","item":"https:\/\/armureriebrute.fr\/"},{"@type":"ListItem","position":2,"name":"Shop","item":"https:\/\/armureriebrute.fr\/shop\/"},{"@type":"ListItem","position":3,"name":"Bipied Recon 360 UTG"}]},{"@type":"WebSite","@id":"https:\/\/armureriebrute.fr\/#website","url":"https:\/\/armureriebrute.fr\/","name":"Brute Armoury","description":"Brute Armoury","publisher":{"@id":"https:\/\/armureriebrute.fr\/#organization"},"potentialAction":[{"@type":"SearchAction","target":{"@type":"EntryPoint","urlTemplate":"https:\/\/armureriebrute.fr\/?s={search_term_string}"},"query-input":{"@type":"PropertyValueSpecification","valueRequired":true,"valueName":"search_term_string"}}],"inLanguage":"en-GB"},{"@type":"Organization","@id":"https:\/\/armureriebrute.fr\/#organization","name":"Brute Armoury","url":"https:\/\/armureriebrute.fr\/","logo":{"@type":"ImageObject","inLanguage":"en-GB","@id":"https:\/\/armureriebrute.fr\/#\/schema\/logo\/image\/","url":"http:\/\/armureriebrute.fr\/wp-content\/uploads\/2026\/04\/image_6409bec1-1.png","contentUrl":"http:\/\/armureriebrute.fr\/wp-content\/uploads\/2026\/04\/image_6409bec1-1.png","width":1408,"height":768,"caption":"Armurerie Brute"},"image":{"@id":"https:\/\/armureriebrute.fr\/#\/schema\/logo\/image\/"}}]}},"_links":{"self":[{"href":"https:\/\/armureriebrute.fr\/en\/wp-json\/wp\/v2\/product\/766","targetHints":{"allow":["GET"]}}],"collection":[{"href":"https:\/\/armureriebrute.fr\/en\/wp-json\/wp\/v2\/product"}],"about":[{"href":"https:\/\/armureriebrute.fr\/en\/wp-json\/wp\/v2\/types\/product"}],"replies":[{"embeddable":true,"href":"https:\/\/armureriebrute.fr\/en\/wp-json\/wp\/v2\/comments?post=766"}],"wp:featuredmedia":[{"embeddable":true,"href":"https:\/\/armureriebrute.fr\/en\/wp-json\/wp\/v2\/media\/767"}],"wp:attachment":[{"href":"https:\/\/armureriebrute.fr\/en\/wp-json\/wp\/v2\/media?parent=766"}],"wp:term":[{"taxonomy":"product_brand","embeddable":true,"href":"https:\/\/armureriebrute.fr\/en\/wp-json\/wp\/v2\/product_brand?post=766"},{"taxonomy":"product_cat","embeddable":true,"href":"https:\/\/armureriebrute.fr\/en\/wp-json\/wp\/v2\/product_cat?post=766"},{"taxonomy":"product_tag","embeddable":true,"href":"https:\/\/armureriebrute.fr\/en\/wp-json\/wp\/v2\/product_tag?post=766"}],"curies":[{"name":"wp","href":"https:\/\/api.w.org\/{rel}","templated":true}]}}