{"id":768,"date":"2026-04-23T14:26:02","date_gmt":"2026-04-23T14:26:02","guid":{"rendered":"https:\/\/armureriebrute.fr\/?post_type=product&#038;p=768"},"modified":"2026-04-23T14:26:39","modified_gmt":"2026-04-23T14:26:39","slug":"bipied-m-lock-magpull","status":"publish","type":"product","link":"https:\/\/armureriebrute.fr\/en\/product\/bipied-m-lock-magpull\/","title":{"rendered":"Bipied M-Lock Magpull"},"content":{"rendered":"<div id=\"product-description-short-17285\" class=\"product-description-short sm-bottom typo\">\n<p><strong>Magpull<\/strong>\u00a0vous propose un bipied de haute qualit\u00e9 qui peut \u00eatre r\u00e9gl\u00e9 sur\u00a0<strong>7 crans de position<\/strong>\u00a0et qui est\u00a0<strong>inclinable jusqu&rsquo;\u00e0 50\u00b0<\/strong>. Avec sa fixation\u00a0<strong>M-lock<\/strong>, il conviendra parfaitement \u00e0 vos carabines de type TLD.<\/p>\n<p>Fabriqu\u00e9 \u00e0 partir d&rsquo;<strong>aluminium CNC 6061 T6<\/strong>, il sera r\u00e9sistant aux temp\u00e9ratures \u00e9lev\u00e9es et au gel.<\/p>\n<\/div>\n<div class=\"js-product-attributes-destination mb-2 product-attributes\">\n<div class=\"attribute-item product-manufacturer\"><label>Marque<\/label>\u00a0MAGPUL<\/div>\n<div class=\"attribute-item product-reference\"><label>R\u00e9f\u00e9rence<\/label>\u00a0MPL-MAG933-BLK<\/div>\n<div class=\"EAN-13 attribute-item product-specific-references\"><label>EAN-13<\/label>\u00a00840815119319<\/div>\n<\/div>","protected":false},"excerpt":{"rendered":"<p>Magpull\u00a0vous propose un bipied de haute qualit\u00e9 qui peut \u00eatre r\u00e9gl\u00e9 sur\u00a07 crans de position\u00a0et qui est\u00a0inclinable jusqu&rsquo;\u00e0 50\u00b0. Avec sa fixation\u00a0M-lock, il conviendra parfaitement \u00e0 vos carabines de type TLD. Fabriqu\u00e9 \u00e0 partir d&rsquo;aluminium CNC 6061 T6, il sera r\u00e9sistant aux temp\u00e9ratures \u00e9lev\u00e9es et au gel. Marque\u00a0MAGPUL R\u00e9f\u00e9rence\u00a0MPL-MAG933-BLK EAN-13\u00a00840815119319<\/p>","protected":false},"featured_media":769,"comment_status":"open","ping_status":"closed","template":"","meta":[],"product_brand":[],"product_cat":[77],"product_tag":[],"class_list":{"0":"post-768","1":"product","2":"type-product","3":"status-publish","4":"has-post-thumbnail","6":"product_cat-bipied","8":"first","9":"instock","10":"shipping-taxable","11":"purchasable","12":"product-type-simple"},"yoast_head":"<!-- This site is optimized with the Yoast SEO plugin v27.4 - https:\/\/yoast.com\/product\/yoast-seo-wordpress\/ -->\n<title>Bipied M-Lock Magpull - Armurerie Brute<\/title>\n<meta name=\"robots\" content=\"index, follow, max-snippet:-1, max-image-preview:large, max-video-preview:-1\" \/>\n<link rel=\"canonical\" href=\"https:\/\/armureriebrute.fr\/en\/product\/bipied-m-lock-magpull\/\" \/>\n<meta property=\"og:locale\" content=\"en_GB\" \/>\n<meta property=\"og:type\" content=\"article\" \/>\n<meta property=\"og:title\" content=\"Bipied M-Lock Magpull - Armurerie Brute\" \/>\n<meta property=\"og:description\" content=\"Magpull\u00a0vous propose un bipied de haute qualit\u00e9 qui peut \u00eatre r\u00e9gl\u00e9 sur\u00a07 crans de position\u00a0et qui est\u00a0inclinable jusqu&rsquo;\u00e0 50\u00b0. Avec sa fixation\u00a0M-lock, il conviendra parfaitement \u00e0 vos carabines de type TLD. Fabriqu\u00e9 \u00e0 partir d&rsquo;aluminium CNC 6061 T6, il sera r\u00e9sistant aux temp\u00e9ratures \u00e9lev\u00e9es et au gel. Marque\u00a0MAGPUL R\u00e9f\u00e9rence\u00a0MPL-MAG933-BLK EAN-13\u00a00840815119319\" \/>\n<meta property=\"og:url\" content=\"https:\/\/armureriebrute.fr\/en\/product\/bipied-m-lock-magpull\/\" \/>\n<meta property=\"og:site_name\" content=\"Armurerie Brute\" \/>\n<meta property=\"article:modified_time\" content=\"2026-04-23T14:26:39+00:00\" \/>\n<meta property=\"og:image\" content=\"http:\/\/armureriebrute.fr\/wp-content\/uploads\/2026\/04\/bipied-m-lock-magpull.png\" \/>\n\t<meta property=\"og:image:width\" content=\"455\" \/>\n\t<meta property=\"og:image:height\" content=\"455\" \/>\n\t<meta property=\"og:image:type\" content=\"image\/png\" \/>\n<meta name=\"twitter:card\" content=\"summary_large_image\" \/>\n<meta name=\"twitter:label1\" content=\"Estimated reading time\" \/>\n\t<meta name=\"twitter:data1\" content=\"1 minute\" \/>\n<script type=\"application\/ld+json\" class=\"yoast-schema-graph\">{\"@context\":\"https:\\\/\\\/schema.org\",\"@graph\":[{\"@type\":\"WebPage\",\"@id\":\"https:\\\/\\\/armureriebrute.fr\\\/product\\\/bipied-m-lock-magpull\\\/\",\"url\":\"https:\\\/\\\/armureriebrute.fr\\\/product\\\/bipied-m-lock-magpull\\\/\",\"name\":\"Bipied M-Lock Magpull - Armurerie Brute\",\"isPartOf\":{\"@id\":\"https:\\\/\\\/armureriebrute.fr\\\/#website\"},\"primaryImageOfPage\":{\"@id\":\"https:\\\/\\\/armureriebrute.fr\\\/product\\\/bipied-m-lock-magpull\\\/#primaryimage\"},\"image\":{\"@id\":\"https:\\\/\\\/armureriebrute.fr\\\/product\\\/bipied-m-lock-magpull\\\/#primaryimage\"},\"thumbnailUrl\":\"https:\\\/\\\/armureriebrute.fr\\\/wp-content\\\/uploads\\\/2026\\\/04\\\/bipied-m-lock-magpull.png\",\"datePublished\":\"2026-04-23T14:26:02+00:00\",\"dateModified\":\"2026-04-23T14:26:39+00:00\",\"breadcrumb\":{\"@id\":\"https:\\\/\\\/armureriebrute.fr\\\/product\\\/bipied-m-lock-magpull\\\/#breadcrumb\"},\"inLanguage\":\"en-GB\",\"potentialAction\":[{\"@type\":\"ReadAction\",\"target\":[\"https:\\\/\\\/armureriebrute.fr\\\/product\\\/bipied-m-lock-magpull\\\/\"]}]},{\"@type\":\"ImageObject\",\"inLanguage\":\"en-GB\",\"@id\":\"https:\\\/\\\/armureriebrute.fr\\\/product\\\/bipied-m-lock-magpull\\\/#primaryimage\",\"url\":\"https:\\\/\\\/armureriebrute.fr\\\/wp-content\\\/uploads\\\/2026\\\/04\\\/bipied-m-lock-magpull.png\",\"contentUrl\":\"https:\\\/\\\/armureriebrute.fr\\\/wp-content\\\/uploads\\\/2026\\\/04\\\/bipied-m-lock-magpull.png\",\"width\":455,\"height\":455},{\"@type\":\"BreadcrumbList\",\"@id\":\"https:\\\/\\\/armureriebrute.fr\\\/product\\\/bipied-m-lock-magpull\\\/#breadcrumb\",\"itemListElement\":[{\"@type\":\"ListItem\",\"position\":1,\"name\":\"Home\",\"item\":\"https:\\\/\\\/armureriebrute.fr\\\/\"},{\"@type\":\"ListItem\",\"position\":2,\"name\":\"Shop\",\"item\":\"https:\\\/\\\/armureriebrute.fr\\\/shop\\\/\"},{\"@type\":\"ListItem\",\"position\":3,\"name\":\"Bipied M-Lock Magpull\"}]},{\"@type\":\"WebSite\",\"@id\":\"https:\\\/\\\/armureriebrute.fr\\\/#website\",\"url\":\"https:\\\/\\\/armureriebrute.fr\\\/\",\"name\":\"Armurerie Brute\",\"description\":\"Armurerie Brute\",\"publisher\":{\"@id\":\"https:\\\/\\\/armureriebrute.fr\\\/#organization\"},\"potentialAction\":[{\"@type\":\"SearchAction\",\"target\":{\"@type\":\"EntryPoint\",\"urlTemplate\":\"https:\\\/\\\/armureriebrute.fr\\\/?s={search_term_string}\"},\"query-input\":{\"@type\":\"PropertyValueSpecification\",\"valueRequired\":true,\"valueName\":\"search_term_string\"}}],\"inLanguage\":\"en-GB\"},{\"@type\":\"Organization\",\"@id\":\"https:\\\/\\\/armureriebrute.fr\\\/#organization\",\"name\":\"Armurerie Brute\",\"url\":\"https:\\\/\\\/armureriebrute.fr\\\/\",\"logo\":{\"@type\":\"ImageObject\",\"inLanguage\":\"en-GB\",\"@id\":\"https:\\\/\\\/armureriebrute.fr\\\/#\\\/schema\\\/logo\\\/image\\\/\",\"url\":\"http:\\\/\\\/armureriebrute.fr\\\/wp-content\\\/uploads\\\/2026\\\/04\\\/image_6409bec1-1.png\",\"contentUrl\":\"http:\\\/\\\/armureriebrute.fr\\\/wp-content\\\/uploads\\\/2026\\\/04\\\/image_6409bec1-1.png\",\"width\":1408,\"height\":768,\"caption\":\"Armurerie Brute\"},\"image\":{\"@id\":\"https:\\\/\\\/armureriebrute.fr\\\/#\\\/schema\\\/logo\\\/image\\\/\"}}]}<\/script>\n<!-- \/ Yoast SEO plugin. -->","yoast_head_json":{"title":"Bipied M-Lock Magpull - Armurerie Brute","robots":{"index":"index","follow":"follow","max-snippet":"max-snippet:-1","max-image-preview":"max-image-preview:large","max-video-preview":"max-video-preview:-1"},"canonical":"https:\/\/armureriebrute.fr\/en\/product\/bipied-m-lock-magpull\/","og_locale":"en_GB","og_type":"article","og_title":"Bipied M-Lock Magpull - Armurerie Brute","og_description":"Magpull\u00a0vous propose un bipied de haute qualit\u00e9 qui peut \u00eatre r\u00e9gl\u00e9 sur\u00a07 crans de position\u00a0et qui est\u00a0inclinable jusqu&rsquo;\u00e0 50\u00b0. Avec sa fixation\u00a0M-lock, il conviendra parfaitement \u00e0 vos carabines de type TLD. Fabriqu\u00e9 \u00e0 partir d&rsquo;aluminium CNC 6061 T6, il sera r\u00e9sistant aux temp\u00e9ratures \u00e9lev\u00e9es et au gel. Marque\u00a0MAGPUL R\u00e9f\u00e9rence\u00a0MPL-MAG933-BLK EAN-13\u00a00840815119319","og_url":"https:\/\/armureriebrute.fr\/en\/product\/bipied-m-lock-magpull\/","og_site_name":"Armurerie Brute","article_modified_time":"2026-04-23T14:26:39+00:00","og_image":[{"width":455,"height":455,"url":"http:\/\/armureriebrute.fr\/wp-content\/uploads\/2026\/04\/bipied-m-lock-magpull.png","type":"image\/png"}],"twitter_card":"summary_large_image","twitter_misc":{"Estimated reading time":"1 minute"},"schema":{"@context":"https:\/\/schema.org","@graph":[{"@type":"WebPage","@id":"https:\/\/armureriebrute.fr\/product\/bipied-m-lock-magpull\/","url":"https:\/\/armureriebrute.fr\/product\/bipied-m-lock-magpull\/","name":"Bipied M-Lock Magpull - Armurerie Brute","isPartOf":{"@id":"https:\/\/armureriebrute.fr\/#website"},"primaryImageOfPage":{"@id":"https:\/\/armureriebrute.fr\/product\/bipied-m-lock-magpull\/#primaryimage"},"image":{"@id":"https:\/\/armureriebrute.fr\/product\/bipied-m-lock-magpull\/#primaryimage"},"thumbnailUrl":"https:\/\/armureriebrute.fr\/wp-content\/uploads\/2026\/04\/bipied-m-lock-magpull.png","datePublished":"2026-04-23T14:26:02+00:00","dateModified":"2026-04-23T14:26:39+00:00","breadcrumb":{"@id":"https:\/\/armureriebrute.fr\/product\/bipied-m-lock-magpull\/#breadcrumb"},"inLanguage":"en-GB","potentialAction":[{"@type":"ReadAction","target":["https:\/\/armureriebrute.fr\/product\/bipied-m-lock-magpull\/"]}]},{"@type":"ImageObject","inLanguage":"en-GB","@id":"https:\/\/armureriebrute.fr\/product\/bipied-m-lock-magpull\/#primaryimage","url":"https:\/\/armureriebrute.fr\/wp-content\/uploads\/2026\/04\/bipied-m-lock-magpull.png","contentUrl":"https:\/\/armureriebrute.fr\/wp-content\/uploads\/2026\/04\/bipied-m-lock-magpull.png","width":455,"height":455},{"@type":"BreadcrumbList","@id":"https:\/\/armureriebrute.fr\/product\/bipied-m-lock-magpull\/#breadcrumb","itemListElement":[{"@type":"ListItem","position":1,"name":"Home","item":"https:\/\/armureriebrute.fr\/"},{"@type":"ListItem","position":2,"name":"Shop","item":"https:\/\/armureriebrute.fr\/shop\/"},{"@type":"ListItem","position":3,"name":"Bipied M-Lock Magpull"}]},{"@type":"WebSite","@id":"https:\/\/armureriebrute.fr\/#website","url":"https:\/\/armureriebrute.fr\/","name":"Brute Armoury","description":"Brute Armoury","publisher":{"@id":"https:\/\/armureriebrute.fr\/#organization"},"potentialAction":[{"@type":"SearchAction","target":{"@type":"EntryPoint","urlTemplate":"https:\/\/armureriebrute.fr\/?s={search_term_string}"},"query-input":{"@type":"PropertyValueSpecification","valueRequired":true,"valueName":"search_term_string"}}],"inLanguage":"en-GB"},{"@type":"Organization","@id":"https:\/\/armureriebrute.fr\/#organization","name":"Brute Armoury","url":"https:\/\/armureriebrute.fr\/","logo":{"@type":"ImageObject","inLanguage":"en-GB","@id":"https:\/\/armureriebrute.fr\/#\/schema\/logo\/image\/","url":"http:\/\/armureriebrute.fr\/wp-content\/uploads\/2026\/04\/image_6409bec1-1.png","contentUrl":"http:\/\/armureriebrute.fr\/wp-content\/uploads\/2026\/04\/image_6409bec1-1.png","width":1408,"height":768,"caption":"Armurerie Brute"},"image":{"@id":"https:\/\/armureriebrute.fr\/#\/schema\/logo\/image\/"}}]}},"_links":{"self":[{"href":"https:\/\/armureriebrute.fr\/en\/wp-json\/wp\/v2\/product\/768","targetHints":{"allow":["GET"]}}],"collection":[{"href":"https:\/\/armureriebrute.fr\/en\/wp-json\/wp\/v2\/product"}],"about":[{"href":"https:\/\/armureriebrute.fr\/en\/wp-json\/wp\/v2\/types\/product"}],"replies":[{"embeddable":true,"href":"https:\/\/armureriebrute.fr\/en\/wp-json\/wp\/v2\/comments?post=768"}],"wp:featuredmedia":[{"embeddable":true,"href":"https:\/\/armureriebrute.fr\/en\/wp-json\/wp\/v2\/media\/769"}],"wp:attachment":[{"href":"https:\/\/armureriebrute.fr\/en\/wp-json\/wp\/v2\/media?parent=768"}],"wp:term":[{"taxonomy":"product_brand","embeddable":true,"href":"https:\/\/armureriebrute.fr\/en\/wp-json\/wp\/v2\/product_brand?post=768"},{"taxonomy":"product_cat","embeddable":true,"href":"https:\/\/armureriebrute.fr\/en\/wp-json\/wp\/v2\/product_cat?post=768"},{"taxonomy":"product_tag","embeddable":true,"href":"https:\/\/armureriebrute.fr\/en\/wp-json\/wp\/v2\/product_tag?post=768"}],"curies":[{"name":"wp","href":"https:\/\/api.w.org\/{rel}","templated":true}]}}