{"id":772,"date":"2026-04-23T14:27:11","date_gmt":"2026-04-23T14:27:11","guid":{"rendered":"https:\/\/armureriebrute.fr\/?post_type=product&#038;p=772"},"modified":"2026-04-23T14:27:50","modified_gmt":"2026-04-23T14:27:50","slug":"bipied-quick-release-tan","status":"publish","type":"product","link":"https:\/\/armureriebrute.fr\/en\/product\/bipied-quick-release-tan\/","title":{"rendered":"Bipied Quick Release Tan"},"content":{"rendered":"<div id=\"product-description-short-17570\" class=\"product-description-short sm-bottom typo\">\n<p>Ce\u00a0<strong>bipied robuste<\/strong>\u00a0de couleur\u00a0<b>tan<\/b>\u00a0dispose d&rsquo;un\u00a0<strong>syst\u00e8me Quick release Picatinny<\/strong>,\u00a0lui permettant\u00a0d&rsquo;\u00eatre\u00a0<strong>fix\u00e9\u00a0<\/strong>et<strong>\u00a0retir\u00e9 tr\u00e8s facilement<\/strong>. Il est r\u00e9glable sur 5 hauteurs diff\u00e9rentes, de 150 \u00e0 230 mm. Les\u00a0<strong>pads sont en caoutchouc<\/strong>\u00a0pour un\u00a0<strong>excellent grip<\/strong>\u00a0sur toute surface. Un mod\u00e8le assur\u00e9ment\u00a0<strong>indispensable<\/strong>\u00a0pour gagner en\u00a0<strong>look<\/strong>\u00a0et en\u00a0<strong>pr\u00e9cision\u00a0<\/strong>!<\/p>\n<\/div>\n<div class=\"js-product-attributes-destination mb-2 product-attributes\">\n<div class=\"attribute-item product-manufacturer\"><label>Marque<\/label>\u00a0Foyoto<\/div>\n<div class=\"attribute-item product-reference\"><label>R\u00e9f\u00e9rence<\/label>\u00a0V8-S<\/div>\n<div class=\"EAN-13 attribute-item product-specific-references\"><label>EAN-13<\/label>\u00a02000000274966<\/div>\n<\/div>","protected":false},"excerpt":{"rendered":"<p>Ce\u00a0bipied robuste\u00a0de couleur\u00a0tan\u00a0dispose d&rsquo;un\u00a0syst\u00e8me Quick release Picatinny,\u00a0lui permettant\u00a0d&rsquo;\u00eatre\u00a0fix\u00e9\u00a0et\u00a0retir\u00e9 tr\u00e8s facilement. Il est r\u00e9glable sur 5 hauteurs diff\u00e9rentes, de 150 \u00e0 230 mm. Les\u00a0pads sont en caoutchouc\u00a0pour un\u00a0excellent grip\u00a0sur toute surface. Un mod\u00e8le assur\u00e9ment\u00a0indispensable\u00a0pour gagner en\u00a0look\u00a0et en\u00a0pr\u00e9cision\u00a0! Marque\u00a0Foyoto R\u00e9f\u00e9rence\u00a0V8-S EAN-13\u00a02000000274966<\/p>","protected":false},"featured_media":773,"comment_status":"open","ping_status":"closed","template":"","meta":[],"product_brand":[],"product_cat":[77],"product_tag":[],"class_list":{"0":"post-772","1":"product","2":"type-product","3":"status-publish","4":"has-post-thumbnail","6":"product_cat-bipied","8":"first","9":"instock","10":"shipping-taxable","11":"purchasable","12":"product-type-simple"},"yoast_head":"<!-- This site is optimized with the Yoast SEO plugin v27.4 - https:\/\/yoast.com\/product\/yoast-seo-wordpress\/ -->\n<title>Bipied Quick Release Tan - Armurerie Brute<\/title>\n<meta name=\"robots\" content=\"index, follow, max-snippet:-1, max-image-preview:large, max-video-preview:-1\" \/>\n<link rel=\"canonical\" href=\"https:\/\/armureriebrute.fr\/en\/product\/bipied-quick-release-tan\/\" \/>\n<meta property=\"og:locale\" content=\"en_GB\" \/>\n<meta property=\"og:type\" content=\"article\" \/>\n<meta property=\"og:title\" content=\"Bipied Quick Release Tan - Armurerie Brute\" \/>\n<meta property=\"og:description\" content=\"Ce\u00a0bipied robuste\u00a0de couleur\u00a0tan\u00a0dispose d&rsquo;un\u00a0syst\u00e8me Quick release Picatinny,\u00a0lui permettant\u00a0d&rsquo;\u00eatre\u00a0fix\u00e9\u00a0et\u00a0retir\u00e9 tr\u00e8s facilement. Il est r\u00e9glable sur 5 hauteurs diff\u00e9rentes, de 150 \u00e0 230 mm. Les\u00a0pads sont en caoutchouc\u00a0pour un\u00a0excellent grip\u00a0sur toute surface. Un mod\u00e8le assur\u00e9ment\u00a0indispensable\u00a0pour gagner en\u00a0look\u00a0et en\u00a0pr\u00e9cision\u00a0! Marque\u00a0Foyoto R\u00e9f\u00e9rence\u00a0V8-S EAN-13\u00a02000000274966\" \/>\n<meta property=\"og:url\" content=\"https:\/\/armureriebrute.fr\/en\/product\/bipied-quick-release-tan\/\" \/>\n<meta property=\"og:site_name\" content=\"Armurerie Brute\" \/>\n<meta property=\"article:modified_time\" content=\"2026-04-23T14:27:50+00:00\" \/>\n<meta property=\"og:image\" content=\"http:\/\/armureriebrute.fr\/wp-content\/uploads\/2026\/04\/bipied-quick-release-sable.jpg\" \/>\n\t<meta property=\"og:image:width\" content=\"455\" \/>\n\t<meta property=\"og:image:height\" content=\"455\" \/>\n\t<meta property=\"og:image:type\" content=\"image\/jpeg\" \/>\n<meta name=\"twitter:card\" content=\"summary_large_image\" \/>\n<meta name=\"twitter:label1\" content=\"Estimated reading time\" \/>\n\t<meta name=\"twitter:data1\" content=\"1 minute\" \/>\n<script type=\"application\/ld+json\" class=\"yoast-schema-graph\">{\"@context\":\"https:\\\/\\\/schema.org\",\"@graph\":[{\"@type\":\"WebPage\",\"@id\":\"https:\\\/\\\/armureriebrute.fr\\\/product\\\/bipied-quick-release-tan\\\/\",\"url\":\"https:\\\/\\\/armureriebrute.fr\\\/product\\\/bipied-quick-release-tan\\\/\",\"name\":\"Bipied Quick Release Tan - Armurerie Brute\",\"isPartOf\":{\"@id\":\"https:\\\/\\\/armureriebrute.fr\\\/#website\"},\"primaryImageOfPage\":{\"@id\":\"https:\\\/\\\/armureriebrute.fr\\\/product\\\/bipied-quick-release-tan\\\/#primaryimage\"},\"image\":{\"@id\":\"https:\\\/\\\/armureriebrute.fr\\\/product\\\/bipied-quick-release-tan\\\/#primaryimage\"},\"thumbnailUrl\":\"https:\\\/\\\/armureriebrute.fr\\\/wp-content\\\/uploads\\\/2026\\\/04\\\/bipied-quick-release-sable.jpg\",\"datePublished\":\"2026-04-23T14:27:11+00:00\",\"dateModified\":\"2026-04-23T14:27:50+00:00\",\"breadcrumb\":{\"@id\":\"https:\\\/\\\/armureriebrute.fr\\\/product\\\/bipied-quick-release-tan\\\/#breadcrumb\"},\"inLanguage\":\"en-GB\",\"potentialAction\":[{\"@type\":\"ReadAction\",\"target\":[\"https:\\\/\\\/armureriebrute.fr\\\/product\\\/bipied-quick-release-tan\\\/\"]}]},{\"@type\":\"ImageObject\",\"inLanguage\":\"en-GB\",\"@id\":\"https:\\\/\\\/armureriebrute.fr\\\/product\\\/bipied-quick-release-tan\\\/#primaryimage\",\"url\":\"https:\\\/\\\/armureriebrute.fr\\\/wp-content\\\/uploads\\\/2026\\\/04\\\/bipied-quick-release-sable.jpg\",\"contentUrl\":\"https:\\\/\\\/armureriebrute.fr\\\/wp-content\\\/uploads\\\/2026\\\/04\\\/bipied-quick-release-sable.jpg\",\"width\":455,\"height\":455},{\"@type\":\"BreadcrumbList\",\"@id\":\"https:\\\/\\\/armureriebrute.fr\\\/product\\\/bipied-quick-release-tan\\\/#breadcrumb\",\"itemListElement\":[{\"@type\":\"ListItem\",\"position\":1,\"name\":\"Home\",\"item\":\"https:\\\/\\\/armureriebrute.fr\\\/\"},{\"@type\":\"ListItem\",\"position\":2,\"name\":\"Shop\",\"item\":\"https:\\\/\\\/armureriebrute.fr\\\/shop\\\/\"},{\"@type\":\"ListItem\",\"position\":3,\"name\":\"Bipied Quick Release Tan\"}]},{\"@type\":\"WebSite\",\"@id\":\"https:\\\/\\\/armureriebrute.fr\\\/#website\",\"url\":\"https:\\\/\\\/armureriebrute.fr\\\/\",\"name\":\"Armurerie Brute\",\"description\":\"Armurerie Brute\",\"publisher\":{\"@id\":\"https:\\\/\\\/armureriebrute.fr\\\/#organization\"},\"potentialAction\":[{\"@type\":\"SearchAction\",\"target\":{\"@type\":\"EntryPoint\",\"urlTemplate\":\"https:\\\/\\\/armureriebrute.fr\\\/?s={search_term_string}\"},\"query-input\":{\"@type\":\"PropertyValueSpecification\",\"valueRequired\":true,\"valueName\":\"search_term_string\"}}],\"inLanguage\":\"en-GB\"},{\"@type\":\"Organization\",\"@id\":\"https:\\\/\\\/armureriebrute.fr\\\/#organization\",\"name\":\"Armurerie Brute\",\"url\":\"https:\\\/\\\/armureriebrute.fr\\\/\",\"logo\":{\"@type\":\"ImageObject\",\"inLanguage\":\"en-GB\",\"@id\":\"https:\\\/\\\/armureriebrute.fr\\\/#\\\/schema\\\/logo\\\/image\\\/\",\"url\":\"http:\\\/\\\/armureriebrute.fr\\\/wp-content\\\/uploads\\\/2026\\\/04\\\/image_6409bec1-1.png\",\"contentUrl\":\"http:\\\/\\\/armureriebrute.fr\\\/wp-content\\\/uploads\\\/2026\\\/04\\\/image_6409bec1-1.png\",\"width\":1408,\"height\":768,\"caption\":\"Armurerie Brute\"},\"image\":{\"@id\":\"https:\\\/\\\/armureriebrute.fr\\\/#\\\/schema\\\/logo\\\/image\\\/\"}}]}<\/script>\n<!-- \/ Yoast SEO plugin. -->","yoast_head_json":{"title":"Bipied Quick Release Tan - Armurerie Brute","robots":{"index":"index","follow":"follow","max-snippet":"max-snippet:-1","max-image-preview":"max-image-preview:large","max-video-preview":"max-video-preview:-1"},"canonical":"https:\/\/armureriebrute.fr\/en\/product\/bipied-quick-release-tan\/","og_locale":"en_GB","og_type":"article","og_title":"Bipied Quick Release Tan - Armurerie Brute","og_description":"Ce\u00a0bipied robuste\u00a0de couleur\u00a0tan\u00a0dispose d&rsquo;un\u00a0syst\u00e8me Quick release Picatinny,\u00a0lui permettant\u00a0d&rsquo;\u00eatre\u00a0fix\u00e9\u00a0et\u00a0retir\u00e9 tr\u00e8s facilement. Il est r\u00e9glable sur 5 hauteurs diff\u00e9rentes, de 150 \u00e0 230 mm. Les\u00a0pads sont en caoutchouc\u00a0pour un\u00a0excellent grip\u00a0sur toute surface. Un mod\u00e8le assur\u00e9ment\u00a0indispensable\u00a0pour gagner en\u00a0look\u00a0et en\u00a0pr\u00e9cision\u00a0! Marque\u00a0Foyoto R\u00e9f\u00e9rence\u00a0V8-S EAN-13\u00a02000000274966","og_url":"https:\/\/armureriebrute.fr\/en\/product\/bipied-quick-release-tan\/","og_site_name":"Armurerie Brute","article_modified_time":"2026-04-23T14:27:50+00:00","og_image":[{"width":455,"height":455,"url":"http:\/\/armureriebrute.fr\/wp-content\/uploads\/2026\/04\/bipied-quick-release-sable.jpg","type":"image\/jpeg"}],"twitter_card":"summary_large_image","twitter_misc":{"Estimated reading time":"1 minute"},"schema":{"@context":"https:\/\/schema.org","@graph":[{"@type":"WebPage","@id":"https:\/\/armureriebrute.fr\/product\/bipied-quick-release-tan\/","url":"https:\/\/armureriebrute.fr\/product\/bipied-quick-release-tan\/","name":"Bipied Quick Release Tan - Armurerie Brute","isPartOf":{"@id":"https:\/\/armureriebrute.fr\/#website"},"primaryImageOfPage":{"@id":"https:\/\/armureriebrute.fr\/product\/bipied-quick-release-tan\/#primaryimage"},"image":{"@id":"https:\/\/armureriebrute.fr\/product\/bipied-quick-release-tan\/#primaryimage"},"thumbnailUrl":"https:\/\/armureriebrute.fr\/wp-content\/uploads\/2026\/04\/bipied-quick-release-sable.jpg","datePublished":"2026-04-23T14:27:11+00:00","dateModified":"2026-04-23T14:27:50+00:00","breadcrumb":{"@id":"https:\/\/armureriebrute.fr\/product\/bipied-quick-release-tan\/#breadcrumb"},"inLanguage":"en-GB","potentialAction":[{"@type":"ReadAction","target":["https:\/\/armureriebrute.fr\/product\/bipied-quick-release-tan\/"]}]},{"@type":"ImageObject","inLanguage":"en-GB","@id":"https:\/\/armureriebrute.fr\/product\/bipied-quick-release-tan\/#primaryimage","url":"https:\/\/armureriebrute.fr\/wp-content\/uploads\/2026\/04\/bipied-quick-release-sable.jpg","contentUrl":"https:\/\/armureriebrute.fr\/wp-content\/uploads\/2026\/04\/bipied-quick-release-sable.jpg","width":455,"height":455},{"@type":"BreadcrumbList","@id":"https:\/\/armureriebrute.fr\/product\/bipied-quick-release-tan\/#breadcrumb","itemListElement":[{"@type":"ListItem","position":1,"name":"Home","item":"https:\/\/armureriebrute.fr\/"},{"@type":"ListItem","position":2,"name":"Shop","item":"https:\/\/armureriebrute.fr\/shop\/"},{"@type":"ListItem","position":3,"name":"Bipied Quick Release Tan"}]},{"@type":"WebSite","@id":"https:\/\/armureriebrute.fr\/#website","url":"https:\/\/armureriebrute.fr\/","name":"Brute Armoury","description":"Brute Armoury","publisher":{"@id":"https:\/\/armureriebrute.fr\/#organization"},"potentialAction":[{"@type":"SearchAction","target":{"@type":"EntryPoint","urlTemplate":"https:\/\/armureriebrute.fr\/?s={search_term_string}"},"query-input":{"@type":"PropertyValueSpecification","valueRequired":true,"valueName":"search_term_string"}}],"inLanguage":"en-GB"},{"@type":"Organization","@id":"https:\/\/armureriebrute.fr\/#organization","name":"Brute Armoury","url":"https:\/\/armureriebrute.fr\/","logo":{"@type":"ImageObject","inLanguage":"en-GB","@id":"https:\/\/armureriebrute.fr\/#\/schema\/logo\/image\/","url":"http:\/\/armureriebrute.fr\/wp-content\/uploads\/2026\/04\/image_6409bec1-1.png","contentUrl":"http:\/\/armureriebrute.fr\/wp-content\/uploads\/2026\/04\/image_6409bec1-1.png","width":1408,"height":768,"caption":"Armurerie Brute"},"image":{"@id":"https:\/\/armureriebrute.fr\/#\/schema\/logo\/image\/"}}]}},"_links":{"self":[{"href":"https:\/\/armureriebrute.fr\/en\/wp-json\/wp\/v2\/product\/772","targetHints":{"allow":["GET"]}}],"collection":[{"href":"https:\/\/armureriebrute.fr\/en\/wp-json\/wp\/v2\/product"}],"about":[{"href":"https:\/\/armureriebrute.fr\/en\/wp-json\/wp\/v2\/types\/product"}],"replies":[{"embeddable":true,"href":"https:\/\/armureriebrute.fr\/en\/wp-json\/wp\/v2\/comments?post=772"}],"wp:featuredmedia":[{"embeddable":true,"href":"https:\/\/armureriebrute.fr\/en\/wp-json\/wp\/v2\/media\/773"}],"wp:attachment":[{"href":"https:\/\/armureriebrute.fr\/en\/wp-json\/wp\/v2\/media?parent=772"}],"wp:term":[{"taxonomy":"product_brand","embeddable":true,"href":"https:\/\/armureriebrute.fr\/en\/wp-json\/wp\/v2\/product_brand?post=772"},{"taxonomy":"product_cat","embeddable":true,"href":"https:\/\/armureriebrute.fr\/en\/wp-json\/wp\/v2\/product_cat?post=772"},{"taxonomy":"product_tag","embeddable":true,"href":"https:\/\/armureriebrute.fr\/en\/wp-json\/wp\/v2\/product_tag?post=772"}],"curies":[{"name":"wp","href":"https:\/\/api.w.org\/{rel}","templated":true}]}}