{"id":781,"date":"2026-04-23T14:30:09","date_gmt":"2026-04-23T14:30:09","guid":{"rendered":"https:\/\/armureriebrute.fr\/?post_type=product&#038;p=781"},"modified":"2026-04-23T14:31:02","modified_gmt":"2026-04-23T14:31:02","slug":"canne-bipied-lit-v-rokstad","status":"publish","type":"product","link":"https:\/\/armureriebrute.fr\/en\/product\/canne-bipied-lit-v-rokstad\/","title":{"rendered":"Canne bipied LIT V Rokstad"},"content":{"rendered":"<div id=\"product-description-short-16887\" class=\"product-description-short sm-bottom typo\">\n<p>Cette\u00a0<strong>canne<\/strong>\u00a0vous permet de positionner facilement votre arme afin d&rsquo;effectuer des\u00a0<strong>tirs pr\u00e9cis<\/strong>\u00a0lors de vos sessions. Tr\u00e8s\u00a0<strong>l\u00e9g\u00e8re<\/strong>\u00a0et\u00a0<strong>compacte<\/strong>, vous la transporterez facilement dans un sac \u00e0 dos ou bien directement \u00e0 la main. Elle vous permettra d&rsquo;effectuer des tirs dans diff\u00e9rentes positions, toujours avec un<strong>\u00a0maximum de confort<\/strong>.<\/p>\n<p>Les deux<strong>\u00a0pieds<\/strong>\u00a0sont r\u00e9glables en tournant les tubes d&rsquo;un quart de tour afin de bloquer la hauteur qui vous correspond. Des\u00a0<strong>embouts en caoutchouc<\/strong>\u00a0sont \u00e9galement pr\u00e9sents pour assurer une bonne adh\u00e9rence sur tous types de terrains.<\/p>\n<p>Un\u00a0<strong>support en V<\/strong>\u00a0avec un grip en caoutchouc permettra \u00e0 votre carabine d&rsquo;\u00eatre\u00a0<strong>parfaitement maintenue<\/strong>. Il est en outre\u00a0<strong>rotatif \u00e0 360\u00b0<\/strong>, pour orienter facilement votre angle de vis\u00e9e.<\/p>\n<\/div>\n<div class=\"js-product-attributes-destination mb-2 product-attributes\">\n<div class=\"attribute-item product-manufacturer\"><label>Marque<\/label>\u00a0Rokstad<\/div>\n<div class=\"attribute-item product-reference\"><label>R\u00e9f\u00e9rence<\/label>\u00a0RSGR-05<\/div>\n<div class=\"EAN-13 attribute-item product-specific-references\"><label>EAN-13<\/label>\u00a02000000233284<\/div>\n<\/div>","protected":false},"excerpt":{"rendered":"<p>Cette\u00a0canne\u00a0vous permet de positionner facilement votre arme afin d&rsquo;effectuer des\u00a0tirs pr\u00e9cis\u00a0lors de vos sessions. Tr\u00e8s\u00a0l\u00e9g\u00e8re\u00a0et\u00a0compacte, vous la transporterez facilement dans un sac \u00e0 dos ou bien directement \u00e0 la main. Elle vous permettra d&rsquo;effectuer des tirs dans diff\u00e9rentes positions, toujours avec un\u00a0maximum de confort. Les deux\u00a0pieds\u00a0sont r\u00e9glables en tournant les tubes d&rsquo;un quart de tour [&#8230;]\n","protected":false},"featured_media":782,"comment_status":"open","ping_status":"closed","template":"","meta":[],"product_brand":[],"product_cat":[77],"product_tag":[],"class_list":{"0":"post-781","1":"product","2":"type-product","3":"status-publish","4":"has-post-thumbnail","6":"product_cat-bipied","8":"first","9":"instock","10":"shipping-taxable","11":"purchasable","12":"product-type-simple"},"yoast_head":"<!-- This site is optimized with the Yoast SEO plugin v27.4 - https:\/\/yoast.com\/product\/yoast-seo-wordpress\/ -->\n<title>Canne bipied LIT V Rokstad - Armurerie Brute<\/title>\n<meta name=\"robots\" content=\"index, follow, max-snippet:-1, max-image-preview:large, max-video-preview:-1\" \/>\n<link rel=\"canonical\" href=\"https:\/\/armureriebrute.fr\/en\/product\/canne-bipied-lit-v-rokstad\/\" \/>\n<meta property=\"og:locale\" content=\"en_GB\" \/>\n<meta property=\"og:type\" content=\"article\" \/>\n<meta property=\"og:title\" content=\"Canne bipied LIT V Rokstad - Armurerie Brute\" \/>\n<meta property=\"og:description\" content=\"Cette\u00a0canne\u00a0vous permet de positionner facilement votre arme afin d&rsquo;effectuer des\u00a0tirs pr\u00e9cis\u00a0lors de vos sessions. Tr\u00e8s\u00a0l\u00e9g\u00e8re\u00a0et\u00a0compacte, vous la transporterez facilement dans un sac \u00e0 dos ou bien directement \u00e0 la main. Elle vous permettra d&rsquo;effectuer des tirs dans diff\u00e9rentes positions, toujours avec un\u00a0maximum de confort. Les deux\u00a0pieds\u00a0sont r\u00e9glables en tournant les tubes d&rsquo;un quart de tour [...]\" \/>\n<meta property=\"og:url\" content=\"https:\/\/armureriebrute.fr\/en\/product\/canne-bipied-lit-v-rokstad\/\" \/>\n<meta property=\"og:site_name\" content=\"Armurerie Brute\" \/>\n<meta property=\"article:modified_time\" content=\"2026-04-23T14:31:02+00:00\" \/>\n<meta property=\"og:image\" content=\"http:\/\/armureriebrute.fr\/wp-content\/uploads\/2026\/04\/canne-bipied-lit-v-rokstad.png\" \/>\n\t<meta property=\"og:image:width\" content=\"455\" \/>\n\t<meta property=\"og:image:height\" content=\"455\" \/>\n\t<meta property=\"og:image:type\" content=\"image\/png\" \/>\n<meta name=\"twitter:card\" content=\"summary_large_image\" \/>\n<meta name=\"twitter:label1\" content=\"Estimated reading time\" \/>\n\t<meta name=\"twitter:data1\" content=\"1 minute\" \/>\n<script type=\"application\/ld+json\" class=\"yoast-schema-graph\">{\"@context\":\"https:\\\/\\\/schema.org\",\"@graph\":[{\"@type\":\"WebPage\",\"@id\":\"https:\\\/\\\/armureriebrute.fr\\\/product\\\/canne-bipied-lit-v-rokstad\\\/\",\"url\":\"https:\\\/\\\/armureriebrute.fr\\\/product\\\/canne-bipied-lit-v-rokstad\\\/\",\"name\":\"Canne bipied LIT V Rokstad - Armurerie Brute\",\"isPartOf\":{\"@id\":\"https:\\\/\\\/armureriebrute.fr\\\/#website\"},\"primaryImageOfPage\":{\"@id\":\"https:\\\/\\\/armureriebrute.fr\\\/product\\\/canne-bipied-lit-v-rokstad\\\/#primaryimage\"},\"image\":{\"@id\":\"https:\\\/\\\/armureriebrute.fr\\\/product\\\/canne-bipied-lit-v-rokstad\\\/#primaryimage\"},\"thumbnailUrl\":\"https:\\\/\\\/armureriebrute.fr\\\/wp-content\\\/uploads\\\/2026\\\/04\\\/canne-bipied-lit-v-rokstad.png\",\"datePublished\":\"2026-04-23T14:30:09+00:00\",\"dateModified\":\"2026-04-23T14:31:02+00:00\",\"breadcrumb\":{\"@id\":\"https:\\\/\\\/armureriebrute.fr\\\/product\\\/canne-bipied-lit-v-rokstad\\\/#breadcrumb\"},\"inLanguage\":\"en-GB\",\"potentialAction\":[{\"@type\":\"ReadAction\",\"target\":[\"https:\\\/\\\/armureriebrute.fr\\\/product\\\/canne-bipied-lit-v-rokstad\\\/\"]}]},{\"@type\":\"ImageObject\",\"inLanguage\":\"en-GB\",\"@id\":\"https:\\\/\\\/armureriebrute.fr\\\/product\\\/canne-bipied-lit-v-rokstad\\\/#primaryimage\",\"url\":\"https:\\\/\\\/armureriebrute.fr\\\/wp-content\\\/uploads\\\/2026\\\/04\\\/canne-bipied-lit-v-rokstad.png\",\"contentUrl\":\"https:\\\/\\\/armureriebrute.fr\\\/wp-content\\\/uploads\\\/2026\\\/04\\\/canne-bipied-lit-v-rokstad.png\",\"width\":455,\"height\":455},{\"@type\":\"BreadcrumbList\",\"@id\":\"https:\\\/\\\/armureriebrute.fr\\\/product\\\/canne-bipied-lit-v-rokstad\\\/#breadcrumb\",\"itemListElement\":[{\"@type\":\"ListItem\",\"position\":1,\"name\":\"Home\",\"item\":\"https:\\\/\\\/armureriebrute.fr\\\/\"},{\"@type\":\"ListItem\",\"position\":2,\"name\":\"Shop\",\"item\":\"https:\\\/\\\/armureriebrute.fr\\\/shop\\\/\"},{\"@type\":\"ListItem\",\"position\":3,\"name\":\"Canne bipied LIT V Rokstad\"}]},{\"@type\":\"WebSite\",\"@id\":\"https:\\\/\\\/armureriebrute.fr\\\/#website\",\"url\":\"https:\\\/\\\/armureriebrute.fr\\\/\",\"name\":\"Armurerie Brute\",\"description\":\"Armurerie Brute\",\"publisher\":{\"@id\":\"https:\\\/\\\/armureriebrute.fr\\\/#organization\"},\"potentialAction\":[{\"@type\":\"SearchAction\",\"target\":{\"@type\":\"EntryPoint\",\"urlTemplate\":\"https:\\\/\\\/armureriebrute.fr\\\/?s={search_term_string}\"},\"query-input\":{\"@type\":\"PropertyValueSpecification\",\"valueRequired\":true,\"valueName\":\"search_term_string\"}}],\"inLanguage\":\"en-GB\"},{\"@type\":\"Organization\",\"@id\":\"https:\\\/\\\/armureriebrute.fr\\\/#organization\",\"name\":\"Armurerie Brute\",\"url\":\"https:\\\/\\\/armureriebrute.fr\\\/\",\"logo\":{\"@type\":\"ImageObject\",\"inLanguage\":\"en-GB\",\"@id\":\"https:\\\/\\\/armureriebrute.fr\\\/#\\\/schema\\\/logo\\\/image\\\/\",\"url\":\"http:\\\/\\\/armureriebrute.fr\\\/wp-content\\\/uploads\\\/2026\\\/04\\\/image_6409bec1-1.png\",\"contentUrl\":\"http:\\\/\\\/armureriebrute.fr\\\/wp-content\\\/uploads\\\/2026\\\/04\\\/image_6409bec1-1.png\",\"width\":1408,\"height\":768,\"caption\":\"Armurerie Brute\"},\"image\":{\"@id\":\"https:\\\/\\\/armureriebrute.fr\\\/#\\\/schema\\\/logo\\\/image\\\/\"}}]}<\/script>\n<!-- \/ Yoast SEO plugin. -->","yoast_head_json":{"title":"Canne bipied LIT V Rokstad - Armurerie Brute","robots":{"index":"index","follow":"follow","max-snippet":"max-snippet:-1","max-image-preview":"max-image-preview:large","max-video-preview":"max-video-preview:-1"},"canonical":"https:\/\/armureriebrute.fr\/en\/product\/canne-bipied-lit-v-rokstad\/","og_locale":"en_GB","og_type":"article","og_title":"Canne bipied LIT V Rokstad - Armurerie Brute","og_description":"Cette\u00a0canne\u00a0vous permet de positionner facilement votre arme afin d&rsquo;effectuer des\u00a0tirs pr\u00e9cis\u00a0lors de vos sessions. Tr\u00e8s\u00a0l\u00e9g\u00e8re\u00a0et\u00a0compacte, vous la transporterez facilement dans un sac \u00e0 dos ou bien directement \u00e0 la main. Elle vous permettra d&rsquo;effectuer des tirs dans diff\u00e9rentes positions, toujours avec un\u00a0maximum de confort. Les deux\u00a0pieds\u00a0sont r\u00e9glables en tournant les tubes d&rsquo;un quart de tour [...]","og_url":"https:\/\/armureriebrute.fr\/en\/product\/canne-bipied-lit-v-rokstad\/","og_site_name":"Armurerie Brute","article_modified_time":"2026-04-23T14:31:02+00:00","og_image":[{"width":455,"height":455,"url":"http:\/\/armureriebrute.fr\/wp-content\/uploads\/2026\/04\/canne-bipied-lit-v-rokstad.png","type":"image\/png"}],"twitter_card":"summary_large_image","twitter_misc":{"Estimated reading time":"1 minute"},"schema":{"@context":"https:\/\/schema.org","@graph":[{"@type":"WebPage","@id":"https:\/\/armureriebrute.fr\/product\/canne-bipied-lit-v-rokstad\/","url":"https:\/\/armureriebrute.fr\/product\/canne-bipied-lit-v-rokstad\/","name":"Canne bipied LIT V Rokstad - Armurerie Brute","isPartOf":{"@id":"https:\/\/armureriebrute.fr\/#website"},"primaryImageOfPage":{"@id":"https:\/\/armureriebrute.fr\/product\/canne-bipied-lit-v-rokstad\/#primaryimage"},"image":{"@id":"https:\/\/armureriebrute.fr\/product\/canne-bipied-lit-v-rokstad\/#primaryimage"},"thumbnailUrl":"https:\/\/armureriebrute.fr\/wp-content\/uploads\/2026\/04\/canne-bipied-lit-v-rokstad.png","datePublished":"2026-04-23T14:30:09+00:00","dateModified":"2026-04-23T14:31:02+00:00","breadcrumb":{"@id":"https:\/\/armureriebrute.fr\/product\/canne-bipied-lit-v-rokstad\/#breadcrumb"},"inLanguage":"en-GB","potentialAction":[{"@type":"ReadAction","target":["https:\/\/armureriebrute.fr\/product\/canne-bipied-lit-v-rokstad\/"]}]},{"@type":"ImageObject","inLanguage":"en-GB","@id":"https:\/\/armureriebrute.fr\/product\/canne-bipied-lit-v-rokstad\/#primaryimage","url":"https:\/\/armureriebrute.fr\/wp-content\/uploads\/2026\/04\/canne-bipied-lit-v-rokstad.png","contentUrl":"https:\/\/armureriebrute.fr\/wp-content\/uploads\/2026\/04\/canne-bipied-lit-v-rokstad.png","width":455,"height":455},{"@type":"BreadcrumbList","@id":"https:\/\/armureriebrute.fr\/product\/canne-bipied-lit-v-rokstad\/#breadcrumb","itemListElement":[{"@type":"ListItem","position":1,"name":"Home","item":"https:\/\/armureriebrute.fr\/"},{"@type":"ListItem","position":2,"name":"Shop","item":"https:\/\/armureriebrute.fr\/shop\/"},{"@type":"ListItem","position":3,"name":"Canne bipied LIT V Rokstad"}]},{"@type":"WebSite","@id":"https:\/\/armureriebrute.fr\/#website","url":"https:\/\/armureriebrute.fr\/","name":"Brute Armoury","description":"Brute Armoury","publisher":{"@id":"https:\/\/armureriebrute.fr\/#organization"},"potentialAction":[{"@type":"SearchAction","target":{"@type":"EntryPoint","urlTemplate":"https:\/\/armureriebrute.fr\/?s={search_term_string}"},"query-input":{"@type":"PropertyValueSpecification","valueRequired":true,"valueName":"search_term_string"}}],"inLanguage":"en-GB"},{"@type":"Organization","@id":"https:\/\/armureriebrute.fr\/#organization","name":"Brute Armoury","url":"https:\/\/armureriebrute.fr\/","logo":{"@type":"ImageObject","inLanguage":"en-GB","@id":"https:\/\/armureriebrute.fr\/#\/schema\/logo\/image\/","url":"http:\/\/armureriebrute.fr\/wp-content\/uploads\/2026\/04\/image_6409bec1-1.png","contentUrl":"http:\/\/armureriebrute.fr\/wp-content\/uploads\/2026\/04\/image_6409bec1-1.png","width":1408,"height":768,"caption":"Armurerie Brute"},"image":{"@id":"https:\/\/armureriebrute.fr\/#\/schema\/logo\/image\/"}}]}},"_links":{"self":[{"href":"https:\/\/armureriebrute.fr\/en\/wp-json\/wp\/v2\/product\/781","targetHints":{"allow":["GET"]}}],"collection":[{"href":"https:\/\/armureriebrute.fr\/en\/wp-json\/wp\/v2\/product"}],"about":[{"href":"https:\/\/armureriebrute.fr\/en\/wp-json\/wp\/v2\/types\/product"}],"replies":[{"embeddable":true,"href":"https:\/\/armureriebrute.fr\/en\/wp-json\/wp\/v2\/comments?post=781"}],"wp:featuredmedia":[{"embeddable":true,"href":"https:\/\/armureriebrute.fr\/en\/wp-json\/wp\/v2\/media\/782"}],"wp:attachment":[{"href":"https:\/\/armureriebrute.fr\/en\/wp-json\/wp\/v2\/media?parent=781"}],"wp:term":[{"taxonomy":"product_brand","embeddable":true,"href":"https:\/\/armureriebrute.fr\/en\/wp-json\/wp\/v2\/product_brand?post=781"},{"taxonomy":"product_cat","embeddable":true,"href":"https:\/\/armureriebrute.fr\/en\/wp-json\/wp\/v2\/product_cat?post=781"},{"taxonomy":"product_tag","embeddable":true,"href":"https:\/\/armureriebrute.fr\/en\/wp-json\/wp\/v2\/product_tag?post=781"}],"curies":[{"name":"wp","href":"https:\/\/api.w.org\/{rel}","templated":true}]}}