{"id":786,"date":"2026-04-23T14:31:29","date_gmt":"2026-04-23T14:31:29","guid":{"rendered":"https:\/\/armureriebrute.fr\/?post_type=product&#038;p=786"},"modified":"2026-04-23T14:31:58","modified_gmt":"2026-04-23T14:31:58","slug":"bipied-m-lock-fde-magpul","status":"publish","type":"product","link":"https:\/\/armureriebrute.fr\/en\/product\/bipied-m-lock-fde-magpul\/","title":{"rendered":"Bipied M-Lock FDE Magpul"},"content":{"rendered":"<div id=\"product-description-short-16778\" class=\"product-description-short sm-bottom typo\">\n<p>Magpul vous propose ce\u00a0<strong>bipied haut de gamme<\/strong>\u00a0pour le tir de loisir et de pr\u00e9cision. Il est r\u00e9glable sur\u00a0<strong>7 positions de 16 \u00e0 26 cm<\/strong>\u00a0et inclinable \u00e0 50 degr\u00e9s. Il se fixe tr\u00e8s simplement sur un rail\u00a0<strong>M-Lock<\/strong>. Vous pourrez l&rsquo;utiliser facilement \u00e0 une main pour le mettre en place ou le replier. Ce mod\u00e8le Magpul est fabriqu\u00e9 aux \u00c9tats-Unis.<\/p>\n<p>\u00ab\u00a0Ce produit est soumis \u00e0 l\u2019ITAR (r\u00e9glementation am\u00e9ricaine d\u2019autorisation d\u2019exportation de mat\u00e9riels de guerre), vente uniquement en France. Les commandes pass\u00e9es \u00e0 partir d\u2019autres pays ne pourront pas \u00eatre honor\u00e9es et seront automatiquement rembours\u00e9es.\u00a0\u00bb<\/p>\n<p>\u00ab\u00a0This product is subject to an ITAR (International Traffic in Arms Regulations) authorization from the US government, and is authorized for sale exclusively in France. Any orders placed from other countries will not be fulfilled and will be automatically reimbursed.\u00a0\u00bb<\/p>\n<\/div>\n<div class=\"js-product-attributes-destination mb-2 product-attributes\">\n<div class=\"attribute-item product-manufacturer\"><label>Marque<\/label>\u00a0MAGPUL<\/div>\n<div class=\"attribute-item product-reference\"><label>R\u00e9f\u00e9rence<\/label>\u00a0MPL-MAG933-FDE<\/div>\n<div class=\"EAN-13 attribute-item product-specific-references\"><label>EAN-13<\/label>\u00a00840815119326<\/div>\n<\/div>","protected":false},"excerpt":{"rendered":"<p>Magpul vous propose ce\u00a0bipied haut de gamme\u00a0pour le tir de loisir et de pr\u00e9cision. Il est r\u00e9glable sur\u00a07 positions de 16 \u00e0 26 cm\u00a0et inclinable \u00e0 50 degr\u00e9s. Il se fixe tr\u00e8s simplement sur un rail\u00a0M-Lock. Vous pourrez l&rsquo;utiliser facilement \u00e0 une main pour le mettre en place ou le replier. Ce mod\u00e8le Magpul est [&#8230;]\n","protected":false},"featured_media":787,"comment_status":"open","ping_status":"closed","template":"","meta":[],"product_brand":[],"product_cat":[77],"product_tag":[],"class_list":{"0":"post-786","1":"product","2":"type-product","3":"status-publish","4":"has-post-thumbnail","6":"product_cat-bipied","8":"first","9":"instock","10":"shipping-taxable","11":"purchasable","12":"product-type-simple"},"yoast_head":"<!-- This site is optimized with the Yoast SEO plugin v27.4 - https:\/\/yoast.com\/product\/yoast-seo-wordpress\/ -->\n<title>Bipied M-Lock FDE Magpul - Armurerie Brute<\/title>\n<meta name=\"robots\" content=\"index, follow, max-snippet:-1, max-image-preview:large, max-video-preview:-1\" \/>\n<link rel=\"canonical\" href=\"https:\/\/armureriebrute.fr\/en\/product\/bipied-m-lock-fde-magpul\/\" \/>\n<meta property=\"og:locale\" content=\"en_GB\" \/>\n<meta property=\"og:type\" content=\"article\" \/>\n<meta property=\"og:title\" content=\"Bipied M-Lock FDE Magpul - Armurerie Brute\" \/>\n<meta property=\"og:description\" content=\"Magpul vous propose ce\u00a0bipied haut de gamme\u00a0pour le tir de loisir et de pr\u00e9cision. Il est r\u00e9glable sur\u00a07 positions de 16 \u00e0 26 cm\u00a0et inclinable \u00e0 50 degr\u00e9s. Il se fixe tr\u00e8s simplement sur un rail\u00a0M-Lock. Vous pourrez l&rsquo;utiliser facilement \u00e0 une main pour le mettre en place ou le replier. Ce mod\u00e8le Magpul est [...]\" \/>\n<meta property=\"og:url\" content=\"https:\/\/armureriebrute.fr\/en\/product\/bipied-m-lock-fde-magpul\/\" \/>\n<meta property=\"og:site_name\" content=\"Armurerie Brute\" \/>\n<meta property=\"article:modified_time\" content=\"2026-04-23T14:31:58+00:00\" \/>\n<meta property=\"og:image\" content=\"http:\/\/armureriebrute.fr\/wp-content\/uploads\/2026\/04\/bipied-m-lock-fde-magpul.png\" \/>\n\t<meta property=\"og:image:width\" content=\"455\" \/>\n\t<meta property=\"og:image:height\" content=\"455\" \/>\n\t<meta property=\"og:image:type\" content=\"image\/png\" \/>\n<meta name=\"twitter:card\" content=\"summary_large_image\" \/>\n<meta name=\"twitter:label1\" content=\"Estimated reading time\" \/>\n\t<meta name=\"twitter:data1\" content=\"1 minute\" \/>\n<script type=\"application\/ld+json\" class=\"yoast-schema-graph\">{\"@context\":\"https:\\\/\\\/schema.org\",\"@graph\":[{\"@type\":\"WebPage\",\"@id\":\"https:\\\/\\\/armureriebrute.fr\\\/product\\\/bipied-m-lock-fde-magpul\\\/\",\"url\":\"https:\\\/\\\/armureriebrute.fr\\\/product\\\/bipied-m-lock-fde-magpul\\\/\",\"name\":\"Bipied M-Lock FDE Magpul - Armurerie Brute\",\"isPartOf\":{\"@id\":\"https:\\\/\\\/armureriebrute.fr\\\/#website\"},\"primaryImageOfPage\":{\"@id\":\"https:\\\/\\\/armureriebrute.fr\\\/product\\\/bipied-m-lock-fde-magpul\\\/#primaryimage\"},\"image\":{\"@id\":\"https:\\\/\\\/armureriebrute.fr\\\/product\\\/bipied-m-lock-fde-magpul\\\/#primaryimage\"},\"thumbnailUrl\":\"https:\\\/\\\/armureriebrute.fr\\\/wp-content\\\/uploads\\\/2026\\\/04\\\/bipied-m-lock-fde-magpul.png\",\"datePublished\":\"2026-04-23T14:31:29+00:00\",\"dateModified\":\"2026-04-23T14:31:58+00:00\",\"breadcrumb\":{\"@id\":\"https:\\\/\\\/armureriebrute.fr\\\/product\\\/bipied-m-lock-fde-magpul\\\/#breadcrumb\"},\"inLanguage\":\"en-GB\",\"potentialAction\":[{\"@type\":\"ReadAction\",\"target\":[\"https:\\\/\\\/armureriebrute.fr\\\/product\\\/bipied-m-lock-fde-magpul\\\/\"]}]},{\"@type\":\"ImageObject\",\"inLanguage\":\"en-GB\",\"@id\":\"https:\\\/\\\/armureriebrute.fr\\\/product\\\/bipied-m-lock-fde-magpul\\\/#primaryimage\",\"url\":\"https:\\\/\\\/armureriebrute.fr\\\/wp-content\\\/uploads\\\/2026\\\/04\\\/bipied-m-lock-fde-magpul.png\",\"contentUrl\":\"https:\\\/\\\/armureriebrute.fr\\\/wp-content\\\/uploads\\\/2026\\\/04\\\/bipied-m-lock-fde-magpul.png\",\"width\":455,\"height\":455},{\"@type\":\"BreadcrumbList\",\"@id\":\"https:\\\/\\\/armureriebrute.fr\\\/product\\\/bipied-m-lock-fde-magpul\\\/#breadcrumb\",\"itemListElement\":[{\"@type\":\"ListItem\",\"position\":1,\"name\":\"Home\",\"item\":\"https:\\\/\\\/armureriebrute.fr\\\/\"},{\"@type\":\"ListItem\",\"position\":2,\"name\":\"Shop\",\"item\":\"https:\\\/\\\/armureriebrute.fr\\\/shop\\\/\"},{\"@type\":\"ListItem\",\"position\":3,\"name\":\"Bipied M-Lock FDE Magpul\"}]},{\"@type\":\"WebSite\",\"@id\":\"https:\\\/\\\/armureriebrute.fr\\\/#website\",\"url\":\"https:\\\/\\\/armureriebrute.fr\\\/\",\"name\":\"Armurerie Brute\",\"description\":\"Armurerie Brute\",\"publisher\":{\"@id\":\"https:\\\/\\\/armureriebrute.fr\\\/#organization\"},\"potentialAction\":[{\"@type\":\"SearchAction\",\"target\":{\"@type\":\"EntryPoint\",\"urlTemplate\":\"https:\\\/\\\/armureriebrute.fr\\\/?s={search_term_string}\"},\"query-input\":{\"@type\":\"PropertyValueSpecification\",\"valueRequired\":true,\"valueName\":\"search_term_string\"}}],\"inLanguage\":\"en-GB\"},{\"@type\":\"Organization\",\"@id\":\"https:\\\/\\\/armureriebrute.fr\\\/#organization\",\"name\":\"Armurerie Brute\",\"url\":\"https:\\\/\\\/armureriebrute.fr\\\/\",\"logo\":{\"@type\":\"ImageObject\",\"inLanguage\":\"en-GB\",\"@id\":\"https:\\\/\\\/armureriebrute.fr\\\/#\\\/schema\\\/logo\\\/image\\\/\",\"url\":\"http:\\\/\\\/armureriebrute.fr\\\/wp-content\\\/uploads\\\/2026\\\/04\\\/image_6409bec1-1.png\",\"contentUrl\":\"http:\\\/\\\/armureriebrute.fr\\\/wp-content\\\/uploads\\\/2026\\\/04\\\/image_6409bec1-1.png\",\"width\":1408,\"height\":768,\"caption\":\"Armurerie Brute\"},\"image\":{\"@id\":\"https:\\\/\\\/armureriebrute.fr\\\/#\\\/schema\\\/logo\\\/image\\\/\"}}]}<\/script>\n<!-- \/ Yoast SEO plugin. -->","yoast_head_json":{"title":"Bipied M-Lock FDE Magpul - Armurerie Brute","robots":{"index":"index","follow":"follow","max-snippet":"max-snippet:-1","max-image-preview":"max-image-preview:large","max-video-preview":"max-video-preview:-1"},"canonical":"https:\/\/armureriebrute.fr\/en\/product\/bipied-m-lock-fde-magpul\/","og_locale":"en_GB","og_type":"article","og_title":"Bipied M-Lock FDE Magpul - Armurerie Brute","og_description":"Magpul vous propose ce\u00a0bipied haut de gamme\u00a0pour le tir de loisir et de pr\u00e9cision. Il est r\u00e9glable sur\u00a07 positions de 16 \u00e0 26 cm\u00a0et inclinable \u00e0 50 degr\u00e9s. Il se fixe tr\u00e8s simplement sur un rail\u00a0M-Lock. Vous pourrez l&rsquo;utiliser facilement \u00e0 une main pour le mettre en place ou le replier. Ce mod\u00e8le Magpul est [...]","og_url":"https:\/\/armureriebrute.fr\/en\/product\/bipied-m-lock-fde-magpul\/","og_site_name":"Armurerie Brute","article_modified_time":"2026-04-23T14:31:58+00:00","og_image":[{"width":455,"height":455,"url":"http:\/\/armureriebrute.fr\/wp-content\/uploads\/2026\/04\/bipied-m-lock-fde-magpul.png","type":"image\/png"}],"twitter_card":"summary_large_image","twitter_misc":{"Estimated reading time":"1 minute"},"schema":{"@context":"https:\/\/schema.org","@graph":[{"@type":"WebPage","@id":"https:\/\/armureriebrute.fr\/product\/bipied-m-lock-fde-magpul\/","url":"https:\/\/armureriebrute.fr\/product\/bipied-m-lock-fde-magpul\/","name":"Bipied M-Lock FDE Magpul - Armurerie Brute","isPartOf":{"@id":"https:\/\/armureriebrute.fr\/#website"},"primaryImageOfPage":{"@id":"https:\/\/armureriebrute.fr\/product\/bipied-m-lock-fde-magpul\/#primaryimage"},"image":{"@id":"https:\/\/armureriebrute.fr\/product\/bipied-m-lock-fde-magpul\/#primaryimage"},"thumbnailUrl":"https:\/\/armureriebrute.fr\/wp-content\/uploads\/2026\/04\/bipied-m-lock-fde-magpul.png","datePublished":"2026-04-23T14:31:29+00:00","dateModified":"2026-04-23T14:31:58+00:00","breadcrumb":{"@id":"https:\/\/armureriebrute.fr\/product\/bipied-m-lock-fde-magpul\/#breadcrumb"},"inLanguage":"en-GB","potentialAction":[{"@type":"ReadAction","target":["https:\/\/armureriebrute.fr\/product\/bipied-m-lock-fde-magpul\/"]}]},{"@type":"ImageObject","inLanguage":"en-GB","@id":"https:\/\/armureriebrute.fr\/product\/bipied-m-lock-fde-magpul\/#primaryimage","url":"https:\/\/armureriebrute.fr\/wp-content\/uploads\/2026\/04\/bipied-m-lock-fde-magpul.png","contentUrl":"https:\/\/armureriebrute.fr\/wp-content\/uploads\/2026\/04\/bipied-m-lock-fde-magpul.png","width":455,"height":455},{"@type":"BreadcrumbList","@id":"https:\/\/armureriebrute.fr\/product\/bipied-m-lock-fde-magpul\/#breadcrumb","itemListElement":[{"@type":"ListItem","position":1,"name":"Home","item":"https:\/\/armureriebrute.fr\/"},{"@type":"ListItem","position":2,"name":"Shop","item":"https:\/\/armureriebrute.fr\/shop\/"},{"@type":"ListItem","position":3,"name":"Bipied M-Lock FDE Magpul"}]},{"@type":"WebSite","@id":"https:\/\/armureriebrute.fr\/#website","url":"https:\/\/armureriebrute.fr\/","name":"Brute Armoury","description":"Brute Armoury","publisher":{"@id":"https:\/\/armureriebrute.fr\/#organization"},"potentialAction":[{"@type":"SearchAction","target":{"@type":"EntryPoint","urlTemplate":"https:\/\/armureriebrute.fr\/?s={search_term_string}"},"query-input":{"@type":"PropertyValueSpecification","valueRequired":true,"valueName":"search_term_string"}}],"inLanguage":"en-GB"},{"@type":"Organization","@id":"https:\/\/armureriebrute.fr\/#organization","name":"Brute Armoury","url":"https:\/\/armureriebrute.fr\/","logo":{"@type":"ImageObject","inLanguage":"en-GB","@id":"https:\/\/armureriebrute.fr\/#\/schema\/logo\/image\/","url":"http:\/\/armureriebrute.fr\/wp-content\/uploads\/2026\/04\/image_6409bec1-1.png","contentUrl":"http:\/\/armureriebrute.fr\/wp-content\/uploads\/2026\/04\/image_6409bec1-1.png","width":1408,"height":768,"caption":"Armurerie Brute"},"image":{"@id":"https:\/\/armureriebrute.fr\/#\/schema\/logo\/image\/"}}]}},"_links":{"self":[{"href":"https:\/\/armureriebrute.fr\/en\/wp-json\/wp\/v2\/product\/786","targetHints":{"allow":["GET"]}}],"collection":[{"href":"https:\/\/armureriebrute.fr\/en\/wp-json\/wp\/v2\/product"}],"about":[{"href":"https:\/\/armureriebrute.fr\/en\/wp-json\/wp\/v2\/types\/product"}],"replies":[{"embeddable":true,"href":"https:\/\/armureriebrute.fr\/en\/wp-json\/wp\/v2\/comments?post=786"}],"wp:featuredmedia":[{"embeddable":true,"href":"https:\/\/armureriebrute.fr\/en\/wp-json\/wp\/v2\/media\/787"}],"wp:attachment":[{"href":"https:\/\/armureriebrute.fr\/en\/wp-json\/wp\/v2\/media?parent=786"}],"wp:term":[{"taxonomy":"product_brand","embeddable":true,"href":"https:\/\/armureriebrute.fr\/en\/wp-json\/wp\/v2\/product_brand?post=786"},{"taxonomy":"product_cat","embeddable":true,"href":"https:\/\/armureriebrute.fr\/en\/wp-json\/wp\/v2\/product_cat?post=786"},{"taxonomy":"product_tag","embeddable":true,"href":"https:\/\/armureriebrute.fr\/en\/wp-json\/wp\/v2\/product_tag?post=786"}],"curies":[{"name":"wp","href":"https:\/\/api.w.org\/{rel}","templated":true}]}}