{"id":795,"date":"2026-04-23T14:34:28","date_gmt":"2026-04-23T14:34:28","guid":{"rendered":"https:\/\/armureriebrute.fr\/?post_type=product&#038;p=795"},"modified":"2026-04-23T14:35:07","modified_gmt":"2026-04-23T14:35:07","slug":"bipied-9-10-6-universel-vector-optics","status":"publish","type":"product","link":"https:\/\/armureriebrute.fr\/en\/product\/bipied-9-10-6-universel-vector-optics\/","title":{"rendered":"Bipied 9-10.6&Prime; universel Vector Optics"},"content":{"rendered":"<div id=\"product-description-short-15358\" class=\"product-description-short sm-bottom typo\">\n<p><strong>Vecteur Optics<\/strong>\u00a0fabrique des accessoires pour le tir et les armes \u00e0 air. Les produits sont d&rsquo;un\u00a0<strong>excellent rapport qualit\u00e9-prix<\/strong>\u00a0pour une utilisation r\u00e9guli\u00e8re \u00e0 intensive.<\/p>\n<p>Le bipied 9-10.6&Prime; s&rsquo;adaptera sur un tr\u00e8s grand nombre d&rsquo;armes \u00e0 air comprim\u00e9 ou bien PCP gr\u00e2ce au\u00a0<strong>syst\u00e8me de fixation universel<\/strong>\u00a0sur rail Picatinny ou un tube.<\/p>\n<\/div>\n<div class=\"js-product-attributes-destination mb-2 product-attributes\">\n<div class=\"attribute-item product-manufacturer\"><label>Marque<\/label>\u00a0Vector Optics<\/div>\n<div class=\"attribute-item product-reference\"><label>R\u00e9f\u00e9rence<\/label>\u00a0SCBPW-02<\/div>\n<div class=\"EAN-13 attribute-item product-specific-references\"><label>EAN-13<\/label>\u00a00700381148000<\/div>\n<\/div>","protected":false},"excerpt":{"rendered":"<p>Vecteur Optics\u00a0fabrique des accessoires pour le tir et les armes \u00e0 air. Les produits sont d&rsquo;un\u00a0excellent rapport qualit\u00e9-prix\u00a0pour une utilisation r\u00e9guli\u00e8re \u00e0 intensive. Le bipied 9-10.6&Prime; s&rsquo;adaptera sur un tr\u00e8s grand nombre d&rsquo;armes \u00e0 air comprim\u00e9 ou bien PCP gr\u00e2ce au\u00a0syst\u00e8me de fixation universel\u00a0sur rail Picatinny ou un tube. Marque\u00a0Vector Optics R\u00e9f\u00e9rence\u00a0SCBPW-02 EAN-13\u00a00700381148000<\/p>","protected":false},"featured_media":796,"comment_status":"open","ping_status":"closed","template":"","meta":[],"product_brand":[],"product_cat":[77],"product_tag":[],"class_list":{"0":"post-795","1":"product","2":"type-product","3":"status-publish","4":"has-post-thumbnail","6":"product_cat-bipied","8":"first","9":"instock","10":"shipping-taxable","11":"purchasable","12":"product-type-simple"},"yoast_head":"<!-- This site is optimized with the Yoast SEO plugin v27.4 - https:\/\/yoast.com\/product\/yoast-seo-wordpress\/ -->\n<title>Bipied 9-10.6&quot; universel Vector Optics - Armurerie Brute<\/title>\n<meta name=\"robots\" content=\"index, follow, max-snippet:-1, max-image-preview:large, max-video-preview:-1\" \/>\n<link rel=\"canonical\" href=\"https:\/\/armureriebrute.fr\/en\/product\/bipied-9-10-6-universel-vector-optics\/\" \/>\n<meta property=\"og:locale\" content=\"en_GB\" \/>\n<meta property=\"og:type\" content=\"article\" \/>\n<meta property=\"og:title\" content=\"Bipied 9-10.6&quot; universel Vector Optics - Armurerie Brute\" \/>\n<meta property=\"og:description\" content=\"Vecteur Optics\u00a0fabrique des accessoires pour le tir et les armes \u00e0 air. Les produits sont d&rsquo;un\u00a0excellent rapport qualit\u00e9-prix\u00a0pour une utilisation r\u00e9guli\u00e8re \u00e0 intensive. Le bipied 9-10.6&Prime; s&rsquo;adaptera sur un tr\u00e8s grand nombre d&rsquo;armes \u00e0 air comprim\u00e9 ou bien PCP gr\u00e2ce au\u00a0syst\u00e8me de fixation universel\u00a0sur rail Picatinny ou un tube. Marque\u00a0Vector Optics R\u00e9f\u00e9rence\u00a0SCBPW-02 EAN-13\u00a00700381148000\" \/>\n<meta property=\"og:url\" content=\"https:\/\/armureriebrute.fr\/en\/product\/bipied-9-10-6-universel-vector-optics\/\" \/>\n<meta property=\"og:site_name\" content=\"Armurerie Brute\" \/>\n<meta property=\"article:modified_time\" content=\"2026-04-23T14:35:07+00:00\" \/>\n<meta property=\"og:image\" content=\"http:\/\/armureriebrute.fr\/wp-content\/uploads\/2026\/04\/Bipied-9-106-universel-Vector-Optics.png\" \/>\n\t<meta property=\"og:image:width\" content=\"455\" \/>\n\t<meta property=\"og:image:height\" content=\"455\" \/>\n\t<meta property=\"og:image:type\" content=\"image\/png\" \/>\n<meta name=\"twitter:card\" content=\"summary_large_image\" \/>\n<meta name=\"twitter:label1\" content=\"Estimated reading time\" \/>\n\t<meta name=\"twitter:data1\" content=\"1 minute\" \/>\n<script type=\"application\/ld+json\" class=\"yoast-schema-graph\">{\"@context\":\"https:\\\/\\\/schema.org\",\"@graph\":[{\"@type\":\"WebPage\",\"@id\":\"https:\\\/\\\/armureriebrute.fr\\\/product\\\/bipied-9-10-6-universel-vector-optics\\\/\",\"url\":\"https:\\\/\\\/armureriebrute.fr\\\/product\\\/bipied-9-10-6-universel-vector-optics\\\/\",\"name\":\"Bipied 9-10.6\\\" universel Vector Optics - Armurerie Brute\",\"isPartOf\":{\"@id\":\"https:\\\/\\\/armureriebrute.fr\\\/#website\"},\"primaryImageOfPage\":{\"@id\":\"https:\\\/\\\/armureriebrute.fr\\\/product\\\/bipied-9-10-6-universel-vector-optics\\\/#primaryimage\"},\"image\":{\"@id\":\"https:\\\/\\\/armureriebrute.fr\\\/product\\\/bipied-9-10-6-universel-vector-optics\\\/#primaryimage\"},\"thumbnailUrl\":\"https:\\\/\\\/armureriebrute.fr\\\/wp-content\\\/uploads\\\/2026\\\/04\\\/Bipied-9-106-universel-Vector-Optics.png\",\"datePublished\":\"2026-04-23T14:34:28+00:00\",\"dateModified\":\"2026-04-23T14:35:07+00:00\",\"breadcrumb\":{\"@id\":\"https:\\\/\\\/armureriebrute.fr\\\/product\\\/bipied-9-10-6-universel-vector-optics\\\/#breadcrumb\"},\"inLanguage\":\"en-GB\",\"potentialAction\":[{\"@type\":\"ReadAction\",\"target\":[\"https:\\\/\\\/armureriebrute.fr\\\/product\\\/bipied-9-10-6-universel-vector-optics\\\/\"]}]},{\"@type\":\"ImageObject\",\"inLanguage\":\"en-GB\",\"@id\":\"https:\\\/\\\/armureriebrute.fr\\\/product\\\/bipied-9-10-6-universel-vector-optics\\\/#primaryimage\",\"url\":\"https:\\\/\\\/armureriebrute.fr\\\/wp-content\\\/uploads\\\/2026\\\/04\\\/Bipied-9-106-universel-Vector-Optics.png\",\"contentUrl\":\"https:\\\/\\\/armureriebrute.fr\\\/wp-content\\\/uploads\\\/2026\\\/04\\\/Bipied-9-106-universel-Vector-Optics.png\",\"width\":455,\"height\":455},{\"@type\":\"BreadcrumbList\",\"@id\":\"https:\\\/\\\/armureriebrute.fr\\\/product\\\/bipied-9-10-6-universel-vector-optics\\\/#breadcrumb\",\"itemListElement\":[{\"@type\":\"ListItem\",\"position\":1,\"name\":\"Home\",\"item\":\"https:\\\/\\\/armureriebrute.fr\\\/\"},{\"@type\":\"ListItem\",\"position\":2,\"name\":\"Shop\",\"item\":\"https:\\\/\\\/armureriebrute.fr\\\/shop\\\/\"},{\"@type\":\"ListItem\",\"position\":3,\"name\":\"Bipied 9-10.6&Prime; universel Vector Optics\"}]},{\"@type\":\"WebSite\",\"@id\":\"https:\\\/\\\/armureriebrute.fr\\\/#website\",\"url\":\"https:\\\/\\\/armureriebrute.fr\\\/\",\"name\":\"Armurerie Brute\",\"description\":\"Armurerie Brute\",\"publisher\":{\"@id\":\"https:\\\/\\\/armureriebrute.fr\\\/#organization\"},\"potentialAction\":[{\"@type\":\"SearchAction\",\"target\":{\"@type\":\"EntryPoint\",\"urlTemplate\":\"https:\\\/\\\/armureriebrute.fr\\\/?s={search_term_string}\"},\"query-input\":{\"@type\":\"PropertyValueSpecification\",\"valueRequired\":true,\"valueName\":\"search_term_string\"}}],\"inLanguage\":\"en-GB\"},{\"@type\":\"Organization\",\"@id\":\"https:\\\/\\\/armureriebrute.fr\\\/#organization\",\"name\":\"Armurerie Brute\",\"url\":\"https:\\\/\\\/armureriebrute.fr\\\/\",\"logo\":{\"@type\":\"ImageObject\",\"inLanguage\":\"en-GB\",\"@id\":\"https:\\\/\\\/armureriebrute.fr\\\/#\\\/schema\\\/logo\\\/image\\\/\",\"url\":\"http:\\\/\\\/armureriebrute.fr\\\/wp-content\\\/uploads\\\/2026\\\/04\\\/image_6409bec1-1.png\",\"contentUrl\":\"http:\\\/\\\/armureriebrute.fr\\\/wp-content\\\/uploads\\\/2026\\\/04\\\/image_6409bec1-1.png\",\"width\":1408,\"height\":768,\"caption\":\"Armurerie Brute\"},\"image\":{\"@id\":\"https:\\\/\\\/armureriebrute.fr\\\/#\\\/schema\\\/logo\\\/image\\\/\"}}]}<\/script>\n<!-- \/ Yoast SEO plugin. -->","yoast_head_json":{"title":"Bipied 9-10.6\" universel Vector Optics - Armurerie Brute","robots":{"index":"index","follow":"follow","max-snippet":"max-snippet:-1","max-image-preview":"max-image-preview:large","max-video-preview":"max-video-preview:-1"},"canonical":"https:\/\/armureriebrute.fr\/en\/product\/bipied-9-10-6-universel-vector-optics\/","og_locale":"en_GB","og_type":"article","og_title":"Bipied 9-10.6\" universel Vector Optics - Armurerie Brute","og_description":"Vecteur Optics\u00a0fabrique des accessoires pour le tir et les armes \u00e0 air. Les produits sont d&rsquo;un\u00a0excellent rapport qualit\u00e9-prix\u00a0pour une utilisation r\u00e9guli\u00e8re \u00e0 intensive. Le bipied 9-10.6&Prime; s&rsquo;adaptera sur un tr\u00e8s grand nombre d&rsquo;armes \u00e0 air comprim\u00e9 ou bien PCP gr\u00e2ce au\u00a0syst\u00e8me de fixation universel\u00a0sur rail Picatinny ou un tube. Marque\u00a0Vector Optics R\u00e9f\u00e9rence\u00a0SCBPW-02 EAN-13\u00a00700381148000","og_url":"https:\/\/armureriebrute.fr\/en\/product\/bipied-9-10-6-universel-vector-optics\/","og_site_name":"Armurerie Brute","article_modified_time":"2026-04-23T14:35:07+00:00","og_image":[{"width":455,"height":455,"url":"http:\/\/armureriebrute.fr\/wp-content\/uploads\/2026\/04\/Bipied-9-106-universel-Vector-Optics.png","type":"image\/png"}],"twitter_card":"summary_large_image","twitter_misc":{"Estimated reading time":"1 minute"},"schema":{"@context":"https:\/\/schema.org","@graph":[{"@type":"WebPage","@id":"https:\/\/armureriebrute.fr\/product\/bipied-9-10-6-universel-vector-optics\/","url":"https:\/\/armureriebrute.fr\/product\/bipied-9-10-6-universel-vector-optics\/","name":"Bipied 9-10.6\" universel Vector Optics - Armurerie Brute","isPartOf":{"@id":"https:\/\/armureriebrute.fr\/#website"},"primaryImageOfPage":{"@id":"https:\/\/armureriebrute.fr\/product\/bipied-9-10-6-universel-vector-optics\/#primaryimage"},"image":{"@id":"https:\/\/armureriebrute.fr\/product\/bipied-9-10-6-universel-vector-optics\/#primaryimage"},"thumbnailUrl":"https:\/\/armureriebrute.fr\/wp-content\/uploads\/2026\/04\/Bipied-9-106-universel-Vector-Optics.png","datePublished":"2026-04-23T14:34:28+00:00","dateModified":"2026-04-23T14:35:07+00:00","breadcrumb":{"@id":"https:\/\/armureriebrute.fr\/product\/bipied-9-10-6-universel-vector-optics\/#breadcrumb"},"inLanguage":"en-GB","potentialAction":[{"@type":"ReadAction","target":["https:\/\/armureriebrute.fr\/product\/bipied-9-10-6-universel-vector-optics\/"]}]},{"@type":"ImageObject","inLanguage":"en-GB","@id":"https:\/\/armureriebrute.fr\/product\/bipied-9-10-6-universel-vector-optics\/#primaryimage","url":"https:\/\/armureriebrute.fr\/wp-content\/uploads\/2026\/04\/Bipied-9-106-universel-Vector-Optics.png","contentUrl":"https:\/\/armureriebrute.fr\/wp-content\/uploads\/2026\/04\/Bipied-9-106-universel-Vector-Optics.png","width":455,"height":455},{"@type":"BreadcrumbList","@id":"https:\/\/armureriebrute.fr\/product\/bipied-9-10-6-universel-vector-optics\/#breadcrumb","itemListElement":[{"@type":"ListItem","position":1,"name":"Home","item":"https:\/\/armureriebrute.fr\/"},{"@type":"ListItem","position":2,"name":"Shop","item":"https:\/\/armureriebrute.fr\/shop\/"},{"@type":"ListItem","position":3,"name":"Bipied 9-10.6&Prime; universel Vector Optics"}]},{"@type":"WebSite","@id":"https:\/\/armureriebrute.fr\/#website","url":"https:\/\/armureriebrute.fr\/","name":"Brute Armoury","description":"Brute Armoury","publisher":{"@id":"https:\/\/armureriebrute.fr\/#organization"},"potentialAction":[{"@type":"SearchAction","target":{"@type":"EntryPoint","urlTemplate":"https:\/\/armureriebrute.fr\/?s={search_term_string}"},"query-input":{"@type":"PropertyValueSpecification","valueRequired":true,"valueName":"search_term_string"}}],"inLanguage":"en-GB"},{"@type":"Organization","@id":"https:\/\/armureriebrute.fr\/#organization","name":"Brute Armoury","url":"https:\/\/armureriebrute.fr\/","logo":{"@type":"ImageObject","inLanguage":"en-GB","@id":"https:\/\/armureriebrute.fr\/#\/schema\/logo\/image\/","url":"http:\/\/armureriebrute.fr\/wp-content\/uploads\/2026\/04\/image_6409bec1-1.png","contentUrl":"http:\/\/armureriebrute.fr\/wp-content\/uploads\/2026\/04\/image_6409bec1-1.png","width":1408,"height":768,"caption":"Armurerie Brute"},"image":{"@id":"https:\/\/armureriebrute.fr\/#\/schema\/logo\/image\/"}}]}},"_links":{"self":[{"href":"https:\/\/armureriebrute.fr\/en\/wp-json\/wp\/v2\/product\/795","targetHints":{"allow":["GET"]}}],"collection":[{"href":"https:\/\/armureriebrute.fr\/en\/wp-json\/wp\/v2\/product"}],"about":[{"href":"https:\/\/armureriebrute.fr\/en\/wp-json\/wp\/v2\/types\/product"}],"replies":[{"embeddable":true,"href":"https:\/\/armureriebrute.fr\/en\/wp-json\/wp\/v2\/comments?post=795"}],"wp:featuredmedia":[{"embeddable":true,"href":"https:\/\/armureriebrute.fr\/en\/wp-json\/wp\/v2\/media\/796"}],"wp:attachment":[{"href":"https:\/\/armureriebrute.fr\/en\/wp-json\/wp\/v2\/media?parent=795"}],"wp:term":[{"taxonomy":"product_brand","embeddable":true,"href":"https:\/\/armureriebrute.fr\/en\/wp-json\/wp\/v2\/product_brand?post=795"},{"taxonomy":"product_cat","embeddable":true,"href":"https:\/\/armureriebrute.fr\/en\/wp-json\/wp\/v2\/product_cat?post=795"},{"taxonomy":"product_tag","embeddable":true,"href":"https:\/\/armureriebrute.fr\/en\/wp-json\/wp\/v2\/product_tag?post=795"}],"curies":[{"name":"wp","href":"https:\/\/api.w.org\/{rel}","templated":true}]}}