{"id":800,"date":"2026-04-23T14:36:19","date_gmt":"2026-04-23T14:36:19","guid":{"rendered":"https:\/\/armureriebrute.fr\/?post_type=product&#038;p=800"},"modified":"2026-04-23T14:36:51","modified_gmt":"2026-04-23T14:36:51","slug":"bipied-pour-systeme-m-lok-utg","status":"publish","type":"product","link":"https:\/\/armureriebrute.fr\/en\/product\/bipied-pour-systeme-m-lok-utg\/","title":{"rendered":"Bipied pour syst\u00e8me M-LOK UTG"},"content":{"rendered":"<div id=\"product-description-short-16782\" class=\"product-description-short sm-bottom typo\">\n<p data-end=\"417\" data-start=\"128\">Ce\u00a0<strong>bipied<\/strong>\u00a0de haute qualit\u00e9, con\u00e7u par la marque<strong>\u00a0UTG<\/strong>, est parfaitement adapt\u00e9 aux armes \u00e9quip\u00e9es d\u2019un garde-main avec<strong>\u00a0interface M-LOK<\/strong>. Il se fixe solidement gr\u00e2ce \u00e0 son syst\u00e8me de montage, garantissant une excellente stabilit\u00e9 en toutes conditions. Sa hauteur est\u00a0<strong>r\u00e9glable de 14 \u00e0 21 cm<\/strong>, ce qui permet de s\u2019adapter facilement \u00e0 diff\u00e9rents types de terrains ou de positions de tir. Le bipied offre\u00a0<strong>cinq niveaux de r\u00e9glage<\/strong>\u00a0pour un ajustement rapide et s\u00e9curis\u00e9. Gr\u00e2ce \u00e0 son\u00a0<strong>inclinaison bidirectionnelle<\/strong>\u00a0sur 180\u00b0, il assure une grande libert\u00e9 de mouvement et un\u00a0<strong>confort optimal<\/strong>\u00a0lors de son utilisation.<\/p>\n<p data-end=\"417\" data-start=\"128\">Ce produit b\u00e9n\u00e9ficie de la qualit\u00e9 reconnue de la marque UTG, gage de\u00a0<strong>fiabilit\u00e9<\/strong>\u00a0et de\u00a0<strong>robustesse<\/strong>.<\/p>\n<\/div>\n<div class=\"js-product-attributes-destination mb-2 product-attributes\">\n<div class=\"attribute-item product-manufacturer\"><label>Marque<\/label>\u00a0UTG<\/div>\n<div class=\"attribute-item product-reference\"><label>R\u00e9f\u00e9rence<\/label>\u00a0AD99980<\/div>\n<div class=\"EAN-13 attribute-item product-specific-references\"><label>EAN-13<\/label>\u00a04717385552838<\/div>\n<\/div>","protected":false},"excerpt":{"rendered":"<p>Ce\u00a0bipied\u00a0de haute qualit\u00e9, con\u00e7u par la marque\u00a0UTG, est parfaitement adapt\u00e9 aux armes \u00e9quip\u00e9es d\u2019un garde-main avec\u00a0interface M-LOK. Il se fixe solidement gr\u00e2ce \u00e0 son syst\u00e8me de montage, garantissant une excellente stabilit\u00e9 en toutes conditions. Sa hauteur est\u00a0r\u00e9glable de 14 \u00e0 21 cm, ce qui permet de s\u2019adapter facilement \u00e0 diff\u00e9rents types de terrains ou de [&#8230;]\n","protected":false},"featured_media":801,"comment_status":"open","ping_status":"closed","template":"","meta":[],"product_brand":[],"product_cat":[77],"product_tag":[],"class_list":{"0":"post-800","1":"product","2":"type-product","3":"status-publish","4":"has-post-thumbnail","6":"product_cat-bipied","8":"first","9":"instock","10":"shipping-taxable","11":"purchasable","12":"product-type-simple"},"yoast_head":"<!-- This site is optimized with the Yoast SEO plugin v27.4 - https:\/\/yoast.com\/product\/yoast-seo-wordpress\/ -->\n<title>Bipied pour syst\u00e8me M-LOK UTG - Armurerie Brute<\/title>\n<meta name=\"robots\" content=\"index, follow, max-snippet:-1, max-image-preview:large, max-video-preview:-1\" \/>\n<link rel=\"canonical\" href=\"https:\/\/armureriebrute.fr\/en\/product\/bipied-pour-systeme-m-lok-utg\/\" \/>\n<meta property=\"og:locale\" content=\"en_GB\" \/>\n<meta property=\"og:type\" content=\"article\" \/>\n<meta property=\"og:title\" content=\"Bipied pour syst\u00e8me M-LOK UTG - Armurerie Brute\" \/>\n<meta property=\"og:description\" content=\"Ce\u00a0bipied\u00a0de haute qualit\u00e9, con\u00e7u par la marque\u00a0UTG, est parfaitement adapt\u00e9 aux armes \u00e9quip\u00e9es d\u2019un garde-main avec\u00a0interface M-LOK. Il se fixe solidement gr\u00e2ce \u00e0 son syst\u00e8me de montage, garantissant une excellente stabilit\u00e9 en toutes conditions. Sa hauteur est\u00a0r\u00e9glable de 14 \u00e0 21 cm, ce qui permet de s\u2019adapter facilement \u00e0 diff\u00e9rents types de terrains ou de [...]\" \/>\n<meta property=\"og:url\" content=\"https:\/\/armureriebrute.fr\/en\/product\/bipied-pour-systeme-m-lok-utg\/\" \/>\n<meta property=\"og:site_name\" content=\"Armurerie Brute\" \/>\n<meta property=\"article:modified_time\" content=\"2026-04-23T14:36:51+00:00\" \/>\n<meta property=\"og:image\" content=\"http:\/\/armureriebrute.fr\/wp-content\/uploads\/2026\/04\/bipied-pour-systeme-m-lok-utg.png\" \/>\n\t<meta property=\"og:image:width\" content=\"455\" \/>\n\t<meta property=\"og:image:height\" content=\"455\" \/>\n\t<meta property=\"og:image:type\" content=\"image\/png\" \/>\n<meta name=\"twitter:card\" content=\"summary_large_image\" \/>\n<meta name=\"twitter:label1\" content=\"Estimated reading time\" \/>\n\t<meta name=\"twitter:data1\" content=\"1 minute\" \/>\n<script type=\"application\/ld+json\" class=\"yoast-schema-graph\">{\"@context\":\"https:\\\/\\\/schema.org\",\"@graph\":[{\"@type\":\"WebPage\",\"@id\":\"https:\\\/\\\/armureriebrute.fr\\\/product\\\/bipied-pour-systeme-m-lok-utg\\\/\",\"url\":\"https:\\\/\\\/armureriebrute.fr\\\/product\\\/bipied-pour-systeme-m-lok-utg\\\/\",\"name\":\"Bipied pour syst\u00e8me M-LOK UTG - Armurerie Brute\",\"isPartOf\":{\"@id\":\"https:\\\/\\\/armureriebrute.fr\\\/#website\"},\"primaryImageOfPage\":{\"@id\":\"https:\\\/\\\/armureriebrute.fr\\\/product\\\/bipied-pour-systeme-m-lok-utg\\\/#primaryimage\"},\"image\":{\"@id\":\"https:\\\/\\\/armureriebrute.fr\\\/product\\\/bipied-pour-systeme-m-lok-utg\\\/#primaryimage\"},\"thumbnailUrl\":\"https:\\\/\\\/armureriebrute.fr\\\/wp-content\\\/uploads\\\/2026\\\/04\\\/bipied-pour-systeme-m-lok-utg.png\",\"datePublished\":\"2026-04-23T14:36:19+00:00\",\"dateModified\":\"2026-04-23T14:36:51+00:00\",\"breadcrumb\":{\"@id\":\"https:\\\/\\\/armureriebrute.fr\\\/product\\\/bipied-pour-systeme-m-lok-utg\\\/#breadcrumb\"},\"inLanguage\":\"en-GB\",\"potentialAction\":[{\"@type\":\"ReadAction\",\"target\":[\"https:\\\/\\\/armureriebrute.fr\\\/product\\\/bipied-pour-systeme-m-lok-utg\\\/\"]}]},{\"@type\":\"ImageObject\",\"inLanguage\":\"en-GB\",\"@id\":\"https:\\\/\\\/armureriebrute.fr\\\/product\\\/bipied-pour-systeme-m-lok-utg\\\/#primaryimage\",\"url\":\"https:\\\/\\\/armureriebrute.fr\\\/wp-content\\\/uploads\\\/2026\\\/04\\\/bipied-pour-systeme-m-lok-utg.png\",\"contentUrl\":\"https:\\\/\\\/armureriebrute.fr\\\/wp-content\\\/uploads\\\/2026\\\/04\\\/bipied-pour-systeme-m-lok-utg.png\",\"width\":455,\"height\":455},{\"@type\":\"BreadcrumbList\",\"@id\":\"https:\\\/\\\/armureriebrute.fr\\\/product\\\/bipied-pour-systeme-m-lok-utg\\\/#breadcrumb\",\"itemListElement\":[{\"@type\":\"ListItem\",\"position\":1,\"name\":\"Home\",\"item\":\"https:\\\/\\\/armureriebrute.fr\\\/\"},{\"@type\":\"ListItem\",\"position\":2,\"name\":\"Shop\",\"item\":\"https:\\\/\\\/armureriebrute.fr\\\/shop\\\/\"},{\"@type\":\"ListItem\",\"position\":3,\"name\":\"Bipied pour syst\u00e8me M-LOK UTG\"}]},{\"@type\":\"WebSite\",\"@id\":\"https:\\\/\\\/armureriebrute.fr\\\/#website\",\"url\":\"https:\\\/\\\/armureriebrute.fr\\\/\",\"name\":\"Armurerie Brute\",\"description\":\"Armurerie Brute\",\"publisher\":{\"@id\":\"https:\\\/\\\/armureriebrute.fr\\\/#organization\"},\"potentialAction\":[{\"@type\":\"SearchAction\",\"target\":{\"@type\":\"EntryPoint\",\"urlTemplate\":\"https:\\\/\\\/armureriebrute.fr\\\/?s={search_term_string}\"},\"query-input\":{\"@type\":\"PropertyValueSpecification\",\"valueRequired\":true,\"valueName\":\"search_term_string\"}}],\"inLanguage\":\"en-GB\"},{\"@type\":\"Organization\",\"@id\":\"https:\\\/\\\/armureriebrute.fr\\\/#organization\",\"name\":\"Armurerie Brute\",\"url\":\"https:\\\/\\\/armureriebrute.fr\\\/\",\"logo\":{\"@type\":\"ImageObject\",\"inLanguage\":\"en-GB\",\"@id\":\"https:\\\/\\\/armureriebrute.fr\\\/#\\\/schema\\\/logo\\\/image\\\/\",\"url\":\"http:\\\/\\\/armureriebrute.fr\\\/wp-content\\\/uploads\\\/2026\\\/04\\\/image_6409bec1-1.png\",\"contentUrl\":\"http:\\\/\\\/armureriebrute.fr\\\/wp-content\\\/uploads\\\/2026\\\/04\\\/image_6409bec1-1.png\",\"width\":1408,\"height\":768,\"caption\":\"Armurerie Brute\"},\"image\":{\"@id\":\"https:\\\/\\\/armureriebrute.fr\\\/#\\\/schema\\\/logo\\\/image\\\/\"}}]}<\/script>\n<!-- \/ Yoast SEO plugin. -->","yoast_head_json":{"title":"Bipied pour syst\u00e8me M-LOK UTG - Armurerie Brute","robots":{"index":"index","follow":"follow","max-snippet":"max-snippet:-1","max-image-preview":"max-image-preview:large","max-video-preview":"max-video-preview:-1"},"canonical":"https:\/\/armureriebrute.fr\/en\/product\/bipied-pour-systeme-m-lok-utg\/","og_locale":"en_GB","og_type":"article","og_title":"Bipied pour syst\u00e8me M-LOK UTG - Armurerie Brute","og_description":"Ce\u00a0bipied\u00a0de haute qualit\u00e9, con\u00e7u par la marque\u00a0UTG, est parfaitement adapt\u00e9 aux armes \u00e9quip\u00e9es d\u2019un garde-main avec\u00a0interface M-LOK. Il se fixe solidement gr\u00e2ce \u00e0 son syst\u00e8me de montage, garantissant une excellente stabilit\u00e9 en toutes conditions. Sa hauteur est\u00a0r\u00e9glable de 14 \u00e0 21 cm, ce qui permet de s\u2019adapter facilement \u00e0 diff\u00e9rents types de terrains ou de [...]","og_url":"https:\/\/armureriebrute.fr\/en\/product\/bipied-pour-systeme-m-lok-utg\/","og_site_name":"Armurerie Brute","article_modified_time":"2026-04-23T14:36:51+00:00","og_image":[{"width":455,"height":455,"url":"http:\/\/armureriebrute.fr\/wp-content\/uploads\/2026\/04\/bipied-pour-systeme-m-lok-utg.png","type":"image\/png"}],"twitter_card":"summary_large_image","twitter_misc":{"Estimated reading time":"1 minute"},"schema":{"@context":"https:\/\/schema.org","@graph":[{"@type":"WebPage","@id":"https:\/\/armureriebrute.fr\/product\/bipied-pour-systeme-m-lok-utg\/","url":"https:\/\/armureriebrute.fr\/product\/bipied-pour-systeme-m-lok-utg\/","name":"Bipied pour syst\u00e8me M-LOK UTG - Armurerie Brute","isPartOf":{"@id":"https:\/\/armureriebrute.fr\/#website"},"primaryImageOfPage":{"@id":"https:\/\/armureriebrute.fr\/product\/bipied-pour-systeme-m-lok-utg\/#primaryimage"},"image":{"@id":"https:\/\/armureriebrute.fr\/product\/bipied-pour-systeme-m-lok-utg\/#primaryimage"},"thumbnailUrl":"https:\/\/armureriebrute.fr\/wp-content\/uploads\/2026\/04\/bipied-pour-systeme-m-lok-utg.png","datePublished":"2026-04-23T14:36:19+00:00","dateModified":"2026-04-23T14:36:51+00:00","breadcrumb":{"@id":"https:\/\/armureriebrute.fr\/product\/bipied-pour-systeme-m-lok-utg\/#breadcrumb"},"inLanguage":"en-GB","potentialAction":[{"@type":"ReadAction","target":["https:\/\/armureriebrute.fr\/product\/bipied-pour-systeme-m-lok-utg\/"]}]},{"@type":"ImageObject","inLanguage":"en-GB","@id":"https:\/\/armureriebrute.fr\/product\/bipied-pour-systeme-m-lok-utg\/#primaryimage","url":"https:\/\/armureriebrute.fr\/wp-content\/uploads\/2026\/04\/bipied-pour-systeme-m-lok-utg.png","contentUrl":"https:\/\/armureriebrute.fr\/wp-content\/uploads\/2026\/04\/bipied-pour-systeme-m-lok-utg.png","width":455,"height":455},{"@type":"BreadcrumbList","@id":"https:\/\/armureriebrute.fr\/product\/bipied-pour-systeme-m-lok-utg\/#breadcrumb","itemListElement":[{"@type":"ListItem","position":1,"name":"Home","item":"https:\/\/armureriebrute.fr\/"},{"@type":"ListItem","position":2,"name":"Shop","item":"https:\/\/armureriebrute.fr\/shop\/"},{"@type":"ListItem","position":3,"name":"Bipied pour syst\u00e8me M-LOK UTG"}]},{"@type":"WebSite","@id":"https:\/\/armureriebrute.fr\/#website","url":"https:\/\/armureriebrute.fr\/","name":"Brute Armoury","description":"Brute Armoury","publisher":{"@id":"https:\/\/armureriebrute.fr\/#organization"},"potentialAction":[{"@type":"SearchAction","target":{"@type":"EntryPoint","urlTemplate":"https:\/\/armureriebrute.fr\/?s={search_term_string}"},"query-input":{"@type":"PropertyValueSpecification","valueRequired":true,"valueName":"search_term_string"}}],"inLanguage":"en-GB"},{"@type":"Organization","@id":"https:\/\/armureriebrute.fr\/#organization","name":"Brute Armoury","url":"https:\/\/armureriebrute.fr\/","logo":{"@type":"ImageObject","inLanguage":"en-GB","@id":"https:\/\/armureriebrute.fr\/#\/schema\/logo\/image\/","url":"http:\/\/armureriebrute.fr\/wp-content\/uploads\/2026\/04\/image_6409bec1-1.png","contentUrl":"http:\/\/armureriebrute.fr\/wp-content\/uploads\/2026\/04\/image_6409bec1-1.png","width":1408,"height":768,"caption":"Armurerie Brute"},"image":{"@id":"https:\/\/armureriebrute.fr\/#\/schema\/logo\/image\/"}}]}},"_links":{"self":[{"href":"https:\/\/armureriebrute.fr\/en\/wp-json\/wp\/v2\/product\/800","targetHints":{"allow":["GET"]}}],"collection":[{"href":"https:\/\/armureriebrute.fr\/en\/wp-json\/wp\/v2\/product"}],"about":[{"href":"https:\/\/armureriebrute.fr\/en\/wp-json\/wp\/v2\/types\/product"}],"replies":[{"embeddable":true,"href":"https:\/\/armureriebrute.fr\/en\/wp-json\/wp\/v2\/comments?post=800"}],"wp:featuredmedia":[{"embeddable":true,"href":"https:\/\/armureriebrute.fr\/en\/wp-json\/wp\/v2\/media\/801"}],"wp:attachment":[{"href":"https:\/\/armureriebrute.fr\/en\/wp-json\/wp\/v2\/media?parent=800"}],"wp:term":[{"taxonomy":"product_brand","embeddable":true,"href":"https:\/\/armureriebrute.fr\/en\/wp-json\/wp\/v2\/product_brand?post=800"},{"taxonomy":"product_cat","embeddable":true,"href":"https:\/\/armureriebrute.fr\/en\/wp-json\/wp\/v2\/product_cat?post=800"},{"taxonomy":"product_tag","embeddable":true,"href":"https:\/\/armureriebrute.fr\/en\/wp-json\/wp\/v2\/product_tag?post=800"}],"curies":[{"name":"wp","href":"https:\/\/api.w.org\/{rel}","templated":true}]}}