{"id":804,"date":"2026-04-23T14:37:20","date_gmt":"2026-04-23T14:37:20","guid":{"rendered":"https:\/\/armureriebrute.fr\/?post_type=product&#038;p=804"},"modified":"2026-04-23T14:37:59","modified_gmt":"2026-04-23T14:37:59","slug":"bipied-br-4-g2-accu-tac","status":"publish","type":"product","link":"https:\/\/armureriebrute.fr\/en\/product\/bipied-br-4-g2-accu-tac\/","title":{"rendered":"Bipied BR-4 G2 Accu-Tac"},"content":{"rendered":"<div id=\"product-description-short-17208\" class=\"product-description-short sm-bottom typo\">\n<p>Le\u00a0<strong>BR-4 G2 de chez Accu-Tac<\/strong>\u00a0est un\u00a0<strong>bipied ultra r\u00e9sistant<\/strong>\u00a0avec\u00a0<strong>d\u00e9montage rapide<\/strong>. Fabriqu\u00e9 aux \u00c9tats-Unis il est con\u00e7u dans un\u00a0<strong>aluminium haut de gamme<\/strong>\u00a0et d&rsquo;une qualit\u00e9 irr\u00e9prochable. Le BR-4 se fixe tr\u00e8s facilement sur\u00a0<strong>rail Picatinny<\/strong>, sans que des outils suppl\u00e9mentaires ne soient n\u00e9cessaires pour le serrage. Disposant de\u00a0<strong>5 positions diff\u00e9rentes<\/strong>\u00a0avec un r\u00e9glage ind\u00e9pendant pour chaque jambe et un syst\u00e8me de verrouillage, le\u00a0<strong>mod\u00e8le G2 accro\u00eet le nombre de hauteurs disponibles<\/strong>. Afin d&rsquo;ajuster la position des jambes, il suffit simplement de tirer ces derni\u00e8res vers le bas. Elles peuvent \u00eatre r\u00e9gl\u00e9es dans une position \u00e0 45 ou 90 degr\u00e9s, vers l&rsquo;avant ou vers l&rsquo;arri\u00e8re, et se\u00a0<strong>verrouillent solidement dans 5 positions<\/strong>\u00a0via un arc de 180 degr\u00e9s.<\/p>\n<\/div>\n<div class=\"js-product-attributes-destination mb-2 product-attributes\">\n<div class=\"attribute-item product-manufacturer\"><label>Marque<\/label>\u00a0Accu-Tac<\/div>\n<div class=\"attribute-item product-reference\"><label>R\u00e9f\u00e9rence<\/label>\u00a0AR0022675<\/div>\n<div class=\"EAN-13 attribute-item product-specific-references\"><label>EAN-13<\/label>\u00a00858520006244<\/div>\n<\/div>","protected":false},"excerpt":{"rendered":"<p>Le\u00a0BR-4 G2 de chez Accu-Tac\u00a0est un\u00a0bipied ultra r\u00e9sistant\u00a0avec\u00a0d\u00e9montage rapide. Fabriqu\u00e9 aux \u00c9tats-Unis il est con\u00e7u dans un\u00a0aluminium haut de gamme\u00a0et d&rsquo;une qualit\u00e9 irr\u00e9prochable. Le BR-4 se fixe tr\u00e8s facilement sur\u00a0rail Picatinny, sans que des outils suppl\u00e9mentaires ne soient n\u00e9cessaires pour le serrage. Disposant de\u00a05 positions diff\u00e9rentes\u00a0avec un r\u00e9glage ind\u00e9pendant pour chaque jambe et un syst\u00e8me [&#8230;]\n","protected":false},"featured_media":805,"comment_status":"open","ping_status":"closed","template":"","meta":[],"product_brand":[],"product_cat":[77],"product_tag":[],"class_list":{"0":"post-804","1":"product","2":"type-product","3":"status-publish","4":"has-post-thumbnail","6":"product_cat-bipied","8":"first","9":"instock","10":"shipping-taxable","11":"purchasable","12":"product-type-simple"},"yoast_head":"<!-- This site is optimized with the Yoast SEO plugin v27.4 - https:\/\/yoast.com\/product\/yoast-seo-wordpress\/ -->\n<title>Bipied BR-4 G2 Accu-Tac - Armurerie Brute<\/title>\n<meta name=\"robots\" content=\"index, follow, max-snippet:-1, max-image-preview:large, max-video-preview:-1\" \/>\n<link rel=\"canonical\" href=\"https:\/\/armureriebrute.fr\/en\/product\/bipied-br-4-g2-accu-tac\/\" \/>\n<meta property=\"og:locale\" content=\"en_GB\" \/>\n<meta property=\"og:type\" content=\"article\" \/>\n<meta property=\"og:title\" content=\"Bipied BR-4 G2 Accu-Tac - Armurerie Brute\" \/>\n<meta property=\"og:description\" content=\"Le\u00a0BR-4 G2 de chez Accu-Tac\u00a0est un\u00a0bipied ultra r\u00e9sistant\u00a0avec\u00a0d\u00e9montage rapide. Fabriqu\u00e9 aux \u00c9tats-Unis il est con\u00e7u dans un\u00a0aluminium haut de gamme\u00a0et d&rsquo;une qualit\u00e9 irr\u00e9prochable. Le BR-4 se fixe tr\u00e8s facilement sur\u00a0rail Picatinny, sans que des outils suppl\u00e9mentaires ne soient n\u00e9cessaires pour le serrage. Disposant de\u00a05 positions diff\u00e9rentes\u00a0avec un r\u00e9glage ind\u00e9pendant pour chaque jambe et un syst\u00e8me [...]\" \/>\n<meta property=\"og:url\" content=\"https:\/\/armureriebrute.fr\/en\/product\/bipied-br-4-g2-accu-tac\/\" \/>\n<meta property=\"og:site_name\" content=\"Armurerie Brute\" \/>\n<meta property=\"article:modified_time\" content=\"2026-04-23T14:37:59+00:00\" \/>\n<meta property=\"og:image\" content=\"http:\/\/armureriebrute.fr\/wp-content\/uploads\/2026\/04\/bipied-br-4-g2-accu-tac.jpg\" \/>\n\t<meta property=\"og:image:width\" content=\"455\" \/>\n\t<meta property=\"og:image:height\" content=\"455\" \/>\n\t<meta property=\"og:image:type\" content=\"image\/jpeg\" \/>\n<meta name=\"twitter:card\" content=\"summary_large_image\" \/>\n<meta name=\"twitter:label1\" content=\"Estimated reading time\" \/>\n\t<meta name=\"twitter:data1\" content=\"1 minute\" \/>\n<script type=\"application\/ld+json\" class=\"yoast-schema-graph\">{\"@context\":\"https:\\\/\\\/schema.org\",\"@graph\":[{\"@type\":\"WebPage\",\"@id\":\"https:\\\/\\\/armureriebrute.fr\\\/product\\\/bipied-br-4-g2-accu-tac\\\/\",\"url\":\"https:\\\/\\\/armureriebrute.fr\\\/product\\\/bipied-br-4-g2-accu-tac\\\/\",\"name\":\"Bipied BR-4 G2 Accu-Tac - Armurerie Brute\",\"isPartOf\":{\"@id\":\"https:\\\/\\\/armureriebrute.fr\\\/#website\"},\"primaryImageOfPage\":{\"@id\":\"https:\\\/\\\/armureriebrute.fr\\\/product\\\/bipied-br-4-g2-accu-tac\\\/#primaryimage\"},\"image\":{\"@id\":\"https:\\\/\\\/armureriebrute.fr\\\/product\\\/bipied-br-4-g2-accu-tac\\\/#primaryimage\"},\"thumbnailUrl\":\"https:\\\/\\\/armureriebrute.fr\\\/wp-content\\\/uploads\\\/2026\\\/04\\\/bipied-br-4-g2-accu-tac.jpg\",\"datePublished\":\"2026-04-23T14:37:20+00:00\",\"dateModified\":\"2026-04-23T14:37:59+00:00\",\"breadcrumb\":{\"@id\":\"https:\\\/\\\/armureriebrute.fr\\\/product\\\/bipied-br-4-g2-accu-tac\\\/#breadcrumb\"},\"inLanguage\":\"en-GB\",\"potentialAction\":[{\"@type\":\"ReadAction\",\"target\":[\"https:\\\/\\\/armureriebrute.fr\\\/product\\\/bipied-br-4-g2-accu-tac\\\/\"]}]},{\"@type\":\"ImageObject\",\"inLanguage\":\"en-GB\",\"@id\":\"https:\\\/\\\/armureriebrute.fr\\\/product\\\/bipied-br-4-g2-accu-tac\\\/#primaryimage\",\"url\":\"https:\\\/\\\/armureriebrute.fr\\\/wp-content\\\/uploads\\\/2026\\\/04\\\/bipied-br-4-g2-accu-tac.jpg\",\"contentUrl\":\"https:\\\/\\\/armureriebrute.fr\\\/wp-content\\\/uploads\\\/2026\\\/04\\\/bipied-br-4-g2-accu-tac.jpg\",\"width\":455,\"height\":455},{\"@type\":\"BreadcrumbList\",\"@id\":\"https:\\\/\\\/armureriebrute.fr\\\/product\\\/bipied-br-4-g2-accu-tac\\\/#breadcrumb\",\"itemListElement\":[{\"@type\":\"ListItem\",\"position\":1,\"name\":\"Home\",\"item\":\"https:\\\/\\\/armureriebrute.fr\\\/\"},{\"@type\":\"ListItem\",\"position\":2,\"name\":\"Shop\",\"item\":\"https:\\\/\\\/armureriebrute.fr\\\/shop\\\/\"},{\"@type\":\"ListItem\",\"position\":3,\"name\":\"Bipied BR-4 G2 Accu-Tac\"}]},{\"@type\":\"WebSite\",\"@id\":\"https:\\\/\\\/armureriebrute.fr\\\/#website\",\"url\":\"https:\\\/\\\/armureriebrute.fr\\\/\",\"name\":\"Armurerie Brute\",\"description\":\"Armurerie Brute\",\"publisher\":{\"@id\":\"https:\\\/\\\/armureriebrute.fr\\\/#organization\"},\"potentialAction\":[{\"@type\":\"SearchAction\",\"target\":{\"@type\":\"EntryPoint\",\"urlTemplate\":\"https:\\\/\\\/armureriebrute.fr\\\/?s={search_term_string}\"},\"query-input\":{\"@type\":\"PropertyValueSpecification\",\"valueRequired\":true,\"valueName\":\"search_term_string\"}}],\"inLanguage\":\"en-GB\"},{\"@type\":\"Organization\",\"@id\":\"https:\\\/\\\/armureriebrute.fr\\\/#organization\",\"name\":\"Armurerie Brute\",\"url\":\"https:\\\/\\\/armureriebrute.fr\\\/\",\"logo\":{\"@type\":\"ImageObject\",\"inLanguage\":\"en-GB\",\"@id\":\"https:\\\/\\\/armureriebrute.fr\\\/#\\\/schema\\\/logo\\\/image\\\/\",\"url\":\"http:\\\/\\\/armureriebrute.fr\\\/wp-content\\\/uploads\\\/2026\\\/04\\\/image_6409bec1-1.png\",\"contentUrl\":\"http:\\\/\\\/armureriebrute.fr\\\/wp-content\\\/uploads\\\/2026\\\/04\\\/image_6409bec1-1.png\",\"width\":1408,\"height\":768,\"caption\":\"Armurerie Brute\"},\"image\":{\"@id\":\"https:\\\/\\\/armureriebrute.fr\\\/#\\\/schema\\\/logo\\\/image\\\/\"}}]}<\/script>\n<!-- \/ Yoast SEO plugin. -->","yoast_head_json":{"title":"Bipied BR-4 G2 Accu-Tac - Armurerie Brute","robots":{"index":"index","follow":"follow","max-snippet":"max-snippet:-1","max-image-preview":"max-image-preview:large","max-video-preview":"max-video-preview:-1"},"canonical":"https:\/\/armureriebrute.fr\/en\/product\/bipied-br-4-g2-accu-tac\/","og_locale":"en_GB","og_type":"article","og_title":"Bipied BR-4 G2 Accu-Tac - Armurerie Brute","og_description":"Le\u00a0BR-4 G2 de chez Accu-Tac\u00a0est un\u00a0bipied ultra r\u00e9sistant\u00a0avec\u00a0d\u00e9montage rapide. Fabriqu\u00e9 aux \u00c9tats-Unis il est con\u00e7u dans un\u00a0aluminium haut de gamme\u00a0et d&rsquo;une qualit\u00e9 irr\u00e9prochable. Le BR-4 se fixe tr\u00e8s facilement sur\u00a0rail Picatinny, sans que des outils suppl\u00e9mentaires ne soient n\u00e9cessaires pour le serrage. Disposant de\u00a05 positions diff\u00e9rentes\u00a0avec un r\u00e9glage ind\u00e9pendant pour chaque jambe et un syst\u00e8me [...]","og_url":"https:\/\/armureriebrute.fr\/en\/product\/bipied-br-4-g2-accu-tac\/","og_site_name":"Armurerie Brute","article_modified_time":"2026-04-23T14:37:59+00:00","og_image":[{"width":455,"height":455,"url":"http:\/\/armureriebrute.fr\/wp-content\/uploads\/2026\/04\/bipied-br-4-g2-accu-tac.jpg","type":"image\/jpeg"}],"twitter_card":"summary_large_image","twitter_misc":{"Estimated reading time":"1 minute"},"schema":{"@context":"https:\/\/schema.org","@graph":[{"@type":"WebPage","@id":"https:\/\/armureriebrute.fr\/product\/bipied-br-4-g2-accu-tac\/","url":"https:\/\/armureriebrute.fr\/product\/bipied-br-4-g2-accu-tac\/","name":"Bipied BR-4 G2 Accu-Tac - Armurerie Brute","isPartOf":{"@id":"https:\/\/armureriebrute.fr\/#website"},"primaryImageOfPage":{"@id":"https:\/\/armureriebrute.fr\/product\/bipied-br-4-g2-accu-tac\/#primaryimage"},"image":{"@id":"https:\/\/armureriebrute.fr\/product\/bipied-br-4-g2-accu-tac\/#primaryimage"},"thumbnailUrl":"https:\/\/armureriebrute.fr\/wp-content\/uploads\/2026\/04\/bipied-br-4-g2-accu-tac.jpg","datePublished":"2026-04-23T14:37:20+00:00","dateModified":"2026-04-23T14:37:59+00:00","breadcrumb":{"@id":"https:\/\/armureriebrute.fr\/product\/bipied-br-4-g2-accu-tac\/#breadcrumb"},"inLanguage":"en-GB","potentialAction":[{"@type":"ReadAction","target":["https:\/\/armureriebrute.fr\/product\/bipied-br-4-g2-accu-tac\/"]}]},{"@type":"ImageObject","inLanguage":"en-GB","@id":"https:\/\/armureriebrute.fr\/product\/bipied-br-4-g2-accu-tac\/#primaryimage","url":"https:\/\/armureriebrute.fr\/wp-content\/uploads\/2026\/04\/bipied-br-4-g2-accu-tac.jpg","contentUrl":"https:\/\/armureriebrute.fr\/wp-content\/uploads\/2026\/04\/bipied-br-4-g2-accu-tac.jpg","width":455,"height":455},{"@type":"BreadcrumbList","@id":"https:\/\/armureriebrute.fr\/product\/bipied-br-4-g2-accu-tac\/#breadcrumb","itemListElement":[{"@type":"ListItem","position":1,"name":"Home","item":"https:\/\/armureriebrute.fr\/"},{"@type":"ListItem","position":2,"name":"Shop","item":"https:\/\/armureriebrute.fr\/shop\/"},{"@type":"ListItem","position":3,"name":"Bipied BR-4 G2 Accu-Tac"}]},{"@type":"WebSite","@id":"https:\/\/armureriebrute.fr\/#website","url":"https:\/\/armureriebrute.fr\/","name":"Brute Armoury","description":"Brute Armoury","publisher":{"@id":"https:\/\/armureriebrute.fr\/#organization"},"potentialAction":[{"@type":"SearchAction","target":{"@type":"EntryPoint","urlTemplate":"https:\/\/armureriebrute.fr\/?s={search_term_string}"},"query-input":{"@type":"PropertyValueSpecification","valueRequired":true,"valueName":"search_term_string"}}],"inLanguage":"en-GB"},{"@type":"Organization","@id":"https:\/\/armureriebrute.fr\/#organization","name":"Brute Armoury","url":"https:\/\/armureriebrute.fr\/","logo":{"@type":"ImageObject","inLanguage":"en-GB","@id":"https:\/\/armureriebrute.fr\/#\/schema\/logo\/image\/","url":"http:\/\/armureriebrute.fr\/wp-content\/uploads\/2026\/04\/image_6409bec1-1.png","contentUrl":"http:\/\/armureriebrute.fr\/wp-content\/uploads\/2026\/04\/image_6409bec1-1.png","width":1408,"height":768,"caption":"Armurerie Brute"},"image":{"@id":"https:\/\/armureriebrute.fr\/#\/schema\/logo\/image\/"}}]}},"_links":{"self":[{"href":"https:\/\/armureriebrute.fr\/en\/wp-json\/wp\/v2\/product\/804","targetHints":{"allow":["GET"]}}],"collection":[{"href":"https:\/\/armureriebrute.fr\/en\/wp-json\/wp\/v2\/product"}],"about":[{"href":"https:\/\/armureriebrute.fr\/en\/wp-json\/wp\/v2\/types\/product"}],"replies":[{"embeddable":true,"href":"https:\/\/armureriebrute.fr\/en\/wp-json\/wp\/v2\/comments?post=804"}],"wp:featuredmedia":[{"embeddable":true,"href":"https:\/\/armureriebrute.fr\/en\/wp-json\/wp\/v2\/media\/805"}],"wp:attachment":[{"href":"https:\/\/armureriebrute.fr\/en\/wp-json\/wp\/v2\/media?parent=804"}],"wp:term":[{"taxonomy":"product_brand","embeddable":true,"href":"https:\/\/armureriebrute.fr\/en\/wp-json\/wp\/v2\/product_brand?post=804"},{"taxonomy":"product_cat","embeddable":true,"href":"https:\/\/armureriebrute.fr\/en\/wp-json\/wp\/v2\/product_cat?post=804"},{"taxonomy":"product_tag","embeddable":true,"href":"https:\/\/armureriebrute.fr\/en\/wp-json\/wp\/v2\/product_tag?post=804"}],"curies":[{"name":"wp","href":"https:\/\/api.w.org\/{rel}","templated":true}]}}