{"id":809,"date":"2026-04-23T14:38:25","date_gmt":"2026-04-23T14:38:25","guid":{"rendered":"https:\/\/armureriebrute.fr\/?post_type=product&#038;p=809"},"modified":"2026-04-23T14:39:01","modified_gmt":"2026-04-23T14:39:01","slug":"bipied-scarab-9-12-m-lok-picatinny-firefield","status":"publish","type":"product","link":"https:\/\/armureriebrute.fr\/en\/product\/bipied-scarab-9-12-m-lok-picatinny-firefield\/","title":{"rendered":"Bipied Scarab 9 &#038; 12&Prime; M-Lok \/ Picatinny Firefield"},"content":{"rendered":"<div id=\"product-description-short-16779\" class=\"product-description-short sm-bottom typo\">\n<p><strong>Firefield<\/strong>\u00a0vous propose ce bipied de\u00a0<strong>tr\u00e8s belle qualit\u00e9<\/strong>\u00a0pour votre carabine \u00e0 air comprim\u00e9. Il est fabriqu\u00e9 dans un\u00a0<strong>aluminium CNC<\/strong>\u00a0de haute r\u00e9sistance. Sa taille est r\u00e9glable de 228 \u00e0 304 mm. Ce bipied pourra se fixer \u00e0 la fois sur un rail\u00a0<strong>M-lock<\/strong>\u00a0mais aussi un rail picatinny gr\u00e2ce aux adaptateurs inclus.<\/p>\n<p>Les pieds permettent de poser ce bipied sur n&rsquo;importe quel terrain de mani\u00e8re<strong>\u00a0solide et stable<\/strong>. Chaque pied est ind\u00e9pendant ce qui permet de tirer sur un sol plat comme pentu.<\/p>\n<\/div>\n<div class=\"js-product-attributes-destination mb-2 product-attributes\">\n<div class=\"attribute-item product-manufacturer\"><label>Marque<\/label>\u00a0Firefield<\/div>\n<div class=\"attribute-item product-reference\"><label>R\u00e9f\u00e9rence<\/label>\u00a0FF34025MLK<\/div>\n<div class=\"EAN-13 attribute-item product-specific-references\"><label>EAN-13<\/label>\u00a00812495024184<\/div>\n<\/div>","protected":false},"excerpt":{"rendered":"<p>Firefield\u00a0vous propose ce bipied de\u00a0tr\u00e8s belle qualit\u00e9\u00a0pour votre carabine \u00e0 air comprim\u00e9. Il est fabriqu\u00e9 dans un\u00a0aluminium CNC\u00a0de haute r\u00e9sistance. Sa taille est r\u00e9glable de 228 \u00e0 304 mm. Ce bipied pourra se fixer \u00e0 la fois sur un rail\u00a0M-lock\u00a0mais aussi un rail picatinny gr\u00e2ce aux adaptateurs inclus. Les pieds permettent de poser ce bipied [&#8230;]\n","protected":false},"featured_media":810,"comment_status":"open","ping_status":"closed","template":"","meta":[],"product_brand":[],"product_cat":[77],"product_tag":[],"class_list":{"0":"post-809","1":"product","2":"type-product","3":"status-publish","4":"has-post-thumbnail","6":"product_cat-bipied","8":"first","9":"instock","10":"shipping-taxable","11":"purchasable","12":"product-type-simple"},"yoast_head":"<!-- This site is optimized with the Yoast SEO plugin v27.4 - https:\/\/yoast.com\/product\/yoast-seo-wordpress\/ -->\n<title>Bipied Scarab 9 &amp; 12&quot; M-Lok \/ Picatinny Firefield - Armurerie Brute<\/title>\n<meta name=\"robots\" content=\"index, follow, max-snippet:-1, max-image-preview:large, max-video-preview:-1\" \/>\n<link rel=\"canonical\" href=\"https:\/\/armureriebrute.fr\/en\/product\/bipied-scarab-9-12-m-lok-picatinny-firefield\/\" \/>\n<meta property=\"og:locale\" content=\"en_GB\" \/>\n<meta property=\"og:type\" content=\"article\" \/>\n<meta property=\"og:title\" content=\"Bipied Scarab 9 &amp; 12&quot; M-Lok \/ Picatinny Firefield - Armurerie Brute\" \/>\n<meta property=\"og:description\" content=\"Firefield\u00a0vous propose ce bipied de\u00a0tr\u00e8s belle qualit\u00e9\u00a0pour votre carabine \u00e0 air comprim\u00e9. Il est fabriqu\u00e9 dans un\u00a0aluminium CNC\u00a0de haute r\u00e9sistance. Sa taille est r\u00e9glable de 228 \u00e0 304 mm. Ce bipied pourra se fixer \u00e0 la fois sur un rail\u00a0M-lock\u00a0mais aussi un rail picatinny gr\u00e2ce aux adaptateurs inclus. Les pieds permettent de poser ce bipied [...]\" \/>\n<meta property=\"og:url\" content=\"https:\/\/armureriebrute.fr\/en\/product\/bipied-scarab-9-12-m-lok-picatinny-firefield\/\" \/>\n<meta property=\"og:site_name\" content=\"Armurerie Brute\" \/>\n<meta property=\"article:modified_time\" content=\"2026-04-23T14:39:01+00:00\" \/>\n<meta property=\"og:image\" content=\"http:\/\/armureriebrute.fr\/wp-content\/uploads\/2026\/04\/bipied-scarab-9-12-m-lok-picatinny-firefield.jpg\" \/>\n\t<meta property=\"og:image:width\" content=\"455\" \/>\n\t<meta property=\"og:image:height\" content=\"455\" \/>\n\t<meta property=\"og:image:type\" content=\"image\/jpeg\" \/>\n<meta name=\"twitter:card\" content=\"summary_large_image\" \/>\n<meta name=\"twitter:label1\" content=\"Estimated reading time\" \/>\n\t<meta name=\"twitter:data1\" content=\"1 minute\" \/>\n<script type=\"application\/ld+json\" class=\"yoast-schema-graph\">{\"@context\":\"https:\\\/\\\/schema.org\",\"@graph\":[{\"@type\":\"WebPage\",\"@id\":\"https:\\\/\\\/armureriebrute.fr\\\/product\\\/bipied-scarab-9-12-m-lok-picatinny-firefield\\\/\",\"url\":\"https:\\\/\\\/armureriebrute.fr\\\/product\\\/bipied-scarab-9-12-m-lok-picatinny-firefield\\\/\",\"name\":\"Bipied Scarab 9 & 12\\\" M-Lok \\\/ Picatinny Firefield - Armurerie Brute\",\"isPartOf\":{\"@id\":\"https:\\\/\\\/armureriebrute.fr\\\/#website\"},\"primaryImageOfPage\":{\"@id\":\"https:\\\/\\\/armureriebrute.fr\\\/product\\\/bipied-scarab-9-12-m-lok-picatinny-firefield\\\/#primaryimage\"},\"image\":{\"@id\":\"https:\\\/\\\/armureriebrute.fr\\\/product\\\/bipied-scarab-9-12-m-lok-picatinny-firefield\\\/#primaryimage\"},\"thumbnailUrl\":\"https:\\\/\\\/armureriebrute.fr\\\/wp-content\\\/uploads\\\/2026\\\/04\\\/bipied-scarab-9-12-m-lok-picatinny-firefield.jpg\",\"datePublished\":\"2026-04-23T14:38:25+00:00\",\"dateModified\":\"2026-04-23T14:39:01+00:00\",\"breadcrumb\":{\"@id\":\"https:\\\/\\\/armureriebrute.fr\\\/product\\\/bipied-scarab-9-12-m-lok-picatinny-firefield\\\/#breadcrumb\"},\"inLanguage\":\"en-GB\",\"potentialAction\":[{\"@type\":\"ReadAction\",\"target\":[\"https:\\\/\\\/armureriebrute.fr\\\/product\\\/bipied-scarab-9-12-m-lok-picatinny-firefield\\\/\"]}]},{\"@type\":\"ImageObject\",\"inLanguage\":\"en-GB\",\"@id\":\"https:\\\/\\\/armureriebrute.fr\\\/product\\\/bipied-scarab-9-12-m-lok-picatinny-firefield\\\/#primaryimage\",\"url\":\"https:\\\/\\\/armureriebrute.fr\\\/wp-content\\\/uploads\\\/2026\\\/04\\\/bipied-scarab-9-12-m-lok-picatinny-firefield.jpg\",\"contentUrl\":\"https:\\\/\\\/armureriebrute.fr\\\/wp-content\\\/uploads\\\/2026\\\/04\\\/bipied-scarab-9-12-m-lok-picatinny-firefield.jpg\",\"width\":455,\"height\":455},{\"@type\":\"BreadcrumbList\",\"@id\":\"https:\\\/\\\/armureriebrute.fr\\\/product\\\/bipied-scarab-9-12-m-lok-picatinny-firefield\\\/#breadcrumb\",\"itemListElement\":[{\"@type\":\"ListItem\",\"position\":1,\"name\":\"Home\",\"item\":\"https:\\\/\\\/armureriebrute.fr\\\/\"},{\"@type\":\"ListItem\",\"position\":2,\"name\":\"Shop\",\"item\":\"https:\\\/\\\/armureriebrute.fr\\\/shop\\\/\"},{\"@type\":\"ListItem\",\"position\":3,\"name\":\"Bipied Scarab 9 &#038; 12&Prime; M-Lok \\\/ Picatinny Firefield\"}]},{\"@type\":\"WebSite\",\"@id\":\"https:\\\/\\\/armureriebrute.fr\\\/#website\",\"url\":\"https:\\\/\\\/armureriebrute.fr\\\/\",\"name\":\"Armurerie Brute\",\"description\":\"Armurerie Brute\",\"publisher\":{\"@id\":\"https:\\\/\\\/armureriebrute.fr\\\/#organization\"},\"potentialAction\":[{\"@type\":\"SearchAction\",\"target\":{\"@type\":\"EntryPoint\",\"urlTemplate\":\"https:\\\/\\\/armureriebrute.fr\\\/?s={search_term_string}\"},\"query-input\":{\"@type\":\"PropertyValueSpecification\",\"valueRequired\":true,\"valueName\":\"search_term_string\"}}],\"inLanguage\":\"en-GB\"},{\"@type\":\"Organization\",\"@id\":\"https:\\\/\\\/armureriebrute.fr\\\/#organization\",\"name\":\"Armurerie Brute\",\"url\":\"https:\\\/\\\/armureriebrute.fr\\\/\",\"logo\":{\"@type\":\"ImageObject\",\"inLanguage\":\"en-GB\",\"@id\":\"https:\\\/\\\/armureriebrute.fr\\\/#\\\/schema\\\/logo\\\/image\\\/\",\"url\":\"http:\\\/\\\/armureriebrute.fr\\\/wp-content\\\/uploads\\\/2026\\\/04\\\/image_6409bec1-1.png\",\"contentUrl\":\"http:\\\/\\\/armureriebrute.fr\\\/wp-content\\\/uploads\\\/2026\\\/04\\\/image_6409bec1-1.png\",\"width\":1408,\"height\":768,\"caption\":\"Armurerie Brute\"},\"image\":{\"@id\":\"https:\\\/\\\/armureriebrute.fr\\\/#\\\/schema\\\/logo\\\/image\\\/\"}}]}<\/script>\n<!-- \/ Yoast SEO plugin. -->","yoast_head_json":{"title":"Bipied Scarab 9 & 12\" M-Lok \/ Picatinny Firefield - Armurerie Brute","robots":{"index":"index","follow":"follow","max-snippet":"max-snippet:-1","max-image-preview":"max-image-preview:large","max-video-preview":"max-video-preview:-1"},"canonical":"https:\/\/armureriebrute.fr\/en\/product\/bipied-scarab-9-12-m-lok-picatinny-firefield\/","og_locale":"en_GB","og_type":"article","og_title":"Bipied Scarab 9 & 12\" M-Lok \/ Picatinny Firefield - Armurerie Brute","og_description":"Firefield\u00a0vous propose ce bipied de\u00a0tr\u00e8s belle qualit\u00e9\u00a0pour votre carabine \u00e0 air comprim\u00e9. Il est fabriqu\u00e9 dans un\u00a0aluminium CNC\u00a0de haute r\u00e9sistance. Sa taille est r\u00e9glable de 228 \u00e0 304 mm. Ce bipied pourra se fixer \u00e0 la fois sur un rail\u00a0M-lock\u00a0mais aussi un rail picatinny gr\u00e2ce aux adaptateurs inclus. Les pieds permettent de poser ce bipied [...]","og_url":"https:\/\/armureriebrute.fr\/en\/product\/bipied-scarab-9-12-m-lok-picatinny-firefield\/","og_site_name":"Armurerie Brute","article_modified_time":"2026-04-23T14:39:01+00:00","og_image":[{"width":455,"height":455,"url":"http:\/\/armureriebrute.fr\/wp-content\/uploads\/2026\/04\/bipied-scarab-9-12-m-lok-picatinny-firefield.jpg","type":"image\/jpeg"}],"twitter_card":"summary_large_image","twitter_misc":{"Estimated reading time":"1 minute"},"schema":{"@context":"https:\/\/schema.org","@graph":[{"@type":"WebPage","@id":"https:\/\/armureriebrute.fr\/product\/bipied-scarab-9-12-m-lok-picatinny-firefield\/","url":"https:\/\/armureriebrute.fr\/product\/bipied-scarab-9-12-m-lok-picatinny-firefield\/","name":"Bipied Scarab 9 & 12\" M-Lok \/ Picatinny Firefield - Armurerie Brute","isPartOf":{"@id":"https:\/\/armureriebrute.fr\/#website"},"primaryImageOfPage":{"@id":"https:\/\/armureriebrute.fr\/product\/bipied-scarab-9-12-m-lok-picatinny-firefield\/#primaryimage"},"image":{"@id":"https:\/\/armureriebrute.fr\/product\/bipied-scarab-9-12-m-lok-picatinny-firefield\/#primaryimage"},"thumbnailUrl":"https:\/\/armureriebrute.fr\/wp-content\/uploads\/2026\/04\/bipied-scarab-9-12-m-lok-picatinny-firefield.jpg","datePublished":"2026-04-23T14:38:25+00:00","dateModified":"2026-04-23T14:39:01+00:00","breadcrumb":{"@id":"https:\/\/armureriebrute.fr\/product\/bipied-scarab-9-12-m-lok-picatinny-firefield\/#breadcrumb"},"inLanguage":"en-GB","potentialAction":[{"@type":"ReadAction","target":["https:\/\/armureriebrute.fr\/product\/bipied-scarab-9-12-m-lok-picatinny-firefield\/"]}]},{"@type":"ImageObject","inLanguage":"en-GB","@id":"https:\/\/armureriebrute.fr\/product\/bipied-scarab-9-12-m-lok-picatinny-firefield\/#primaryimage","url":"https:\/\/armureriebrute.fr\/wp-content\/uploads\/2026\/04\/bipied-scarab-9-12-m-lok-picatinny-firefield.jpg","contentUrl":"https:\/\/armureriebrute.fr\/wp-content\/uploads\/2026\/04\/bipied-scarab-9-12-m-lok-picatinny-firefield.jpg","width":455,"height":455},{"@type":"BreadcrumbList","@id":"https:\/\/armureriebrute.fr\/product\/bipied-scarab-9-12-m-lok-picatinny-firefield\/#breadcrumb","itemListElement":[{"@type":"ListItem","position":1,"name":"Home","item":"https:\/\/armureriebrute.fr\/"},{"@type":"ListItem","position":2,"name":"Shop","item":"https:\/\/armureriebrute.fr\/shop\/"},{"@type":"ListItem","position":3,"name":"Bipied Scarab 9 &#038; 12&Prime; M-Lok \/ Picatinny Firefield"}]},{"@type":"WebSite","@id":"https:\/\/armureriebrute.fr\/#website","url":"https:\/\/armureriebrute.fr\/","name":"Brute Armoury","description":"Brute Armoury","publisher":{"@id":"https:\/\/armureriebrute.fr\/#organization"},"potentialAction":[{"@type":"SearchAction","target":{"@type":"EntryPoint","urlTemplate":"https:\/\/armureriebrute.fr\/?s={search_term_string}"},"query-input":{"@type":"PropertyValueSpecification","valueRequired":true,"valueName":"search_term_string"}}],"inLanguage":"en-GB"},{"@type":"Organization","@id":"https:\/\/armureriebrute.fr\/#organization","name":"Brute Armoury","url":"https:\/\/armureriebrute.fr\/","logo":{"@type":"ImageObject","inLanguage":"en-GB","@id":"https:\/\/armureriebrute.fr\/#\/schema\/logo\/image\/","url":"http:\/\/armureriebrute.fr\/wp-content\/uploads\/2026\/04\/image_6409bec1-1.png","contentUrl":"http:\/\/armureriebrute.fr\/wp-content\/uploads\/2026\/04\/image_6409bec1-1.png","width":1408,"height":768,"caption":"Armurerie Brute"},"image":{"@id":"https:\/\/armureriebrute.fr\/#\/schema\/logo\/image\/"}}]}},"_links":{"self":[{"href":"https:\/\/armureriebrute.fr\/en\/wp-json\/wp\/v2\/product\/809","targetHints":{"allow":["GET"]}}],"collection":[{"href":"https:\/\/armureriebrute.fr\/en\/wp-json\/wp\/v2\/product"}],"about":[{"href":"https:\/\/armureriebrute.fr\/en\/wp-json\/wp\/v2\/types\/product"}],"replies":[{"embeddable":true,"href":"https:\/\/armureriebrute.fr\/en\/wp-json\/wp\/v2\/comments?post=809"}],"wp:featuredmedia":[{"embeddable":true,"href":"https:\/\/armureriebrute.fr\/en\/wp-json\/wp\/v2\/media\/810"}],"wp:attachment":[{"href":"https:\/\/armureriebrute.fr\/en\/wp-json\/wp\/v2\/media?parent=809"}],"wp:term":[{"taxonomy":"product_brand","embeddable":true,"href":"https:\/\/armureriebrute.fr\/en\/wp-json\/wp\/v2\/product_brand?post=809"},{"taxonomy":"product_cat","embeddable":true,"href":"https:\/\/armureriebrute.fr\/en\/wp-json\/wp\/v2\/product_cat?post=809"},{"taxonomy":"product_tag","embeddable":true,"href":"https:\/\/armureriebrute.fr\/en\/wp-json\/wp\/v2\/product_tag?post=809"}],"curies":[{"name":"wp","href":"https:\/\/api.w.org\/{rel}","templated":true}]}}