{"id":813,"date":"2026-04-23T14:41:45","date_gmt":"2026-04-23T14:41:45","guid":{"rendered":"https:\/\/armureriebrute.fr\/?post_type=product&#038;p=813"},"modified":"2026-04-23T14:41:45","modified_gmt":"2026-04-23T14:41:45","slug":"lunette-de-visee-ep-8-1-8x28-ffp-lpvo-arken","status":"publish","type":"product","link":"https:\/\/armureriebrute.fr\/en\/product\/lunette-de-visee-ep-8-1-8x28-ffp-lpvo-arken\/","title":{"rendered":"Lunette de vis\u00e9e EP-8 1-8&#215;28 FFP LPVO Arken"},"content":{"rendered":"<div id=\"product-description-short-17884\" class=\"product-description-short sm-bottom typo\">\n<p data-end=\"677\" data-start=\"252\">La\u00a0<strong data-end=\"293\" data-start=\"255\">lunette Arken EP\u20118 1\u20118\u00d728 FFP LPVO<\/strong>\u00a0est le choix id\u00e9al pour les passionn\u00e9s de\u00a0<strong data-end=\"353\" data-start=\"336\">tir de loisir<\/strong>, de\u00a0<strong data-end=\"370\" data-start=\"358\">plinking<\/strong>\u00a0ou d&rsquo;<strong data-end=\"402\" data-start=\"376\">airgun haute puissance<\/strong>\u00a0cherchant une\u00a0<strong data-end=\"440\" data-start=\"417\">optique polyvalente<\/strong>, robuste et pr\u00e9cise. Gr\u00e2ce \u00e0 son\u00a0<strong data-end=\"511\" data-start=\"474\">grossissement variable de 1x \u00e0 8x<\/strong>, elle permet aussi bien des tirs\u00a0<strong data-end=\"578\" data-start=\"545\">instinctifs \u00e0 courte distance<\/strong>\u00a0que des vis\u00e9es\u00a0<strong data-end=\"623\" data-start=\"594\">pr\u00e9cises \u00e0 moyenne port\u00e9e<\/strong>, s\u2019adaptant ainsi \u00e0 toutes les situations. Son\u00a0<strong data-end=\"706\" data-start=\"683\">r\u00e9ticule KL\u202fBOX BDC<\/strong>\u00a0en\u00a0<strong data-end=\"738\" data-start=\"710\">premier plan focal (FFP)<\/strong>\u00a0a \u00e9t\u00e9 con\u00e7u pour permettre une\u00a0<strong data-end=\"805\" data-start=\"770\">estimation rapide des distances<\/strong>, m\u00eame sur des cibles de taille r\u00e9duite typiques du tir loisir. L\u2019\u00e9chelle BDC int\u00e9gr\u00e9e vous aide \u00e0 compenser les chutes de trajectoire, pratique pour les carabines puissantes.<\/p>\n<p data-end=\"1427\" data-start=\"1015\">Con\u00e7ue en\u00a0<strong data-end=\"1051\" data-start=\"1025\">aluminium a\u00e9ronautique<\/strong>\u00a0et mont\u00e9e sur un\u00a0<strong data-end=\"1086\" data-start=\"1069\">tube de 34\u202fmm<\/strong>, elle garantit une\u00a0<strong data-end=\"1139\" data-start=\"1106\">r\u00e9sistance optimale aux chocs<\/strong>, une parfaite\u00a0<strong data-end=\"1168\" data-start=\"1154\">\u00e9tanch\u00e9it\u00e9<\/strong>, ainsi qu\u2019une\u00a0<strong data-end=\"1201\" data-start=\"1183\">clart\u00e9 d\u2019image<\/strong>\u00a0remarquable, m\u00eame en conditions difficiles. Le\u00a0<strong data-end=\"1286\" data-start=\"1259\">r\u00e9ticule rouge illumin\u00e9<\/strong>, r\u00e9glable sur\u00a0<strong data-end=\"1314\" data-start=\"1301\">9 niveaux<\/strong>, reste bien visible sans \u00eatre trop lumineux, ce qui est parfait pour les s\u00e9ances en fin de journ\u00e9e ou \u00e0 l\u2019ombre. Avec ses\u00a0<strong data-end=\"1480\" data-start=\"1438\">r\u00e9glages de tourelles pr\u00e9cis (1\/4 MOA)<\/strong>\u00a0et une large plage de\u00a0<strong data-end=\"1538\" data-start=\"1503\">d\u00e9rive et d\u2019\u00e9l\u00e9vation (110 MOA)<\/strong>, elle s\u2019adapte facilement aux contraintes du\u00a0<strong>tir longue distance<\/strong>\u00a0avec des plombs lourds. Son poids limit\u00e9 et son\u00a0<strong data-end=\"1695\" data-start=\"1669\">d\u00e9gagement oculaire confortable<\/strong>\u00a0la rendent agr\u00e9able \u00e0 utiliser, m\u00eame lors de longues sessions.<\/p>\n<p data-end=\"2035\" data-start=\"1760\">Pour les amateurs exigeants comme pour les tireurs avertis, l&rsquo;<strong data-end=\"1888\" data-start=\"1834\">EP\u20118 combine fiabilit\u00e9, pr\u00e9cision et accessibilit\u00e9<\/strong>, en faisant l\u2019une des\u00a0<strong data-end=\"1939\" data-start=\"1911\">meilleures lunettes LPVO<\/strong>\u00a0dans sa cat\u00e9gorie pour le\u00a0<strong data-end=\"1983\" data-start=\"1966\">tir r\u00e9cr\u00e9atif<\/strong>\u00a0comme pour les\u00a0<strong data-end=\"2034\" data-start=\"1999\">armes \u00e0 air comprim\u00e9 puissantes<\/strong>.<\/p>\n<\/div>\n<div class=\"js-product-attributes-destination mb-2 product-attributes\">\n<div class=\"attribute-item product-manufacturer\"><label>Marque<\/label>\u00a0Arken<\/div>\n<div class=\"attribute-item product-reference\"><label>R\u00e9f\u00e9rence<\/label>\u00a0361826132<\/div>\n<div class=\"EAN-13 attribute-item product-specific-references\"><label>EAN-13<\/label>\u00a02000000286648<\/div>\n<\/div>","protected":false},"excerpt":{"rendered":"<p>La\u00a0lunette Arken EP\u20118 1\u20118\u00d728 FFP LPVO\u00a0est le choix id\u00e9al pour les passionn\u00e9s de\u00a0tir de loisir, de\u00a0plinking\u00a0ou d&rsquo;airgun haute puissance\u00a0cherchant une\u00a0optique polyvalente, robuste et pr\u00e9cise. Gr\u00e2ce \u00e0 son\u00a0grossissement variable de 1x \u00e0 8x, elle permet aussi bien des tirs\u00a0instinctifs \u00e0 courte distance\u00a0que des vis\u00e9es\u00a0pr\u00e9cises \u00e0 moyenne port\u00e9e, s\u2019adaptant ainsi \u00e0 toutes les situations. Son\u00a0r\u00e9ticule KL\u202fBOX BDC\u00a0en\u00a0premier [&#8230;]\n","protected":false},"featured_media":814,"comment_status":"open","ping_status":"closed","template":"","meta":[],"product_brand":[],"product_cat":[75],"product_tag":[],"class_list":{"0":"post-813","1":"product","2":"type-product","3":"status-publish","4":"has-post-thumbnail","6":"product_cat-lunettes-de-visee","8":"first","9":"instock","10":"shipping-taxable","11":"purchasable","12":"product-type-simple"},"yoast_head":"<!-- This site is optimized with the Yoast SEO plugin v27.4 - https:\/\/yoast.com\/product\/yoast-seo-wordpress\/ -->\n<title>Lunette de vis\u00e9e EP-8 1-8x28 FFP LPVO Arken - Armurerie Brute<\/title>\n<meta name=\"robots\" content=\"index, follow, max-snippet:-1, max-image-preview:large, max-video-preview:-1\" \/>\n<link rel=\"canonical\" href=\"https:\/\/armureriebrute.fr\/en\/product\/lunette-de-visee-ep-8-1-8x28-ffp-lpvo-arken\/\" \/>\n<meta property=\"og:locale\" content=\"en_GB\" \/>\n<meta property=\"og:type\" content=\"article\" \/>\n<meta property=\"og:title\" content=\"Lunette de vis\u00e9e EP-8 1-8x28 FFP LPVO Arken - Armurerie Brute\" \/>\n<meta property=\"og:description\" content=\"La\u00a0lunette Arken EP\u20118 1\u20118\u00d728 FFP LPVO\u00a0est le choix id\u00e9al pour les passionn\u00e9s de\u00a0tir de loisir, de\u00a0plinking\u00a0ou d&rsquo;airgun haute puissance\u00a0cherchant une\u00a0optique polyvalente, robuste et pr\u00e9cise. Gr\u00e2ce \u00e0 son\u00a0grossissement variable de 1x \u00e0 8x, elle permet aussi bien des tirs\u00a0instinctifs \u00e0 courte distance\u00a0que des vis\u00e9es\u00a0pr\u00e9cises \u00e0 moyenne port\u00e9e, s\u2019adaptant ainsi \u00e0 toutes les situations. Son\u00a0r\u00e9ticule KL\u202fBOX BDC\u00a0en\u00a0premier [...]\" \/>\n<meta property=\"og:url\" content=\"https:\/\/armureriebrute.fr\/en\/product\/lunette-de-visee-ep-8-1-8x28-ffp-lpvo-arken\/\" \/>\n<meta property=\"og:site_name\" content=\"Armurerie Brute\" \/>\n<meta property=\"og:image\" content=\"http:\/\/armureriebrute.fr\/wp-content\/uploads\/2026\/04\/lunette-de-visee-ep-8-1-8x28-ffp-lpvo-arken.jpg\" \/>\n\t<meta property=\"og:image:width\" content=\"455\" \/>\n\t<meta property=\"og:image:height\" content=\"455\" \/>\n\t<meta property=\"og:image:type\" content=\"image\/jpeg\" \/>\n<meta name=\"twitter:card\" content=\"summary_large_image\" \/>\n<meta name=\"twitter:label1\" content=\"Estimated reading time\" \/>\n\t<meta name=\"twitter:data1\" content=\"1 minute\" \/>\n<script type=\"application\/ld+json\" class=\"yoast-schema-graph\">{\"@context\":\"https:\\\/\\\/schema.org\",\"@graph\":[{\"@type\":\"WebPage\",\"@id\":\"https:\\\/\\\/armureriebrute.fr\\\/product\\\/lunette-de-visee-ep-8-1-8x28-ffp-lpvo-arken\\\/\",\"url\":\"https:\\\/\\\/armureriebrute.fr\\\/product\\\/lunette-de-visee-ep-8-1-8x28-ffp-lpvo-arken\\\/\",\"name\":\"Lunette de vis\u00e9e EP-8 1-8x28 FFP LPVO Arken - Armurerie Brute\",\"isPartOf\":{\"@id\":\"https:\\\/\\\/armureriebrute.fr\\\/#website\"},\"primaryImageOfPage\":{\"@id\":\"https:\\\/\\\/armureriebrute.fr\\\/product\\\/lunette-de-visee-ep-8-1-8x28-ffp-lpvo-arken\\\/#primaryimage\"},\"image\":{\"@id\":\"https:\\\/\\\/armureriebrute.fr\\\/product\\\/lunette-de-visee-ep-8-1-8x28-ffp-lpvo-arken\\\/#primaryimage\"},\"thumbnailUrl\":\"https:\\\/\\\/armureriebrute.fr\\\/wp-content\\\/uploads\\\/2026\\\/04\\\/lunette-de-visee-ep-8-1-8x28-ffp-lpvo-arken.jpg\",\"datePublished\":\"2026-04-23T14:41:45+00:00\",\"breadcrumb\":{\"@id\":\"https:\\\/\\\/armureriebrute.fr\\\/product\\\/lunette-de-visee-ep-8-1-8x28-ffp-lpvo-arken\\\/#breadcrumb\"},\"inLanguage\":\"en-GB\",\"potentialAction\":[{\"@type\":\"ReadAction\",\"target\":[\"https:\\\/\\\/armureriebrute.fr\\\/product\\\/lunette-de-visee-ep-8-1-8x28-ffp-lpvo-arken\\\/\"]}]},{\"@type\":\"ImageObject\",\"inLanguage\":\"en-GB\",\"@id\":\"https:\\\/\\\/armureriebrute.fr\\\/product\\\/lunette-de-visee-ep-8-1-8x28-ffp-lpvo-arken\\\/#primaryimage\",\"url\":\"https:\\\/\\\/armureriebrute.fr\\\/wp-content\\\/uploads\\\/2026\\\/04\\\/lunette-de-visee-ep-8-1-8x28-ffp-lpvo-arken.jpg\",\"contentUrl\":\"https:\\\/\\\/armureriebrute.fr\\\/wp-content\\\/uploads\\\/2026\\\/04\\\/lunette-de-visee-ep-8-1-8x28-ffp-lpvo-arken.jpg\",\"width\":455,\"height\":455},{\"@type\":\"BreadcrumbList\",\"@id\":\"https:\\\/\\\/armureriebrute.fr\\\/product\\\/lunette-de-visee-ep-8-1-8x28-ffp-lpvo-arken\\\/#breadcrumb\",\"itemListElement\":[{\"@type\":\"ListItem\",\"position\":1,\"name\":\"Home\",\"item\":\"https:\\\/\\\/armureriebrute.fr\\\/\"},{\"@type\":\"ListItem\",\"position\":2,\"name\":\"Shop\",\"item\":\"https:\\\/\\\/armureriebrute.fr\\\/shop\\\/\"},{\"@type\":\"ListItem\",\"position\":3,\"name\":\"Lunette de vis\u00e9e EP-8 1-8&#215;28 FFP LPVO Arken\"}]},{\"@type\":\"WebSite\",\"@id\":\"https:\\\/\\\/armureriebrute.fr\\\/#website\",\"url\":\"https:\\\/\\\/armureriebrute.fr\\\/\",\"name\":\"Armurerie Brute\",\"description\":\"Armurerie Brute\",\"publisher\":{\"@id\":\"https:\\\/\\\/armureriebrute.fr\\\/#organization\"},\"potentialAction\":[{\"@type\":\"SearchAction\",\"target\":{\"@type\":\"EntryPoint\",\"urlTemplate\":\"https:\\\/\\\/armureriebrute.fr\\\/?s={search_term_string}\"},\"query-input\":{\"@type\":\"PropertyValueSpecification\",\"valueRequired\":true,\"valueName\":\"search_term_string\"}}],\"inLanguage\":\"en-GB\"},{\"@type\":\"Organization\",\"@id\":\"https:\\\/\\\/armureriebrute.fr\\\/#organization\",\"name\":\"Armurerie Brute\",\"url\":\"https:\\\/\\\/armureriebrute.fr\\\/\",\"logo\":{\"@type\":\"ImageObject\",\"inLanguage\":\"en-GB\",\"@id\":\"https:\\\/\\\/armureriebrute.fr\\\/#\\\/schema\\\/logo\\\/image\\\/\",\"url\":\"http:\\\/\\\/armureriebrute.fr\\\/wp-content\\\/uploads\\\/2026\\\/04\\\/image_6409bec1-1.png\",\"contentUrl\":\"http:\\\/\\\/armureriebrute.fr\\\/wp-content\\\/uploads\\\/2026\\\/04\\\/image_6409bec1-1.png\",\"width\":1408,\"height\":768,\"caption\":\"Armurerie Brute\"},\"image\":{\"@id\":\"https:\\\/\\\/armureriebrute.fr\\\/#\\\/schema\\\/logo\\\/image\\\/\"}}]}<\/script>\n<!-- \/ Yoast SEO plugin. -->","yoast_head_json":{"title":"Lunette de vis\u00e9e EP-8 1-8x28 FFP LPVO Arken - Armurerie Brute","robots":{"index":"index","follow":"follow","max-snippet":"max-snippet:-1","max-image-preview":"max-image-preview:large","max-video-preview":"max-video-preview:-1"},"canonical":"https:\/\/armureriebrute.fr\/en\/product\/lunette-de-visee-ep-8-1-8x28-ffp-lpvo-arken\/","og_locale":"en_GB","og_type":"article","og_title":"Lunette de vis\u00e9e EP-8 1-8x28 FFP LPVO Arken - Armurerie Brute","og_description":"La\u00a0lunette Arken EP\u20118 1\u20118\u00d728 FFP LPVO\u00a0est le choix id\u00e9al pour les passionn\u00e9s de\u00a0tir de loisir, de\u00a0plinking\u00a0ou d&rsquo;airgun haute puissance\u00a0cherchant une\u00a0optique polyvalente, robuste et pr\u00e9cise. Gr\u00e2ce \u00e0 son\u00a0grossissement variable de 1x \u00e0 8x, elle permet aussi bien des tirs\u00a0instinctifs \u00e0 courte distance\u00a0que des vis\u00e9es\u00a0pr\u00e9cises \u00e0 moyenne port\u00e9e, s\u2019adaptant ainsi \u00e0 toutes les situations. Son\u00a0r\u00e9ticule KL\u202fBOX BDC\u00a0en\u00a0premier [...]","og_url":"https:\/\/armureriebrute.fr\/en\/product\/lunette-de-visee-ep-8-1-8x28-ffp-lpvo-arken\/","og_site_name":"Armurerie Brute","og_image":[{"width":455,"height":455,"url":"http:\/\/armureriebrute.fr\/wp-content\/uploads\/2026\/04\/lunette-de-visee-ep-8-1-8x28-ffp-lpvo-arken.jpg","type":"image\/jpeg"}],"twitter_card":"summary_large_image","twitter_misc":{"Estimated reading time":"1 minute"},"schema":{"@context":"https:\/\/schema.org","@graph":[{"@type":"WebPage","@id":"https:\/\/armureriebrute.fr\/product\/lunette-de-visee-ep-8-1-8x28-ffp-lpvo-arken\/","url":"https:\/\/armureriebrute.fr\/product\/lunette-de-visee-ep-8-1-8x28-ffp-lpvo-arken\/","name":"Lunette de vis\u00e9e EP-8 1-8x28 FFP LPVO Arken - Armurerie Brute","isPartOf":{"@id":"https:\/\/armureriebrute.fr\/#website"},"primaryImageOfPage":{"@id":"https:\/\/armureriebrute.fr\/product\/lunette-de-visee-ep-8-1-8x28-ffp-lpvo-arken\/#primaryimage"},"image":{"@id":"https:\/\/armureriebrute.fr\/product\/lunette-de-visee-ep-8-1-8x28-ffp-lpvo-arken\/#primaryimage"},"thumbnailUrl":"https:\/\/armureriebrute.fr\/wp-content\/uploads\/2026\/04\/lunette-de-visee-ep-8-1-8x28-ffp-lpvo-arken.jpg","datePublished":"2026-04-23T14:41:45+00:00","breadcrumb":{"@id":"https:\/\/armureriebrute.fr\/product\/lunette-de-visee-ep-8-1-8x28-ffp-lpvo-arken\/#breadcrumb"},"inLanguage":"en-GB","potentialAction":[{"@type":"ReadAction","target":["https:\/\/armureriebrute.fr\/product\/lunette-de-visee-ep-8-1-8x28-ffp-lpvo-arken\/"]}]},{"@type":"ImageObject","inLanguage":"en-GB","@id":"https:\/\/armureriebrute.fr\/product\/lunette-de-visee-ep-8-1-8x28-ffp-lpvo-arken\/#primaryimage","url":"https:\/\/armureriebrute.fr\/wp-content\/uploads\/2026\/04\/lunette-de-visee-ep-8-1-8x28-ffp-lpvo-arken.jpg","contentUrl":"https:\/\/armureriebrute.fr\/wp-content\/uploads\/2026\/04\/lunette-de-visee-ep-8-1-8x28-ffp-lpvo-arken.jpg","width":455,"height":455},{"@type":"BreadcrumbList","@id":"https:\/\/armureriebrute.fr\/product\/lunette-de-visee-ep-8-1-8x28-ffp-lpvo-arken\/#breadcrumb","itemListElement":[{"@type":"ListItem","position":1,"name":"Home","item":"https:\/\/armureriebrute.fr\/"},{"@type":"ListItem","position":2,"name":"Shop","item":"https:\/\/armureriebrute.fr\/shop\/"},{"@type":"ListItem","position":3,"name":"Lunette de vis\u00e9e EP-8 1-8&#215;28 FFP LPVO Arken"}]},{"@type":"WebSite","@id":"https:\/\/armureriebrute.fr\/#website","url":"https:\/\/armureriebrute.fr\/","name":"Brute Armoury","description":"Brute Armoury","publisher":{"@id":"https:\/\/armureriebrute.fr\/#organization"},"potentialAction":[{"@type":"SearchAction","target":{"@type":"EntryPoint","urlTemplate":"https:\/\/armureriebrute.fr\/?s={search_term_string}"},"query-input":{"@type":"PropertyValueSpecification","valueRequired":true,"valueName":"search_term_string"}}],"inLanguage":"en-GB"},{"@type":"Organization","@id":"https:\/\/armureriebrute.fr\/#organization","name":"Brute Armoury","url":"https:\/\/armureriebrute.fr\/","logo":{"@type":"ImageObject","inLanguage":"en-GB","@id":"https:\/\/armureriebrute.fr\/#\/schema\/logo\/image\/","url":"http:\/\/armureriebrute.fr\/wp-content\/uploads\/2026\/04\/image_6409bec1-1.png","contentUrl":"http:\/\/armureriebrute.fr\/wp-content\/uploads\/2026\/04\/image_6409bec1-1.png","width":1408,"height":768,"caption":"Armurerie Brute"},"image":{"@id":"https:\/\/armureriebrute.fr\/#\/schema\/logo\/image\/"}}]}},"_links":{"self":[{"href":"https:\/\/armureriebrute.fr\/en\/wp-json\/wp\/v2\/product\/813","targetHints":{"allow":["GET"]}}],"collection":[{"href":"https:\/\/armureriebrute.fr\/en\/wp-json\/wp\/v2\/product"}],"about":[{"href":"https:\/\/armureriebrute.fr\/en\/wp-json\/wp\/v2\/types\/product"}],"replies":[{"embeddable":true,"href":"https:\/\/armureriebrute.fr\/en\/wp-json\/wp\/v2\/comments?post=813"}],"wp:featuredmedia":[{"embeddable":true,"href":"https:\/\/armureriebrute.fr\/en\/wp-json\/wp\/v2\/media\/814"}],"wp:attachment":[{"href":"https:\/\/armureriebrute.fr\/en\/wp-json\/wp\/v2\/media?parent=813"}],"wp:term":[{"taxonomy":"product_brand","embeddable":true,"href":"https:\/\/armureriebrute.fr\/en\/wp-json\/wp\/v2\/product_brand?post=813"},{"taxonomy":"product_cat","embeddable":true,"href":"https:\/\/armureriebrute.fr\/en\/wp-json\/wp\/v2\/product_cat?post=813"},{"taxonomy":"product_tag","embeddable":true,"href":"https:\/\/armureriebrute.fr\/en\/wp-json\/wp\/v2\/product_tag?post=813"}],"curies":[{"name":"wp","href":"https:\/\/api.w.org\/{rel}","templated":true}]}}