{"id":818,"date":"2026-04-23T14:42:16","date_gmt":"2026-04-23T14:42:16","guid":{"rendered":"https:\/\/armureriebrute.fr\/?post_type=product&#038;p=818"},"modified":"2026-04-23T14:42:58","modified_gmt":"2026-04-23T14:42:58","slug":"lunette-de-visee-helix-sfp-2-16x50-hdlr-apr-1c-mrad-element-optics","status":"publish","type":"product","link":"https:\/\/armureriebrute.fr\/en\/product\/lunette-de-visee-helix-sfp-2-16x50-hdlr-apr-1c-mrad-element-optics\/","title":{"rendered":"Lunette de vis\u00e9e Helix SFP 2-16&#215;50 &#8211; HDLR APR-1C MRAD Element Optics"},"content":{"rendered":"<div id=\"product-description-short-16682\" class=\"product-description-short sm-bottom typo\">\n<p><strong>Element Optics<\/strong>\u00a0vous propose la lunette de vis\u00e9e<strong>\u00a0Helix HDLR 2-16&#215;50<\/strong>\u00a0en Second Plan Focal (SFP). Les lunettes de tir Elements Optics sont garanties \u00e0 vie et \u00e9prouv\u00e9es aussi bien pour les armes \u00e0 feux que les carabines PCP. Les lunettes Elements Optics contiennent\u00a0<strong>l\u2019essentiel des fonctionnalit\u00e9s attendues par les tireurs<\/strong>\u00a0avec un\u00a0<strong>rapport qualit\u00e9 prix exceptionnel.<\/strong><\/p>\n<\/div>\n<div class=\"js-product-attributes-destination mb-2 product-attributes\">\n<div class=\"attribute-item product-manufacturer\"><label>Marque<\/label>\u00a0Element Optics<\/div>\n<div class=\"attribute-item product-reference\"><label>R\u00e9f\u00e9rence<\/label>\u00a050053<\/div>\n<div class=\"EAN-13 attribute-item product-specific-references\"><label>EAN-13<\/label>\u00a00760655918241<\/div>\n<\/div>","protected":false},"excerpt":{"rendered":"<p>Element Optics\u00a0vous propose la lunette de vis\u00e9e\u00a0Helix HDLR 2-16&#215;50\u00a0en Second Plan Focal (SFP). Les lunettes de tir Elements Optics sont garanties \u00e0 vie et \u00e9prouv\u00e9es aussi bien pour les armes \u00e0 feux que les carabines PCP. Les lunettes Elements Optics contiennent\u00a0l\u2019essentiel des fonctionnalit\u00e9s attendues par les tireurs\u00a0avec un\u00a0rapport qualit\u00e9 prix exceptionnel. Marque\u00a0Element Optics R\u00e9f\u00e9rence\u00a050053 EAN-13\u00a00760655918241<\/p>","protected":false},"featured_media":819,"comment_status":"open","ping_status":"closed","template":"","meta":[],"product_brand":[],"product_cat":[75],"product_tag":[],"class_list":{"0":"post-818","1":"product","2":"type-product","3":"status-publish","4":"has-post-thumbnail","6":"product_cat-lunettes-de-visee","8":"first","9":"instock","10":"shipping-taxable","11":"purchasable","12":"product-type-simple"},"yoast_head":"<!-- This site is optimized with the Yoast SEO plugin v27.4 - https:\/\/yoast.com\/product\/yoast-seo-wordpress\/ -->\n<title>Lunette de vis\u00e9e Helix SFP 2-16x50 - HDLR APR-1C MRAD Element Optics - Armurerie Brute<\/title>\n<meta name=\"robots\" content=\"index, follow, max-snippet:-1, max-image-preview:large, max-video-preview:-1\" \/>\n<link rel=\"canonical\" href=\"https:\/\/armureriebrute.fr\/en\/product\/lunette-de-visee-helix-sfp-2-16x50-hdlr-apr-1c-mrad-element-optics\/\" \/>\n<meta property=\"og:locale\" content=\"en_GB\" \/>\n<meta property=\"og:type\" content=\"article\" \/>\n<meta property=\"og:title\" content=\"Lunette de vis\u00e9e Helix SFP 2-16x50 - HDLR APR-1C MRAD Element Optics - Armurerie Brute\" \/>\n<meta property=\"og:description\" content=\"Element Optics\u00a0vous propose la lunette de vis\u00e9e\u00a0Helix HDLR 2-16&#215;50\u00a0en Second Plan Focal (SFP). Les lunettes de tir Elements Optics sont garanties \u00e0 vie et \u00e9prouv\u00e9es aussi bien pour les armes \u00e0 feux que les carabines PCP. Les lunettes Elements Optics contiennent\u00a0l\u2019essentiel des fonctionnalit\u00e9s attendues par les tireurs\u00a0avec un\u00a0rapport qualit\u00e9 prix exceptionnel. Marque\u00a0Element Optics R\u00e9f\u00e9rence\u00a050053 EAN-13\u00a00760655918241\" \/>\n<meta property=\"og:url\" content=\"https:\/\/armureriebrute.fr\/en\/product\/lunette-de-visee-helix-sfp-2-16x50-hdlr-apr-1c-mrad-element-optics\/\" \/>\n<meta property=\"og:site_name\" content=\"Armurerie Brute\" \/>\n<meta property=\"article:modified_time\" content=\"2026-04-23T14:42:58+00:00\" \/>\n<meta property=\"og:image\" content=\"http:\/\/armureriebrute.fr\/wp-content\/uploads\/2026\/04\/lunette-de-visee-helix-sfp-2-16x50-hdlr-apr-1c-mrad-element-optics.jpg\" \/>\n\t<meta property=\"og:image:width\" content=\"455\" \/>\n\t<meta property=\"og:image:height\" content=\"455\" \/>\n\t<meta property=\"og:image:type\" content=\"image\/jpeg\" \/>\n<meta name=\"twitter:card\" content=\"summary_large_image\" \/>\n<meta name=\"twitter:label1\" content=\"Estimated reading time\" \/>\n\t<meta name=\"twitter:data1\" content=\"1 minute\" \/>\n<script type=\"application\/ld+json\" class=\"yoast-schema-graph\">{\"@context\":\"https:\\\/\\\/schema.org\",\"@graph\":[{\"@type\":\"WebPage\",\"@id\":\"https:\\\/\\\/armureriebrute.fr\\\/product\\\/lunette-de-visee-helix-sfp-2-16x50-hdlr-apr-1c-mrad-element-optics\\\/\",\"url\":\"https:\\\/\\\/armureriebrute.fr\\\/product\\\/lunette-de-visee-helix-sfp-2-16x50-hdlr-apr-1c-mrad-element-optics\\\/\",\"name\":\"Lunette de vis\u00e9e Helix SFP 2-16x50 - HDLR APR-1C MRAD Element Optics - Armurerie Brute\",\"isPartOf\":{\"@id\":\"https:\\\/\\\/armureriebrute.fr\\\/#website\"},\"primaryImageOfPage\":{\"@id\":\"https:\\\/\\\/armureriebrute.fr\\\/product\\\/lunette-de-visee-helix-sfp-2-16x50-hdlr-apr-1c-mrad-element-optics\\\/#primaryimage\"},\"image\":{\"@id\":\"https:\\\/\\\/armureriebrute.fr\\\/product\\\/lunette-de-visee-helix-sfp-2-16x50-hdlr-apr-1c-mrad-element-optics\\\/#primaryimage\"},\"thumbnailUrl\":\"https:\\\/\\\/armureriebrute.fr\\\/wp-content\\\/uploads\\\/2026\\\/04\\\/lunette-de-visee-helix-sfp-2-16x50-hdlr-apr-1c-mrad-element-optics.jpg\",\"datePublished\":\"2026-04-23T14:42:16+00:00\",\"dateModified\":\"2026-04-23T14:42:58+00:00\",\"breadcrumb\":{\"@id\":\"https:\\\/\\\/armureriebrute.fr\\\/product\\\/lunette-de-visee-helix-sfp-2-16x50-hdlr-apr-1c-mrad-element-optics\\\/#breadcrumb\"},\"inLanguage\":\"en-GB\",\"potentialAction\":[{\"@type\":\"ReadAction\",\"target\":[\"https:\\\/\\\/armureriebrute.fr\\\/product\\\/lunette-de-visee-helix-sfp-2-16x50-hdlr-apr-1c-mrad-element-optics\\\/\"]}]},{\"@type\":\"ImageObject\",\"inLanguage\":\"en-GB\",\"@id\":\"https:\\\/\\\/armureriebrute.fr\\\/product\\\/lunette-de-visee-helix-sfp-2-16x50-hdlr-apr-1c-mrad-element-optics\\\/#primaryimage\",\"url\":\"https:\\\/\\\/armureriebrute.fr\\\/wp-content\\\/uploads\\\/2026\\\/04\\\/lunette-de-visee-helix-sfp-2-16x50-hdlr-apr-1c-mrad-element-optics.jpg\",\"contentUrl\":\"https:\\\/\\\/armureriebrute.fr\\\/wp-content\\\/uploads\\\/2026\\\/04\\\/lunette-de-visee-helix-sfp-2-16x50-hdlr-apr-1c-mrad-element-optics.jpg\",\"width\":455,\"height\":455},{\"@type\":\"BreadcrumbList\",\"@id\":\"https:\\\/\\\/armureriebrute.fr\\\/product\\\/lunette-de-visee-helix-sfp-2-16x50-hdlr-apr-1c-mrad-element-optics\\\/#breadcrumb\",\"itemListElement\":[{\"@type\":\"ListItem\",\"position\":1,\"name\":\"Home\",\"item\":\"https:\\\/\\\/armureriebrute.fr\\\/\"},{\"@type\":\"ListItem\",\"position\":2,\"name\":\"Shop\",\"item\":\"https:\\\/\\\/armureriebrute.fr\\\/shop\\\/\"},{\"@type\":\"ListItem\",\"position\":3,\"name\":\"Lunette de vis\u00e9e Helix SFP 2-16&#215;50 &#8211; HDLR APR-1C MRAD Element Optics\"}]},{\"@type\":\"WebSite\",\"@id\":\"https:\\\/\\\/armureriebrute.fr\\\/#website\",\"url\":\"https:\\\/\\\/armureriebrute.fr\\\/\",\"name\":\"Armurerie Brute\",\"description\":\"Armurerie Brute\",\"publisher\":{\"@id\":\"https:\\\/\\\/armureriebrute.fr\\\/#organization\"},\"potentialAction\":[{\"@type\":\"SearchAction\",\"target\":{\"@type\":\"EntryPoint\",\"urlTemplate\":\"https:\\\/\\\/armureriebrute.fr\\\/?s={search_term_string}\"},\"query-input\":{\"@type\":\"PropertyValueSpecification\",\"valueRequired\":true,\"valueName\":\"search_term_string\"}}],\"inLanguage\":\"en-GB\"},{\"@type\":\"Organization\",\"@id\":\"https:\\\/\\\/armureriebrute.fr\\\/#organization\",\"name\":\"Armurerie Brute\",\"url\":\"https:\\\/\\\/armureriebrute.fr\\\/\",\"logo\":{\"@type\":\"ImageObject\",\"inLanguage\":\"en-GB\",\"@id\":\"https:\\\/\\\/armureriebrute.fr\\\/#\\\/schema\\\/logo\\\/image\\\/\",\"url\":\"http:\\\/\\\/armureriebrute.fr\\\/wp-content\\\/uploads\\\/2026\\\/04\\\/image_6409bec1-1.png\",\"contentUrl\":\"http:\\\/\\\/armureriebrute.fr\\\/wp-content\\\/uploads\\\/2026\\\/04\\\/image_6409bec1-1.png\",\"width\":1408,\"height\":768,\"caption\":\"Armurerie Brute\"},\"image\":{\"@id\":\"https:\\\/\\\/armureriebrute.fr\\\/#\\\/schema\\\/logo\\\/image\\\/\"}}]}<\/script>\n<!-- \/ Yoast SEO plugin. -->","yoast_head_json":{"title":"Lunette de vis\u00e9e Helix SFP 2-16x50 - HDLR APR-1C MRAD Element Optics - Armurerie Brute","robots":{"index":"index","follow":"follow","max-snippet":"max-snippet:-1","max-image-preview":"max-image-preview:large","max-video-preview":"max-video-preview:-1"},"canonical":"https:\/\/armureriebrute.fr\/en\/product\/lunette-de-visee-helix-sfp-2-16x50-hdlr-apr-1c-mrad-element-optics\/","og_locale":"en_GB","og_type":"article","og_title":"Lunette de vis\u00e9e Helix SFP 2-16x50 - HDLR APR-1C MRAD Element Optics - Armurerie Brute","og_description":"Element Optics\u00a0vous propose la lunette de vis\u00e9e\u00a0Helix HDLR 2-16&#215;50\u00a0en Second Plan Focal (SFP). Les lunettes de tir Elements Optics sont garanties \u00e0 vie et \u00e9prouv\u00e9es aussi bien pour les armes \u00e0 feux que les carabines PCP. Les lunettes Elements Optics contiennent\u00a0l\u2019essentiel des fonctionnalit\u00e9s attendues par les tireurs\u00a0avec un\u00a0rapport qualit\u00e9 prix exceptionnel. Marque\u00a0Element Optics R\u00e9f\u00e9rence\u00a050053 EAN-13\u00a00760655918241","og_url":"https:\/\/armureriebrute.fr\/en\/product\/lunette-de-visee-helix-sfp-2-16x50-hdlr-apr-1c-mrad-element-optics\/","og_site_name":"Armurerie Brute","article_modified_time":"2026-04-23T14:42:58+00:00","og_image":[{"width":455,"height":455,"url":"http:\/\/armureriebrute.fr\/wp-content\/uploads\/2026\/04\/lunette-de-visee-helix-sfp-2-16x50-hdlr-apr-1c-mrad-element-optics.jpg","type":"image\/jpeg"}],"twitter_card":"summary_large_image","twitter_misc":{"Estimated reading time":"1 minute"},"schema":{"@context":"https:\/\/schema.org","@graph":[{"@type":"WebPage","@id":"https:\/\/armureriebrute.fr\/product\/lunette-de-visee-helix-sfp-2-16x50-hdlr-apr-1c-mrad-element-optics\/","url":"https:\/\/armureriebrute.fr\/product\/lunette-de-visee-helix-sfp-2-16x50-hdlr-apr-1c-mrad-element-optics\/","name":"Lunette de vis\u00e9e Helix SFP 2-16x50 - HDLR APR-1C MRAD Element Optics - Armurerie Brute","isPartOf":{"@id":"https:\/\/armureriebrute.fr\/#website"},"primaryImageOfPage":{"@id":"https:\/\/armureriebrute.fr\/product\/lunette-de-visee-helix-sfp-2-16x50-hdlr-apr-1c-mrad-element-optics\/#primaryimage"},"image":{"@id":"https:\/\/armureriebrute.fr\/product\/lunette-de-visee-helix-sfp-2-16x50-hdlr-apr-1c-mrad-element-optics\/#primaryimage"},"thumbnailUrl":"https:\/\/armureriebrute.fr\/wp-content\/uploads\/2026\/04\/lunette-de-visee-helix-sfp-2-16x50-hdlr-apr-1c-mrad-element-optics.jpg","datePublished":"2026-04-23T14:42:16+00:00","dateModified":"2026-04-23T14:42:58+00:00","breadcrumb":{"@id":"https:\/\/armureriebrute.fr\/product\/lunette-de-visee-helix-sfp-2-16x50-hdlr-apr-1c-mrad-element-optics\/#breadcrumb"},"inLanguage":"en-GB","potentialAction":[{"@type":"ReadAction","target":["https:\/\/armureriebrute.fr\/product\/lunette-de-visee-helix-sfp-2-16x50-hdlr-apr-1c-mrad-element-optics\/"]}]},{"@type":"ImageObject","inLanguage":"en-GB","@id":"https:\/\/armureriebrute.fr\/product\/lunette-de-visee-helix-sfp-2-16x50-hdlr-apr-1c-mrad-element-optics\/#primaryimage","url":"https:\/\/armureriebrute.fr\/wp-content\/uploads\/2026\/04\/lunette-de-visee-helix-sfp-2-16x50-hdlr-apr-1c-mrad-element-optics.jpg","contentUrl":"https:\/\/armureriebrute.fr\/wp-content\/uploads\/2026\/04\/lunette-de-visee-helix-sfp-2-16x50-hdlr-apr-1c-mrad-element-optics.jpg","width":455,"height":455},{"@type":"BreadcrumbList","@id":"https:\/\/armureriebrute.fr\/product\/lunette-de-visee-helix-sfp-2-16x50-hdlr-apr-1c-mrad-element-optics\/#breadcrumb","itemListElement":[{"@type":"ListItem","position":1,"name":"Home","item":"https:\/\/armureriebrute.fr\/"},{"@type":"ListItem","position":2,"name":"Shop","item":"https:\/\/armureriebrute.fr\/shop\/"},{"@type":"ListItem","position":3,"name":"Lunette de vis\u00e9e Helix SFP 2-16&#215;50 &#8211; HDLR APR-1C MRAD Element Optics"}]},{"@type":"WebSite","@id":"https:\/\/armureriebrute.fr\/#website","url":"https:\/\/armureriebrute.fr\/","name":"Brute Armoury","description":"Brute Armoury","publisher":{"@id":"https:\/\/armureriebrute.fr\/#organization"},"potentialAction":[{"@type":"SearchAction","target":{"@type":"EntryPoint","urlTemplate":"https:\/\/armureriebrute.fr\/?s={search_term_string}"},"query-input":{"@type":"PropertyValueSpecification","valueRequired":true,"valueName":"search_term_string"}}],"inLanguage":"en-GB"},{"@type":"Organization","@id":"https:\/\/armureriebrute.fr\/#organization","name":"Brute Armoury","url":"https:\/\/armureriebrute.fr\/","logo":{"@type":"ImageObject","inLanguage":"en-GB","@id":"https:\/\/armureriebrute.fr\/#\/schema\/logo\/image\/","url":"http:\/\/armureriebrute.fr\/wp-content\/uploads\/2026\/04\/image_6409bec1-1.png","contentUrl":"http:\/\/armureriebrute.fr\/wp-content\/uploads\/2026\/04\/image_6409bec1-1.png","width":1408,"height":768,"caption":"Armurerie Brute"},"image":{"@id":"https:\/\/armureriebrute.fr\/#\/schema\/logo\/image\/"}}]}},"_links":{"self":[{"href":"https:\/\/armureriebrute.fr\/en\/wp-json\/wp\/v2\/product\/818","targetHints":{"allow":["GET"]}}],"collection":[{"href":"https:\/\/armureriebrute.fr\/en\/wp-json\/wp\/v2\/product"}],"about":[{"href":"https:\/\/armureriebrute.fr\/en\/wp-json\/wp\/v2\/types\/product"}],"replies":[{"embeddable":true,"href":"https:\/\/armureriebrute.fr\/en\/wp-json\/wp\/v2\/comments?post=818"}],"wp:featuredmedia":[{"embeddable":true,"href":"https:\/\/armureriebrute.fr\/en\/wp-json\/wp\/v2\/media\/819"}],"wp:attachment":[{"href":"https:\/\/armureriebrute.fr\/en\/wp-json\/wp\/v2\/media?parent=818"}],"wp:term":[{"taxonomy":"product_brand","embeddable":true,"href":"https:\/\/armureriebrute.fr\/en\/wp-json\/wp\/v2\/product_brand?post=818"},{"taxonomy":"product_cat","embeddable":true,"href":"https:\/\/armureriebrute.fr\/en\/wp-json\/wp\/v2\/product_cat?post=818"},{"taxonomy":"product_tag","embeddable":true,"href":"https:\/\/armureriebrute.fr\/en\/wp-json\/wp\/v2\/product_tag?post=818"}],"curies":[{"name":"wp","href":"https:\/\/api.w.org\/{rel}","templated":true}]}}