{"id":823,"date":"2026-04-23T14:43:30","date_gmt":"2026-04-23T14:43:30","guid":{"rendered":"https:\/\/armureriebrute.fr\/?post_type=product&#038;p=823"},"modified":"2026-04-23T14:44:09","modified_gmt":"2026-04-23T14:44:09","slug":"lunette-airmax-30-compact-6-24x50-ir-sf-amx-ir-hawke","status":"publish","type":"product","link":"https:\/\/armureriebrute.fr\/en\/product\/lunette-airmax-30-compact-6-24x50-ir-sf-amx-ir-hawke\/","title":{"rendered":"Lunette Airmax 30 Compact 6-24&#215;50 IR SF (AMX IR) Hawke"},"content":{"rendered":"<div id=\"product-description-short-16683\" class=\"product-description-short sm-bottom typo\">\n<p data-end=\"571\" data-start=\"0\">La lunette\u00a0<strong data-end=\"64\" data-start=\"3\">Airmax 30 Compact IR SF (AMX IR)<\/strong>\u00a0de chez\u00a0<strong data-end=\"77\" data-start=\"68\">Hawke<\/strong>\u00a0est un mod\u00e8le con\u00e7u pour offrir une\u00a0<strong>qualit\u00e9 de vis\u00e9e\u00a0optimale<\/strong>. Avec un\u00a0<strong>grossissement r\u00e9glable<\/strong>\u00a0de\u00a0<strong>6 \u00e0 24x<\/strong>, elle permet aux tireurs de s&rsquo;<strong>adapter facilement<\/strong>\u00a0\u00e0 diff\u00e9rentes distances de tir, que ce soit pour l&rsquo;observation rapproch\u00e9e ou les\u00a0<strong>tirs \u00e0 longue port\u00e9e<\/strong>. Son<strong>\u00a0objectif de 50 mm<\/strong>\u00a0capte une\u00a0<strong>grande quantit\u00e9 de lumi\u00e8re<\/strong>, offrant ainsi des\u00a0<strong>images nettes<\/strong>\u00a0et\u00a0<strong>claires<\/strong>\u00a0m\u00eame dans des conditions de faible luminosit\u00e9, ce qui est\u00a0<strong>essentiel<\/strong>\u00a0pour les sessions de tir \u00e0 l&rsquo;aube ou au cr\u00e9puscule. Le\u00a0<strong>r\u00e9ticule AMX IR<\/strong>\u00a0int\u00e9gr\u00e9 \u00e0 la lunette offre des\u00a0<strong>rep\u00e8res pr\u00e9cis<\/strong>,\u00a0et gr\u00e2ce \u00e0 son\u00a0<strong>\u00e9clairage r\u00e9ticulaire<\/strong>\u00a0\u00e0 intensit\u00e9 variable, il sera parfaitement visible m\u00eame dans des environnements sombres, tout en r\u00e9duisant les risques de reflets.<\/p>\n<p data-end=\"571\" data-start=\"0\">Les r\u00e9glages de la\u00a0<strong>tourelle lat\u00e9rale<\/strong>\u00a0et de la\u00a0<strong>parallaxe<\/strong>\u00a0offrent une flexibilit\u00e9 suppl\u00e9mentaire pour<strong>\u00a0affiner la mise au point<\/strong>\u00a0et ajuster les param\u00e8tres de\u00a0<strong>d\u00e9rive<\/strong>\u00a0et d&rsquo;<strong>\u00e9l\u00e9vation<\/strong>. Sa<strong>\u00a0conception<\/strong>\u00a0est particuli\u00e8rement\u00a0<strong>robuste<\/strong>, avec un corps en\u00a0<strong>aluminium<\/strong>\u00a0qui assure une\u00a0<strong>grande durabilit\u00e9<\/strong>\u00a0tout en restant relativement\u00a0<strong>l\u00e9ger<\/strong>. Les lentilles sont trait\u00e9es avec un\u00a0<strong>rev\u00eatement multi-couches<\/strong>, garantissant une\u00a0<strong>excellente clart\u00e9<\/strong>. Cette lunette est par ailleurs<strong>\u00a0totalement \u00e9tanche<\/strong>, trait\u00e9e \u00e0 l&rsquo;azote pour\u00a0<strong>\u00e9viter la formation de bu\u00e9e<\/strong>, et\u00a0<strong>r\u00e9sistante aux chocs<\/strong>, ce qui en fait un\u00a0<strong>organe de vis\u00e9e<\/strong>\u00a0de choix pour les tireurs \u00e0 la recherche d\u2019un \u00e9quipement\u00a0<strong>performant<\/strong>.<\/p>\n<p data-end=\"2096\" data-start=\"1832\">La\u00a0<strong>l<\/strong><strong data-end=\"1907\" data-start=\"1846\">unette Airmax 30 Compact 6-24&#215;50 IR SF (AMX IR)<\/strong>\u00a0de chez\u00a0<strong data-end=\"1920\" data-start=\"1911\">Hawke<\/strong>\u00a0se distingue par sa\u00a0<strong>qualit\u00e9 optique exceptionnelle<\/strong>, sa facilit\u00e9 d\u2019utilisation gr\u00e2ce \u00e0 ses r\u00e9glages\u00a0<strong>pr\u00e9cis<\/strong>, et sa\u00a0<strong>robustesse<\/strong>\u00a0adapt\u00e9e aux environnements les plus exigeants.<\/p>\n<\/div>\n<div class=\"js-product-attributes-destination mb-2 product-attributes\">\n<div class=\"attribute-item product-manufacturer\"><label>Marque<\/label>\u00a0HAWKE<\/div>\n<div class=\"attribute-item product-reference\"><label>R\u00e9f\u00e9rence<\/label>\u00a013220<\/div>\n<div class=\"EAN-13 attribute-item product-specific-references\"><label>EAN-13<\/label>\u00a05054492132201<\/div>\n<\/div>","protected":false},"excerpt":{"rendered":"<p>La lunette\u00a0Airmax 30 Compact IR SF (AMX IR)\u00a0de chez\u00a0Hawke\u00a0est un mod\u00e8le con\u00e7u pour offrir une\u00a0qualit\u00e9 de vis\u00e9e\u00a0optimale. Avec un\u00a0grossissement r\u00e9glable\u00a0de\u00a06 \u00e0 24x, elle permet aux tireurs de s&rsquo;adapter facilement\u00a0\u00e0 diff\u00e9rentes distances de tir, que ce soit pour l&rsquo;observation rapproch\u00e9e ou les\u00a0tirs \u00e0 longue port\u00e9e. Son\u00a0objectif de 50 mm\u00a0capte une\u00a0grande quantit\u00e9 de lumi\u00e8re, offrant ainsi des\u00a0images [&#8230;]\n","protected":false},"featured_media":824,"comment_status":"open","ping_status":"closed","template":"","meta":[],"product_brand":[],"product_cat":[75],"product_tag":[],"class_list":{"0":"post-823","1":"product","2":"type-product","3":"status-publish","4":"has-post-thumbnail","6":"product_cat-lunettes-de-visee","8":"first","9":"instock","10":"shipping-taxable","11":"purchasable","12":"product-type-simple"},"yoast_head":"<!-- This site is optimized with the Yoast SEO plugin v27.4 - https:\/\/yoast.com\/product\/yoast-seo-wordpress\/ -->\n<title>Lunette Airmax 30 Compact 6-24x50 IR SF (AMX IR) Hawke - Armurerie Brute<\/title>\n<meta name=\"robots\" content=\"index, follow, max-snippet:-1, max-image-preview:large, max-video-preview:-1\" \/>\n<link rel=\"canonical\" href=\"https:\/\/armureriebrute.fr\/en\/product\/lunette-airmax-30-compact-6-24x50-ir-sf-amx-ir-hawke\/\" \/>\n<meta property=\"og:locale\" content=\"en_GB\" \/>\n<meta property=\"og:type\" content=\"article\" \/>\n<meta property=\"og:title\" content=\"Lunette Airmax 30 Compact 6-24x50 IR SF (AMX IR) Hawke - Armurerie Brute\" \/>\n<meta property=\"og:description\" content=\"La lunette\u00a0Airmax 30 Compact IR SF (AMX IR)\u00a0de chez\u00a0Hawke\u00a0est un mod\u00e8le con\u00e7u pour offrir une\u00a0qualit\u00e9 de vis\u00e9e\u00a0optimale. Avec un\u00a0grossissement r\u00e9glable\u00a0de\u00a06 \u00e0 24x, elle permet aux tireurs de s&rsquo;adapter facilement\u00a0\u00e0 diff\u00e9rentes distances de tir, que ce soit pour l&rsquo;observation rapproch\u00e9e ou les\u00a0tirs \u00e0 longue port\u00e9e. Son\u00a0objectif de 50 mm\u00a0capte une\u00a0grande quantit\u00e9 de lumi\u00e8re, offrant ainsi des\u00a0images [...]\" \/>\n<meta property=\"og:url\" content=\"https:\/\/armureriebrute.fr\/en\/product\/lunette-airmax-30-compact-6-24x50-ir-sf-amx-ir-hawke\/\" \/>\n<meta property=\"og:site_name\" content=\"Armurerie Brute\" \/>\n<meta property=\"article:modified_time\" content=\"2026-04-23T14:44:09+00:00\" \/>\n<meta property=\"og:image\" content=\"http:\/\/armureriebrute.fr\/wp-content\/uploads\/2026\/04\/lunette-airmax-30-compact-6-24x50-ir-sf-amx-ir-hawke.jpg\" \/>\n\t<meta property=\"og:image:width\" content=\"455\" \/>\n\t<meta property=\"og:image:height\" content=\"455\" \/>\n\t<meta property=\"og:image:type\" content=\"image\/jpeg\" \/>\n<meta name=\"twitter:card\" content=\"summary_large_image\" \/>\n<meta name=\"twitter:label1\" content=\"Estimated reading time\" \/>\n\t<meta name=\"twitter:data1\" content=\"2 minutes\" \/>\n<script type=\"application\/ld+json\" class=\"yoast-schema-graph\">{\"@context\":\"https:\\\/\\\/schema.org\",\"@graph\":[{\"@type\":\"WebPage\",\"@id\":\"https:\\\/\\\/armureriebrute.fr\\\/product\\\/lunette-airmax-30-compact-6-24x50-ir-sf-amx-ir-hawke\\\/\",\"url\":\"https:\\\/\\\/armureriebrute.fr\\\/product\\\/lunette-airmax-30-compact-6-24x50-ir-sf-amx-ir-hawke\\\/\",\"name\":\"Lunette Airmax 30 Compact 6-24x50 IR SF (AMX IR) Hawke - Armurerie Brute\",\"isPartOf\":{\"@id\":\"https:\\\/\\\/armureriebrute.fr\\\/#website\"},\"primaryImageOfPage\":{\"@id\":\"https:\\\/\\\/armureriebrute.fr\\\/product\\\/lunette-airmax-30-compact-6-24x50-ir-sf-amx-ir-hawke\\\/#primaryimage\"},\"image\":{\"@id\":\"https:\\\/\\\/armureriebrute.fr\\\/product\\\/lunette-airmax-30-compact-6-24x50-ir-sf-amx-ir-hawke\\\/#primaryimage\"},\"thumbnailUrl\":\"https:\\\/\\\/armureriebrute.fr\\\/wp-content\\\/uploads\\\/2026\\\/04\\\/lunette-airmax-30-compact-6-24x50-ir-sf-amx-ir-hawke.jpg\",\"datePublished\":\"2026-04-23T14:43:30+00:00\",\"dateModified\":\"2026-04-23T14:44:09+00:00\",\"breadcrumb\":{\"@id\":\"https:\\\/\\\/armureriebrute.fr\\\/product\\\/lunette-airmax-30-compact-6-24x50-ir-sf-amx-ir-hawke\\\/#breadcrumb\"},\"inLanguage\":\"en-GB\",\"potentialAction\":[{\"@type\":\"ReadAction\",\"target\":[\"https:\\\/\\\/armureriebrute.fr\\\/product\\\/lunette-airmax-30-compact-6-24x50-ir-sf-amx-ir-hawke\\\/\"]}]},{\"@type\":\"ImageObject\",\"inLanguage\":\"en-GB\",\"@id\":\"https:\\\/\\\/armureriebrute.fr\\\/product\\\/lunette-airmax-30-compact-6-24x50-ir-sf-amx-ir-hawke\\\/#primaryimage\",\"url\":\"https:\\\/\\\/armureriebrute.fr\\\/wp-content\\\/uploads\\\/2026\\\/04\\\/lunette-airmax-30-compact-6-24x50-ir-sf-amx-ir-hawke.jpg\",\"contentUrl\":\"https:\\\/\\\/armureriebrute.fr\\\/wp-content\\\/uploads\\\/2026\\\/04\\\/lunette-airmax-30-compact-6-24x50-ir-sf-amx-ir-hawke.jpg\",\"width\":455,\"height\":455},{\"@type\":\"BreadcrumbList\",\"@id\":\"https:\\\/\\\/armureriebrute.fr\\\/product\\\/lunette-airmax-30-compact-6-24x50-ir-sf-amx-ir-hawke\\\/#breadcrumb\",\"itemListElement\":[{\"@type\":\"ListItem\",\"position\":1,\"name\":\"Home\",\"item\":\"https:\\\/\\\/armureriebrute.fr\\\/\"},{\"@type\":\"ListItem\",\"position\":2,\"name\":\"Shop\",\"item\":\"https:\\\/\\\/armureriebrute.fr\\\/shop\\\/\"},{\"@type\":\"ListItem\",\"position\":3,\"name\":\"Lunette Airmax 30 Compact 6-24&#215;50 IR SF (AMX IR) Hawke\"}]},{\"@type\":\"WebSite\",\"@id\":\"https:\\\/\\\/armureriebrute.fr\\\/#website\",\"url\":\"https:\\\/\\\/armureriebrute.fr\\\/\",\"name\":\"Armurerie Brute\",\"description\":\"Armurerie Brute\",\"publisher\":{\"@id\":\"https:\\\/\\\/armureriebrute.fr\\\/#organization\"},\"potentialAction\":[{\"@type\":\"SearchAction\",\"target\":{\"@type\":\"EntryPoint\",\"urlTemplate\":\"https:\\\/\\\/armureriebrute.fr\\\/?s={search_term_string}\"},\"query-input\":{\"@type\":\"PropertyValueSpecification\",\"valueRequired\":true,\"valueName\":\"search_term_string\"}}],\"inLanguage\":\"en-GB\"},{\"@type\":\"Organization\",\"@id\":\"https:\\\/\\\/armureriebrute.fr\\\/#organization\",\"name\":\"Armurerie Brute\",\"url\":\"https:\\\/\\\/armureriebrute.fr\\\/\",\"logo\":{\"@type\":\"ImageObject\",\"inLanguage\":\"en-GB\",\"@id\":\"https:\\\/\\\/armureriebrute.fr\\\/#\\\/schema\\\/logo\\\/image\\\/\",\"url\":\"http:\\\/\\\/armureriebrute.fr\\\/wp-content\\\/uploads\\\/2026\\\/04\\\/image_6409bec1-1.png\",\"contentUrl\":\"http:\\\/\\\/armureriebrute.fr\\\/wp-content\\\/uploads\\\/2026\\\/04\\\/image_6409bec1-1.png\",\"width\":1408,\"height\":768,\"caption\":\"Armurerie Brute\"},\"image\":{\"@id\":\"https:\\\/\\\/armureriebrute.fr\\\/#\\\/schema\\\/logo\\\/image\\\/\"}}]}<\/script>\n<!-- \/ Yoast SEO plugin. -->","yoast_head_json":{"title":"Lunette Airmax 30 Compact 6-24x50 IR SF (AMX IR) Hawke - Armurerie Brute","robots":{"index":"index","follow":"follow","max-snippet":"max-snippet:-1","max-image-preview":"max-image-preview:large","max-video-preview":"max-video-preview:-1"},"canonical":"https:\/\/armureriebrute.fr\/en\/product\/lunette-airmax-30-compact-6-24x50-ir-sf-amx-ir-hawke\/","og_locale":"en_GB","og_type":"article","og_title":"Lunette Airmax 30 Compact 6-24x50 IR SF (AMX IR) Hawke - Armurerie Brute","og_description":"La lunette\u00a0Airmax 30 Compact IR SF (AMX IR)\u00a0de chez\u00a0Hawke\u00a0est un mod\u00e8le con\u00e7u pour offrir une\u00a0qualit\u00e9 de vis\u00e9e\u00a0optimale. Avec un\u00a0grossissement r\u00e9glable\u00a0de\u00a06 \u00e0 24x, elle permet aux tireurs de s&rsquo;adapter facilement\u00a0\u00e0 diff\u00e9rentes distances de tir, que ce soit pour l&rsquo;observation rapproch\u00e9e ou les\u00a0tirs \u00e0 longue port\u00e9e. Son\u00a0objectif de 50 mm\u00a0capte une\u00a0grande quantit\u00e9 de lumi\u00e8re, offrant ainsi des\u00a0images [...]","og_url":"https:\/\/armureriebrute.fr\/en\/product\/lunette-airmax-30-compact-6-24x50-ir-sf-amx-ir-hawke\/","og_site_name":"Armurerie Brute","article_modified_time":"2026-04-23T14:44:09+00:00","og_image":[{"width":455,"height":455,"url":"http:\/\/armureriebrute.fr\/wp-content\/uploads\/2026\/04\/lunette-airmax-30-compact-6-24x50-ir-sf-amx-ir-hawke.jpg","type":"image\/jpeg"}],"twitter_card":"summary_large_image","twitter_misc":{"Estimated reading time":"2 minutes"},"schema":{"@context":"https:\/\/schema.org","@graph":[{"@type":"WebPage","@id":"https:\/\/armureriebrute.fr\/product\/lunette-airmax-30-compact-6-24x50-ir-sf-amx-ir-hawke\/","url":"https:\/\/armureriebrute.fr\/product\/lunette-airmax-30-compact-6-24x50-ir-sf-amx-ir-hawke\/","name":"Lunette Airmax 30 Compact 6-24x50 IR SF (AMX IR) Hawke - Armurerie Brute","isPartOf":{"@id":"https:\/\/armureriebrute.fr\/#website"},"primaryImageOfPage":{"@id":"https:\/\/armureriebrute.fr\/product\/lunette-airmax-30-compact-6-24x50-ir-sf-amx-ir-hawke\/#primaryimage"},"image":{"@id":"https:\/\/armureriebrute.fr\/product\/lunette-airmax-30-compact-6-24x50-ir-sf-amx-ir-hawke\/#primaryimage"},"thumbnailUrl":"https:\/\/armureriebrute.fr\/wp-content\/uploads\/2026\/04\/lunette-airmax-30-compact-6-24x50-ir-sf-amx-ir-hawke.jpg","datePublished":"2026-04-23T14:43:30+00:00","dateModified":"2026-04-23T14:44:09+00:00","breadcrumb":{"@id":"https:\/\/armureriebrute.fr\/product\/lunette-airmax-30-compact-6-24x50-ir-sf-amx-ir-hawke\/#breadcrumb"},"inLanguage":"en-GB","potentialAction":[{"@type":"ReadAction","target":["https:\/\/armureriebrute.fr\/product\/lunette-airmax-30-compact-6-24x50-ir-sf-amx-ir-hawke\/"]}]},{"@type":"ImageObject","inLanguage":"en-GB","@id":"https:\/\/armureriebrute.fr\/product\/lunette-airmax-30-compact-6-24x50-ir-sf-amx-ir-hawke\/#primaryimage","url":"https:\/\/armureriebrute.fr\/wp-content\/uploads\/2026\/04\/lunette-airmax-30-compact-6-24x50-ir-sf-amx-ir-hawke.jpg","contentUrl":"https:\/\/armureriebrute.fr\/wp-content\/uploads\/2026\/04\/lunette-airmax-30-compact-6-24x50-ir-sf-amx-ir-hawke.jpg","width":455,"height":455},{"@type":"BreadcrumbList","@id":"https:\/\/armureriebrute.fr\/product\/lunette-airmax-30-compact-6-24x50-ir-sf-amx-ir-hawke\/#breadcrumb","itemListElement":[{"@type":"ListItem","position":1,"name":"Home","item":"https:\/\/armureriebrute.fr\/"},{"@type":"ListItem","position":2,"name":"Shop","item":"https:\/\/armureriebrute.fr\/shop\/"},{"@type":"ListItem","position":3,"name":"Lunette Airmax 30 Compact 6-24&#215;50 IR SF (AMX IR) Hawke"}]},{"@type":"WebSite","@id":"https:\/\/armureriebrute.fr\/#website","url":"https:\/\/armureriebrute.fr\/","name":"Brute Armoury","description":"Brute Armoury","publisher":{"@id":"https:\/\/armureriebrute.fr\/#organization"},"potentialAction":[{"@type":"SearchAction","target":{"@type":"EntryPoint","urlTemplate":"https:\/\/armureriebrute.fr\/?s={search_term_string}"},"query-input":{"@type":"PropertyValueSpecification","valueRequired":true,"valueName":"search_term_string"}}],"inLanguage":"en-GB"},{"@type":"Organization","@id":"https:\/\/armureriebrute.fr\/#organization","name":"Brute Armoury","url":"https:\/\/armureriebrute.fr\/","logo":{"@type":"ImageObject","inLanguage":"en-GB","@id":"https:\/\/armureriebrute.fr\/#\/schema\/logo\/image\/","url":"http:\/\/armureriebrute.fr\/wp-content\/uploads\/2026\/04\/image_6409bec1-1.png","contentUrl":"http:\/\/armureriebrute.fr\/wp-content\/uploads\/2026\/04\/image_6409bec1-1.png","width":1408,"height":768,"caption":"Armurerie Brute"},"image":{"@id":"https:\/\/armureriebrute.fr\/#\/schema\/logo\/image\/"}}]}},"_links":{"self":[{"href":"https:\/\/armureriebrute.fr\/en\/wp-json\/wp\/v2\/product\/823","targetHints":{"allow":["GET"]}}],"collection":[{"href":"https:\/\/armureriebrute.fr\/en\/wp-json\/wp\/v2\/product"}],"about":[{"href":"https:\/\/armureriebrute.fr\/en\/wp-json\/wp\/v2\/types\/product"}],"replies":[{"embeddable":true,"href":"https:\/\/armureriebrute.fr\/en\/wp-json\/wp\/v2\/comments?post=823"}],"wp:featuredmedia":[{"embeddable":true,"href":"https:\/\/armureriebrute.fr\/en\/wp-json\/wp\/v2\/media\/824"}],"wp:attachment":[{"href":"https:\/\/armureriebrute.fr\/en\/wp-json\/wp\/v2\/media?parent=823"}],"wp:term":[{"taxonomy":"product_brand","embeddable":true,"href":"https:\/\/armureriebrute.fr\/en\/wp-json\/wp\/v2\/product_brand?post=823"},{"taxonomy":"product_cat","embeddable":true,"href":"https:\/\/armureriebrute.fr\/en\/wp-json\/wp\/v2\/product_cat?post=823"},{"taxonomy":"product_tag","embeddable":true,"href":"https:\/\/armureriebrute.fr\/en\/wp-json\/wp\/v2\/product_tag?post=823"}],"curies":[{"name":"wp","href":"https:\/\/api.w.org\/{rel}","templated":true}]}}